{"id":97829,"date":"2026-04-26T10:00:14","date_gmt":"2026-04-26T08:00:14","guid":{"rendered":"https:\/\/ricondizionatipro.it\/shop\/prodotto\/laptop-lenovo-thinkpad-t14s-g1-i5-ram-8-gb-ssd-disk-140%e2%80%b3-fhd-6\/"},"modified":"2026-04-26T10:00:14","modified_gmt":"2026-04-26T08:00:14","slug":"laptop-lenovo-thinkpad-t14s-g1-i5-ram-8-gb-ssd-disk-140%e2%80%b3-fhd-5","status":"publish","type":"product","link":"https:\/\/ricondizionatipro.it\/shop\/prodotto\/laptop-lenovo-thinkpad-t14s-g1-i5-ram-8-gb-ssd-disk-140%e2%80%b3-fhd-5\/","title":{"rendered":"Laptop Lenovo ThinkPad T14s G1 \/ i5 \/ RAM 8 GB \/ SSD Disk \/ 14,0\u2033 FHD"},"content":{"rendered":"<p>Scopri l&#039;affidabilit\u00e0 del Lenovo ThinkPad T14s G1, un compagno ideale per i professionisti esigenti e per chi desidera un dispositivo elegante e dalle prestazioni elevate. Dotato di un display antiriflesso da 14 pollici con risoluzione Full HD, offre una visione chiara e dettagliata in ogni situazione. <\/p>\n<p>&lt;H2&gt;Principali vantaggi&lt;\/H2&gt;<br \/>\n&lt;ul&gt;<br \/>\n    &lt;li&gt;Processore &lt;b&gt;I5&lt;\/b&gt; per prestazioni fluide e reattive&lt;\/li&gt;<br \/>\n    &lt;li&gt;Archiviazione SSD &lt;b&gt;NVMe&lt;\/b&gt; per una velocit\u00e0 di lettura e scrittura sorprendente&lt;\/li&gt;<br \/>\n    &lt;li&gt;Memoria espandibile per un multitasking efficiente&lt;\/li&gt;<br \/>\n    &lt;li&gt;&lt;b&gt;Connettivit\u00e0 versatile&lt;\/b&gt; grazie a HDMI, USB-C, Thunderbolt e Bluetooth&lt;\/li&gt;<br \/>\n    &lt;li&gt;&lt;b&gt;Tastiera retroilluminata&lt;\/b&gt; per lavorare al meglio in qualsiasi condizione di luce&lt;\/li&gt;<br \/>\n&lt;\/ul&gt;<\/p>\n<p>&lt;H2&gt;Chi acquista questo prodotto&lt;\/H2&gt;<br \/>\nIl Lenovo ThinkPad T14s G1 \u00e8 ideale per chi \u00e8 in cerca di un laptop performante e compatto, perfetto per i professionisti sempre in movimento, gli studenti universitari e gli amanti della tecnologia. Grazie alla sua robustezza e affidabilit\u00e0, soddisfa le necessit\u00e0 di chi necessita di un dispositivo su cui contare per gestire attivit\u00e0 quotidiane e impegnative, senza alcun compromesso.<\/p>\n<p>&lt;H2&gt;Possibilit\u00e0 di aggiornamento&lt;\/H2&gt;<br \/>\nQuesto laptop permette di aggiornare la memoria e il disco, per adattarsi alle esigenze crescenti di archiviazione e prestazioni. Consultate sempre un esperto prima di eseguire l&#039;aggiornamento.<\/p>\n<p>&lt;H2&gt;Perch\u00e9 scegliere un dispositivo ricondizionato&lt;\/H2&gt;<br \/>\nOptare per un dispositivo ricondizionato come il Lenovo ThinkPad T14s G1 significa investire in un prodotto che \u00e8 stato sottoposto a un **servizio professionale di ricondizionamento**. Grazie a un sistema standardizzato di valutazione della qualit\u00e0, \u00e8 possibile beneficiare di una scelta sostenibile e dal **rapporto qualit\u00e0-prezzo eccezionale**, mantenendo alte prestazioni e riducendo l&#039;impatto ambientale.&lt;h2&gt;Qualit\u00e0 A&lt;\/h2&gt;&#13;<br \/>\n&lt;p&gt;Leggeri segni di usura. Qualit\u00e0 superiore alla media. Parte esterna dei dispositivi pu\u00f2 presentare minime imperfezioni, come un graffio che \u00e8 invisibile a una distanza di 50 cm (circa la lunghezza di un braccio) o pi\u00f9. Gli schermi sono in condizioni operative impeccabili.&lt;\/p&gt;&#13;<\/p>\n","protected":false},"excerpt":{"rendered":"<p>Intel\u00ae Core\u2122 i5-10210U \/ 1.60 GHz \/ Quad-Core \/ 4.20 GHz TurboBoost, 8 GB DDR4 SODIMM, 256 GB NVME SSD, 35,6 cm (14,0\u2033), Matiran (AntiGlare, matt), FHD 1920 x 1080, Intel UHD Graphics, HDMI, USB-C, Thunderbolt, 2x USB, backlit_kb, bluetooth, No OS Installed &#8211; Win10P COA<\/p>\n","protected":false},"featured_media":91869,"template":"","meta":{"inline_featured_image":false},"product_brand":[],"product_cat":[831,832,5882,894,5877,835,833],"product_tag":[],"class_list":{"0":"post-97829","1":"product","2":"type-product","3":"status-publish","4":"has-post-thumbnail","6":"product_cat-laptop","7":"product_cat-laptop-usati","8":"product_cat-laptop-ultrabook","9":"product_cat-lenovo-portatili","10":"product_cat-notebook-per-uso-aziendale","11":"product_cat-portatili-i5","12":"product_cat-ricerca-preferita","14":"first","15":"instock","16":"purchasable","17":"product-type-simple"},"yoast_head":"<!-- This site is optimized with the Yoast SEO plugin v27.2 - https:\/\/yoast.com\/product\/yoast-seo-wordpress\/ -->\n<title>Laptop Lenovo ThinkPad T14s G1 \/ i5 \/ RAM 8 GB \/ SSD Disk \/ 14,0\u2033 FHD - ricondizionatipro.it<\/title>\n<meta name=\"robots\" content=\"index, follow, max-snippet:-1, max-image-preview:large, max-video-preview:-1\" \/>\n<link rel=\"canonical\" href=\"https:\/\/ricondizionatipro.it\/shop\/prodotto\/laptop-lenovo-thinkpad-t14s-g1-i5-ram-8-gb-ssd-disk-140\u2033-fhd-5\/\" \/>\n<meta property=\"og:locale\" content=\"it_IT\" \/>\n<meta property=\"og:type\" content=\"article\" \/>\n<meta property=\"og:title\" content=\"Laptop Lenovo ThinkPad T14s G1 \/ i5 \/ RAM 8 GB \/ SSD Disk \/ 14,0\u2033 FHD - ricondizionatipro.it\" \/>\n<meta property=\"og:description\" content=\"Intel\u00ae Core\u2122 i5-10210U \/ 1.60 GHz \/ Quad-Core \/ 4.20 GHz TurboBoost, 8 GB DDR4 SODIMM, 256 GB NVME SSD, 35,6 cm (14,0\u2033), Matiran (AntiGlare, matt), FHD 1920 x 1080, Intel UHD Graphics, HDMI, USB-C, Thunderbolt, 2x USB, backlit_kb, bluetooth, No OS Installed - Win10P COA\" \/>\n<meta property=\"og:url\" content=\"https:\/\/ricondizionatipro.it\/shop\/prodotto\/laptop-lenovo-thinkpad-t14s-g1-i5-ram-8-gb-ssd-disk-140\u2033-fhd-5\/\" \/>\n<meta property=\"og:site_name\" content=\"ricondizionatipro.it\" \/>\n<meta property=\"article:publisher\" content=\"https:\/\/www.facebook.com\/ricondizionatipro.it\/\" \/>\n<meta property=\"og:image\" content=\"https:\/\/ricondizionatipro.it\/shop\/wp-content\/uploads\/2025\/11\/lenovo-thinkpad-t14s-g1-10210u-1659429211.jpg\" \/>\n\t<meta property=\"og:image:width\" content=\"1168\" \/>\n\t<meta property=\"og:image:height\" content=\"838\" \/>\n\t<meta property=\"og:image:type\" content=\"image\/jpeg\" \/>\n<meta name=\"twitter:card\" content=\"summary_large_image\" \/>\n<meta name=\"twitter:label1\" content=\"Tempo di lettura stimato\" \/>\n\t<meta name=\"twitter:data1\" content=\"2 minuti\" \/>\n<script type=\"application\/ld+json\" class=\"yoast-schema-graph\">{\"@context\":\"https:\/\/schema.org\",\"@graph\":[{\"@type\":\"WebPage\",\"@id\":\"https:\/\/ricondizionatipro.it\/shop\/prodotto\/laptop-lenovo-thinkpad-t14s-g1-i5-ram-8-gb-ssd-disk-140%e2%80%b3-fhd-5\/\",\"url\":\"https:\/\/ricondizionatipro.it\/shop\/prodotto\/laptop-lenovo-thinkpad-t14s-g1-i5-ram-8-gb-ssd-disk-140%e2%80%b3-fhd-5\/\",\"name\":\"Laptop Lenovo ThinkPad T14s G1 \/ i5 \/ RAM 8 GB \/ SSD Disk \/ 14,0\u2033 FHD - ricondizionatipro.it\",\"isPartOf\":{\"@id\":\"https:\/\/ricondizionatipro.it\/shop\/#website\"},\"primaryImageOfPage\":{\"@id\":\"https:\/\/ricondizionatipro.it\/shop\/prodotto\/laptop-lenovo-thinkpad-t14s-g1-i5-ram-8-gb-ssd-disk-140%e2%80%b3-fhd-5\/#primaryimage\"},\"image\":{\"@id\":\"https:\/\/ricondizionatipro.it\/shop\/prodotto\/laptop-lenovo-thinkpad-t14s-g1-i5-ram-8-gb-ssd-disk-140%e2%80%b3-fhd-5\/#primaryimage\"},\"thumbnailUrl\":\"https:\/\/ricondizionatipro.it\/shop\/wp-content\/uploads\/2025\/11\/lenovo-thinkpad-t14s-g1-10210u-1659429211.jpg\",\"datePublished\":\"2026-04-26T08:00:14+00:00\",\"breadcrumb\":{\"@id\":\"https:\/\/ricondizionatipro.it\/shop\/prodotto\/laptop-lenovo-thinkpad-t14s-g1-i5-ram-8-gb-ssd-disk-140%e2%80%b3-fhd-5\/#breadcrumb\"},\"inLanguage\":\"it-IT\",\"potentialAction\":[{\"@type\":\"ReadAction\",\"target\":[\"https:\/\/ricondizionatipro.it\/shop\/prodotto\/laptop-lenovo-thinkpad-t14s-g1-i5-ram-8-gb-ssd-disk-140%e2%80%b3-fhd-5\/\"]}]},{\"@type\":\"ImageObject\",\"inLanguage\":\"it-IT\",\"@id\":\"https:\/\/ricondizionatipro.it\/shop\/prodotto\/laptop-lenovo-thinkpad-t14s-g1-i5-ram-8-gb-ssd-disk-140%e2%80%b3-fhd-5\/#primaryimage\",\"url\":\"https:\/\/ricondizionatipro.it\/shop\/wp-content\/uploads\/2025\/11\/lenovo-thinkpad-t14s-g1-10210u-1659429211.jpg\",\"contentUrl\":\"https:\/\/ricondizionatipro.it\/shop\/wp-content\/uploads\/2025\/11\/lenovo-thinkpad-t14s-g1-10210u-1659429211.jpg\",\"width\":1168,\"height\":838},{\"@type\":\"BreadcrumbList\",\"@id\":\"https:\/\/ricondizionatipro.it\/shop\/prodotto\/laptop-lenovo-thinkpad-t14s-g1-i5-ram-8-gb-ssd-disk-140%e2%80%b3-fhd-5\/#breadcrumb\",\"itemListElement\":[{\"@type\":\"ListItem\",\"position\":1,\"name\":\"Home\",\"item\":\"https:\/\/ricondizionatipro.it\/shop\/\"},{\"@type\":\"ListItem\",\"position\":2,\"name\":\"Laptop Lenovo ThinkPad T14s G1 \/ i5 \/ RAM 8 GB \/ SSD Disk \/ 14,0\u2033 FHD\"}]},{\"@type\":\"WebSite\",\"@id\":\"https:\/\/ricondizionatipro.it\/shop\/#website\",\"url\":\"https:\/\/ricondizionatipro.it\/shop\/\",\"name\":\"ricondizionatipro.it\",\"description\":\"computer professionali ricondizionati garantiti\",\"publisher\":{\"@id\":\"https:\/\/ricondizionatipro.it\/shop\/#organization\"},\"potentialAction\":[{\"@type\":\"SearchAction\",\"target\":{\"@type\":\"EntryPoint\",\"urlTemplate\":\"https:\/\/ricondizionatipro.it\/shop\/?s={search_term_string}\"},\"query-input\":{\"@type\":\"PropertyValueSpecification\",\"valueRequired\":true,\"valueName\":\"search_term_string\"}}],\"inLanguage\":\"it-IT\"},{\"@type\":\"Organization\",\"@id\":\"https:\/\/ricondizionatipro.it\/shop\/#organization\",\"name\":\"ricondizionatipro.it\",\"url\":\"https:\/\/ricondizionatipro.it\/shop\/\",\"logo\":{\"@type\":\"ImageObject\",\"inLanguage\":\"it-IT\",\"@id\":\"https:\/\/ricondizionatipro.it\/shop\/#\/schema\/logo\/image\/\",\"url\":\"https:\/\/i0.wp.com\/ricondizionatipro.it\/shop\/wp-content\/uploads\/2022\/04\/ricondizionati-pro-logo-trasparente.png?fit=2309%2C1910&ssl=1\",\"contentUrl\":\"https:\/\/i0.wp.com\/ricondizionatipro.it\/shop\/wp-content\/uploads\/2022\/04\/ricondizionati-pro-logo-trasparente.png?fit=2309%2C1910&ssl=1\",\"width\":2309,\"height\":1910,\"caption\":\"ricondizionatipro.it\"},\"image\":{\"@id\":\"https:\/\/ricondizionatipro.it\/shop\/#\/schema\/logo\/image\/\"},\"sameAs\":[\"https:\/\/www.facebook.com\/ricondizionatipro.it\/\",\"https:\/\/www.instagram.com\/ricondizionatipro.it\/\"]}]}<\/script>\n<!-- \/ Yoast SEO plugin. -->","yoast_head_json":{"title":"Laptop Lenovo ThinkPad T14s G1 \/ i5 \/ RAM 8 GB \/ SSD Disk \/ 14,0\u2033 FHD - ricondizionatipro.it","robots":{"index":"index","follow":"follow","max-snippet":"max-snippet:-1","max-image-preview":"max-image-preview:large","max-video-preview":"max-video-preview:-1"},"canonical":"https:\/\/ricondizionatipro.it\/shop\/prodotto\/laptop-lenovo-thinkpad-t14s-g1-i5-ram-8-gb-ssd-disk-140\u2033-fhd-5\/","og_locale":"it_IT","og_type":"article","og_title":"Laptop Lenovo ThinkPad T14s G1 \/ i5 \/ RAM 8 GB \/ SSD Disk \/ 14,0\u2033 FHD - ricondizionatipro.it","og_description":"Intel\u00ae Core\u2122 i5-10210U \/ 1.60 GHz \/ Quad-Core \/ 4.20 GHz TurboBoost, 8 GB DDR4 SODIMM, 256 GB NVME SSD, 35,6 cm (14,0\u2033), Matiran (AntiGlare, matt), FHD 1920 x 1080, Intel UHD Graphics, HDMI, USB-C, Thunderbolt, 2x USB, backlit_kb, bluetooth, No OS Installed - Win10P COA","og_url":"https:\/\/ricondizionatipro.it\/shop\/prodotto\/laptop-lenovo-thinkpad-t14s-g1-i5-ram-8-gb-ssd-disk-140\u2033-fhd-5\/","og_site_name":"ricondizionatipro.it","article_publisher":"https:\/\/www.facebook.com\/ricondizionatipro.it\/","og_image":[{"width":1168,"height":838,"url":"https:\/\/ricondizionatipro.it\/shop\/wp-content\/uploads\/2025\/11\/lenovo-thinkpad-t14s-g1-10210u-1659429211.jpg","type":"image\/jpeg"}],"twitter_card":"summary_large_image","twitter_misc":{"Tempo di lettura stimato":"2 minuti"},"schema":{"@context":"https:\/\/schema.org","@graph":[{"@type":"WebPage","@id":"https:\/\/ricondizionatipro.it\/shop\/prodotto\/laptop-lenovo-thinkpad-t14s-g1-i5-ram-8-gb-ssd-disk-140%e2%80%b3-fhd-5\/","url":"https:\/\/ricondizionatipro.it\/shop\/prodotto\/laptop-lenovo-thinkpad-t14s-g1-i5-ram-8-gb-ssd-disk-140%e2%80%b3-fhd-5\/","name":"Laptop Lenovo ThinkPad T14s G1 \/ i5 \/ RAM 8 GB \/ SSD Disk \/ 14,0\u2033 FHD - ricondizionatipro.it","isPartOf":{"@id":"https:\/\/ricondizionatipro.it\/shop\/#website"},"primaryImageOfPage":{"@id":"https:\/\/ricondizionatipro.it\/shop\/prodotto\/laptop-lenovo-thinkpad-t14s-g1-i5-ram-8-gb-ssd-disk-140%e2%80%b3-fhd-5\/#primaryimage"},"image":{"@id":"https:\/\/ricondizionatipro.it\/shop\/prodotto\/laptop-lenovo-thinkpad-t14s-g1-i5-ram-8-gb-ssd-disk-140%e2%80%b3-fhd-5\/#primaryimage"},"thumbnailUrl":"https:\/\/ricondizionatipro.it\/shop\/wp-content\/uploads\/2025\/11\/lenovo-thinkpad-t14s-g1-10210u-1659429211.jpg","datePublished":"2026-04-26T08:00:14+00:00","breadcrumb":{"@id":"https:\/\/ricondizionatipro.it\/shop\/prodotto\/laptop-lenovo-thinkpad-t14s-g1-i5-ram-8-gb-ssd-disk-140%e2%80%b3-fhd-5\/#breadcrumb"},"inLanguage":"it-IT","potentialAction":[{"@type":"ReadAction","target":["https:\/\/ricondizionatipro.it\/shop\/prodotto\/laptop-lenovo-thinkpad-t14s-g1-i5-ram-8-gb-ssd-disk-140%e2%80%b3-fhd-5\/"]}]},{"@type":"ImageObject","inLanguage":"it-IT","@id":"https:\/\/ricondizionatipro.it\/shop\/prodotto\/laptop-lenovo-thinkpad-t14s-g1-i5-ram-8-gb-ssd-disk-140%e2%80%b3-fhd-5\/#primaryimage","url":"https:\/\/ricondizionatipro.it\/shop\/wp-content\/uploads\/2025\/11\/lenovo-thinkpad-t14s-g1-10210u-1659429211.jpg","contentUrl":"https:\/\/ricondizionatipro.it\/shop\/wp-content\/uploads\/2025\/11\/lenovo-thinkpad-t14s-g1-10210u-1659429211.jpg","width":1168,"height":838},{"@type":"BreadcrumbList","@id":"https:\/\/ricondizionatipro.it\/shop\/prodotto\/laptop-lenovo-thinkpad-t14s-g1-i5-ram-8-gb-ssd-disk-140%e2%80%b3-fhd-5\/#breadcrumb","itemListElement":[{"@type":"ListItem","position":1,"name":"Home","item":"https:\/\/ricondizionatipro.it\/shop\/"},{"@type":"ListItem","position":2,"name":"Laptop Lenovo ThinkPad T14s G1 \/ i5 \/ RAM 8 GB \/ SSD Disk \/ 14,0\u2033 FHD"}]},{"@type":"WebSite","@id":"https:\/\/ricondizionatipro.it\/shop\/#website","url":"https:\/\/ricondizionatipro.it\/shop\/","name":"ricondizionatipro.it","description":"computer professionali ricondizionati garantiti","publisher":{"@id":"https:\/\/ricondizionatipro.it\/shop\/#organization"},"potentialAction":[{"@type":"SearchAction","target":{"@type":"EntryPoint","urlTemplate":"https:\/\/ricondizionatipro.it\/shop\/?s={search_term_string}"},"query-input":{"@type":"PropertyValueSpecification","valueRequired":true,"valueName":"search_term_string"}}],"inLanguage":"it-IT"},{"@type":"Organization","@id":"https:\/\/ricondizionatipro.it\/shop\/#organization","name":"ricondizionatipro.it","url":"https:\/\/ricondizionatipro.it\/shop\/","logo":{"@type":"ImageObject","inLanguage":"it-IT","@id":"https:\/\/ricondizionatipro.it\/shop\/#\/schema\/logo\/image\/","url":"https:\/\/i0.wp.com\/ricondizionatipro.it\/shop\/wp-content\/uploads\/2022\/04\/ricondizionati-pro-logo-trasparente.png?fit=2309%2C1910&ssl=1","contentUrl":"https:\/\/i0.wp.com\/ricondizionatipro.it\/shop\/wp-content\/uploads\/2022\/04\/ricondizionati-pro-logo-trasparente.png?fit=2309%2C1910&ssl=1","width":2309,"height":1910,"caption":"ricondizionatipro.it"},"image":{"@id":"https:\/\/ricondizionatipro.it\/shop\/#\/schema\/logo\/image\/"},"sameAs":["https:\/\/www.facebook.com\/ricondizionatipro.it\/","https:\/\/www.instagram.com\/ricondizionatipro.it\/"]}]}},"acf":[],"_links":{"self":[{"href":"https:\/\/ricondizionatipro.it\/shop\/wp-json\/wp\/v2\/product\/97829","targetHints":{"allow":["GET"]}}],"collection":[{"href":"https:\/\/ricondizionatipro.it\/shop\/wp-json\/wp\/v2\/product"}],"about":[{"href":"https:\/\/ricondizionatipro.it\/shop\/wp-json\/wp\/v2\/types\/product"}],"wp:featuredmedia":[{"embeddable":true,"href":"https:\/\/ricondizionatipro.it\/shop\/wp-json\/wp\/v2\/media\/91869"}],"wp:attachment":[{"href":"https:\/\/ricondizionatipro.it\/shop\/wp-json\/wp\/v2\/media?parent=97829"}],"wp:term":[{"taxonomy":"product_brand","embeddable":true,"href":"https:\/\/ricondizionatipro.it\/shop\/wp-json\/wp\/v2\/product_brand?post=97829"},{"taxonomy":"product_cat","embeddable":true,"href":"https:\/\/ricondizionatipro.it\/shop\/wp-json\/wp\/v2\/product_cat?post=97829"},{"taxonomy":"product_tag","embeddable":true,"href":"https:\/\/ricondizionatipro.it\/shop\/wp-json\/wp\/v2\/product_tag?post=97829"}],"curies":[{"name":"wp","href":"https:\/\/api.w.org\/{rel}","templated":true}]}}