{"id":95782,"date":"2026-05-01T04:15:04","date_gmt":"2026-05-01T02:15:04","guid":{"rendered":"https:\/\/ricondizionatipro.it\/shop\/prodotto\/laptop-microsoft-surface-laptop-go-i5-ram-16-gb-ssd-disk-124%e2%80%b3-1536x1024-2\/"},"modified":"2026-05-01T04:15:04","modified_gmt":"2026-05-01T02:15:04","slug":"laptop-microsoft-surface-laptop-go-i5-ram-16-gb-ssd-disk-124%e2%80%b3-1536x1024-2","status":"publish","type":"product","link":"https:\/\/ricondizionatipro.it\/shop\/prodotto\/laptop-microsoft-surface-laptop-go-i5-ram-16-gb-ssd-disk-124%e2%80%b3-1536x1024-2\/","title":{"rendered":"Laptop Microsoft Surface Laptop Go \/ i5 \/ RAM 16 GB \/ SSD Disk \/ 12,4\u2033 1536&#215;1024"},"content":{"rendered":"<p>Il Microsoft Surface Laptop Go \u00e8 un dispositivo elegante e versatile, progettato per offrire un&#039;efficace esperienza d&#039;uso grazie a un perfetto equilibrio tra prestazioni e portabilit\u00e0. Con il suo design raffinato, \u00e8 ideale per chi desidera un laptop affidabile e facile da portare ovunque.<\/p>\n<p>&lt;H2&gt;Principali vantaggi&lt;\/H2&gt;<br \/>\n&lt;ul&gt;<br \/>\n    &lt;li&gt;Lo schermo &lt;b&gt;touch&lt;\/b&gt; da 12,4 pollici offre una visualizzazione chiara e brillante&lt;\/li&gt;<br \/>\n    &lt;li&gt;Processore I5 garantisce performance fluide per le attivit\u00e0 quotidiane&lt;\/li&gt;<br \/>\n    &lt;li&gt;Memoria SSD &lt;b&gt;NVMe&lt;\/b&gt;, rinomata per la sua &lt;b&gt;velocit\u00e0 superiore&lt;\/b&gt;, permette caricamenti rapidi e prestazioni elevate&lt;\/li&gt;<br \/>\n    &lt;li&gt;Connessione tramite &lt;b&gt;USB-C&lt;\/b&gt; e &lt;b&gt;bluetooth&lt;\/b&gt; per una versatilit\u00e0 senza compromessi&lt;\/li&gt;<br \/>\n&lt;\/ul&gt;<\/p>\n<p>&lt;H2&gt;Chi acquista questo prodotto&lt;\/H2&gt;<br \/>\nQuesto laptop \u00e8 perfetto per studenti, professionisti che lavorano da remoto e chiunque necessiti di un dispositivo portatile senza compromettere le capacit\u00e0 di calcolo. Grazie alla sua interfaccia intuitiva, pu\u00f2 essere utilizzato da chiunque, dai pi\u00f9 esperti ai principianti.<\/p>\n<p>&lt;H2&gt;Possibilit\u00e0 di aggiornamento&lt;\/H2&gt;<br \/>\nIl Surface Laptop Go offre possibilit\u00e0 di aggiornamento del disco e della memoria per adattarsi alle esigenze in evoluzione dell&#039;utente. &lt;b&gt;Consultate sempre un esperto prima di eseguire l&#039;aggiornamento&lt;\/b&gt;.<\/p>\n<p>&lt;H2&gt;Perch\u00e9 scegliere un dispositivo ricondizionato&lt;\/H2&gt;<br \/>\nOptare per un dispositivo ricondizionato significa scegliere un\u2019opzione sostenibile e vantaggiosa. Questo laptop \u00e8 stato accuratamente rigenerato attraverso un servizio professionale di ricondizionamento e sottoposto a un sistema standardizzato di valutazione della qualit\u00e0. &lt;b&gt;Affidabilit\u00e0&lt;\/b&gt; e &lt;b&gt;valore economico&lt;\/b&gt; sono garantiti, permettendo un considerevole risparmio rispetto a un prodotto nuovo, senza rinunciare alla qualit\u00e0.&lt;h2&gt;Qualit\u00e0 A-&lt;\/h2&gt;&#13;<br \/>\n&lt;p&gt;Segni di usura. Il miglior rapporto qualit\u00e0-prezzo. Parte esterna dei dispositivi pu\u00f2 presentare piccole imperfezioni, come graffi visibili che non influenzano il funzionamento del dispositivo. Gli schermi possono avere leggere imperfezioni che sono lievemente visibili ma non disturbano l&#039;utente durante l&#039;uso del dispositivo.&lt;\/p&gt;<\/p>\n","protected":false},"excerpt":{"rendered":"<p>Intel\u00ae Core\u2122 i5-1035G1 \/ 1,0 GHz \/ Quad-Core (4C\/8T) \/ 3,6 GHz TurboBoost, 16 GB LPDDR4 ONBOARD, 256 GB NVME SSD, 31,6 cm (12,4\u2033), Sijajni (BrightView, gloss), Touch, 1536&#215;1024, Intel Iris Plus Graphics, USB-C, 1x USB, bluetooth, No OS Installed &#8211; Win10P COA<\/p>\n","protected":false},"featured_media":95780,"template":"","meta":{"inline_featured_image":false},"product_brand":[],"product_cat":[831,832,5882,5876,835,833],"product_tag":[],"class_list":{"0":"post-95782","1":"product","2":"type-product","3":"status-publish","4":"has-post-thumbnail","6":"product_cat-laptop","7":"product_cat-laptop-usati","8":"product_cat-laptop-ultrabook","9":"product_cat-notebook-per-uso-domestico","10":"product_cat-portatili-i5","11":"product_cat-ricerca-preferita","13":"first","14":"instock","15":"purchasable","16":"product-type-simple"},"yoast_head":"<!-- This site is optimized with the Yoast SEO plugin v27.2 - https:\/\/yoast.com\/product\/yoast-seo-wordpress\/ -->\n<title>Laptop Microsoft Surface Laptop Go \/ i5 \/ RAM 16 GB \/ SSD Disk \/ 12,4\u2033 1536x1024 - ricondizionatipro.it<\/title>\n<meta name=\"robots\" content=\"index, follow, max-snippet:-1, max-image-preview:large, max-video-preview:-1\" \/>\n<link rel=\"canonical\" href=\"https:\/\/ricondizionatipro.it\/shop\/prodotto\/laptop-microsoft-surface-laptop-go-i5-ram-16-gb-ssd-disk-124\u2033-1536x1024-2\/\" \/>\n<meta property=\"og:locale\" content=\"it_IT\" \/>\n<meta property=\"og:type\" content=\"article\" \/>\n<meta property=\"og:title\" content=\"Laptop Microsoft Surface Laptop Go \/ i5 \/ RAM 16 GB \/ SSD Disk \/ 12,4\u2033 1536x1024 - ricondizionatipro.it\" \/>\n<meta property=\"og:description\" content=\"Intel\u00ae Core\u2122 i5-1035G1 \/ 1,0 GHz \/ Quad-Core (4C\/8T) \/ 3,6 GHz TurboBoost, 16 GB LPDDR4 ONBOARD, 256 GB NVME SSD, 31,6 cm (12,4\u2033), Sijajni (BrightView, gloss), Touch, 1536x1024, Intel Iris Plus Graphics, USB-C, 1x USB, bluetooth, No OS Installed - Win10P COA\" \/>\n<meta property=\"og:url\" content=\"https:\/\/ricondizionatipro.it\/shop\/prodotto\/laptop-microsoft-surface-laptop-go-i5-ram-16-gb-ssd-disk-124\u2033-1536x1024-2\/\" \/>\n<meta property=\"og:site_name\" content=\"ricondizionatipro.it\" \/>\n<meta property=\"article:publisher\" content=\"https:\/\/www.facebook.com\/ricondizionatipro.it\/\" \/>\n<meta property=\"og:image\" content=\"https:\/\/ricondizionatipro.it\/shop\/wp-content\/uploads\/2026\/01\/microsoft-surface-go-i51035g1-1690285108.jpg\" \/>\n\t<meta property=\"og:image:width\" content=\"700\" \/>\n\t<meta property=\"og:image:height\" content=\"460\" \/>\n\t<meta property=\"og:image:type\" content=\"image\/jpeg\" \/>\n<meta name=\"twitter:card\" content=\"summary_large_image\" \/>\n<meta name=\"twitter:label1\" content=\"Tempo di lettura stimato\" \/>\n\t<meta name=\"twitter:data1\" content=\"2 minuti\" \/>\n<script type=\"application\/ld+json\" class=\"yoast-schema-graph\">{\"@context\":\"https:\/\/schema.org\",\"@graph\":[{\"@type\":\"WebPage\",\"@id\":\"https:\/\/ricondizionatipro.it\/shop\/prodotto\/laptop-microsoft-surface-laptop-go-i5-ram-16-gb-ssd-disk-124%e2%80%b3-1536x1024-2\/\",\"url\":\"https:\/\/ricondizionatipro.it\/shop\/prodotto\/laptop-microsoft-surface-laptop-go-i5-ram-16-gb-ssd-disk-124%e2%80%b3-1536x1024-2\/\",\"name\":\"Laptop Microsoft Surface Laptop Go \/ i5 \/ RAM 16 GB \/ SSD Disk \/ 12,4\u2033 1536x1024 - ricondizionatipro.it\",\"isPartOf\":{\"@id\":\"https:\/\/ricondizionatipro.it\/shop\/#website\"},\"primaryImageOfPage\":{\"@id\":\"https:\/\/ricondizionatipro.it\/shop\/prodotto\/laptop-microsoft-surface-laptop-go-i5-ram-16-gb-ssd-disk-124%e2%80%b3-1536x1024-2\/#primaryimage\"},\"image\":{\"@id\":\"https:\/\/ricondizionatipro.it\/shop\/prodotto\/laptop-microsoft-surface-laptop-go-i5-ram-16-gb-ssd-disk-124%e2%80%b3-1536x1024-2\/#primaryimage\"},\"thumbnailUrl\":\"https:\/\/ricondizionatipro.it\/shop\/wp-content\/uploads\/2026\/01\/microsoft-surface-go-i51035g1-1690285108.jpg\",\"datePublished\":\"2026-05-01T02:15:04+00:00\",\"breadcrumb\":{\"@id\":\"https:\/\/ricondizionatipro.it\/shop\/prodotto\/laptop-microsoft-surface-laptop-go-i5-ram-16-gb-ssd-disk-124%e2%80%b3-1536x1024-2\/#breadcrumb\"},\"inLanguage\":\"it-IT\",\"potentialAction\":[{\"@type\":\"ReadAction\",\"target\":[\"https:\/\/ricondizionatipro.it\/shop\/prodotto\/laptop-microsoft-surface-laptop-go-i5-ram-16-gb-ssd-disk-124%e2%80%b3-1536x1024-2\/\"]}]},{\"@type\":\"ImageObject\",\"inLanguage\":\"it-IT\",\"@id\":\"https:\/\/ricondizionatipro.it\/shop\/prodotto\/laptop-microsoft-surface-laptop-go-i5-ram-16-gb-ssd-disk-124%e2%80%b3-1536x1024-2\/#primaryimage\",\"url\":\"https:\/\/ricondizionatipro.it\/shop\/wp-content\/uploads\/2026\/01\/microsoft-surface-go-i51035g1-1690285108.jpg\",\"contentUrl\":\"https:\/\/ricondizionatipro.it\/shop\/wp-content\/uploads\/2026\/01\/microsoft-surface-go-i51035g1-1690285108.jpg\",\"width\":700,\"height\":460},{\"@type\":\"BreadcrumbList\",\"@id\":\"https:\/\/ricondizionatipro.it\/shop\/prodotto\/laptop-microsoft-surface-laptop-go-i5-ram-16-gb-ssd-disk-124%e2%80%b3-1536x1024-2\/#breadcrumb\",\"itemListElement\":[{\"@type\":\"ListItem\",\"position\":1,\"name\":\"Home\",\"item\":\"https:\/\/ricondizionatipro.it\/shop\/\"},{\"@type\":\"ListItem\",\"position\":2,\"name\":\"Laptop Microsoft Surface Laptop Go \/ i5 \/ RAM 16 GB \/ SSD Disk \/ 12,4\u2033 1536&#215;1024\"}]},{\"@type\":\"WebSite\",\"@id\":\"https:\/\/ricondizionatipro.it\/shop\/#website\",\"url\":\"https:\/\/ricondizionatipro.it\/shop\/\",\"name\":\"ricondizionatipro.it\",\"description\":\"computer professionali ricondizionati garantiti\",\"publisher\":{\"@id\":\"https:\/\/ricondizionatipro.it\/shop\/#organization\"},\"potentialAction\":[{\"@type\":\"SearchAction\",\"target\":{\"@type\":\"EntryPoint\",\"urlTemplate\":\"https:\/\/ricondizionatipro.it\/shop\/?s={search_term_string}\"},\"query-input\":{\"@type\":\"PropertyValueSpecification\",\"valueRequired\":true,\"valueName\":\"search_term_string\"}}],\"inLanguage\":\"it-IT\"},{\"@type\":\"Organization\",\"@id\":\"https:\/\/ricondizionatipro.it\/shop\/#organization\",\"name\":\"ricondizionatipro.it\",\"url\":\"https:\/\/ricondizionatipro.it\/shop\/\",\"logo\":{\"@type\":\"ImageObject\",\"inLanguage\":\"it-IT\",\"@id\":\"https:\/\/ricondizionatipro.it\/shop\/#\/schema\/logo\/image\/\",\"url\":\"https:\/\/i0.wp.com\/ricondizionatipro.it\/shop\/wp-content\/uploads\/2022\/04\/ricondizionati-pro-logo-trasparente.png?fit=2309%2C1910&ssl=1\",\"contentUrl\":\"https:\/\/i0.wp.com\/ricondizionatipro.it\/shop\/wp-content\/uploads\/2022\/04\/ricondizionati-pro-logo-trasparente.png?fit=2309%2C1910&ssl=1\",\"width\":2309,\"height\":1910,\"caption\":\"ricondizionatipro.it\"},\"image\":{\"@id\":\"https:\/\/ricondizionatipro.it\/shop\/#\/schema\/logo\/image\/\"},\"sameAs\":[\"https:\/\/www.facebook.com\/ricondizionatipro.it\/\",\"https:\/\/www.instagram.com\/ricondizionatipro.it\/\"]}]}<\/script>\n<!-- \/ Yoast SEO plugin. -->","yoast_head_json":{"title":"Laptop Microsoft Surface Laptop Go \/ i5 \/ RAM 16 GB \/ SSD Disk \/ 12,4\u2033 1536x1024 - ricondizionatipro.it","robots":{"index":"index","follow":"follow","max-snippet":"max-snippet:-1","max-image-preview":"max-image-preview:large","max-video-preview":"max-video-preview:-1"},"canonical":"https:\/\/ricondizionatipro.it\/shop\/prodotto\/laptop-microsoft-surface-laptop-go-i5-ram-16-gb-ssd-disk-124\u2033-1536x1024-2\/","og_locale":"it_IT","og_type":"article","og_title":"Laptop Microsoft Surface Laptop Go \/ i5 \/ RAM 16 GB \/ SSD Disk \/ 12,4\u2033 1536x1024 - ricondizionatipro.it","og_description":"Intel\u00ae Core\u2122 i5-1035G1 \/ 1,0 GHz \/ Quad-Core (4C\/8T) \/ 3,6 GHz TurboBoost, 16 GB LPDDR4 ONBOARD, 256 GB NVME SSD, 31,6 cm (12,4\u2033), Sijajni (BrightView, gloss), Touch, 1536x1024, Intel Iris Plus Graphics, USB-C, 1x USB, bluetooth, No OS Installed - Win10P COA","og_url":"https:\/\/ricondizionatipro.it\/shop\/prodotto\/laptop-microsoft-surface-laptop-go-i5-ram-16-gb-ssd-disk-124\u2033-1536x1024-2\/","og_site_name":"ricondizionatipro.it","article_publisher":"https:\/\/www.facebook.com\/ricondizionatipro.it\/","og_image":[{"width":700,"height":460,"url":"https:\/\/ricondizionatipro.it\/shop\/wp-content\/uploads\/2026\/01\/microsoft-surface-go-i51035g1-1690285108.jpg","type":"image\/jpeg"}],"twitter_card":"summary_large_image","twitter_misc":{"Tempo di lettura stimato":"2 minuti"},"schema":{"@context":"https:\/\/schema.org","@graph":[{"@type":"WebPage","@id":"https:\/\/ricondizionatipro.it\/shop\/prodotto\/laptop-microsoft-surface-laptop-go-i5-ram-16-gb-ssd-disk-124%e2%80%b3-1536x1024-2\/","url":"https:\/\/ricondizionatipro.it\/shop\/prodotto\/laptop-microsoft-surface-laptop-go-i5-ram-16-gb-ssd-disk-124%e2%80%b3-1536x1024-2\/","name":"Laptop Microsoft Surface Laptop Go \/ i5 \/ RAM 16 GB \/ SSD Disk \/ 12,4\u2033 1536x1024 - ricondizionatipro.it","isPartOf":{"@id":"https:\/\/ricondizionatipro.it\/shop\/#website"},"primaryImageOfPage":{"@id":"https:\/\/ricondizionatipro.it\/shop\/prodotto\/laptop-microsoft-surface-laptop-go-i5-ram-16-gb-ssd-disk-124%e2%80%b3-1536x1024-2\/#primaryimage"},"image":{"@id":"https:\/\/ricondizionatipro.it\/shop\/prodotto\/laptop-microsoft-surface-laptop-go-i5-ram-16-gb-ssd-disk-124%e2%80%b3-1536x1024-2\/#primaryimage"},"thumbnailUrl":"https:\/\/ricondizionatipro.it\/shop\/wp-content\/uploads\/2026\/01\/microsoft-surface-go-i51035g1-1690285108.jpg","datePublished":"2026-05-01T02:15:04+00:00","breadcrumb":{"@id":"https:\/\/ricondizionatipro.it\/shop\/prodotto\/laptop-microsoft-surface-laptop-go-i5-ram-16-gb-ssd-disk-124%e2%80%b3-1536x1024-2\/#breadcrumb"},"inLanguage":"it-IT","potentialAction":[{"@type":"ReadAction","target":["https:\/\/ricondizionatipro.it\/shop\/prodotto\/laptop-microsoft-surface-laptop-go-i5-ram-16-gb-ssd-disk-124%e2%80%b3-1536x1024-2\/"]}]},{"@type":"ImageObject","inLanguage":"it-IT","@id":"https:\/\/ricondizionatipro.it\/shop\/prodotto\/laptop-microsoft-surface-laptop-go-i5-ram-16-gb-ssd-disk-124%e2%80%b3-1536x1024-2\/#primaryimage","url":"https:\/\/ricondizionatipro.it\/shop\/wp-content\/uploads\/2026\/01\/microsoft-surface-go-i51035g1-1690285108.jpg","contentUrl":"https:\/\/ricondizionatipro.it\/shop\/wp-content\/uploads\/2026\/01\/microsoft-surface-go-i51035g1-1690285108.jpg","width":700,"height":460},{"@type":"BreadcrumbList","@id":"https:\/\/ricondizionatipro.it\/shop\/prodotto\/laptop-microsoft-surface-laptop-go-i5-ram-16-gb-ssd-disk-124%e2%80%b3-1536x1024-2\/#breadcrumb","itemListElement":[{"@type":"ListItem","position":1,"name":"Home","item":"https:\/\/ricondizionatipro.it\/shop\/"},{"@type":"ListItem","position":2,"name":"Laptop Microsoft Surface Laptop Go \/ i5 \/ RAM 16 GB \/ SSD Disk \/ 12,4\u2033 1536&#215;1024"}]},{"@type":"WebSite","@id":"https:\/\/ricondizionatipro.it\/shop\/#website","url":"https:\/\/ricondizionatipro.it\/shop\/","name":"ricondizionatipro.it","description":"computer professionali ricondizionati garantiti","publisher":{"@id":"https:\/\/ricondizionatipro.it\/shop\/#organization"},"potentialAction":[{"@type":"SearchAction","target":{"@type":"EntryPoint","urlTemplate":"https:\/\/ricondizionatipro.it\/shop\/?s={search_term_string}"},"query-input":{"@type":"PropertyValueSpecification","valueRequired":true,"valueName":"search_term_string"}}],"inLanguage":"it-IT"},{"@type":"Organization","@id":"https:\/\/ricondizionatipro.it\/shop\/#organization","name":"ricondizionatipro.it","url":"https:\/\/ricondizionatipro.it\/shop\/","logo":{"@type":"ImageObject","inLanguage":"it-IT","@id":"https:\/\/ricondizionatipro.it\/shop\/#\/schema\/logo\/image\/","url":"https:\/\/i0.wp.com\/ricondizionatipro.it\/shop\/wp-content\/uploads\/2022\/04\/ricondizionati-pro-logo-trasparente.png?fit=2309%2C1910&ssl=1","contentUrl":"https:\/\/i0.wp.com\/ricondizionatipro.it\/shop\/wp-content\/uploads\/2022\/04\/ricondizionati-pro-logo-trasparente.png?fit=2309%2C1910&ssl=1","width":2309,"height":1910,"caption":"ricondizionatipro.it"},"image":{"@id":"https:\/\/ricondizionatipro.it\/shop\/#\/schema\/logo\/image\/"},"sameAs":["https:\/\/www.facebook.com\/ricondizionatipro.it\/","https:\/\/www.instagram.com\/ricondizionatipro.it\/"]}]}},"acf":[],"_links":{"self":[{"href":"https:\/\/ricondizionatipro.it\/shop\/wp-json\/wp\/v2\/product\/95782","targetHints":{"allow":["GET"]}}],"collection":[{"href":"https:\/\/ricondizionatipro.it\/shop\/wp-json\/wp\/v2\/product"}],"about":[{"href":"https:\/\/ricondizionatipro.it\/shop\/wp-json\/wp\/v2\/types\/product"}],"wp:featuredmedia":[{"embeddable":true,"href":"https:\/\/ricondizionatipro.it\/shop\/wp-json\/wp\/v2\/media\/95780"}],"wp:attachment":[{"href":"https:\/\/ricondizionatipro.it\/shop\/wp-json\/wp\/v2\/media?parent=95782"}],"wp:term":[{"taxonomy":"product_brand","embeddable":true,"href":"https:\/\/ricondizionatipro.it\/shop\/wp-json\/wp\/v2\/product_brand?post=95782"},{"taxonomy":"product_cat","embeddable":true,"href":"https:\/\/ricondizionatipro.it\/shop\/wp-json\/wp\/v2\/product_cat?post=95782"},{"taxonomy":"product_tag","embeddable":true,"href":"https:\/\/ricondizionatipro.it\/shop\/wp-json\/wp\/v2\/product_tag?post=95782"}],"curies":[{"name":"wp","href":"https:\/\/api.w.org\/{rel}","templated":true}]}}