{"id":95687,"date":"2026-05-02T04:12:34","date_gmt":"2026-05-02T02:12:34","guid":{"rendered":"https:\/\/ricondizionatipro.it\/shop\/prodotto\/computer-hp-all-in-one-24-cr1003nx-u7-155u-touch-ultra-7-ram-16-gb-ssd-disk\/"},"modified":"2026-05-02T04:12:34","modified_gmt":"2026-05-02T02:12:34","slug":"computer-hp-all-in-one-24-cr1003nx-u7-155u-touch-ultra-7-ram-16-gb-ssd-disk","status":"publish","type":"product","link":"https:\/\/ricondizionatipro.it\/shop\/prodotto\/computer-hp-all-in-one-24-cr1003nx-u7-155u-touch-ultra-7-ram-16-gb-ssd-disk\/","title":{"rendered":"Computer HP All-in-One 24-cr1003nx| U7-155U | Touch \/ Ultra 7 \/ RAM 16 GB \/ SSD Disk"},"content":{"rendered":"<p>L&#039;HP All-in-One 24-cr1003nx \u00e8 un dispositivo elegante e compatto, pensato per coloro che cercano efficienza e stile in un unico prodotto. Grazie allo schermo da 23,8&quot; con tecnologia Multi-Touch, offre un&#039;esperienza visiva eccezionale, mentre il design all-in-one libera la scrivania dai cavi, garantendo un&#039;area di lavoro pulita e organizzata.<\/p>\n<p>&lt;H2&gt;Principali vantaggi&lt;\/H2&gt;<br \/>\n&lt;ul&gt;<br \/>\n&lt;li&gt;&lt;b&gt;Design sofisticato:&lt;\/b&gt; Una silhouette sottile e raffinata che si adatta perfettamente a qualsiasi ambiente.&lt;\/li&gt;<br \/>\n&lt;li&gt;&lt;b&gt;Schermo Multi-Touch:&lt;\/b&gt; Interazione intuitiva e precisa con il display FHD.&lt;\/li&gt;<br \/>\n&lt;li&gt;&lt;b&gt;Prestazioni e velocit\u00e0:&lt;\/b&gt; Processore di nuova generazione e disco ultra-veloce NVMe che assicurano fluidit\u00e0 e rapidit\u00e0 nell&#039;accesso ai dati.&lt;\/li&gt;<br \/>\n&lt;li&gt;&lt;b&gt;Connettivit\u00e0 avanzata:&lt;\/b&gt; Include Wi-Fi 6 e Bluetooth 5.3 per connessioni stabili e veloci.&lt;\/li&gt;<br \/>\n&lt;li&gt;&lt;b&gt;Grafica di qualit\u00e0:&lt;\/b&gt; Intrattenimento visivo garantito grazie alla grafica integrata.&lt;\/li&gt;<br \/>\n&lt;\/ul&gt;<\/p>\n<p>&lt;H2&gt;Chi acquista questo prodotto&lt;\/H2&gt;<br \/>\nQuesta soluzione all-in-one \u00e8 ideale per professionisti che necessitano di un dispositivo affidabile per le attivit\u00e0 quotidiane, per studenti che cercano uno strumento versatile per lo studio, e per famiglie che desiderano un centro multimediale per l&#039;intrattenimento domestico.<\/p>\n<p>&lt;H2&gt;Possibilit\u00e0 di aggiornamento&lt;\/H2&gt;<br \/>\nAmpliate le capacit\u00e0 del vostro dispositivo con l&#039;aggiornamento del disco e della memoria. Consultate sempre un esperto prima di eseguire l&#039;aggiornamento.<\/p>\n<p>&lt;H2&gt;Perch\u00e9 scegliere un dispositivo ricondizionato&lt;\/H2&gt;<br \/>\nOptare per un dispositivo ricondizionato significa fare una scelta economica e sostenibile senza compromettere la qualit\u00e0. Questo prodotto ha superato un processo di ricondizionamento professionale e viene fornito con una garanzia basata su un sistema standardizzato di valutazione della qualit\u00e0. Grazie a questo, riceverete un dispositivo come nuovo, riducendo l&#039;impatto ecologico e contribuendo a una societ\u00e0 pi\u00f9 sostenibile.&lt;h2&gt;Scatola aperta&lt;\/h2&gt;&#13;<br \/>\n&lt;p&gt;Quasi nessun segno di usura. Qualit\u00e0 uguale ai nuovi. Nella maggior parte dei casi si tratta di eccedenze di produzione e scorte invendute, in cui le differenze rispetto ai dispositivi nuovi non sono percepibili.&lt;\/p&gt;&#13;<\/p>\n","protected":false},"excerpt":{"rendered":"<p>Intel Core Ultra 7\u00a0155U (1,7\u00a0GHz), 16 GB (2x8GB)\u00a0DDR5-5600, SSD 512 GB M.2 PCIe NVMe, 60,45 cm (23,8&#8221;) FHD (1920&#215;1080) Multi-Touch LED, Intel Arc Graphics (IGP), HDMI, 1x USB-C 3.2 Gen1 (5Gbps), 2x USB-A 3.2 Gen1 (5Gbps), 2x USB-A 2.0, Wi-Fi 6, Bluetooth 5.3, Webcam, Wireless\u00a0Kbd., Microsoft Windows 11 Home (64-bit)<\/p>\n","protected":false},"featured_media":103073,"template":"","meta":{"inline_featured_image":false},"product_brand":[],"product_cat":[5875,918,904,833],"product_tag":[],"class_list":{"0":"post-95687","1":"product","2":"type-product","3":"status-publish","4":"has-post-thumbnail","6":"product_cat-computer-per-uso-domestico","7":"product_cat-hp-computer","8":"product_cat-computer","9":"product_cat-ricerca-preferita","10":"pa_fingerprint-no","12":"first","13":"instock","14":"purchasable","15":"product-type-simple"},"yoast_head":"<!-- This site is optimized with the Yoast SEO plugin v27.2 - https:\/\/yoast.com\/product\/yoast-seo-wordpress\/ -->\n<title>Computer HP All-in-One 24-cr1003nx| U7-155U | Touch \/ Ultra 7 \/ RAM 16 GB \/ SSD Disk - ricondizionatipro.it<\/title>\n<meta name=\"robots\" content=\"index, follow, max-snippet:-1, max-image-preview:large, max-video-preview:-1\" \/>\n<link rel=\"canonical\" href=\"https:\/\/ricondizionatipro.it\/shop\/prodotto\/computer-hp-all-in-one-24-cr1003nx-u7-155u-touch-ultra-7-ram-16-gb-ssd-disk\/\" \/>\n<meta property=\"og:locale\" content=\"it_IT\" \/>\n<meta property=\"og:type\" content=\"article\" \/>\n<meta property=\"og:title\" content=\"Computer HP All-in-One 24-cr1003nx| U7-155U | Touch \/ Ultra 7 \/ RAM 16 GB \/ SSD Disk - ricondizionatipro.it\" \/>\n<meta property=\"og:description\" content=\"Intel Core Ultra 7\u00a0155U (1,7\u00a0GHz), 16 GB (2x8GB)\u00a0DDR5-5600, SSD 512 GB M.2 PCIe NVMe, 60,45 cm (23,8&#039;&#039;) FHD (1920x1080) Multi-Touch LED, Intel Arc Graphics (IGP), HDMI, 1x USB-C 3.2 Gen1 (5Gbps), 2x USB-A 3.2 Gen1 (5Gbps), 2x USB-A 2.0, Wi-Fi 6, Bluetooth 5.3, Webcam, Wireless\u00a0Kbd., Microsoft Windows 11 Home (64-bit)\" \/>\n<meta property=\"og:url\" content=\"https:\/\/ricondizionatipro.it\/shop\/prodotto\/computer-hp-all-in-one-24-cr1003nx-u7-155u-touch-ultra-7-ram-16-gb-ssd-disk\/\" \/>\n<meta property=\"og:site_name\" content=\"ricondizionatipro.it\" \/>\n<meta property=\"article:publisher\" content=\"https:\/\/www.facebook.com\/ricondizionatipro.it\/\" \/>\n<meta property=\"og:image\" content=\"https:\/\/ricondizionatipro.it\/shop\/wp-content\/uploads\/2026\/04\/c80a5071-9112-4c36-9438-49512ff13590.jpg\" \/>\n\t<meta property=\"og:image:width\" content=\"850\" \/>\n\t<meta property=\"og:image:height\" content=\"850\" \/>\n\t<meta property=\"og:image:type\" content=\"image\/jpeg\" \/>\n<meta name=\"twitter:card\" content=\"summary_large_image\" \/>\n<meta name=\"twitter:label1\" content=\"Tempo di lettura stimato\" \/>\n\t<meta name=\"twitter:data1\" content=\"2 minuti\" \/>\n<script type=\"application\/ld+json\" class=\"yoast-schema-graph\">{\"@context\":\"https:\/\/schema.org\",\"@graph\":[{\"@type\":\"WebPage\",\"@id\":\"https:\/\/ricondizionatipro.it\/shop\/prodotto\/computer-hp-all-in-one-24-cr1003nx-u7-155u-touch-ultra-7-ram-16-gb-ssd-disk\/\",\"url\":\"https:\/\/ricondizionatipro.it\/shop\/prodotto\/computer-hp-all-in-one-24-cr1003nx-u7-155u-touch-ultra-7-ram-16-gb-ssd-disk\/\",\"name\":\"Computer HP All-in-One 24-cr1003nx| U7-155U | Touch \/ Ultra 7 \/ RAM 16 GB \/ SSD Disk - ricondizionatipro.it\",\"isPartOf\":{\"@id\":\"https:\/\/ricondizionatipro.it\/shop\/#website\"},\"primaryImageOfPage\":{\"@id\":\"https:\/\/ricondizionatipro.it\/shop\/prodotto\/computer-hp-all-in-one-24-cr1003nx-u7-155u-touch-ultra-7-ram-16-gb-ssd-disk\/#primaryimage\"},\"image\":{\"@id\":\"https:\/\/ricondizionatipro.it\/shop\/prodotto\/computer-hp-all-in-one-24-cr1003nx-u7-155u-touch-ultra-7-ram-16-gb-ssd-disk\/#primaryimage\"},\"thumbnailUrl\":\"https:\/\/ricondizionatipro.it\/shop\/wp-content\/uploads\/2026\/04\/c80a5071-9112-4c36-9438-49512ff13590.jpg\",\"datePublished\":\"2026-05-02T02:12:34+00:00\",\"breadcrumb\":{\"@id\":\"https:\/\/ricondizionatipro.it\/shop\/prodotto\/computer-hp-all-in-one-24-cr1003nx-u7-155u-touch-ultra-7-ram-16-gb-ssd-disk\/#breadcrumb\"},\"inLanguage\":\"it-IT\",\"potentialAction\":[{\"@type\":\"ReadAction\",\"target\":[\"https:\/\/ricondizionatipro.it\/shop\/prodotto\/computer-hp-all-in-one-24-cr1003nx-u7-155u-touch-ultra-7-ram-16-gb-ssd-disk\/\"]}]},{\"@type\":\"ImageObject\",\"inLanguage\":\"it-IT\",\"@id\":\"https:\/\/ricondizionatipro.it\/shop\/prodotto\/computer-hp-all-in-one-24-cr1003nx-u7-155u-touch-ultra-7-ram-16-gb-ssd-disk\/#primaryimage\",\"url\":\"https:\/\/ricondizionatipro.it\/shop\/wp-content\/uploads\/2026\/04\/c80a5071-9112-4c36-9438-49512ff13590.jpg\",\"contentUrl\":\"https:\/\/ricondizionatipro.it\/shop\/wp-content\/uploads\/2026\/04\/c80a5071-9112-4c36-9438-49512ff13590.jpg\",\"width\":850,\"height\":850},{\"@type\":\"BreadcrumbList\",\"@id\":\"https:\/\/ricondizionatipro.it\/shop\/prodotto\/computer-hp-all-in-one-24-cr1003nx-u7-155u-touch-ultra-7-ram-16-gb-ssd-disk\/#breadcrumb\",\"itemListElement\":[{\"@type\":\"ListItem\",\"position\":1,\"name\":\"Home\",\"item\":\"https:\/\/ricondizionatipro.it\/shop\/\"},{\"@type\":\"ListItem\",\"position\":2,\"name\":\"Computer HP All-in-One 24-cr1003nx| U7-155U | Touch \/ Ultra 7 \/ RAM 16 GB \/ SSD Disk\"}]},{\"@type\":\"WebSite\",\"@id\":\"https:\/\/ricondizionatipro.it\/shop\/#website\",\"url\":\"https:\/\/ricondizionatipro.it\/shop\/\",\"name\":\"ricondizionatipro.it\",\"description\":\"computer professionali ricondizionati garantiti\",\"publisher\":{\"@id\":\"https:\/\/ricondizionatipro.it\/shop\/#organization\"},\"potentialAction\":[{\"@type\":\"SearchAction\",\"target\":{\"@type\":\"EntryPoint\",\"urlTemplate\":\"https:\/\/ricondizionatipro.it\/shop\/?s={search_term_string}\"},\"query-input\":{\"@type\":\"PropertyValueSpecification\",\"valueRequired\":true,\"valueName\":\"search_term_string\"}}],\"inLanguage\":\"it-IT\"},{\"@type\":\"Organization\",\"@id\":\"https:\/\/ricondizionatipro.it\/shop\/#organization\",\"name\":\"ricondizionatipro.it\",\"url\":\"https:\/\/ricondizionatipro.it\/shop\/\",\"logo\":{\"@type\":\"ImageObject\",\"inLanguage\":\"it-IT\",\"@id\":\"https:\/\/ricondizionatipro.it\/shop\/#\/schema\/logo\/image\/\",\"url\":\"https:\/\/i0.wp.com\/ricondizionatipro.it\/shop\/wp-content\/uploads\/2022\/04\/ricondizionati-pro-logo-trasparente.png?fit=2309%2C1910&ssl=1\",\"contentUrl\":\"https:\/\/i0.wp.com\/ricondizionatipro.it\/shop\/wp-content\/uploads\/2022\/04\/ricondizionati-pro-logo-trasparente.png?fit=2309%2C1910&ssl=1\",\"width\":2309,\"height\":1910,\"caption\":\"ricondizionatipro.it\"},\"image\":{\"@id\":\"https:\/\/ricondizionatipro.it\/shop\/#\/schema\/logo\/image\/\"},\"sameAs\":[\"https:\/\/www.facebook.com\/ricondizionatipro.it\/\",\"https:\/\/www.instagram.com\/ricondizionatipro.it\/\"]}]}<\/script>\n<!-- \/ Yoast SEO plugin. -->","yoast_head_json":{"title":"Computer HP All-in-One 24-cr1003nx| U7-155U | Touch \/ Ultra 7 \/ RAM 16 GB \/ SSD Disk - ricondizionatipro.it","robots":{"index":"index","follow":"follow","max-snippet":"max-snippet:-1","max-image-preview":"max-image-preview:large","max-video-preview":"max-video-preview:-1"},"canonical":"https:\/\/ricondizionatipro.it\/shop\/prodotto\/computer-hp-all-in-one-24-cr1003nx-u7-155u-touch-ultra-7-ram-16-gb-ssd-disk\/","og_locale":"it_IT","og_type":"article","og_title":"Computer HP All-in-One 24-cr1003nx| U7-155U | Touch \/ Ultra 7 \/ RAM 16 GB \/ SSD Disk - ricondizionatipro.it","og_description":"Intel Core Ultra 7\u00a0155U (1,7\u00a0GHz), 16 GB (2x8GB)\u00a0DDR5-5600, SSD 512 GB M.2 PCIe NVMe, 60,45 cm (23,8'') FHD (1920x1080) Multi-Touch LED, Intel Arc Graphics (IGP), HDMI, 1x USB-C 3.2 Gen1 (5Gbps), 2x USB-A 3.2 Gen1 (5Gbps), 2x USB-A 2.0, Wi-Fi 6, Bluetooth 5.3, Webcam, Wireless\u00a0Kbd., Microsoft Windows 11 Home (64-bit)","og_url":"https:\/\/ricondizionatipro.it\/shop\/prodotto\/computer-hp-all-in-one-24-cr1003nx-u7-155u-touch-ultra-7-ram-16-gb-ssd-disk\/","og_site_name":"ricondizionatipro.it","article_publisher":"https:\/\/www.facebook.com\/ricondizionatipro.it\/","og_image":[{"width":850,"height":850,"url":"https:\/\/ricondizionatipro.it\/shop\/wp-content\/uploads\/2026\/04\/c80a5071-9112-4c36-9438-49512ff13590.jpg","type":"image\/jpeg"}],"twitter_card":"summary_large_image","twitter_misc":{"Tempo di lettura stimato":"2 minuti"},"schema":{"@context":"https:\/\/schema.org","@graph":[{"@type":"WebPage","@id":"https:\/\/ricondizionatipro.it\/shop\/prodotto\/computer-hp-all-in-one-24-cr1003nx-u7-155u-touch-ultra-7-ram-16-gb-ssd-disk\/","url":"https:\/\/ricondizionatipro.it\/shop\/prodotto\/computer-hp-all-in-one-24-cr1003nx-u7-155u-touch-ultra-7-ram-16-gb-ssd-disk\/","name":"Computer HP All-in-One 24-cr1003nx| U7-155U | Touch \/ Ultra 7 \/ RAM 16 GB \/ SSD Disk - ricondizionatipro.it","isPartOf":{"@id":"https:\/\/ricondizionatipro.it\/shop\/#website"},"primaryImageOfPage":{"@id":"https:\/\/ricondizionatipro.it\/shop\/prodotto\/computer-hp-all-in-one-24-cr1003nx-u7-155u-touch-ultra-7-ram-16-gb-ssd-disk\/#primaryimage"},"image":{"@id":"https:\/\/ricondizionatipro.it\/shop\/prodotto\/computer-hp-all-in-one-24-cr1003nx-u7-155u-touch-ultra-7-ram-16-gb-ssd-disk\/#primaryimage"},"thumbnailUrl":"https:\/\/ricondizionatipro.it\/shop\/wp-content\/uploads\/2026\/04\/c80a5071-9112-4c36-9438-49512ff13590.jpg","datePublished":"2026-05-02T02:12:34+00:00","breadcrumb":{"@id":"https:\/\/ricondizionatipro.it\/shop\/prodotto\/computer-hp-all-in-one-24-cr1003nx-u7-155u-touch-ultra-7-ram-16-gb-ssd-disk\/#breadcrumb"},"inLanguage":"it-IT","potentialAction":[{"@type":"ReadAction","target":["https:\/\/ricondizionatipro.it\/shop\/prodotto\/computer-hp-all-in-one-24-cr1003nx-u7-155u-touch-ultra-7-ram-16-gb-ssd-disk\/"]}]},{"@type":"ImageObject","inLanguage":"it-IT","@id":"https:\/\/ricondizionatipro.it\/shop\/prodotto\/computer-hp-all-in-one-24-cr1003nx-u7-155u-touch-ultra-7-ram-16-gb-ssd-disk\/#primaryimage","url":"https:\/\/ricondizionatipro.it\/shop\/wp-content\/uploads\/2026\/04\/c80a5071-9112-4c36-9438-49512ff13590.jpg","contentUrl":"https:\/\/ricondizionatipro.it\/shop\/wp-content\/uploads\/2026\/04\/c80a5071-9112-4c36-9438-49512ff13590.jpg","width":850,"height":850},{"@type":"BreadcrumbList","@id":"https:\/\/ricondizionatipro.it\/shop\/prodotto\/computer-hp-all-in-one-24-cr1003nx-u7-155u-touch-ultra-7-ram-16-gb-ssd-disk\/#breadcrumb","itemListElement":[{"@type":"ListItem","position":1,"name":"Home","item":"https:\/\/ricondizionatipro.it\/shop\/"},{"@type":"ListItem","position":2,"name":"Computer HP All-in-One 24-cr1003nx| U7-155U | Touch \/ Ultra 7 \/ RAM 16 GB \/ SSD Disk"}]},{"@type":"WebSite","@id":"https:\/\/ricondizionatipro.it\/shop\/#website","url":"https:\/\/ricondizionatipro.it\/shop\/","name":"ricondizionatipro.it","description":"computer professionali ricondizionati garantiti","publisher":{"@id":"https:\/\/ricondizionatipro.it\/shop\/#organization"},"potentialAction":[{"@type":"SearchAction","target":{"@type":"EntryPoint","urlTemplate":"https:\/\/ricondizionatipro.it\/shop\/?s={search_term_string}"},"query-input":{"@type":"PropertyValueSpecification","valueRequired":true,"valueName":"search_term_string"}}],"inLanguage":"it-IT"},{"@type":"Organization","@id":"https:\/\/ricondizionatipro.it\/shop\/#organization","name":"ricondizionatipro.it","url":"https:\/\/ricondizionatipro.it\/shop\/","logo":{"@type":"ImageObject","inLanguage":"it-IT","@id":"https:\/\/ricondizionatipro.it\/shop\/#\/schema\/logo\/image\/","url":"https:\/\/i0.wp.com\/ricondizionatipro.it\/shop\/wp-content\/uploads\/2022\/04\/ricondizionati-pro-logo-trasparente.png?fit=2309%2C1910&ssl=1","contentUrl":"https:\/\/i0.wp.com\/ricondizionatipro.it\/shop\/wp-content\/uploads\/2022\/04\/ricondizionati-pro-logo-trasparente.png?fit=2309%2C1910&ssl=1","width":2309,"height":1910,"caption":"ricondizionatipro.it"},"image":{"@id":"https:\/\/ricondizionatipro.it\/shop\/#\/schema\/logo\/image\/"},"sameAs":["https:\/\/www.facebook.com\/ricondizionatipro.it\/","https:\/\/www.instagram.com\/ricondizionatipro.it\/"]}]}},"acf":[],"_links":{"self":[{"href":"https:\/\/ricondizionatipro.it\/shop\/wp-json\/wp\/v2\/product\/95687","targetHints":{"allow":["GET"]}}],"collection":[{"href":"https:\/\/ricondizionatipro.it\/shop\/wp-json\/wp\/v2\/product"}],"about":[{"href":"https:\/\/ricondizionatipro.it\/shop\/wp-json\/wp\/v2\/types\/product"}],"wp:featuredmedia":[{"embeddable":true,"href":"https:\/\/ricondizionatipro.it\/shop\/wp-json\/wp\/v2\/media\/103073"}],"wp:attachment":[{"href":"https:\/\/ricondizionatipro.it\/shop\/wp-json\/wp\/v2\/media?parent=95687"}],"wp:term":[{"taxonomy":"product_brand","embeddable":true,"href":"https:\/\/ricondizionatipro.it\/shop\/wp-json\/wp\/v2\/product_brand?post=95687"},{"taxonomy":"product_cat","embeddable":true,"href":"https:\/\/ricondizionatipro.it\/shop\/wp-json\/wp\/v2\/product_cat?post=95687"},{"taxonomy":"product_tag","embeddable":true,"href":"https:\/\/ricondizionatipro.it\/shop\/wp-json\/wp\/v2\/product_tag?post=95687"}],"curies":[{"name":"wp","href":"https:\/\/api.w.org\/{rel}","templated":true}]}}