{"id":95197,"date":"2026-04-28T04:05:11","date_gmt":"2026-04-28T02:05:11","guid":{"rendered":"https:\/\/ricondizionatipro.it\/shop\/prodotto\/laptop-hp-elite-830-x360-g10-scr-one-dead-pixel-i5-ram-16-gb-ssd-disk-13%e2%80%b3-wuxga-2\/"},"modified":"2026-04-28T04:05:12","modified_gmt":"2026-04-28T02:05:12","slug":"laptop-hp-elite-830-x360-g10-scr-one-dead-pixel-i5-ram-16-gb-ssd-disk-13%e2%80%b3-wuxga","status":"publish","type":"product","link":"https:\/\/ricondizionatipro.it\/shop\/prodotto\/laptop-hp-elite-830-x360-g10-scr-one-dead-pixel-i5-ram-16-gb-ssd-disk-13%e2%80%b3-wuxga\/","title":{"rendered":"Laptop HP Elite 830 x360 G10 &#8211; Scr: One Dead Pixel \/ i5 \/ RAM 16 GB \/ SSD Disk \/ 13\u2033 WUXGA"},"content":{"rendered":"<p>Il Laptop HP Elite 830 x360 G10 combina prestazioni potenti e un design elegante con un display touch da 13 pollici WUXGA, perfetto per chi cerca versatilit\u00e0 e usabilit\u00e0 in movimento. Con una configurazione versatile ad alta potenza, questo dispositivo soddisfa le esigenze di professionisti in diversi contesti.<\/p>\n<p>&lt;H2&gt;Principali vantaggi&lt;\/H2&gt;<br \/>\n&lt;ul&gt;<br \/>\n  &lt;li&gt;&lt;b&gt;Prestazioni elevate&lt;\/b&gt; grazie a una CPU di ultima generazione.&lt;\/li&gt;<br \/>\n  &lt;li&gt;&lt;b&gt;Memoria e archiviazione avanzate&lt;\/b&gt; per un&#039;esperienza di utilizzo fluida e reattiva.&lt;\/li&gt;<br \/>\n  &lt;li&gt;&lt;b&gt;Display touch e antiriflesso&lt;\/b&gt; ideale per una visione confortevole in qualsiasi ambiente.&lt;\/li&gt;<br \/>\n  &lt;li&gt;&lt;b&gt;Connettivit\u00e0 versatile&lt;\/b&gt; con porte HDMI, Thunderbolt e due USB.&lt;\/li&gt;<br \/>\n  &lt;li&gt;&lt;b&gt;Tastiera retroilluminata&lt;\/b&gt; per un comfort ottimale in ambienti con scarsa illuminazione.&lt;\/li&gt;<br \/>\n  &lt;li&gt;&lt;b&gt;Grafica Intel Iris Xe&lt;\/b&gt; per una qualit\u00e0 visiva superiore.&lt;\/li&gt;<br \/>\n&lt;\/ul&gt;<\/p>\n<p>&lt;H2&gt;Chi acquista questo prodotto&lt;\/H2&gt;<br \/>\nIl Laptop HP Elite 830 x360 G10 \u00e8 la scelta ideale per professionisti che necessitano di una combinazione di prestazioni elevate e portabilit\u00e0. \u00c8 perfetto per chi lavora da remoto, gestisce presentazioni o lavora nel campo del design e della progettazione, e per chi apprezza la flessibilit\u00e0 di un dispositivo convertibile.<\/p>\n<p>&lt;H2&gt;Possibilit\u00e0 di aggiornamento&lt;\/H2&gt;<br \/>\nGli utenti possono considerare l&#039;aggiornamento della memoria o dell&#039;archiviazione per estendere le capacit\u00e0 del laptop, grazie alla velocit\u00e0 elevata garantita dalla tecnologia NVMe. &lt;b&gt;Consultate sempre un esperto prima di eseguire l&#039;aggiornamento&lt;\/b&gt;.<\/p>\n<p>&lt;H2&gt;Perch\u00e9 scegliere un dispositivo ricondizionato&lt;\/H2&gt;<br \/>\nOptare per un dispositivo ricondizionato significa accedere a un prodotto che \u00e8 stato sottoposto a un servizio professionale di ricondizionamento, garantendo una qualit\u00e0 elevata grazie a un sistema standardizzato di valutazione. Scegliere un prodotto ricondizionato consente anche di ottenere un notevole risparmio economico, mentre si contribuisce a un uso pi\u00f9 sostenibile delle risorse elettroniche. Questo laptop offre un eccellente rapporto qualit\u00e0-prezzo, qualit\u00e0 affidabile e un minor impatto ambientale.&lt;h2&gt;Scatola aperta&lt;\/h2&gt;&#13;<br \/>\n&lt;p&gt;Quasi nessun segno di usura. Qualit\u00e0 uguale ai nuovi. Nella maggior parte dei casi si tratta di eccedenze di produzione e scorte invendute, in cui le differenze rispetto ai dispositivi nuovi non sono percepibili.&lt;\/p&gt;&#13;<\/p>\n","protected":false},"excerpt":{"rendered":"<p>Intel\u00ae Core\u2122 i5-1345U \/ 1,6 &#8211; 3,5 GHz \/ 10-Cores (2C+8c\/12T) \/ Turbo Speed 4,7 GHz, 16 GB LPDDR5 ONBOARD, 256 GB NVME SSD, 33 cm (13\u2033), Matiran (AntiGlare, matt), Touch, WUXGA 1920 x 1200, Intel\u00ae Iris\u00ae Xe Graphics, HDMI, Thunderbolt, 2x USB, Backlit keyboard, bluetooth, Microsoft Windows 11 Pro (64-bit)<\/p>\n","protected":false},"featured_media":95263,"template":"","meta":{"inline_featured_image":false},"product_brand":[],"product_cat":[940,831,5882,5877,835,833],"product_tag":[],"class_list":{"0":"post-95197","1":"product","2":"type-product","3":"status-publish","4":"has-post-thumbnail","6":"product_cat-hp-portatili","7":"product_cat-laptop","8":"product_cat-laptop-ultrabook","9":"product_cat-notebook-per-uso-aziendale","10":"product_cat-portatili-i5","11":"product_cat-ricerca-preferita","13":"first","14":"instock","15":"purchasable","16":"product-type-simple"},"yoast_head":"<!-- This site is optimized with the Yoast SEO plugin v27.2 - https:\/\/yoast.com\/product\/yoast-seo-wordpress\/ -->\n<title>Laptop HP Elite 830 x360 G10 - Scr: One Dead Pixel \/ i5 \/ RAM 16 GB \/ SSD Disk \/ 13\u2033 WUXGA - ricondizionatipro.it<\/title>\n<meta name=\"robots\" content=\"index, follow, max-snippet:-1, max-image-preview:large, max-video-preview:-1\" \/>\n<link rel=\"canonical\" href=\"https:\/\/ricondizionatipro.it\/shop\/prodotto\/laptop-hp-elite-830-x360-g10-scr-one-dead-pixel-i5-ram-16-gb-ssd-disk-13\u2033-wuxga\/\" \/>\n<meta property=\"og:locale\" content=\"it_IT\" \/>\n<meta property=\"og:type\" content=\"article\" \/>\n<meta property=\"og:title\" content=\"Laptop HP Elite 830 x360 G10 - Scr: One Dead Pixel \/ i5 \/ RAM 16 GB \/ SSD Disk \/ 13\u2033 WUXGA - ricondizionatipro.it\" \/>\n<meta property=\"og:description\" content=\"Intel\u00ae Core\u2122 i5-1345U \/ 1,6 - 3,5 GHz \/ 10-Cores (2C+8c\/12T) \/ Turbo Speed 4,7 GHz, 16 GB LPDDR5 ONBOARD, 256 GB NVME SSD, 33 cm (13\u2033), Matiran (AntiGlare, matt), Touch, WUXGA 1920 x 1200, Intel\u00ae Iris\u00ae Xe Graphics, HDMI, Thunderbolt, 2x USB, Backlit keyboard, bluetooth, Microsoft Windows 11 Pro (64-bit)\" \/>\n<meta property=\"og:url\" content=\"https:\/\/ricondizionatipro.it\/shop\/prodotto\/laptop-hp-elite-830-x360-g10-scr-one-dead-pixel-i5-ram-16-gb-ssd-disk-13\u2033-wuxga\/\" \/>\n<meta property=\"og:site_name\" content=\"ricondizionatipro.it\" \/>\n<meta property=\"article:publisher\" content=\"https:\/\/www.facebook.com\/ricondizionatipro.it\/\" \/>\n<meta property=\"article:modified_time\" content=\"2026-04-28T02:05:12+00:00\" \/>\n<meta property=\"og:image\" content=\"https:\/\/ricondizionatipro.it\/shop\/wp-content\/uploads\/2026\/01\/hp-elite-830-x360-g10-i5-1355u-1707135631.jpg\" \/>\n\t<meta property=\"og:image:width\" content=\"930\" \/>\n\t<meta property=\"og:image:height\" content=\"738\" \/>\n\t<meta property=\"og:image:type\" content=\"image\/jpeg\" \/>\n<meta name=\"twitter:card\" content=\"summary_large_image\" \/>\n<meta name=\"twitter:label1\" content=\"Tempo di lettura stimato\" \/>\n\t<meta name=\"twitter:data1\" content=\"2 minuti\" \/>\n<script type=\"application\/ld+json\" class=\"yoast-schema-graph\">{\"@context\":\"https:\/\/schema.org\",\"@graph\":[{\"@type\":\"WebPage\",\"@id\":\"https:\/\/ricondizionatipro.it\/shop\/prodotto\/laptop-hp-elite-830-x360-g10-scr-one-dead-pixel-i5-ram-16-gb-ssd-disk-13%e2%80%b3-wuxga\/\",\"url\":\"https:\/\/ricondizionatipro.it\/shop\/prodotto\/laptop-hp-elite-830-x360-g10-scr-one-dead-pixel-i5-ram-16-gb-ssd-disk-13%e2%80%b3-wuxga\/\",\"name\":\"Laptop HP Elite 830 x360 G10 - Scr: One Dead Pixel \/ i5 \/ RAM 16 GB \/ SSD Disk \/ 13\u2033 WUXGA - ricondizionatipro.it\",\"isPartOf\":{\"@id\":\"https:\/\/ricondizionatipro.it\/shop\/#website\"},\"primaryImageOfPage\":{\"@id\":\"https:\/\/ricondizionatipro.it\/shop\/prodotto\/laptop-hp-elite-830-x360-g10-scr-one-dead-pixel-i5-ram-16-gb-ssd-disk-13%e2%80%b3-wuxga\/#primaryimage\"},\"image\":{\"@id\":\"https:\/\/ricondizionatipro.it\/shop\/prodotto\/laptop-hp-elite-830-x360-g10-scr-one-dead-pixel-i5-ram-16-gb-ssd-disk-13%e2%80%b3-wuxga\/#primaryimage\"},\"thumbnailUrl\":\"https:\/\/ricondizionatipro.it\/shop\/wp-content\/uploads\/2026\/01\/hp-elite-830-x360-g10-i5-1355u-1707135631.jpg\",\"datePublished\":\"2026-04-28T02:05:11+00:00\",\"dateModified\":\"2026-04-28T02:05:12+00:00\",\"breadcrumb\":{\"@id\":\"https:\/\/ricondizionatipro.it\/shop\/prodotto\/laptop-hp-elite-830-x360-g10-scr-one-dead-pixel-i5-ram-16-gb-ssd-disk-13%e2%80%b3-wuxga\/#breadcrumb\"},\"inLanguage\":\"it-IT\",\"potentialAction\":[{\"@type\":\"ReadAction\",\"target\":[\"https:\/\/ricondizionatipro.it\/shop\/prodotto\/laptop-hp-elite-830-x360-g10-scr-one-dead-pixel-i5-ram-16-gb-ssd-disk-13%e2%80%b3-wuxga\/\"]}]},{\"@type\":\"ImageObject\",\"inLanguage\":\"it-IT\",\"@id\":\"https:\/\/ricondizionatipro.it\/shop\/prodotto\/laptop-hp-elite-830-x360-g10-scr-one-dead-pixel-i5-ram-16-gb-ssd-disk-13%e2%80%b3-wuxga\/#primaryimage\",\"url\":\"https:\/\/ricondizionatipro.it\/shop\/wp-content\/uploads\/2026\/01\/hp-elite-830-x360-g10-i5-1355u-1707135631.jpg\",\"contentUrl\":\"https:\/\/ricondizionatipro.it\/shop\/wp-content\/uploads\/2026\/01\/hp-elite-830-x360-g10-i5-1355u-1707135631.jpg\",\"width\":930,\"height\":738},{\"@type\":\"BreadcrumbList\",\"@id\":\"https:\/\/ricondizionatipro.it\/shop\/prodotto\/laptop-hp-elite-830-x360-g10-scr-one-dead-pixel-i5-ram-16-gb-ssd-disk-13%e2%80%b3-wuxga\/#breadcrumb\",\"itemListElement\":[{\"@type\":\"ListItem\",\"position\":1,\"name\":\"Home\",\"item\":\"https:\/\/ricondizionatipro.it\/shop\/\"},{\"@type\":\"ListItem\",\"position\":2,\"name\":\"Laptop HP Elite 830 x360 G10 &#8211; Scr: One Dead Pixel \/ i5 \/ RAM 16 GB \/ SSD Disk \/ 13\u2033 WUXGA\"}]},{\"@type\":\"WebSite\",\"@id\":\"https:\/\/ricondizionatipro.it\/shop\/#website\",\"url\":\"https:\/\/ricondizionatipro.it\/shop\/\",\"name\":\"ricondizionatipro.it\",\"description\":\"computer professionali ricondizionati garantiti\",\"publisher\":{\"@id\":\"https:\/\/ricondizionatipro.it\/shop\/#organization\"},\"potentialAction\":[{\"@type\":\"SearchAction\",\"target\":{\"@type\":\"EntryPoint\",\"urlTemplate\":\"https:\/\/ricondizionatipro.it\/shop\/?s={search_term_string}\"},\"query-input\":{\"@type\":\"PropertyValueSpecification\",\"valueRequired\":true,\"valueName\":\"search_term_string\"}}],\"inLanguage\":\"it-IT\"},{\"@type\":\"Organization\",\"@id\":\"https:\/\/ricondizionatipro.it\/shop\/#organization\",\"name\":\"ricondizionatipro.it\",\"url\":\"https:\/\/ricondizionatipro.it\/shop\/\",\"logo\":{\"@type\":\"ImageObject\",\"inLanguage\":\"it-IT\",\"@id\":\"https:\/\/ricondizionatipro.it\/shop\/#\/schema\/logo\/image\/\",\"url\":\"https:\/\/i0.wp.com\/ricondizionatipro.it\/shop\/wp-content\/uploads\/2022\/04\/ricondizionati-pro-logo-trasparente.png?fit=2309%2C1910&ssl=1\",\"contentUrl\":\"https:\/\/i0.wp.com\/ricondizionatipro.it\/shop\/wp-content\/uploads\/2022\/04\/ricondizionati-pro-logo-trasparente.png?fit=2309%2C1910&ssl=1\",\"width\":2309,\"height\":1910,\"caption\":\"ricondizionatipro.it\"},\"image\":{\"@id\":\"https:\/\/ricondizionatipro.it\/shop\/#\/schema\/logo\/image\/\"},\"sameAs\":[\"https:\/\/www.facebook.com\/ricondizionatipro.it\/\",\"https:\/\/www.instagram.com\/ricondizionatipro.it\/\"]}]}<\/script>\n<!-- \/ Yoast SEO plugin. -->","yoast_head_json":{"title":"Laptop HP Elite 830 x360 G10 - Scr: One Dead Pixel \/ i5 \/ RAM 16 GB \/ SSD Disk \/ 13\u2033 WUXGA - ricondizionatipro.it","robots":{"index":"index","follow":"follow","max-snippet":"max-snippet:-1","max-image-preview":"max-image-preview:large","max-video-preview":"max-video-preview:-1"},"canonical":"https:\/\/ricondizionatipro.it\/shop\/prodotto\/laptop-hp-elite-830-x360-g10-scr-one-dead-pixel-i5-ram-16-gb-ssd-disk-13\u2033-wuxga\/","og_locale":"it_IT","og_type":"article","og_title":"Laptop HP Elite 830 x360 G10 - Scr: One Dead Pixel \/ i5 \/ RAM 16 GB \/ SSD Disk \/ 13\u2033 WUXGA - ricondizionatipro.it","og_description":"Intel\u00ae Core\u2122 i5-1345U \/ 1,6 - 3,5 GHz \/ 10-Cores (2C+8c\/12T) \/ Turbo Speed 4,7 GHz, 16 GB LPDDR5 ONBOARD, 256 GB NVME SSD, 33 cm (13\u2033), Matiran (AntiGlare, matt), Touch, WUXGA 1920 x 1200, Intel\u00ae Iris\u00ae Xe Graphics, HDMI, Thunderbolt, 2x USB, Backlit keyboard, bluetooth, Microsoft Windows 11 Pro (64-bit)","og_url":"https:\/\/ricondizionatipro.it\/shop\/prodotto\/laptop-hp-elite-830-x360-g10-scr-one-dead-pixel-i5-ram-16-gb-ssd-disk-13\u2033-wuxga\/","og_site_name":"ricondizionatipro.it","article_publisher":"https:\/\/www.facebook.com\/ricondizionatipro.it\/","article_modified_time":"2026-04-28T02:05:12+00:00","og_image":[{"width":930,"height":738,"url":"https:\/\/ricondizionatipro.it\/shop\/wp-content\/uploads\/2026\/01\/hp-elite-830-x360-g10-i5-1355u-1707135631.jpg","type":"image\/jpeg"}],"twitter_card":"summary_large_image","twitter_misc":{"Tempo di lettura stimato":"2 minuti"},"schema":{"@context":"https:\/\/schema.org","@graph":[{"@type":"WebPage","@id":"https:\/\/ricondizionatipro.it\/shop\/prodotto\/laptop-hp-elite-830-x360-g10-scr-one-dead-pixel-i5-ram-16-gb-ssd-disk-13%e2%80%b3-wuxga\/","url":"https:\/\/ricondizionatipro.it\/shop\/prodotto\/laptop-hp-elite-830-x360-g10-scr-one-dead-pixel-i5-ram-16-gb-ssd-disk-13%e2%80%b3-wuxga\/","name":"Laptop HP Elite 830 x360 G10 - Scr: One Dead Pixel \/ i5 \/ RAM 16 GB \/ SSD Disk \/ 13\u2033 WUXGA - ricondizionatipro.it","isPartOf":{"@id":"https:\/\/ricondizionatipro.it\/shop\/#website"},"primaryImageOfPage":{"@id":"https:\/\/ricondizionatipro.it\/shop\/prodotto\/laptop-hp-elite-830-x360-g10-scr-one-dead-pixel-i5-ram-16-gb-ssd-disk-13%e2%80%b3-wuxga\/#primaryimage"},"image":{"@id":"https:\/\/ricondizionatipro.it\/shop\/prodotto\/laptop-hp-elite-830-x360-g10-scr-one-dead-pixel-i5-ram-16-gb-ssd-disk-13%e2%80%b3-wuxga\/#primaryimage"},"thumbnailUrl":"https:\/\/ricondizionatipro.it\/shop\/wp-content\/uploads\/2026\/01\/hp-elite-830-x360-g10-i5-1355u-1707135631.jpg","datePublished":"2026-04-28T02:05:11+00:00","dateModified":"2026-04-28T02:05:12+00:00","breadcrumb":{"@id":"https:\/\/ricondizionatipro.it\/shop\/prodotto\/laptop-hp-elite-830-x360-g10-scr-one-dead-pixel-i5-ram-16-gb-ssd-disk-13%e2%80%b3-wuxga\/#breadcrumb"},"inLanguage":"it-IT","potentialAction":[{"@type":"ReadAction","target":["https:\/\/ricondizionatipro.it\/shop\/prodotto\/laptop-hp-elite-830-x360-g10-scr-one-dead-pixel-i5-ram-16-gb-ssd-disk-13%e2%80%b3-wuxga\/"]}]},{"@type":"ImageObject","inLanguage":"it-IT","@id":"https:\/\/ricondizionatipro.it\/shop\/prodotto\/laptop-hp-elite-830-x360-g10-scr-one-dead-pixel-i5-ram-16-gb-ssd-disk-13%e2%80%b3-wuxga\/#primaryimage","url":"https:\/\/ricondizionatipro.it\/shop\/wp-content\/uploads\/2026\/01\/hp-elite-830-x360-g10-i5-1355u-1707135631.jpg","contentUrl":"https:\/\/ricondizionatipro.it\/shop\/wp-content\/uploads\/2026\/01\/hp-elite-830-x360-g10-i5-1355u-1707135631.jpg","width":930,"height":738},{"@type":"BreadcrumbList","@id":"https:\/\/ricondizionatipro.it\/shop\/prodotto\/laptop-hp-elite-830-x360-g10-scr-one-dead-pixel-i5-ram-16-gb-ssd-disk-13%e2%80%b3-wuxga\/#breadcrumb","itemListElement":[{"@type":"ListItem","position":1,"name":"Home","item":"https:\/\/ricondizionatipro.it\/shop\/"},{"@type":"ListItem","position":2,"name":"Laptop HP Elite 830 x360 G10 &#8211; Scr: One Dead Pixel \/ i5 \/ RAM 16 GB \/ SSD Disk \/ 13\u2033 WUXGA"}]},{"@type":"WebSite","@id":"https:\/\/ricondizionatipro.it\/shop\/#website","url":"https:\/\/ricondizionatipro.it\/shop\/","name":"ricondizionatipro.it","description":"computer professionali ricondizionati garantiti","publisher":{"@id":"https:\/\/ricondizionatipro.it\/shop\/#organization"},"potentialAction":[{"@type":"SearchAction","target":{"@type":"EntryPoint","urlTemplate":"https:\/\/ricondizionatipro.it\/shop\/?s={search_term_string}"},"query-input":{"@type":"PropertyValueSpecification","valueRequired":true,"valueName":"search_term_string"}}],"inLanguage":"it-IT"},{"@type":"Organization","@id":"https:\/\/ricondizionatipro.it\/shop\/#organization","name":"ricondizionatipro.it","url":"https:\/\/ricondizionatipro.it\/shop\/","logo":{"@type":"ImageObject","inLanguage":"it-IT","@id":"https:\/\/ricondizionatipro.it\/shop\/#\/schema\/logo\/image\/","url":"https:\/\/i0.wp.com\/ricondizionatipro.it\/shop\/wp-content\/uploads\/2022\/04\/ricondizionati-pro-logo-trasparente.png?fit=2309%2C1910&ssl=1","contentUrl":"https:\/\/i0.wp.com\/ricondizionatipro.it\/shop\/wp-content\/uploads\/2022\/04\/ricondizionati-pro-logo-trasparente.png?fit=2309%2C1910&ssl=1","width":2309,"height":1910,"caption":"ricondizionatipro.it"},"image":{"@id":"https:\/\/ricondizionatipro.it\/shop\/#\/schema\/logo\/image\/"},"sameAs":["https:\/\/www.facebook.com\/ricondizionatipro.it\/","https:\/\/www.instagram.com\/ricondizionatipro.it\/"]}]}},"acf":[],"_links":{"self":[{"href":"https:\/\/ricondizionatipro.it\/shop\/wp-json\/wp\/v2\/product\/95197","targetHints":{"allow":["GET"]}}],"collection":[{"href":"https:\/\/ricondizionatipro.it\/shop\/wp-json\/wp\/v2\/product"}],"about":[{"href":"https:\/\/ricondizionatipro.it\/shop\/wp-json\/wp\/v2\/types\/product"}],"wp:featuredmedia":[{"embeddable":true,"href":"https:\/\/ricondizionatipro.it\/shop\/wp-json\/wp\/v2\/media\/95263"}],"wp:attachment":[{"href":"https:\/\/ricondizionatipro.it\/shop\/wp-json\/wp\/v2\/media?parent=95197"}],"wp:term":[{"taxonomy":"product_brand","embeddable":true,"href":"https:\/\/ricondizionatipro.it\/shop\/wp-json\/wp\/v2\/product_brand?post=95197"},{"taxonomy":"product_cat","embeddable":true,"href":"https:\/\/ricondizionatipro.it\/shop\/wp-json\/wp\/v2\/product_cat?post=95197"},{"taxonomy":"product_tag","embeddable":true,"href":"https:\/\/ricondizionatipro.it\/shop\/wp-json\/wp\/v2\/product_tag?post=95197"}],"curies":[{"name":"wp","href":"https:\/\/api.w.org\/{rel}","templated":true}]}}