{"id":87602,"date":"2026-04-27T04:05:26","date_gmt":"2026-04-27T02:05:26","guid":{"rendered":"https:\/\/ricondizionatipro.it\/shop\/prodotto\/laptop-hp-14-ep0005ne-i3-ram-8-gb-ssd-disk-140%e2%80%b3-fhd\/"},"modified":"2026-04-27T04:05:26","modified_gmt":"2026-04-27T02:05:26","slug":"laptop-hp-14-ep0005ne-i3-ram-8-gb-ssd-disk-140%e2%80%b3-fhd","status":"publish","type":"product","link":"https:\/\/ricondizionatipro.it\/shop\/prodotto\/laptop-hp-14-ep0005ne-i3-ram-8-gb-ssd-disk-140%e2%80%b3-fhd\/","title":{"rendered":"Laptop HP 14-ep0005ne \/ i3 \/ RAM 8 GB \/ SSD Disk \/ 14,0\u2033 FHD"},"content":{"rendered":"<p>Il Laptop HP 14-ep0005ne \u00e8 un dispositivo elegante e compatto, progettato per offrire un&#039;esperienza di utilizzo fluida e versatile. Dotato di uno schermo da 14,0&#039;&#039; FHD e alimentato da un processore I3, questo laptop \u00e8 una scelta eccellente per chi cerca affidabilit\u00e0 e prestazioni in un formato portatile.<\/p>\n<p>&lt;H2&gt;Principali vantaggi&lt;\/H2&gt;<br \/>\n&lt;ul&gt;<br \/>\n  &lt;li&gt;Design compatto e portatile per facilitare il trasporto&lt;\/li&gt;<br \/>\n  &lt;li&gt;Schermo FHD da 14,0&#039;&#039; per immagini nitide&lt;\/li&gt;<br \/>\n  &lt;li&gt;&lt;b&gt;Memoria rapida e capiente&lt;\/b&gt; per eseguire applicazioni senza sforzo&lt;\/li&gt;<br \/>\n  &lt;li&gt;SSD con &lt;u&gt;velocit\u00e0 notevole grazie alla tecnologia NVMe&lt;\/u&gt; per tempi di caricamento minimizzati&lt;\/li&gt;<br \/>\n  &lt;li&gt;Connettivit\u00e0 completa: HDMI, USB-A, USB-C, Wi-Fi e Bluetooth per una compatibilit\u00e0 estesa con altri dispositivi&lt;\/li&gt;<br \/>\n  &lt;li&gt;Tastiera retroilluminata per un&#039;esperienza di digitazione confortevole in ogni condizione di luce&lt;\/li&gt;<br \/>\n&lt;\/ul&gt;<\/p>\n<p>&lt;H2&gt;Chi acquista questo prodotto&lt;\/H2&gt;<br \/>\nQuesto laptop \u00e8 ideale per studenti, professionisti in movimento e utenti che necessitano di un computer per l&#039;uso quotidiano, come navigazione web, streaming multimediale e produttivit\u00e0. \u00c8 perfetto per chi cerca un dispositivo affidabile e versatile per gestire compiti scolastici o lavorativi.<\/p>\n<p>&lt;H2&gt;Possibilit\u00e0 di aggiornamento&lt;\/H2&gt;<br \/>\nIl Laptop HP 14-ep0005ne offre possibilit\u00e0 di espansione per quanto riguarda memoria e disco, per adattarsi alle esigenze in evoluzione. Consultate sempre un esperto prima di eseguire l&#039;aggiornamento.<\/p>\n<p>&lt;H2&gt;Perch\u00e9 scegliere un dispositivo ricondizionato&lt;\/H2&gt;<br \/>\nOptare per un dispositivo ricondizionato significa dare nuova vita a un prodotto dall&#039;elevato valore, controllato e sistemato da professionisti attraverso un processo di ricondizionamento accurato. Questo \u00e8 accompagnato da un sistema standardizzato di valutazione della qualit\u00e0, garantendo affidabilit\u00e0 e performance come nuove. Scegliere un laptop ricondizionato non \u00e8 solo una decisione intelligente per il tuo budget, ma rappresenta anche un contributo responsabile verso un futuro sostenibile.&lt;h2&gt;Scatola aperta&lt;\/h2&gt;&#13;<br \/>\n&lt;p&gt;Quasi nessun segno di usura. Qualit\u00e0 uguale ai nuovi. Nella maggior parte dei casi si tratta di eccedenze di produzione e scorte invendute, in cui le differenze rispetto ai dispositivi nuovi non sono percepibili.&lt;\/p&gt;&#13;<\/p>\n","protected":false},"excerpt":{"rendered":"<p>Intel Core i3-1315U\u00a0(1,2\u00a0GHz), 35,6 cm (14,0&#8221;) FHD (1920&#215;1080) AG LED IPS, 8 GB DDR4-3200, SSD 256 GB PCIe NVMe, Intel UHD Graphics (IGP), HDMI, 2x USB-A 3.2 Gen1 (5Gbps), 1x USB-C 3.2 Gen1\u00a0(5 Gbps), no ODD, Wi-Fi, Bluetooth, Webcam, Backlit\u00a0Kbd., Microsoft Windows 11 Home\u00a0(64-bit)<\/p>\n","protected":false},"featured_media":87603,"template":"","meta":{"inline_featured_image":false},"product_brand":[],"product_cat":[940,831,5876,996,833],"product_tag":[],"class_list":{"0":"post-87602","1":"product","2":"type-product","3":"status-publish","4":"has-post-thumbnail","6":"product_cat-hp-portatili","7":"product_cat-laptop","8":"product_cat-notebook-per-uso-domestico","9":"product_cat-portatili-i3","10":"product_cat-ricerca-preferita","11":"pa_fingerprint-no","13":"first","14":"instock","15":"purchasable","16":"product-type-simple"},"yoast_head":"<!-- This site is optimized with the Yoast SEO plugin v27.2 - https:\/\/yoast.com\/product\/yoast-seo-wordpress\/ -->\n<title>Laptop HP 14-ep0005ne \/ i3 \/ RAM 8 GB \/ SSD Disk \/ 14,0\u2033 FHD - ricondizionatipro.it<\/title>\n<meta name=\"robots\" content=\"index, follow, max-snippet:-1, max-image-preview:large, max-video-preview:-1\" \/>\n<link rel=\"canonical\" href=\"https:\/\/ricondizionatipro.it\/shop\/prodotto\/laptop-hp-14-ep0005ne-i3-ram-8-gb-ssd-disk-140\u2033-fhd\/\" \/>\n<meta property=\"og:locale\" content=\"it_IT\" \/>\n<meta property=\"og:type\" content=\"article\" \/>\n<meta property=\"og:title\" content=\"Laptop HP 14-ep0005ne \/ i3 \/ RAM 8 GB \/ SSD Disk \/ 14,0\u2033 FHD - ricondizionatipro.it\" \/>\n<meta property=\"og:description\" content=\"Intel Core i3-1315U\u00a0(1,2\u00a0GHz), 35,6 cm (14,0&#039;&#039;) FHD (1920x1080) AG LED IPS, 8 GB DDR4-3200, SSD 256 GB PCIe NVMe, Intel UHD Graphics (IGP), HDMI, 2x USB-A 3.2 Gen1 (5Gbps), 1x USB-C 3.2 Gen1\u00a0(5 Gbps), no ODD, Wi-Fi, Bluetooth, Webcam, Backlit\u00a0Kbd., Microsoft Windows 11 Home\u00a0(64-bit)\" \/>\n<meta property=\"og:url\" content=\"https:\/\/ricondizionatipro.it\/shop\/prodotto\/laptop-hp-14-ep0005ne-i3-ram-8-gb-ssd-disk-140\u2033-fhd\/\" \/>\n<meta property=\"og:site_name\" content=\"ricondizionatipro.it\" \/>\n<meta property=\"article:publisher\" content=\"https:\/\/www.facebook.com\/ricondizionatipro.it\/\" \/>\n<meta property=\"og:image\" content=\"https:\/\/ricondizionatipro.it\/shop\/wp-content\/uploads\/2025\/09\/hp-14-ep0013nf-8-core.webp\" \/>\n\t<meta property=\"og:image:width\" content=\"850\" \/>\n\t<meta property=\"og:image:height\" content=\"850\" \/>\n\t<meta property=\"og:image:type\" content=\"image\/webp\" \/>\n<meta name=\"twitter:card\" content=\"summary_large_image\" \/>\n<meta name=\"twitter:label1\" content=\"Tempo di lettura stimato\" \/>\n\t<meta name=\"twitter:data1\" content=\"2 minuti\" \/>\n<script type=\"application\/ld+json\" class=\"yoast-schema-graph\">{\"@context\":\"https:\/\/schema.org\",\"@graph\":[{\"@type\":\"WebPage\",\"@id\":\"https:\/\/ricondizionatipro.it\/shop\/prodotto\/laptop-hp-14-ep0005ne-i3-ram-8-gb-ssd-disk-140%e2%80%b3-fhd\/\",\"url\":\"https:\/\/ricondizionatipro.it\/shop\/prodotto\/laptop-hp-14-ep0005ne-i3-ram-8-gb-ssd-disk-140%e2%80%b3-fhd\/\",\"name\":\"Laptop HP 14-ep0005ne \/ i3 \/ RAM 8 GB \/ SSD Disk \/ 14,0\u2033 FHD - ricondizionatipro.it\",\"isPartOf\":{\"@id\":\"https:\/\/ricondizionatipro.it\/shop\/#website\"},\"primaryImageOfPage\":{\"@id\":\"https:\/\/ricondizionatipro.it\/shop\/prodotto\/laptop-hp-14-ep0005ne-i3-ram-8-gb-ssd-disk-140%e2%80%b3-fhd\/#primaryimage\"},\"image\":{\"@id\":\"https:\/\/ricondizionatipro.it\/shop\/prodotto\/laptop-hp-14-ep0005ne-i3-ram-8-gb-ssd-disk-140%e2%80%b3-fhd\/#primaryimage\"},\"thumbnailUrl\":\"https:\/\/ricondizionatipro.it\/shop\/wp-content\/uploads\/2025\/09\/hp-14-ep0013nf-8-core.webp\",\"datePublished\":\"2026-04-27T02:05:26+00:00\",\"breadcrumb\":{\"@id\":\"https:\/\/ricondizionatipro.it\/shop\/prodotto\/laptop-hp-14-ep0005ne-i3-ram-8-gb-ssd-disk-140%e2%80%b3-fhd\/#breadcrumb\"},\"inLanguage\":\"it-IT\",\"potentialAction\":[{\"@type\":\"ReadAction\",\"target\":[\"https:\/\/ricondizionatipro.it\/shop\/prodotto\/laptop-hp-14-ep0005ne-i3-ram-8-gb-ssd-disk-140%e2%80%b3-fhd\/\"]}]},{\"@type\":\"ImageObject\",\"inLanguage\":\"it-IT\",\"@id\":\"https:\/\/ricondizionatipro.it\/shop\/prodotto\/laptop-hp-14-ep0005ne-i3-ram-8-gb-ssd-disk-140%e2%80%b3-fhd\/#primaryimage\",\"url\":\"https:\/\/ricondizionatipro.it\/shop\/wp-content\/uploads\/2025\/09\/hp-14-ep0013nf-8-core.webp\",\"contentUrl\":\"https:\/\/ricondizionatipro.it\/shop\/wp-content\/uploads\/2025\/09\/hp-14-ep0013nf-8-core.webp\",\"width\":850,\"height\":850},{\"@type\":\"BreadcrumbList\",\"@id\":\"https:\/\/ricondizionatipro.it\/shop\/prodotto\/laptop-hp-14-ep0005ne-i3-ram-8-gb-ssd-disk-140%e2%80%b3-fhd\/#breadcrumb\",\"itemListElement\":[{\"@type\":\"ListItem\",\"position\":1,\"name\":\"Home\",\"item\":\"https:\/\/ricondizionatipro.it\/shop\/\"},{\"@type\":\"ListItem\",\"position\":2,\"name\":\"Laptop HP 14-ep0005ne \/ i3 \/ RAM 8 GB \/ SSD Disk \/ 14,0\u2033 FHD\"}]},{\"@type\":\"WebSite\",\"@id\":\"https:\/\/ricondizionatipro.it\/shop\/#website\",\"url\":\"https:\/\/ricondizionatipro.it\/shop\/\",\"name\":\"ricondizionatipro.it\",\"description\":\"computer professionali ricondizionati garantiti\",\"publisher\":{\"@id\":\"https:\/\/ricondizionatipro.it\/shop\/#organization\"},\"potentialAction\":[{\"@type\":\"SearchAction\",\"target\":{\"@type\":\"EntryPoint\",\"urlTemplate\":\"https:\/\/ricondizionatipro.it\/shop\/?s={search_term_string}\"},\"query-input\":{\"@type\":\"PropertyValueSpecification\",\"valueRequired\":true,\"valueName\":\"search_term_string\"}}],\"inLanguage\":\"it-IT\"},{\"@type\":\"Organization\",\"@id\":\"https:\/\/ricondizionatipro.it\/shop\/#organization\",\"name\":\"ricondizionatipro.it\",\"url\":\"https:\/\/ricondizionatipro.it\/shop\/\",\"logo\":{\"@type\":\"ImageObject\",\"inLanguage\":\"it-IT\",\"@id\":\"https:\/\/ricondizionatipro.it\/shop\/#\/schema\/logo\/image\/\",\"url\":\"https:\/\/i0.wp.com\/ricondizionatipro.it\/shop\/wp-content\/uploads\/2022\/04\/ricondizionati-pro-logo-trasparente.png?fit=2309%2C1910&ssl=1\",\"contentUrl\":\"https:\/\/i0.wp.com\/ricondizionatipro.it\/shop\/wp-content\/uploads\/2022\/04\/ricondizionati-pro-logo-trasparente.png?fit=2309%2C1910&ssl=1\",\"width\":2309,\"height\":1910,\"caption\":\"ricondizionatipro.it\"},\"image\":{\"@id\":\"https:\/\/ricondizionatipro.it\/shop\/#\/schema\/logo\/image\/\"},\"sameAs\":[\"https:\/\/www.facebook.com\/ricondizionatipro.it\/\",\"https:\/\/www.instagram.com\/ricondizionatipro.it\/\"]}]}<\/script>\n<!-- \/ Yoast SEO plugin. -->","yoast_head_json":{"title":"Laptop HP 14-ep0005ne \/ i3 \/ RAM 8 GB \/ SSD Disk \/ 14,0\u2033 FHD - ricondizionatipro.it","robots":{"index":"index","follow":"follow","max-snippet":"max-snippet:-1","max-image-preview":"max-image-preview:large","max-video-preview":"max-video-preview:-1"},"canonical":"https:\/\/ricondizionatipro.it\/shop\/prodotto\/laptop-hp-14-ep0005ne-i3-ram-8-gb-ssd-disk-140\u2033-fhd\/","og_locale":"it_IT","og_type":"article","og_title":"Laptop HP 14-ep0005ne \/ i3 \/ RAM 8 GB \/ SSD Disk \/ 14,0\u2033 FHD - ricondizionatipro.it","og_description":"Intel Core i3-1315U\u00a0(1,2\u00a0GHz), 35,6 cm (14,0'') FHD (1920x1080) AG LED IPS, 8 GB DDR4-3200, SSD 256 GB PCIe NVMe, Intel UHD Graphics (IGP), HDMI, 2x USB-A 3.2 Gen1 (5Gbps), 1x USB-C 3.2 Gen1\u00a0(5 Gbps), no ODD, Wi-Fi, Bluetooth, Webcam, Backlit\u00a0Kbd., Microsoft Windows 11 Home\u00a0(64-bit)","og_url":"https:\/\/ricondizionatipro.it\/shop\/prodotto\/laptop-hp-14-ep0005ne-i3-ram-8-gb-ssd-disk-140\u2033-fhd\/","og_site_name":"ricondizionatipro.it","article_publisher":"https:\/\/www.facebook.com\/ricondizionatipro.it\/","og_image":[{"width":850,"height":850,"url":"https:\/\/ricondizionatipro.it\/shop\/wp-content\/uploads\/2025\/09\/hp-14-ep0013nf-8-core.webp","type":"image\/webp"}],"twitter_card":"summary_large_image","twitter_misc":{"Tempo di lettura stimato":"2 minuti"},"schema":{"@context":"https:\/\/schema.org","@graph":[{"@type":"WebPage","@id":"https:\/\/ricondizionatipro.it\/shop\/prodotto\/laptop-hp-14-ep0005ne-i3-ram-8-gb-ssd-disk-140%e2%80%b3-fhd\/","url":"https:\/\/ricondizionatipro.it\/shop\/prodotto\/laptop-hp-14-ep0005ne-i3-ram-8-gb-ssd-disk-140%e2%80%b3-fhd\/","name":"Laptop HP 14-ep0005ne \/ i3 \/ RAM 8 GB \/ SSD Disk \/ 14,0\u2033 FHD - ricondizionatipro.it","isPartOf":{"@id":"https:\/\/ricondizionatipro.it\/shop\/#website"},"primaryImageOfPage":{"@id":"https:\/\/ricondizionatipro.it\/shop\/prodotto\/laptop-hp-14-ep0005ne-i3-ram-8-gb-ssd-disk-140%e2%80%b3-fhd\/#primaryimage"},"image":{"@id":"https:\/\/ricondizionatipro.it\/shop\/prodotto\/laptop-hp-14-ep0005ne-i3-ram-8-gb-ssd-disk-140%e2%80%b3-fhd\/#primaryimage"},"thumbnailUrl":"https:\/\/ricondizionatipro.it\/shop\/wp-content\/uploads\/2025\/09\/hp-14-ep0013nf-8-core.webp","datePublished":"2026-04-27T02:05:26+00:00","breadcrumb":{"@id":"https:\/\/ricondizionatipro.it\/shop\/prodotto\/laptop-hp-14-ep0005ne-i3-ram-8-gb-ssd-disk-140%e2%80%b3-fhd\/#breadcrumb"},"inLanguage":"it-IT","potentialAction":[{"@type":"ReadAction","target":["https:\/\/ricondizionatipro.it\/shop\/prodotto\/laptop-hp-14-ep0005ne-i3-ram-8-gb-ssd-disk-140%e2%80%b3-fhd\/"]}]},{"@type":"ImageObject","inLanguage":"it-IT","@id":"https:\/\/ricondizionatipro.it\/shop\/prodotto\/laptop-hp-14-ep0005ne-i3-ram-8-gb-ssd-disk-140%e2%80%b3-fhd\/#primaryimage","url":"https:\/\/ricondizionatipro.it\/shop\/wp-content\/uploads\/2025\/09\/hp-14-ep0013nf-8-core.webp","contentUrl":"https:\/\/ricondizionatipro.it\/shop\/wp-content\/uploads\/2025\/09\/hp-14-ep0013nf-8-core.webp","width":850,"height":850},{"@type":"BreadcrumbList","@id":"https:\/\/ricondizionatipro.it\/shop\/prodotto\/laptop-hp-14-ep0005ne-i3-ram-8-gb-ssd-disk-140%e2%80%b3-fhd\/#breadcrumb","itemListElement":[{"@type":"ListItem","position":1,"name":"Home","item":"https:\/\/ricondizionatipro.it\/shop\/"},{"@type":"ListItem","position":2,"name":"Laptop HP 14-ep0005ne \/ i3 \/ RAM 8 GB \/ SSD Disk \/ 14,0\u2033 FHD"}]},{"@type":"WebSite","@id":"https:\/\/ricondizionatipro.it\/shop\/#website","url":"https:\/\/ricondizionatipro.it\/shop\/","name":"ricondizionatipro.it","description":"computer professionali ricondizionati garantiti","publisher":{"@id":"https:\/\/ricondizionatipro.it\/shop\/#organization"},"potentialAction":[{"@type":"SearchAction","target":{"@type":"EntryPoint","urlTemplate":"https:\/\/ricondizionatipro.it\/shop\/?s={search_term_string}"},"query-input":{"@type":"PropertyValueSpecification","valueRequired":true,"valueName":"search_term_string"}}],"inLanguage":"it-IT"},{"@type":"Organization","@id":"https:\/\/ricondizionatipro.it\/shop\/#organization","name":"ricondizionatipro.it","url":"https:\/\/ricondizionatipro.it\/shop\/","logo":{"@type":"ImageObject","inLanguage":"it-IT","@id":"https:\/\/ricondizionatipro.it\/shop\/#\/schema\/logo\/image\/","url":"https:\/\/i0.wp.com\/ricondizionatipro.it\/shop\/wp-content\/uploads\/2022\/04\/ricondizionati-pro-logo-trasparente.png?fit=2309%2C1910&ssl=1","contentUrl":"https:\/\/i0.wp.com\/ricondizionatipro.it\/shop\/wp-content\/uploads\/2022\/04\/ricondizionati-pro-logo-trasparente.png?fit=2309%2C1910&ssl=1","width":2309,"height":1910,"caption":"ricondizionatipro.it"},"image":{"@id":"https:\/\/ricondizionatipro.it\/shop\/#\/schema\/logo\/image\/"},"sameAs":["https:\/\/www.facebook.com\/ricondizionatipro.it\/","https:\/\/www.instagram.com\/ricondizionatipro.it\/"]}]}},"acf":[],"_links":{"self":[{"href":"https:\/\/ricondizionatipro.it\/shop\/wp-json\/wp\/v2\/product\/87602","targetHints":{"allow":["GET"]}}],"collection":[{"href":"https:\/\/ricondizionatipro.it\/shop\/wp-json\/wp\/v2\/product"}],"about":[{"href":"https:\/\/ricondizionatipro.it\/shop\/wp-json\/wp\/v2\/types\/product"}],"wp:featuredmedia":[{"embeddable":true,"href":"https:\/\/ricondizionatipro.it\/shop\/wp-json\/wp\/v2\/media\/87603"}],"wp:attachment":[{"href":"https:\/\/ricondizionatipro.it\/shop\/wp-json\/wp\/v2\/media?parent=87602"}],"wp:term":[{"taxonomy":"product_brand","embeddable":true,"href":"https:\/\/ricondizionatipro.it\/shop\/wp-json\/wp\/v2\/product_brand?post=87602"},{"taxonomy":"product_cat","embeddable":true,"href":"https:\/\/ricondizionatipro.it\/shop\/wp-json\/wp\/v2\/product_cat?post=87602"},{"taxonomy":"product_tag","embeddable":true,"href":"https:\/\/ricondizionatipro.it\/shop\/wp-json\/wp\/v2\/product_tag?post=87602"}],"curies":[{"name":"wp","href":"https:\/\/api.w.org\/{rel}","templated":true}]}}