{"id":104140,"date":"2026-05-04T04:19:07","date_gmt":"2026-05-04T02:19:07","guid":{"rendered":"https:\/\/ricondizionatipro.it\/shop\/prodotto\/laptop-hp-probook-450-g5-i5-ram-16-gb-ssd-disk-156%e2%80%b3-fhd\/"},"modified":"2026-05-04T04:19:07","modified_gmt":"2026-05-04T02:19:07","slug":"laptop-hp-probook-450-g5-i5-ram-16-gb-ssd-disk-156%e2%80%b3-fhd","status":"publish","type":"product","link":"https:\/\/ricondizionatipro.it\/shop\/prodotto\/laptop-hp-probook-450-g5-i5-ram-16-gb-ssd-disk-156%e2%80%b3-fhd\/","title":{"rendered":"Laptop HP Probook 450 G5 \/ i5 \/ RAM 16 GB \/ SSD Disk \/ 15,6\u2033 FHD"},"content":{"rendered":"<p>Il Laptop HP Probook 450 G5 \u00e8 una scelta eccellente per chi cerca un dispositivo potente e affidabile. Con il suo display da 15,6&quot; FHD e una composizione robusta, questo laptop offre un&#039;esperienza visiva eccezionale grazie allo schermo Antiglare che riduce i riflessi disturbanti. <\/p>\n<p>&lt;H2&gt;Principali vantaggi&lt;\/H2&gt;<br \/>\n&lt;ul&gt;<br \/>\n    &lt;li&gt;Dotato di processore I5 ad alte prestazioni per un&#039;elaborazione veloce ed efficiente&lt;\/li&gt;<br \/>\n    &lt;li&gt;&lt;b&gt;Memoria e disco di notevoli capacit\u00e0&lt;\/b&gt; garantiscono fluidit\u00e0 nell&#039;uso quotidiano&lt;\/li&gt;<br \/>\n    &lt;li&gt;La presenza di un disco NVMe offre una velocit\u00e0 di trasferimento dati sorprendente&lt;\/li&gt;<br \/>\n    &lt;li&gt;Connessioni versatili grazie alle porte HDMI e USB per una maggiore connettivit\u00e0&lt;\/li&gt;<br \/>\n    &lt;li&gt;Design ergonomico e schermo FHD da 15,6&quot; per una visualizzazione chiara&lt;\/li&gt;<br \/>\n&lt;\/ul&gt;<\/p>\n<p>&lt;H2&gt;Chi acquista questo prodotto&lt;\/H2&gt;<br \/>\nIdeale per professionisti e studenti, questo laptop \u00e8 perfetto per chi necessita di &lt;b&gt;affidabilit\u00e0 e prestazioni elevate&lt;\/b&gt;. Il suo equilibrio tra potenza e portabilit\u00e0 lo rende adatto sia per l&#039;uso in ufficio che in ambienti domestici.<\/p>\n<p>&lt;H2&gt;Possibilit\u00e0 di aggiornamento&lt;\/H2&gt;<br \/>\nQuesto dispositivo offre la possibilit\u00e0 di aggiornare sia il disco che la memoria, garantendo una personalizzazione secondo le esigenze personali. &lt;b&gt;Consultate sempre un esperto prima di eseguire l&#039;aggiornamento&lt;\/b&gt;.<\/p>\n<p>&lt;H2&gt;Perch\u00e9 scegliere un dispositivo ricondizionato&lt;\/H2&gt;<br \/>\nOptare per un laptop ricondizionato significa puntare a un &lt;b&gt;rapporto qualit\u00e0-prezzo&lt;\/b&gt; superiore. Grazie a un servizio professionale di ricondizionamento e a un sistema standardizzato di valutazione della qualit\u00e0, si acquisisce un prodotto che non solo \u00e8 stato accuratamente testato, ma \u00e8 anche un\u2019alternativa ecologica e sostenibile all&#039;elettronica di prima mano, contribuendo cos\u00ec a ridurre l&#039;impatto ambientale.&lt;h2&gt;Qualit\u00e0 A-&lt;\/h2&gt;&#13;<br \/>\n&lt;p&gt;Segni di usura. Il miglior rapporto qualit\u00e0-prezzo. Parte esterna dei dispositivi pu\u00f2 presentare piccole imperfezioni, come graffi visibili che non influenzano il funzionamento del dispositivo. Gli schermi possono avere leggere imperfezioni che sono lievemente visibili ma non disturbano l&#039;utente durante l&#039;uso del dispositivo.&lt;\/p&gt;<\/p>\n","protected":false},"excerpt":{"rendered":"<p>Intel\u00ae Core\u2122 i5-8250U \/ 1.6 GHz \/ Quad-Core \/ Turbo Boost 3.4 GHz, 16 GB DDR4 SODIMM, 256 GB NVME SSD, 39,6 cm (15,6\u2033), Matiran (AntiGlare, matt), FHD 1920 x 1080, Intel UHD Graphics 620, HDMI, 2x USB, bluetooth, No OS Installed &#8211; Win10P COA<\/p>\n","protected":false},"featured_media":104141,"template":"","meta":{"inline_featured_image":false},"product_brand":[],"product_cat":[940,831,832,895,835,833],"product_tag":[],"class_list":{"0":"post-104140","1":"product","2":"type-product","3":"status-publish","4":"has-post-thumbnail","6":"product_cat-hp-portatili","7":"product_cat-laptop","8":"product_cat-laptop-usati","9":"product_cat-portatili-15-inch","10":"product_cat-portatili-i5","11":"product_cat-ricerca-preferita","13":"first","14":"instock","15":"purchasable","16":"product-type-simple"},"yoast_head":"<!-- This site is optimized with the Yoast SEO plugin v27.2 - https:\/\/yoast.com\/product\/yoast-seo-wordpress\/ -->\n<title>Laptop HP Probook 450 G5 \/ i5 \/ RAM 16 GB \/ SSD Disk \/ 15,6\u2033 FHD - ricondizionatipro.it<\/title>\n<meta name=\"robots\" content=\"index, follow, max-snippet:-1, max-image-preview:large, max-video-preview:-1\" \/>\n<link rel=\"canonical\" href=\"https:\/\/ricondizionatipro.it\/shop\/prodotto\/laptop-hp-probook-450-g5-i5-ram-16-gb-ssd-disk-156\u2033-fhd\/\" \/>\n<meta property=\"og:locale\" content=\"it_IT\" \/>\n<meta property=\"og:type\" content=\"article\" \/>\n<meta property=\"og:title\" content=\"Laptop HP Probook 450 G5 \/ i5 \/ RAM 16 GB \/ SSD Disk \/ 15,6\u2033 FHD - ricondizionatipro.it\" \/>\n<meta property=\"og:description\" content=\"Intel\u00ae Core\u2122 i5-8250U \/ 1.6 GHz \/ Quad-Core \/ Turbo Boost 3.4 GHz, 16 GB DDR4 SODIMM, 256 GB NVME SSD, 39,6 cm (15,6\u2033), Matiran (AntiGlare, matt), FHD 1920 x 1080, Intel UHD Graphics 620, HDMI, 2x USB, bluetooth, No OS Installed - Win10P COA\" \/>\n<meta property=\"og:url\" content=\"https:\/\/ricondizionatipro.it\/shop\/prodotto\/laptop-hp-probook-450-g5-i5-ram-16-gb-ssd-disk-156\u2033-fhd\/\" \/>\n<meta property=\"og:site_name\" content=\"ricondizionatipro.it\" \/>\n<meta property=\"article:publisher\" content=\"https:\/\/www.facebook.com\/ricondizionatipro.it\/\" \/>\n<meta property=\"og:image\" content=\"https:\/\/ricondizionatipro.it\/shop\/wp-content\/uploads\/2026\/05\/hp-probook-450-g5-8550u-15-6-1679920581.jpg\" \/>\n\t<meta property=\"og:image:width\" content=\"1500\" \/>\n\t<meta property=\"og:image:height\" content=\"1049\" \/>\n\t<meta property=\"og:image:type\" content=\"image\/jpeg\" \/>\n<meta name=\"twitter:card\" content=\"summary_large_image\" \/>\n<meta name=\"twitter:label1\" content=\"Tempo di lettura stimato\" \/>\n\t<meta name=\"twitter:data1\" content=\"2 minuti\" \/>\n<script type=\"application\/ld+json\" class=\"yoast-schema-graph\">{\"@context\":\"https:\/\/schema.org\",\"@graph\":[{\"@type\":\"WebPage\",\"@id\":\"https:\/\/ricondizionatipro.it\/shop\/prodotto\/laptop-hp-probook-450-g5-i5-ram-16-gb-ssd-disk-156%e2%80%b3-fhd\/\",\"url\":\"https:\/\/ricondizionatipro.it\/shop\/prodotto\/laptop-hp-probook-450-g5-i5-ram-16-gb-ssd-disk-156%e2%80%b3-fhd\/\",\"name\":\"Laptop HP Probook 450 G5 \/ i5 \/ RAM 16 GB \/ SSD Disk \/ 15,6\u2033 FHD - ricondizionatipro.it\",\"isPartOf\":{\"@id\":\"https:\/\/ricondizionatipro.it\/shop\/#website\"},\"primaryImageOfPage\":{\"@id\":\"https:\/\/ricondizionatipro.it\/shop\/prodotto\/laptop-hp-probook-450-g5-i5-ram-16-gb-ssd-disk-156%e2%80%b3-fhd\/#primaryimage\"},\"image\":{\"@id\":\"https:\/\/ricondizionatipro.it\/shop\/prodotto\/laptop-hp-probook-450-g5-i5-ram-16-gb-ssd-disk-156%e2%80%b3-fhd\/#primaryimage\"},\"thumbnailUrl\":\"https:\/\/ricondizionatipro.it\/shop\/wp-content\/uploads\/2026\/05\/hp-probook-450-g5-8550u-15-6-1679920581.jpg\",\"datePublished\":\"2026-05-04T02:19:07+00:00\",\"breadcrumb\":{\"@id\":\"https:\/\/ricondizionatipro.it\/shop\/prodotto\/laptop-hp-probook-450-g5-i5-ram-16-gb-ssd-disk-156%e2%80%b3-fhd\/#breadcrumb\"},\"inLanguage\":\"it-IT\",\"potentialAction\":[{\"@type\":\"ReadAction\",\"target\":[\"https:\/\/ricondizionatipro.it\/shop\/prodotto\/laptop-hp-probook-450-g5-i5-ram-16-gb-ssd-disk-156%e2%80%b3-fhd\/\"]}]},{\"@type\":\"ImageObject\",\"inLanguage\":\"it-IT\",\"@id\":\"https:\/\/ricondizionatipro.it\/shop\/prodotto\/laptop-hp-probook-450-g5-i5-ram-16-gb-ssd-disk-156%e2%80%b3-fhd\/#primaryimage\",\"url\":\"https:\/\/ricondizionatipro.it\/shop\/wp-content\/uploads\/2026\/05\/hp-probook-450-g5-8550u-15-6-1679920581.jpg\",\"contentUrl\":\"https:\/\/ricondizionatipro.it\/shop\/wp-content\/uploads\/2026\/05\/hp-probook-450-g5-8550u-15-6-1679920581.jpg\",\"width\":1500,\"height\":1049},{\"@type\":\"BreadcrumbList\",\"@id\":\"https:\/\/ricondizionatipro.it\/shop\/prodotto\/laptop-hp-probook-450-g5-i5-ram-16-gb-ssd-disk-156%e2%80%b3-fhd\/#breadcrumb\",\"itemListElement\":[{\"@type\":\"ListItem\",\"position\":1,\"name\":\"Home\",\"item\":\"https:\/\/ricondizionatipro.it\/shop\/\"},{\"@type\":\"ListItem\",\"position\":2,\"name\":\"Laptop HP Probook 450 G5 \/ i5 \/ RAM 16 GB \/ SSD Disk \/ 15,6\u2033 FHD\"}]},{\"@type\":\"WebSite\",\"@id\":\"https:\/\/ricondizionatipro.it\/shop\/#website\",\"url\":\"https:\/\/ricondizionatipro.it\/shop\/\",\"name\":\"ricondizionatipro.it\",\"description\":\"computer professionali ricondizionati garantiti\",\"publisher\":{\"@id\":\"https:\/\/ricondizionatipro.it\/shop\/#organization\"},\"potentialAction\":[{\"@type\":\"SearchAction\",\"target\":{\"@type\":\"EntryPoint\",\"urlTemplate\":\"https:\/\/ricondizionatipro.it\/shop\/?s={search_term_string}\"},\"query-input\":{\"@type\":\"PropertyValueSpecification\",\"valueRequired\":true,\"valueName\":\"search_term_string\"}}],\"inLanguage\":\"it-IT\"},{\"@type\":\"Organization\",\"@id\":\"https:\/\/ricondizionatipro.it\/shop\/#organization\",\"name\":\"ricondizionatipro.it\",\"url\":\"https:\/\/ricondizionatipro.it\/shop\/\",\"logo\":{\"@type\":\"ImageObject\",\"inLanguage\":\"it-IT\",\"@id\":\"https:\/\/ricondizionatipro.it\/shop\/#\/schema\/logo\/image\/\",\"url\":\"https:\/\/i0.wp.com\/ricondizionatipro.it\/shop\/wp-content\/uploads\/2022\/04\/ricondizionati-pro-logo-trasparente.png?fit=2309%2C1910&ssl=1\",\"contentUrl\":\"https:\/\/i0.wp.com\/ricondizionatipro.it\/shop\/wp-content\/uploads\/2022\/04\/ricondizionati-pro-logo-trasparente.png?fit=2309%2C1910&ssl=1\",\"width\":2309,\"height\":1910,\"caption\":\"ricondizionatipro.it\"},\"image\":{\"@id\":\"https:\/\/ricondizionatipro.it\/shop\/#\/schema\/logo\/image\/\"},\"sameAs\":[\"https:\/\/www.facebook.com\/ricondizionatipro.it\/\",\"https:\/\/www.instagram.com\/ricondizionatipro.it\/\"]}]}<\/script>\n<!-- \/ Yoast SEO plugin. -->","yoast_head_json":{"title":"Laptop HP Probook 450 G5 \/ i5 \/ RAM 16 GB \/ SSD Disk \/ 15,6\u2033 FHD - ricondizionatipro.it","robots":{"index":"index","follow":"follow","max-snippet":"max-snippet:-1","max-image-preview":"max-image-preview:large","max-video-preview":"max-video-preview:-1"},"canonical":"https:\/\/ricondizionatipro.it\/shop\/prodotto\/laptop-hp-probook-450-g5-i5-ram-16-gb-ssd-disk-156\u2033-fhd\/","og_locale":"it_IT","og_type":"article","og_title":"Laptop HP Probook 450 G5 \/ i5 \/ RAM 16 GB \/ SSD Disk \/ 15,6\u2033 FHD - ricondizionatipro.it","og_description":"Intel\u00ae Core\u2122 i5-8250U \/ 1.6 GHz \/ Quad-Core \/ Turbo Boost 3.4 GHz, 16 GB DDR4 SODIMM, 256 GB NVME SSD, 39,6 cm (15,6\u2033), Matiran (AntiGlare, matt), FHD 1920 x 1080, Intel UHD Graphics 620, HDMI, 2x USB, bluetooth, No OS Installed - Win10P COA","og_url":"https:\/\/ricondizionatipro.it\/shop\/prodotto\/laptop-hp-probook-450-g5-i5-ram-16-gb-ssd-disk-156\u2033-fhd\/","og_site_name":"ricondizionatipro.it","article_publisher":"https:\/\/www.facebook.com\/ricondizionatipro.it\/","og_image":[{"width":1500,"height":1049,"url":"https:\/\/ricondizionatipro.it\/shop\/wp-content\/uploads\/2026\/05\/hp-probook-450-g5-8550u-15-6-1679920581.jpg","type":"image\/jpeg"}],"twitter_card":"summary_large_image","twitter_misc":{"Tempo di lettura stimato":"2 minuti"},"schema":{"@context":"https:\/\/schema.org","@graph":[{"@type":"WebPage","@id":"https:\/\/ricondizionatipro.it\/shop\/prodotto\/laptop-hp-probook-450-g5-i5-ram-16-gb-ssd-disk-156%e2%80%b3-fhd\/","url":"https:\/\/ricondizionatipro.it\/shop\/prodotto\/laptop-hp-probook-450-g5-i5-ram-16-gb-ssd-disk-156%e2%80%b3-fhd\/","name":"Laptop HP Probook 450 G5 \/ i5 \/ RAM 16 GB \/ SSD Disk \/ 15,6\u2033 FHD - ricondizionatipro.it","isPartOf":{"@id":"https:\/\/ricondizionatipro.it\/shop\/#website"},"primaryImageOfPage":{"@id":"https:\/\/ricondizionatipro.it\/shop\/prodotto\/laptop-hp-probook-450-g5-i5-ram-16-gb-ssd-disk-156%e2%80%b3-fhd\/#primaryimage"},"image":{"@id":"https:\/\/ricondizionatipro.it\/shop\/prodotto\/laptop-hp-probook-450-g5-i5-ram-16-gb-ssd-disk-156%e2%80%b3-fhd\/#primaryimage"},"thumbnailUrl":"https:\/\/ricondizionatipro.it\/shop\/wp-content\/uploads\/2026\/05\/hp-probook-450-g5-8550u-15-6-1679920581.jpg","datePublished":"2026-05-04T02:19:07+00:00","breadcrumb":{"@id":"https:\/\/ricondizionatipro.it\/shop\/prodotto\/laptop-hp-probook-450-g5-i5-ram-16-gb-ssd-disk-156%e2%80%b3-fhd\/#breadcrumb"},"inLanguage":"it-IT","potentialAction":[{"@type":"ReadAction","target":["https:\/\/ricondizionatipro.it\/shop\/prodotto\/laptop-hp-probook-450-g5-i5-ram-16-gb-ssd-disk-156%e2%80%b3-fhd\/"]}]},{"@type":"ImageObject","inLanguage":"it-IT","@id":"https:\/\/ricondizionatipro.it\/shop\/prodotto\/laptop-hp-probook-450-g5-i5-ram-16-gb-ssd-disk-156%e2%80%b3-fhd\/#primaryimage","url":"https:\/\/ricondizionatipro.it\/shop\/wp-content\/uploads\/2026\/05\/hp-probook-450-g5-8550u-15-6-1679920581.jpg","contentUrl":"https:\/\/ricondizionatipro.it\/shop\/wp-content\/uploads\/2026\/05\/hp-probook-450-g5-8550u-15-6-1679920581.jpg","width":1500,"height":1049},{"@type":"BreadcrumbList","@id":"https:\/\/ricondizionatipro.it\/shop\/prodotto\/laptop-hp-probook-450-g5-i5-ram-16-gb-ssd-disk-156%e2%80%b3-fhd\/#breadcrumb","itemListElement":[{"@type":"ListItem","position":1,"name":"Home","item":"https:\/\/ricondizionatipro.it\/shop\/"},{"@type":"ListItem","position":2,"name":"Laptop HP Probook 450 G5 \/ i5 \/ RAM 16 GB \/ SSD Disk \/ 15,6\u2033 FHD"}]},{"@type":"WebSite","@id":"https:\/\/ricondizionatipro.it\/shop\/#website","url":"https:\/\/ricondizionatipro.it\/shop\/","name":"ricondizionatipro.it","description":"computer professionali ricondizionati garantiti","publisher":{"@id":"https:\/\/ricondizionatipro.it\/shop\/#organization"},"potentialAction":[{"@type":"SearchAction","target":{"@type":"EntryPoint","urlTemplate":"https:\/\/ricondizionatipro.it\/shop\/?s={search_term_string}"},"query-input":{"@type":"PropertyValueSpecification","valueRequired":true,"valueName":"search_term_string"}}],"inLanguage":"it-IT"},{"@type":"Organization","@id":"https:\/\/ricondizionatipro.it\/shop\/#organization","name":"ricondizionatipro.it","url":"https:\/\/ricondizionatipro.it\/shop\/","logo":{"@type":"ImageObject","inLanguage":"it-IT","@id":"https:\/\/ricondizionatipro.it\/shop\/#\/schema\/logo\/image\/","url":"https:\/\/i0.wp.com\/ricondizionatipro.it\/shop\/wp-content\/uploads\/2022\/04\/ricondizionati-pro-logo-trasparente.png?fit=2309%2C1910&ssl=1","contentUrl":"https:\/\/i0.wp.com\/ricondizionatipro.it\/shop\/wp-content\/uploads\/2022\/04\/ricondizionati-pro-logo-trasparente.png?fit=2309%2C1910&ssl=1","width":2309,"height":1910,"caption":"ricondizionatipro.it"},"image":{"@id":"https:\/\/ricondizionatipro.it\/shop\/#\/schema\/logo\/image\/"},"sameAs":["https:\/\/www.facebook.com\/ricondizionatipro.it\/","https:\/\/www.instagram.com\/ricondizionatipro.it\/"]}]}},"acf":[],"_links":{"self":[{"href":"https:\/\/ricondizionatipro.it\/shop\/wp-json\/wp\/v2\/product\/104140","targetHints":{"allow":["GET"]}}],"collection":[{"href":"https:\/\/ricondizionatipro.it\/shop\/wp-json\/wp\/v2\/product"}],"about":[{"href":"https:\/\/ricondizionatipro.it\/shop\/wp-json\/wp\/v2\/types\/product"}],"wp:featuredmedia":[{"embeddable":true,"href":"https:\/\/ricondizionatipro.it\/shop\/wp-json\/wp\/v2\/media\/104141"}],"wp:attachment":[{"href":"https:\/\/ricondizionatipro.it\/shop\/wp-json\/wp\/v2\/media?parent=104140"}],"wp:term":[{"taxonomy":"product_brand","embeddable":true,"href":"https:\/\/ricondizionatipro.it\/shop\/wp-json\/wp\/v2\/product_brand?post=104140"},{"taxonomy":"product_cat","embeddable":true,"href":"https:\/\/ricondizionatipro.it\/shop\/wp-json\/wp\/v2\/product_cat?post=104140"},{"taxonomy":"product_tag","embeddable":true,"href":"https:\/\/ricondizionatipro.it\/shop\/wp-json\/wp\/v2\/product_tag?post=104140"}],"curies":[{"name":"wp","href":"https:\/\/api.w.org\/{rel}","templated":true}]}}