{"id":104044,"date":"2026-05-01T04:35:38","date_gmt":"2026-05-01T02:35:38","guid":{"rendered":"https:\/\/ricondizionatipro.it\/shop\/prodotto\/laptop-hp-omnibook-5-16-bc1000na-touch-amd-ryzen-7-ram-16-gb-ssd-disk-160%e2%80%b3-wuxga\/"},"modified":"2026-05-01T04:35:39","modified_gmt":"2026-05-01T02:35:39","slug":"laptop-hp-omnibook-5-16-bc1000na-touch-amd-ryzen-7-ram-16-gb-ssd-disk-160%e2%80%b3-wuxga","status":"publish","type":"product","link":"https:\/\/ricondizionatipro.it\/shop\/prodotto\/laptop-hp-omnibook-5-16-bc1000na-touch-amd-ryzen-7-ram-16-gb-ssd-disk-160%e2%80%b3-wuxga\/","title":{"rendered":"Laptop HP OmniBook 5 16-bc1000na | Touch \/ AMD Ryzen\u2122 7 \/ RAM 16 GB \/ SSD Disk \/ 16,0\u2033 WUXGA"},"content":{"rendered":"<p>Il Laptop HP OmniBook 5 16-bc1000na \u00e8 il compagno ideale per chi cerca potenza e versatilit\u00e0 in un dispositivo dal design elegante. Con uno schermo multi-touch da 16 pollici ad alta risoluzione, offre un&#039;esperienza visiva coinvolgente e dettagliata. Equipaggiato con un processore avanzato Ryzen 7 e una grafica di alta qualit\u00e0, garantisce prestazioni elevate per tutte le tue attivit\u00e0 quotidiane e professionali.<\/p>\n<p>&lt;H2&gt;Principali vantaggi&lt;\/H2&gt;<br \/>\n&lt;ul&gt;<br \/>\n&lt;li&gt;Schermo &lt;b&gt;WUXGA da 16 pollici&lt;\/b&gt; per immagini nitide e vivide&lt;\/li&gt;<br \/>\n&lt;li&gt;Archiviazione SSD PCIe NVMe ultraveloce per accesso rapido ai tuoi dati&lt;\/li&gt;<br \/>\n&lt;li&gt;Connettivit\u00e0 moderna con porte &lt;b&gt;USB-C&lt;\/b&gt; e &lt;b&gt;HDMI 2.1&lt;\/b&gt;&lt;\/li&gt;<br \/>\n&lt;li&gt;Design elegante e tastiera retroilluminata per lavorare anche in ambienti con poca luce&lt;\/li&gt;<br \/>\n&lt;li&gt;Connettivit\u00e0 avanzata con &lt;b&gt;Wi-Fi 6&lt;\/b&gt; e &lt;b&gt;Bluetooth 5.3&lt;\/b&gt;&lt;\/li&gt;<br \/>\n&lt;\/ul&gt;<\/p>\n<p>&lt;H2&gt;Chi acquista questo prodotto&lt;\/H2&gt;<br \/>\nQuesto laptop \u00e8 perfetto per professionisti che necessitano di un dispositivo affidabile per il lavoro d&#039;ufficio, per studenti che cercano efficienza e comodit\u00e0 nello studio, e per creativi che desiderano prestazioni elevate per le attivit\u00e0 multimediali. Grazie alla potenza del suo processore e alla flessibilit\u00e0 di utilizzo, si adatta a chiunque cerchi un dispositivo versatile per esigenze mutevoli.<\/p>\n<p>&lt;H2&gt;Possibilit\u00e0 di aggiornamento&lt;\/H2&gt;<br \/>\nLe opzioni di aggiornamento ben progettate consentono di migliorare facilmente memoria e archiviazione. &lt;b&gt;Consultate sempre un esperto prima di eseguire l&#039;aggiornamento.&lt;\/b&gt;<\/p>\n<p>&lt;H2&gt;Perch\u00e9 scegliere un dispositivo ricondizionato&lt;\/H2&gt;<br \/>\nOptare per un dispositivo rigenerato significa fare una scelta pi\u00f9 sostenibile e vantaggiosa. Ogni laptop \u00e8 sottoposto a un &lt;b&gt;rigoroso servizio di ricondizionamento professionale&lt;\/b&gt;, garantendo funzionalit\u00e0 e standard di qualit\u00e0 di alto livello. Attraverso un sistema standardizzato di valutazione della qualit\u00e0, viene assicurato che il dispositivo sia in condizioni eccellenti, offrendo un valore eccezionale.&lt;h2&gt;Scatola aperta&lt;\/h2&gt;&#13;<br \/>\n&lt;p&gt;Quasi nessun segno di usura. Qualit\u00e0 uguale ai nuovi. Nella maggior parte dei casi si tratta di eccedenze di produzione e scorte invendute, in cui le differenze rispetto ai dispositivi nuovi non sono percepibili.&lt;\/p&gt;&#13;<\/p>\n","protected":false},"excerpt":{"rendered":"<p>AMD Ryzen 7 8840U\u00a0(3,3\u00a0GHz), 16\u00a0GB LPDDR5-6400, SSD 1 TB PCIe NVMe, 40,6 cm (16\u2033) WUXGA (1920&#215;1200) Multi-Touch UWVA AG LED IPS 60 Hz, AMD Radeon\u00a0780M Graphics (IGP), HDMI 2.1, 2x USB-C 3.2 Gen2 (10Gbps &#8211; DisplayPort + PD), 1x USB-A 3.2 Gen2 (10Gbps), 1x USB-A 3.2 Gen1 (5Gbps), Wi-Fi 6 (1&#215;1), Bluetooth 5.3,\u00a0Webcam, Backlit Kbd., 65W USB-C PD Adapter, Microsoft Windows 11 Home (64-bit)<\/p>\n","protected":false},"featured_media":104045,"template":"","meta":{"inline_featured_image":false},"product_brand":[],"product_cat":[831],"product_tag":[],"class_list":{"0":"post-104044","1":"product","2":"type-product","3":"status-publish","4":"has-post-thumbnail","6":"product_cat-laptop","7":"pa_fingerprint-no","9":"first","10":"instock","11":"purchasable","12":"product-type-simple"},"yoast_head":"<!-- This site is optimized with the Yoast SEO plugin v27.2 - https:\/\/yoast.com\/product\/yoast-seo-wordpress\/ -->\n<title>Laptop HP OmniBook 5 16-bc1000na | Touch \/ AMD Ryzen\u2122 7 \/ RAM 16 GB \/ SSD Disk \/ 16,0\u2033 WUXGA - ricondizionatipro.it<\/title>\n<meta name=\"robots\" content=\"index, follow, max-snippet:-1, max-image-preview:large, max-video-preview:-1\" \/>\n<link rel=\"canonical\" href=\"https:\/\/ricondizionatipro.it\/shop\/prodotto\/laptop-hp-omnibook-5-16-bc1000na-touch-amd-ryzen-7-ram-16-gb-ssd-disk-160\u2033-wuxga\/\" \/>\n<meta property=\"og:locale\" content=\"it_IT\" \/>\n<meta property=\"og:type\" content=\"article\" \/>\n<meta property=\"og:title\" content=\"Laptop HP OmniBook 5 16-bc1000na | Touch \/ AMD Ryzen\u2122 7 \/ RAM 16 GB \/ SSD Disk \/ 16,0\u2033 WUXGA - ricondizionatipro.it\" \/>\n<meta property=\"og:description\" content=\"AMD Ryzen 7 8840U\u00a0(3,3\u00a0GHz), 16\u00a0GB LPDDR5-6400, SSD 1 TB PCIe NVMe, 40,6 cm (16\u2033) WUXGA (1920x1200) Multi-Touch UWVA AG LED IPS 60 Hz, AMD Radeon\u00a0780M Graphics (IGP), HDMI 2.1, 2x USB-C 3.2 Gen2 (10Gbps - DisplayPort + PD), 1x USB-A 3.2 Gen2 (10Gbps), 1x USB-A 3.2 Gen1 (5Gbps), Wi-Fi 6 (1x1), Bluetooth 5.3,\u00a0Webcam, Backlit Kbd., 65W USB-C PD Adapter, Microsoft Windows 11 Home (64-bit)\" \/>\n<meta property=\"og:url\" content=\"https:\/\/ricondizionatipro.it\/shop\/prodotto\/laptop-hp-omnibook-5-16-bc1000na-touch-amd-ryzen-7-ram-16-gb-ssd-disk-160\u2033-wuxga\/\" \/>\n<meta property=\"og:site_name\" content=\"ricondizionatipro.it\" \/>\n<meta property=\"article:publisher\" content=\"https:\/\/www.facebook.com\/ricondizionatipro.it\/\" \/>\n<meta property=\"article:modified_time\" content=\"2026-05-01T02:35:39+00:00\" \/>\n<meta property=\"og:image\" content=\"https:\/\/ricondizionatipro.it\/shop\/wp-content\/uploads\/2026\/05\/c5cb6b06-96ba-4e2d-8577-27ace546ba92.jpg\" \/>\n\t<meta property=\"og:image:width\" content=\"850\" \/>\n\t<meta property=\"og:image:height\" content=\"638\" \/>\n\t<meta property=\"og:image:type\" content=\"image\/png\" \/>\n<meta name=\"twitter:card\" content=\"summary_large_image\" \/>\n<meta name=\"twitter:label1\" content=\"Tempo di lettura stimato\" \/>\n\t<meta name=\"twitter:data1\" content=\"2 minuti\" \/>\n<script type=\"application\/ld+json\" class=\"yoast-schema-graph\">{\"@context\":\"https:\/\/schema.org\",\"@graph\":[{\"@type\":\"WebPage\",\"@id\":\"https:\/\/ricondizionatipro.it\/shop\/prodotto\/laptop-hp-omnibook-5-16-bc1000na-touch-amd-ryzen-7-ram-16-gb-ssd-disk-160%e2%80%b3-wuxga\/\",\"url\":\"https:\/\/ricondizionatipro.it\/shop\/prodotto\/laptop-hp-omnibook-5-16-bc1000na-touch-amd-ryzen-7-ram-16-gb-ssd-disk-160%e2%80%b3-wuxga\/\",\"name\":\"Laptop HP OmniBook 5 16-bc1000na | Touch \/ AMD Ryzen\u2122 7 \/ RAM 16 GB \/ SSD Disk \/ 16,0\u2033 WUXGA - ricondizionatipro.it\",\"isPartOf\":{\"@id\":\"https:\/\/ricondizionatipro.it\/shop\/#website\"},\"primaryImageOfPage\":{\"@id\":\"https:\/\/ricondizionatipro.it\/shop\/prodotto\/laptop-hp-omnibook-5-16-bc1000na-touch-amd-ryzen-7-ram-16-gb-ssd-disk-160%e2%80%b3-wuxga\/#primaryimage\"},\"image\":{\"@id\":\"https:\/\/ricondizionatipro.it\/shop\/prodotto\/laptop-hp-omnibook-5-16-bc1000na-touch-amd-ryzen-7-ram-16-gb-ssd-disk-160%e2%80%b3-wuxga\/#primaryimage\"},\"thumbnailUrl\":\"https:\/\/ricondizionatipro.it\/shop\/wp-content\/uploads\/2026\/05\/c5cb6b06-96ba-4e2d-8577-27ace546ba92.jpg\",\"datePublished\":\"2026-05-01T02:35:38+00:00\",\"dateModified\":\"2026-05-01T02:35:39+00:00\",\"breadcrumb\":{\"@id\":\"https:\/\/ricondizionatipro.it\/shop\/prodotto\/laptop-hp-omnibook-5-16-bc1000na-touch-amd-ryzen-7-ram-16-gb-ssd-disk-160%e2%80%b3-wuxga\/#breadcrumb\"},\"inLanguage\":\"it-IT\",\"potentialAction\":[{\"@type\":\"ReadAction\",\"target\":[\"https:\/\/ricondizionatipro.it\/shop\/prodotto\/laptop-hp-omnibook-5-16-bc1000na-touch-amd-ryzen-7-ram-16-gb-ssd-disk-160%e2%80%b3-wuxga\/\"]}]},{\"@type\":\"ImageObject\",\"inLanguage\":\"it-IT\",\"@id\":\"https:\/\/ricondizionatipro.it\/shop\/prodotto\/laptop-hp-omnibook-5-16-bc1000na-touch-amd-ryzen-7-ram-16-gb-ssd-disk-160%e2%80%b3-wuxga\/#primaryimage\",\"url\":\"https:\/\/ricondizionatipro.it\/shop\/wp-content\/uploads\/2026\/05\/c5cb6b06-96ba-4e2d-8577-27ace546ba92.jpg\",\"contentUrl\":\"https:\/\/ricondizionatipro.it\/shop\/wp-content\/uploads\/2026\/05\/c5cb6b06-96ba-4e2d-8577-27ace546ba92.jpg\",\"width\":850,\"height\":638},{\"@type\":\"BreadcrumbList\",\"@id\":\"https:\/\/ricondizionatipro.it\/shop\/prodotto\/laptop-hp-omnibook-5-16-bc1000na-touch-amd-ryzen-7-ram-16-gb-ssd-disk-160%e2%80%b3-wuxga\/#breadcrumb\",\"itemListElement\":[{\"@type\":\"ListItem\",\"position\":1,\"name\":\"Home\",\"item\":\"https:\/\/ricondizionatipro.it\/shop\/\"},{\"@type\":\"ListItem\",\"position\":2,\"name\":\"Laptop HP OmniBook 5 16-bc1000na | Touch \/ AMD Ryzen\u2122 7 \/ RAM 16 GB \/ SSD Disk \/ 16,0\u2033 WUXGA\"}]},{\"@type\":\"WebSite\",\"@id\":\"https:\/\/ricondizionatipro.it\/shop\/#website\",\"url\":\"https:\/\/ricondizionatipro.it\/shop\/\",\"name\":\"ricondizionatipro.it\",\"description\":\"computer professionali ricondizionati garantiti\",\"publisher\":{\"@id\":\"https:\/\/ricondizionatipro.it\/shop\/#organization\"},\"potentialAction\":[{\"@type\":\"SearchAction\",\"target\":{\"@type\":\"EntryPoint\",\"urlTemplate\":\"https:\/\/ricondizionatipro.it\/shop\/?s={search_term_string}\"},\"query-input\":{\"@type\":\"PropertyValueSpecification\",\"valueRequired\":true,\"valueName\":\"search_term_string\"}}],\"inLanguage\":\"it-IT\"},{\"@type\":\"Organization\",\"@id\":\"https:\/\/ricondizionatipro.it\/shop\/#organization\",\"name\":\"ricondizionatipro.it\",\"url\":\"https:\/\/ricondizionatipro.it\/shop\/\",\"logo\":{\"@type\":\"ImageObject\",\"inLanguage\":\"it-IT\",\"@id\":\"https:\/\/ricondizionatipro.it\/shop\/#\/schema\/logo\/image\/\",\"url\":\"https:\/\/i0.wp.com\/ricondizionatipro.it\/shop\/wp-content\/uploads\/2022\/04\/ricondizionati-pro-logo-trasparente.png?fit=2309%2C1910&ssl=1\",\"contentUrl\":\"https:\/\/i0.wp.com\/ricondizionatipro.it\/shop\/wp-content\/uploads\/2022\/04\/ricondizionati-pro-logo-trasparente.png?fit=2309%2C1910&ssl=1\",\"width\":2309,\"height\":1910,\"caption\":\"ricondizionatipro.it\"},\"image\":{\"@id\":\"https:\/\/ricondizionatipro.it\/shop\/#\/schema\/logo\/image\/\"},\"sameAs\":[\"https:\/\/www.facebook.com\/ricondizionatipro.it\/\",\"https:\/\/www.instagram.com\/ricondizionatipro.it\/\"]}]}<\/script>\n<!-- \/ Yoast SEO plugin. -->","yoast_head_json":{"title":"Laptop HP OmniBook 5 16-bc1000na | Touch \/ AMD Ryzen\u2122 7 \/ RAM 16 GB \/ SSD Disk \/ 16,0\u2033 WUXGA - ricondizionatipro.it","robots":{"index":"index","follow":"follow","max-snippet":"max-snippet:-1","max-image-preview":"max-image-preview:large","max-video-preview":"max-video-preview:-1"},"canonical":"https:\/\/ricondizionatipro.it\/shop\/prodotto\/laptop-hp-omnibook-5-16-bc1000na-touch-amd-ryzen-7-ram-16-gb-ssd-disk-160\u2033-wuxga\/","og_locale":"it_IT","og_type":"article","og_title":"Laptop HP OmniBook 5 16-bc1000na | Touch \/ AMD Ryzen\u2122 7 \/ RAM 16 GB \/ SSD Disk \/ 16,0\u2033 WUXGA - ricondizionatipro.it","og_description":"AMD Ryzen 7 8840U\u00a0(3,3\u00a0GHz), 16\u00a0GB LPDDR5-6400, SSD 1 TB PCIe NVMe, 40,6 cm (16\u2033) WUXGA (1920x1200) Multi-Touch UWVA AG LED IPS 60 Hz, AMD Radeon\u00a0780M Graphics (IGP), HDMI 2.1, 2x USB-C 3.2 Gen2 (10Gbps - DisplayPort + PD), 1x USB-A 3.2 Gen2 (10Gbps), 1x USB-A 3.2 Gen1 (5Gbps), Wi-Fi 6 (1x1), Bluetooth 5.3,\u00a0Webcam, Backlit Kbd., 65W USB-C PD Adapter, Microsoft Windows 11 Home (64-bit)","og_url":"https:\/\/ricondizionatipro.it\/shop\/prodotto\/laptop-hp-omnibook-5-16-bc1000na-touch-amd-ryzen-7-ram-16-gb-ssd-disk-160\u2033-wuxga\/","og_site_name":"ricondizionatipro.it","article_publisher":"https:\/\/www.facebook.com\/ricondizionatipro.it\/","article_modified_time":"2026-05-01T02:35:39+00:00","og_image":[{"width":850,"height":638,"url":"https:\/\/ricondizionatipro.it\/shop\/wp-content\/uploads\/2026\/05\/c5cb6b06-96ba-4e2d-8577-27ace546ba92.jpg","type":"image\/png"}],"twitter_card":"summary_large_image","twitter_misc":{"Tempo di lettura stimato":"2 minuti"},"schema":{"@context":"https:\/\/schema.org","@graph":[{"@type":"WebPage","@id":"https:\/\/ricondizionatipro.it\/shop\/prodotto\/laptop-hp-omnibook-5-16-bc1000na-touch-amd-ryzen-7-ram-16-gb-ssd-disk-160%e2%80%b3-wuxga\/","url":"https:\/\/ricondizionatipro.it\/shop\/prodotto\/laptop-hp-omnibook-5-16-bc1000na-touch-amd-ryzen-7-ram-16-gb-ssd-disk-160%e2%80%b3-wuxga\/","name":"Laptop HP OmniBook 5 16-bc1000na | Touch \/ AMD Ryzen\u2122 7 \/ RAM 16 GB \/ SSD Disk \/ 16,0\u2033 WUXGA - ricondizionatipro.it","isPartOf":{"@id":"https:\/\/ricondizionatipro.it\/shop\/#website"},"primaryImageOfPage":{"@id":"https:\/\/ricondizionatipro.it\/shop\/prodotto\/laptop-hp-omnibook-5-16-bc1000na-touch-amd-ryzen-7-ram-16-gb-ssd-disk-160%e2%80%b3-wuxga\/#primaryimage"},"image":{"@id":"https:\/\/ricondizionatipro.it\/shop\/prodotto\/laptop-hp-omnibook-5-16-bc1000na-touch-amd-ryzen-7-ram-16-gb-ssd-disk-160%e2%80%b3-wuxga\/#primaryimage"},"thumbnailUrl":"https:\/\/ricondizionatipro.it\/shop\/wp-content\/uploads\/2026\/05\/c5cb6b06-96ba-4e2d-8577-27ace546ba92.jpg","datePublished":"2026-05-01T02:35:38+00:00","dateModified":"2026-05-01T02:35:39+00:00","breadcrumb":{"@id":"https:\/\/ricondizionatipro.it\/shop\/prodotto\/laptop-hp-omnibook-5-16-bc1000na-touch-amd-ryzen-7-ram-16-gb-ssd-disk-160%e2%80%b3-wuxga\/#breadcrumb"},"inLanguage":"it-IT","potentialAction":[{"@type":"ReadAction","target":["https:\/\/ricondizionatipro.it\/shop\/prodotto\/laptop-hp-omnibook-5-16-bc1000na-touch-amd-ryzen-7-ram-16-gb-ssd-disk-160%e2%80%b3-wuxga\/"]}]},{"@type":"ImageObject","inLanguage":"it-IT","@id":"https:\/\/ricondizionatipro.it\/shop\/prodotto\/laptop-hp-omnibook-5-16-bc1000na-touch-amd-ryzen-7-ram-16-gb-ssd-disk-160%e2%80%b3-wuxga\/#primaryimage","url":"https:\/\/ricondizionatipro.it\/shop\/wp-content\/uploads\/2026\/05\/c5cb6b06-96ba-4e2d-8577-27ace546ba92.jpg","contentUrl":"https:\/\/ricondizionatipro.it\/shop\/wp-content\/uploads\/2026\/05\/c5cb6b06-96ba-4e2d-8577-27ace546ba92.jpg","width":850,"height":638},{"@type":"BreadcrumbList","@id":"https:\/\/ricondizionatipro.it\/shop\/prodotto\/laptop-hp-omnibook-5-16-bc1000na-touch-amd-ryzen-7-ram-16-gb-ssd-disk-160%e2%80%b3-wuxga\/#breadcrumb","itemListElement":[{"@type":"ListItem","position":1,"name":"Home","item":"https:\/\/ricondizionatipro.it\/shop\/"},{"@type":"ListItem","position":2,"name":"Laptop HP OmniBook 5 16-bc1000na | Touch \/ AMD Ryzen\u2122 7 \/ RAM 16 GB \/ SSD Disk \/ 16,0\u2033 WUXGA"}]},{"@type":"WebSite","@id":"https:\/\/ricondizionatipro.it\/shop\/#website","url":"https:\/\/ricondizionatipro.it\/shop\/","name":"ricondizionatipro.it","description":"computer professionali ricondizionati garantiti","publisher":{"@id":"https:\/\/ricondizionatipro.it\/shop\/#organization"},"potentialAction":[{"@type":"SearchAction","target":{"@type":"EntryPoint","urlTemplate":"https:\/\/ricondizionatipro.it\/shop\/?s={search_term_string}"},"query-input":{"@type":"PropertyValueSpecification","valueRequired":true,"valueName":"search_term_string"}}],"inLanguage":"it-IT"},{"@type":"Organization","@id":"https:\/\/ricondizionatipro.it\/shop\/#organization","name":"ricondizionatipro.it","url":"https:\/\/ricondizionatipro.it\/shop\/","logo":{"@type":"ImageObject","inLanguage":"it-IT","@id":"https:\/\/ricondizionatipro.it\/shop\/#\/schema\/logo\/image\/","url":"https:\/\/i0.wp.com\/ricondizionatipro.it\/shop\/wp-content\/uploads\/2022\/04\/ricondizionati-pro-logo-trasparente.png?fit=2309%2C1910&ssl=1","contentUrl":"https:\/\/i0.wp.com\/ricondizionatipro.it\/shop\/wp-content\/uploads\/2022\/04\/ricondizionati-pro-logo-trasparente.png?fit=2309%2C1910&ssl=1","width":2309,"height":1910,"caption":"ricondizionatipro.it"},"image":{"@id":"https:\/\/ricondizionatipro.it\/shop\/#\/schema\/logo\/image\/"},"sameAs":["https:\/\/www.facebook.com\/ricondizionatipro.it\/","https:\/\/www.instagram.com\/ricondizionatipro.it\/"]}]}},"acf":[],"_links":{"self":[{"href":"https:\/\/ricondizionatipro.it\/shop\/wp-json\/wp\/v2\/product\/104044","targetHints":{"allow":["GET"]}}],"collection":[{"href":"https:\/\/ricondizionatipro.it\/shop\/wp-json\/wp\/v2\/product"}],"about":[{"href":"https:\/\/ricondizionatipro.it\/shop\/wp-json\/wp\/v2\/types\/product"}],"wp:featuredmedia":[{"embeddable":true,"href":"https:\/\/ricondizionatipro.it\/shop\/wp-json\/wp\/v2\/media\/104045"}],"wp:attachment":[{"href":"https:\/\/ricondizionatipro.it\/shop\/wp-json\/wp\/v2\/media?parent=104044"}],"wp:term":[{"taxonomy":"product_brand","embeddable":true,"href":"https:\/\/ricondizionatipro.it\/shop\/wp-json\/wp\/v2\/product_brand?post=104044"},{"taxonomy":"product_cat","embeddable":true,"href":"https:\/\/ricondizionatipro.it\/shop\/wp-json\/wp\/v2\/product_cat?post=104044"},{"taxonomy":"product_tag","embeddable":true,"href":"https:\/\/ricondizionatipro.it\/shop\/wp-json\/wp\/v2\/product_tag?post=104044"}],"curies":[{"name":"wp","href":"https:\/\/api.w.org\/{rel}","templated":true}]}}