{"id":104001,"date":"2026-05-01T04:35:33","date_gmt":"2026-05-01T02:35:33","guid":{"rendered":"https:\/\/ricondizionatipro.it\/shop\/prodotto\/laptop-hp-15-fd0046nj-i5-13-gen-mx570a-2gb-i5-ram-16-gb-ssd-disk-156%e2%80%b3-fhd\/"},"modified":"2026-05-01T04:35:34","modified_gmt":"2026-05-01T02:35:34","slug":"laptop-hp-15-fd0046nj-i5-13-gen-mx570a-2gb-i5-ram-16-gb-ssd-disk-156%e2%80%b3-fhd","status":"publish","type":"product","link":"https:\/\/ricondizionatipro.it\/shop\/prodotto\/laptop-hp-15-fd0046nj-i5-13-gen-mx570a-2gb-i5-ram-16-gb-ssd-disk-156%e2%80%b3-fhd\/","title":{"rendered":"Laptop HP 15-fd0046nj | i5 13.gen | MX570A (2GB) \/ i5 \/ RAM 16 GB \/ SSD Disk \/ 15,6\u2033 FHD"},"content":{"rendered":"<p>Elegante e performante, il Laptop HP 15-fd0046nj \u00e8 perfetto per chi cerca un&#039;eccellente combinazione di potenza e design. Dotato di processore i5 e scheda grafica NVIDIA GeForce MX570A, offre prestazioni fluide per le tue attivit\u00e0 quotidiane, mentre l&#039;ampio schermo FHD da 15,6\u2033 garantisce un&#039;esperienza visiva straordinaria.<\/p>\n<p>&lt;H2&gt;Principali vantaggi&lt;\/H2&gt;<br \/>\n&lt;ul&gt;<br \/>\n    &lt;li&gt;&lt;b&gt;Schermo FHD da 15,6\u2033&lt;\/b&gt; per una qualit\u00e0 dell&#039;immagine superiore&lt;\/li&gt;<br \/>\n    &lt;li&gt;Memoria RAM flessibile per un multitasking snello ed efficiente&lt;\/li&gt;<br \/>\n    &lt;li&gt;Archiviazione SSD con &lt;u&gt;velocit\u00e0&lt;\/u&gt; NVMe per tempi di caricamento ridotti&lt;\/li&gt;<br \/>\n    &lt;li&gt;Connettivit\u00e0 avanzata grazie a HDMI e porte USB multiple&lt;\/li&gt;<br \/>\n    &lt;li&gt;Ricondizionato professionalmente per garantirne l&#039;affidabilit\u00e0&lt;\/li&gt;<br \/>\n&lt;\/ul&gt;<\/p>\n<p>&lt;H2&gt;Chi acquista questo prodotto&lt;\/H2&gt;<br \/>\nQuesto laptop \u00e8 ideale per studenti, professionisti e chiunque necessiti di una macchina performante e affidabile per gestire attivit\u00e0 quotidiane, lavoro da remoto o intrattenimento. Con la capacit\u00e0 di supportare grafica avanzata, \u00e8 perfetto anche per chi ama l&#039;editing di immagini e video.<\/p>\n<p>&lt;H2&gt;Possibilit\u00e0 di aggiornamento&lt;\/H2&gt;<br \/>\nIl laptop permette di migliorare ulteriormente le sue performance grazie alla possibilit\u00e0 di aggiornamento di disco e memoria. &lt;b&gt;Consultate sempre un esperto prima di eseguire l&#039;aggiornamento.&lt;\/b&gt;<\/p>\n<p>&lt;H2&gt;Perch\u00e9 scegliere un dispositivo ricondizionato&lt;\/H2&gt;<br \/>\nOptare per un dispositivo ricondizionato significa scegliere un prodotto di &lt;b&gt;qualit\u00e0 elevata&lt;\/b&gt;, grazie a un processo di ricondizionamento professionale e a un &lt;b&gt;sistema di valutazione standardizzato&lt;\/b&gt;. Questo garantisce un elevato livello di prestazioni e una riduzione dell&#039;impatto ambientale, contribuendo a un ciclo di vita pi\u00f9 sostenibile del dispositivo.&lt;h2&gt;Scatola aperta&lt;\/h2&gt;&#13;<br \/>\n&lt;p&gt;Quasi nessun segno di usura. Qualit\u00e0 uguale ai nuovi. Nella maggior parte dei casi si tratta di eccedenze di produzione e scorte invendute, in cui le differenze rispetto ai dispositivi nuovi non sono percepibili.&lt;\/p&gt;&#13;<\/p>\n","protected":false},"excerpt":{"rendered":"<p>Intel Core i5-1334U (1,3\u00a0GHz), 16\u00a0GB (2x8GB) DDR4-3200, SSD 512 GB M.2 PCIe NVMe, 39,6 cm (15,6\u2033) FHD (1920&#215;1080) AG LED IPS 60 Hz, NVIDIA GeForce MX570A\u00a0(2 GB GDDR6), HDMI 1.4, 2x USB-A 3.2 Gen1 (5Gbps)\u00a0+ 1x USB-C 3.2 Gen1 (5Gbps), no ODD, Webcam, Wi-Fi\u00a06 (2&#215;2), Bluetooth 5.3, Std. Kbd.,\u00a0Microsoft Windows 11\u00a0Home\u00a0(64-bit)<\/p>\n","protected":false},"featured_media":104002,"template":"","meta":{"inline_featured_image":false},"product_brand":[],"product_cat":[831,895,835,833],"product_tag":[],"class_list":{"0":"post-104001","1":"product","2":"type-product","3":"status-publish","4":"has-post-thumbnail","6":"product_cat-laptop","7":"product_cat-portatili-15-inch","8":"product_cat-portatili-i5","9":"product_cat-ricerca-preferita","10":"pa_fingerprint-no","12":"first","13":"instock","14":"purchasable","15":"product-type-simple"},"yoast_head":"<!-- This site is optimized with the Yoast SEO plugin v27.2 - https:\/\/yoast.com\/product\/yoast-seo-wordpress\/ -->\n<title>Laptop HP 15-fd0046nj | i5 13.gen | MX570A (2GB) \/ i5 \/ RAM 16 GB \/ SSD Disk \/ 15,6\u2033 FHD - ricondizionatipro.it<\/title>\n<meta name=\"robots\" content=\"index, follow, max-snippet:-1, max-image-preview:large, max-video-preview:-1\" \/>\n<link rel=\"canonical\" href=\"https:\/\/ricondizionatipro.it\/shop\/prodotto\/laptop-hp-15-fd0046nj-i5-13-gen-mx570a-2gb-i5-ram-16-gb-ssd-disk-156\u2033-fhd\/\" \/>\n<meta property=\"og:locale\" content=\"it_IT\" \/>\n<meta property=\"og:type\" content=\"article\" \/>\n<meta property=\"og:title\" content=\"Laptop HP 15-fd0046nj | i5 13.gen | MX570A (2GB) \/ i5 \/ RAM 16 GB \/ SSD Disk \/ 15,6\u2033 FHD - ricondizionatipro.it\" \/>\n<meta property=\"og:description\" content=\"Intel Core i5-1334U (1,3\u00a0GHz), 16\u00a0GB (2x8GB) DDR4-3200, SSD 512 GB M.2 PCIe NVMe, 39,6 cm (15,6\u2033) FHD (1920x1080) AG LED IPS 60 Hz, NVIDIA GeForce MX570A\u00a0(2 GB GDDR6), HDMI 1.4, 2x USB-A 3.2 Gen1 (5Gbps)\u00a0+ 1x USB-C 3.2 Gen1 (5Gbps), no ODD, Webcam, Wi-Fi\u00a06 (2x2), Bluetooth 5.3, Std. Kbd.,\u00a0Microsoft Windows 11\u00a0Home\u00a0(64-bit)\" \/>\n<meta property=\"og:url\" content=\"https:\/\/ricondizionatipro.it\/shop\/prodotto\/laptop-hp-15-fd0046nj-i5-13-gen-mx570a-2gb-i5-ram-16-gb-ssd-disk-156\u2033-fhd\/\" \/>\n<meta property=\"og:site_name\" content=\"ricondizionatipro.it\" \/>\n<meta property=\"article:publisher\" content=\"https:\/\/www.facebook.com\/ricondizionatipro.it\/\" \/>\n<meta property=\"article:modified_time\" content=\"2026-05-01T02:35:34+00:00\" \/>\n<meta property=\"og:image\" content=\"https:\/\/ricondizionatipro.it\/shop\/wp-content\/uploads\/2026\/05\/3cc835c0-65b1-41f0-9d12-4a8752dfd476.jpg\" \/>\n\t<meta property=\"og:image:width\" content=\"850\" \/>\n\t<meta property=\"og:image:height\" content=\"850\" \/>\n\t<meta property=\"og:image:type\" content=\"image\/png\" \/>\n<meta name=\"twitter:card\" content=\"summary_large_image\" \/>\n<meta name=\"twitter:label1\" content=\"Tempo di lettura stimato\" \/>\n\t<meta name=\"twitter:data1\" content=\"2 minuti\" \/>\n<script type=\"application\/ld+json\" class=\"yoast-schema-graph\">{\"@context\":\"https:\/\/schema.org\",\"@graph\":[{\"@type\":\"WebPage\",\"@id\":\"https:\/\/ricondizionatipro.it\/shop\/prodotto\/laptop-hp-15-fd0046nj-i5-13-gen-mx570a-2gb-i5-ram-16-gb-ssd-disk-156%e2%80%b3-fhd\/\",\"url\":\"https:\/\/ricondizionatipro.it\/shop\/prodotto\/laptop-hp-15-fd0046nj-i5-13-gen-mx570a-2gb-i5-ram-16-gb-ssd-disk-156%e2%80%b3-fhd\/\",\"name\":\"Laptop HP 15-fd0046nj | i5 13.gen | MX570A (2GB) \/ i5 \/ RAM 16 GB \/ SSD Disk \/ 15,6\u2033 FHD - ricondizionatipro.it\",\"isPartOf\":{\"@id\":\"https:\/\/ricondizionatipro.it\/shop\/#website\"},\"primaryImageOfPage\":{\"@id\":\"https:\/\/ricondizionatipro.it\/shop\/prodotto\/laptop-hp-15-fd0046nj-i5-13-gen-mx570a-2gb-i5-ram-16-gb-ssd-disk-156%e2%80%b3-fhd\/#primaryimage\"},\"image\":{\"@id\":\"https:\/\/ricondizionatipro.it\/shop\/prodotto\/laptop-hp-15-fd0046nj-i5-13-gen-mx570a-2gb-i5-ram-16-gb-ssd-disk-156%e2%80%b3-fhd\/#primaryimage\"},\"thumbnailUrl\":\"https:\/\/ricondizionatipro.it\/shop\/wp-content\/uploads\/2026\/05\/3cc835c0-65b1-41f0-9d12-4a8752dfd476.jpg\",\"datePublished\":\"2026-05-01T02:35:33+00:00\",\"dateModified\":\"2026-05-01T02:35:34+00:00\",\"breadcrumb\":{\"@id\":\"https:\/\/ricondizionatipro.it\/shop\/prodotto\/laptop-hp-15-fd0046nj-i5-13-gen-mx570a-2gb-i5-ram-16-gb-ssd-disk-156%e2%80%b3-fhd\/#breadcrumb\"},\"inLanguage\":\"it-IT\",\"potentialAction\":[{\"@type\":\"ReadAction\",\"target\":[\"https:\/\/ricondizionatipro.it\/shop\/prodotto\/laptop-hp-15-fd0046nj-i5-13-gen-mx570a-2gb-i5-ram-16-gb-ssd-disk-156%e2%80%b3-fhd\/\"]}]},{\"@type\":\"ImageObject\",\"inLanguage\":\"it-IT\",\"@id\":\"https:\/\/ricondizionatipro.it\/shop\/prodotto\/laptop-hp-15-fd0046nj-i5-13-gen-mx570a-2gb-i5-ram-16-gb-ssd-disk-156%e2%80%b3-fhd\/#primaryimage\",\"url\":\"https:\/\/ricondizionatipro.it\/shop\/wp-content\/uploads\/2026\/05\/3cc835c0-65b1-41f0-9d12-4a8752dfd476.jpg\",\"contentUrl\":\"https:\/\/ricondizionatipro.it\/shop\/wp-content\/uploads\/2026\/05\/3cc835c0-65b1-41f0-9d12-4a8752dfd476.jpg\",\"width\":850,\"height\":850},{\"@type\":\"BreadcrumbList\",\"@id\":\"https:\/\/ricondizionatipro.it\/shop\/prodotto\/laptop-hp-15-fd0046nj-i5-13-gen-mx570a-2gb-i5-ram-16-gb-ssd-disk-156%e2%80%b3-fhd\/#breadcrumb\",\"itemListElement\":[{\"@type\":\"ListItem\",\"position\":1,\"name\":\"Home\",\"item\":\"https:\/\/ricondizionatipro.it\/shop\/\"},{\"@type\":\"ListItem\",\"position\":2,\"name\":\"Laptop HP 15-fd0046nj | i5 13.gen | MX570A (2GB) \/ i5 \/ RAM 16 GB \/ SSD Disk \/ 15,6\u2033 FHD\"}]},{\"@type\":\"WebSite\",\"@id\":\"https:\/\/ricondizionatipro.it\/shop\/#website\",\"url\":\"https:\/\/ricondizionatipro.it\/shop\/\",\"name\":\"ricondizionatipro.it\",\"description\":\"computer professionali ricondizionati garantiti\",\"publisher\":{\"@id\":\"https:\/\/ricondizionatipro.it\/shop\/#organization\"},\"potentialAction\":[{\"@type\":\"SearchAction\",\"target\":{\"@type\":\"EntryPoint\",\"urlTemplate\":\"https:\/\/ricondizionatipro.it\/shop\/?s={search_term_string}\"},\"query-input\":{\"@type\":\"PropertyValueSpecification\",\"valueRequired\":true,\"valueName\":\"search_term_string\"}}],\"inLanguage\":\"it-IT\"},{\"@type\":\"Organization\",\"@id\":\"https:\/\/ricondizionatipro.it\/shop\/#organization\",\"name\":\"ricondizionatipro.it\",\"url\":\"https:\/\/ricondizionatipro.it\/shop\/\",\"logo\":{\"@type\":\"ImageObject\",\"inLanguage\":\"it-IT\",\"@id\":\"https:\/\/ricondizionatipro.it\/shop\/#\/schema\/logo\/image\/\",\"url\":\"https:\/\/i0.wp.com\/ricondizionatipro.it\/shop\/wp-content\/uploads\/2022\/04\/ricondizionati-pro-logo-trasparente.png?fit=2309%2C1910&ssl=1\",\"contentUrl\":\"https:\/\/i0.wp.com\/ricondizionatipro.it\/shop\/wp-content\/uploads\/2022\/04\/ricondizionati-pro-logo-trasparente.png?fit=2309%2C1910&ssl=1\",\"width\":2309,\"height\":1910,\"caption\":\"ricondizionatipro.it\"},\"image\":{\"@id\":\"https:\/\/ricondizionatipro.it\/shop\/#\/schema\/logo\/image\/\"},\"sameAs\":[\"https:\/\/www.facebook.com\/ricondizionatipro.it\/\",\"https:\/\/www.instagram.com\/ricondizionatipro.it\/\"]}]}<\/script>\n<!-- \/ Yoast SEO plugin. -->","yoast_head_json":{"title":"Laptop HP 15-fd0046nj | i5 13.gen | MX570A (2GB) \/ i5 \/ RAM 16 GB \/ SSD Disk \/ 15,6\u2033 FHD - ricondizionatipro.it","robots":{"index":"index","follow":"follow","max-snippet":"max-snippet:-1","max-image-preview":"max-image-preview:large","max-video-preview":"max-video-preview:-1"},"canonical":"https:\/\/ricondizionatipro.it\/shop\/prodotto\/laptop-hp-15-fd0046nj-i5-13-gen-mx570a-2gb-i5-ram-16-gb-ssd-disk-156\u2033-fhd\/","og_locale":"it_IT","og_type":"article","og_title":"Laptop HP 15-fd0046nj | i5 13.gen | MX570A (2GB) \/ i5 \/ RAM 16 GB \/ SSD Disk \/ 15,6\u2033 FHD - ricondizionatipro.it","og_description":"Intel Core i5-1334U (1,3\u00a0GHz), 16\u00a0GB (2x8GB) DDR4-3200, SSD 512 GB M.2 PCIe NVMe, 39,6 cm (15,6\u2033) FHD (1920x1080) AG LED IPS 60 Hz, NVIDIA GeForce MX570A\u00a0(2 GB GDDR6), HDMI 1.4, 2x USB-A 3.2 Gen1 (5Gbps)\u00a0+ 1x USB-C 3.2 Gen1 (5Gbps), no ODD, Webcam, Wi-Fi\u00a06 (2x2), Bluetooth 5.3, Std. Kbd.,\u00a0Microsoft Windows 11\u00a0Home\u00a0(64-bit)","og_url":"https:\/\/ricondizionatipro.it\/shop\/prodotto\/laptop-hp-15-fd0046nj-i5-13-gen-mx570a-2gb-i5-ram-16-gb-ssd-disk-156\u2033-fhd\/","og_site_name":"ricondizionatipro.it","article_publisher":"https:\/\/www.facebook.com\/ricondizionatipro.it\/","article_modified_time":"2026-05-01T02:35:34+00:00","og_image":[{"width":850,"height":850,"url":"https:\/\/ricondizionatipro.it\/shop\/wp-content\/uploads\/2026\/05\/3cc835c0-65b1-41f0-9d12-4a8752dfd476.jpg","type":"image\/png"}],"twitter_card":"summary_large_image","twitter_misc":{"Tempo di lettura stimato":"2 minuti"},"schema":{"@context":"https:\/\/schema.org","@graph":[{"@type":"WebPage","@id":"https:\/\/ricondizionatipro.it\/shop\/prodotto\/laptop-hp-15-fd0046nj-i5-13-gen-mx570a-2gb-i5-ram-16-gb-ssd-disk-156%e2%80%b3-fhd\/","url":"https:\/\/ricondizionatipro.it\/shop\/prodotto\/laptop-hp-15-fd0046nj-i5-13-gen-mx570a-2gb-i5-ram-16-gb-ssd-disk-156%e2%80%b3-fhd\/","name":"Laptop HP 15-fd0046nj | i5 13.gen | MX570A (2GB) \/ i5 \/ RAM 16 GB \/ SSD Disk \/ 15,6\u2033 FHD - ricondizionatipro.it","isPartOf":{"@id":"https:\/\/ricondizionatipro.it\/shop\/#website"},"primaryImageOfPage":{"@id":"https:\/\/ricondizionatipro.it\/shop\/prodotto\/laptop-hp-15-fd0046nj-i5-13-gen-mx570a-2gb-i5-ram-16-gb-ssd-disk-156%e2%80%b3-fhd\/#primaryimage"},"image":{"@id":"https:\/\/ricondizionatipro.it\/shop\/prodotto\/laptop-hp-15-fd0046nj-i5-13-gen-mx570a-2gb-i5-ram-16-gb-ssd-disk-156%e2%80%b3-fhd\/#primaryimage"},"thumbnailUrl":"https:\/\/ricondizionatipro.it\/shop\/wp-content\/uploads\/2026\/05\/3cc835c0-65b1-41f0-9d12-4a8752dfd476.jpg","datePublished":"2026-05-01T02:35:33+00:00","dateModified":"2026-05-01T02:35:34+00:00","breadcrumb":{"@id":"https:\/\/ricondizionatipro.it\/shop\/prodotto\/laptop-hp-15-fd0046nj-i5-13-gen-mx570a-2gb-i5-ram-16-gb-ssd-disk-156%e2%80%b3-fhd\/#breadcrumb"},"inLanguage":"it-IT","potentialAction":[{"@type":"ReadAction","target":["https:\/\/ricondizionatipro.it\/shop\/prodotto\/laptop-hp-15-fd0046nj-i5-13-gen-mx570a-2gb-i5-ram-16-gb-ssd-disk-156%e2%80%b3-fhd\/"]}]},{"@type":"ImageObject","inLanguage":"it-IT","@id":"https:\/\/ricondizionatipro.it\/shop\/prodotto\/laptop-hp-15-fd0046nj-i5-13-gen-mx570a-2gb-i5-ram-16-gb-ssd-disk-156%e2%80%b3-fhd\/#primaryimage","url":"https:\/\/ricondizionatipro.it\/shop\/wp-content\/uploads\/2026\/05\/3cc835c0-65b1-41f0-9d12-4a8752dfd476.jpg","contentUrl":"https:\/\/ricondizionatipro.it\/shop\/wp-content\/uploads\/2026\/05\/3cc835c0-65b1-41f0-9d12-4a8752dfd476.jpg","width":850,"height":850},{"@type":"BreadcrumbList","@id":"https:\/\/ricondizionatipro.it\/shop\/prodotto\/laptop-hp-15-fd0046nj-i5-13-gen-mx570a-2gb-i5-ram-16-gb-ssd-disk-156%e2%80%b3-fhd\/#breadcrumb","itemListElement":[{"@type":"ListItem","position":1,"name":"Home","item":"https:\/\/ricondizionatipro.it\/shop\/"},{"@type":"ListItem","position":2,"name":"Laptop HP 15-fd0046nj | i5 13.gen | MX570A (2GB) \/ i5 \/ RAM 16 GB \/ SSD Disk \/ 15,6\u2033 FHD"}]},{"@type":"WebSite","@id":"https:\/\/ricondizionatipro.it\/shop\/#website","url":"https:\/\/ricondizionatipro.it\/shop\/","name":"ricondizionatipro.it","description":"computer professionali ricondizionati garantiti","publisher":{"@id":"https:\/\/ricondizionatipro.it\/shop\/#organization"},"potentialAction":[{"@type":"SearchAction","target":{"@type":"EntryPoint","urlTemplate":"https:\/\/ricondizionatipro.it\/shop\/?s={search_term_string}"},"query-input":{"@type":"PropertyValueSpecification","valueRequired":true,"valueName":"search_term_string"}}],"inLanguage":"it-IT"},{"@type":"Organization","@id":"https:\/\/ricondizionatipro.it\/shop\/#organization","name":"ricondizionatipro.it","url":"https:\/\/ricondizionatipro.it\/shop\/","logo":{"@type":"ImageObject","inLanguage":"it-IT","@id":"https:\/\/ricondizionatipro.it\/shop\/#\/schema\/logo\/image\/","url":"https:\/\/i0.wp.com\/ricondizionatipro.it\/shop\/wp-content\/uploads\/2022\/04\/ricondizionati-pro-logo-trasparente.png?fit=2309%2C1910&ssl=1","contentUrl":"https:\/\/i0.wp.com\/ricondizionatipro.it\/shop\/wp-content\/uploads\/2022\/04\/ricondizionati-pro-logo-trasparente.png?fit=2309%2C1910&ssl=1","width":2309,"height":1910,"caption":"ricondizionatipro.it"},"image":{"@id":"https:\/\/ricondizionatipro.it\/shop\/#\/schema\/logo\/image\/"},"sameAs":["https:\/\/www.facebook.com\/ricondizionatipro.it\/","https:\/\/www.instagram.com\/ricondizionatipro.it\/"]}]}},"acf":[],"_links":{"self":[{"href":"https:\/\/ricondizionatipro.it\/shop\/wp-json\/wp\/v2\/product\/104001","targetHints":{"allow":["GET"]}}],"collection":[{"href":"https:\/\/ricondizionatipro.it\/shop\/wp-json\/wp\/v2\/product"}],"about":[{"href":"https:\/\/ricondizionatipro.it\/shop\/wp-json\/wp\/v2\/types\/product"}],"wp:featuredmedia":[{"embeddable":true,"href":"https:\/\/ricondizionatipro.it\/shop\/wp-json\/wp\/v2\/media\/104002"}],"wp:attachment":[{"href":"https:\/\/ricondizionatipro.it\/shop\/wp-json\/wp\/v2\/media?parent=104001"}],"wp:term":[{"taxonomy":"product_brand","embeddable":true,"href":"https:\/\/ricondizionatipro.it\/shop\/wp-json\/wp\/v2\/product_brand?post=104001"},{"taxonomy":"product_cat","embeddable":true,"href":"https:\/\/ricondizionatipro.it\/shop\/wp-json\/wp\/v2\/product_cat?post=104001"},{"taxonomy":"product_tag","embeddable":true,"href":"https:\/\/ricondizionatipro.it\/shop\/wp-json\/wp\/v2\/product_tag?post=104001"}],"curies":[{"name":"wp","href":"https:\/\/api.w.org\/{rel}","templated":true}]}}