{"id":103903,"date":"2026-05-01T04:34:04","date_gmt":"2026-05-01T02:34:04","guid":{"rendered":"https:\/\/ricondizionatipro.it\/shop\/prodotto\/laptop-hp-omnibook-5-16-ba1005na-i3-ram-8-gb-ssd-disk-160%e2%80%b3-wuxga\/"},"modified":"2026-05-01T04:34:04","modified_gmt":"2026-05-01T02:34:04","slug":"laptop-hp-omnibook-5-16-ba1005na-i3-ram-8-gb-ssd-disk-160%e2%80%b3-wuxga","status":"publish","type":"product","link":"https:\/\/ricondizionatipro.it\/shop\/prodotto\/laptop-hp-omnibook-5-16-ba1005na-i3-ram-8-gb-ssd-disk-160%e2%80%b3-wuxga\/","title":{"rendered":"Laptop HP OmniBook 5 16-ba1005na \/ i3 \/ RAM 8 GB \/ SSD Disk \/ 16,0\u2033 WUXGA"},"content":{"rendered":"<p>Scoprite il Laptop HP OmniBook 5, un dispositivo perfetto per ogni esigenza quotidiana, ideale per chi cerca affidabilit\u00e0 e prestazioni elevate. Il suo schermo da 16,0\u2033 offre una visione chiara e dettagliata grazie alla risoluzione WUXGA, ideale per lavorare, studiare o intrattenersi. Elegante e pratico, \u00e8 progettato per un&#039;esperienza utente ottimizzata.<\/p>\n<p>&lt;H2&gt;Principali vantaggi&lt;\/H2&gt;<br \/>\n&lt;ul&gt;<br \/>\n    &lt;li&gt;&lt;b&gt;Display straordinario:&lt;\/b&gt; il pannello IPS con risoluzione WUXGA garantisce immagini vivide e nitide&lt;\/li&gt;<br \/>\n    &lt;li&gt;&lt;b&gt;Prestazioni veloci:&lt;\/b&gt; grazie alla memoria e al disco solido con tecnologia NVMe, le operazioni quotidiane sono pi\u00f9 rapide e fluide&lt;\/li&gt;<br \/>\n    &lt;li&gt;&lt;b&gt;Connettivit\u00e0 avanzata:&lt;\/b&gt; include porte HDMI e USB-C per una connettivit\u00e0 versatile&lt;\/li&gt;<br \/>\n    &lt;li&gt;&lt;b&gt;Design elegante:&lt;\/b&gt; sottile e leggero, perfetto per chi \u00e8 sempre in movimento&lt;\/li&gt;<br \/>\n&lt;\/ul&gt;<\/p>\n<p>&lt;H2&gt;Chi acquista questo prodotto&lt;\/H2&gt;<br \/>\nIl Laptop HP OmniBook 5 \u00e8 la scelta ideale per studenti, professionisti e chiunque abbia bisogno di un dispositivo affidabile per attivit\u00e0 multitasking. \u00c8 perfetto per coloro che lavorano da remoto o in viaggio, grazie alla sua portabilit\u00e0 e lunga durata.<\/p>\n<p>&lt;H2&gt;Possibilit\u00e0 di aggiornamento&lt;\/H2&gt;<br \/>\nLa possibilit\u00e0 di aggiornare il disco e la memoria permette di adattare questo laptop alle esigenze future. Consultate sempre un esperto prima di eseguire l&#039;aggiornamento.<\/p>\n<p>&lt;H2&gt;Perch\u00e9 scegliere un dispositivo ricondizionato&lt;\/H2&gt;<br \/>\nOptare per un dispositivo rigenerato significa scegliere un&#039;alternativa sostenibile che garantisce un ottimo rapporto qualit\u00e0-prezzo. Grazie a un servizio professionale di ricondizionamento e a un sistema standardizzato di valutazione della qualit\u00e0, avrete la certezza di un prodotto affidabile e funzionale. Scegliere un dispositivo ricondizionato contribuisce anche alla riduzione del rifiuto elettronico, promuovendo un&#039;economia pi\u00f9 sostenibile.&lt;h2&gt;Scatola aperta&lt;\/h2&gt;&#13;<br \/>\n&lt;p&gt;Quasi nessun segno di usura. Qualit\u00e0 uguale ai nuovi. Nella maggior parte dei casi si tratta di eccedenze di produzione e scorte invendute, in cui le differenze rispetto ai dispositivi nuovi non sono percepibili.&lt;\/p&gt;&#13;<\/p>\n","protected":false},"excerpt":{"rendered":"<p>Intel Core i3-1315U (1,2 GHz), 8 GB LPDDDR5-4800, SSD 512 GB M.2 PCIe NVMe, 40,6 cm (16,0\u2033) WUXGA (1920&#215;1200) IPS AG LED 60 Hz, Intel UHD Graphics (IGP), HDMI 2.1, 2x USB-C 3.2 Gen2 (10Gbps &#8211; DisplayPort + PD), 1x USB-A 3.2 Gen2 (10Gbps), 1x USB-A 3.2 Gen1 (5Gbps), Wi-Fi 6 (2&#215;2), Bluetooth 5.2, Webcam, Backlit Kbd., 65W USB-C PD Adapter, Microsoft Windows 11 Home (64-bit)<\/p>\n","protected":false},"featured_media":103904,"template":"","meta":{"inline_featured_image":false},"product_brand":[],"product_cat":[831,996,833],"product_tag":[],"class_list":{"0":"post-103903","1":"product","2":"type-product","3":"status-publish","4":"has-post-thumbnail","6":"product_cat-laptop","7":"product_cat-portatili-i3","8":"product_cat-ricerca-preferita","9":"pa_fingerprint-no","11":"first","12":"instock","13":"purchasable","14":"product-type-simple"},"yoast_head":"<!-- This site is optimized with the Yoast SEO plugin v27.2 - https:\/\/yoast.com\/product\/yoast-seo-wordpress\/ -->\n<title>Laptop HP OmniBook 5 16-ba1005na \/ i3 \/ RAM 8 GB \/ SSD Disk \/ 16,0\u2033 WUXGA - ricondizionatipro.it<\/title>\n<meta name=\"robots\" content=\"index, follow, max-snippet:-1, max-image-preview:large, max-video-preview:-1\" \/>\n<link rel=\"canonical\" href=\"https:\/\/ricondizionatipro.it\/shop\/prodotto\/laptop-hp-omnibook-5-16-ba1005na-i3-ram-8-gb-ssd-disk-160\u2033-wuxga\/\" \/>\n<meta property=\"og:locale\" content=\"it_IT\" \/>\n<meta property=\"og:type\" content=\"article\" \/>\n<meta property=\"og:title\" content=\"Laptop HP OmniBook 5 16-ba1005na \/ i3 \/ RAM 8 GB \/ SSD Disk \/ 16,0\u2033 WUXGA - ricondizionatipro.it\" \/>\n<meta property=\"og:description\" content=\"Intel Core i3-1315U (1,2 GHz), 8 GB LPDDDR5-4800, SSD 512 GB M.2 PCIe NVMe, 40,6 cm (16,0\u2033) WUXGA (1920x1200) IPS AG LED 60 Hz, Intel UHD Graphics (IGP), HDMI 2.1, 2x USB-C 3.2 Gen2 (10Gbps - DisplayPort + PD), 1x USB-A 3.2 Gen2 (10Gbps), 1x USB-A 3.2 Gen1 (5Gbps), Wi-Fi 6 (2x2), Bluetooth 5.2, Webcam, Backlit Kbd., 65W USB-C PD Adapter, Microsoft Windows 11 Home (64-bit)\" \/>\n<meta property=\"og:url\" content=\"https:\/\/ricondizionatipro.it\/shop\/prodotto\/laptop-hp-omnibook-5-16-ba1005na-i3-ram-8-gb-ssd-disk-160\u2033-wuxga\/\" \/>\n<meta property=\"og:site_name\" content=\"ricondizionatipro.it\" \/>\n<meta property=\"article:publisher\" content=\"https:\/\/www.facebook.com\/ricondizionatipro.it\/\" \/>\n<meta property=\"og:image\" content=\"https:\/\/ricondizionatipro.it\/shop\/wp-content\/uploads\/2026\/05\/d27541d4-dfdf-48f9-8881-eeffa75237de.jpg\" \/>\n\t<meta property=\"og:image:width\" content=\"850\" \/>\n\t<meta property=\"og:image:height\" content=\"624\" \/>\n\t<meta property=\"og:image:type\" content=\"image\/png\" \/>\n<meta name=\"twitter:card\" content=\"summary_large_image\" \/>\n<meta name=\"twitter:label1\" content=\"Tempo di lettura stimato\" \/>\n\t<meta name=\"twitter:data1\" content=\"2 minuti\" \/>\n<script type=\"application\/ld+json\" class=\"yoast-schema-graph\">{\"@context\":\"https:\/\/schema.org\",\"@graph\":[{\"@type\":\"WebPage\",\"@id\":\"https:\/\/ricondizionatipro.it\/shop\/prodotto\/laptop-hp-omnibook-5-16-ba1005na-i3-ram-8-gb-ssd-disk-160%e2%80%b3-wuxga\/\",\"url\":\"https:\/\/ricondizionatipro.it\/shop\/prodotto\/laptop-hp-omnibook-5-16-ba1005na-i3-ram-8-gb-ssd-disk-160%e2%80%b3-wuxga\/\",\"name\":\"Laptop HP OmniBook 5 16-ba1005na \/ i3 \/ RAM 8 GB \/ SSD Disk \/ 16,0\u2033 WUXGA - ricondizionatipro.it\",\"isPartOf\":{\"@id\":\"https:\/\/ricondizionatipro.it\/shop\/#website\"},\"primaryImageOfPage\":{\"@id\":\"https:\/\/ricondizionatipro.it\/shop\/prodotto\/laptop-hp-omnibook-5-16-ba1005na-i3-ram-8-gb-ssd-disk-160%e2%80%b3-wuxga\/#primaryimage\"},\"image\":{\"@id\":\"https:\/\/ricondizionatipro.it\/shop\/prodotto\/laptop-hp-omnibook-5-16-ba1005na-i3-ram-8-gb-ssd-disk-160%e2%80%b3-wuxga\/#primaryimage\"},\"thumbnailUrl\":\"https:\/\/ricondizionatipro.it\/shop\/wp-content\/uploads\/2026\/05\/d27541d4-dfdf-48f9-8881-eeffa75237de.jpg\",\"datePublished\":\"2026-05-01T02:34:04+00:00\",\"breadcrumb\":{\"@id\":\"https:\/\/ricondizionatipro.it\/shop\/prodotto\/laptop-hp-omnibook-5-16-ba1005na-i3-ram-8-gb-ssd-disk-160%e2%80%b3-wuxga\/#breadcrumb\"},\"inLanguage\":\"it-IT\",\"potentialAction\":[{\"@type\":\"ReadAction\",\"target\":[\"https:\/\/ricondizionatipro.it\/shop\/prodotto\/laptop-hp-omnibook-5-16-ba1005na-i3-ram-8-gb-ssd-disk-160%e2%80%b3-wuxga\/\"]}]},{\"@type\":\"ImageObject\",\"inLanguage\":\"it-IT\",\"@id\":\"https:\/\/ricondizionatipro.it\/shop\/prodotto\/laptop-hp-omnibook-5-16-ba1005na-i3-ram-8-gb-ssd-disk-160%e2%80%b3-wuxga\/#primaryimage\",\"url\":\"https:\/\/ricondizionatipro.it\/shop\/wp-content\/uploads\/2026\/05\/d27541d4-dfdf-48f9-8881-eeffa75237de.jpg\",\"contentUrl\":\"https:\/\/ricondizionatipro.it\/shop\/wp-content\/uploads\/2026\/05\/d27541d4-dfdf-48f9-8881-eeffa75237de.jpg\",\"width\":850,\"height\":624},{\"@type\":\"BreadcrumbList\",\"@id\":\"https:\/\/ricondizionatipro.it\/shop\/prodotto\/laptop-hp-omnibook-5-16-ba1005na-i3-ram-8-gb-ssd-disk-160%e2%80%b3-wuxga\/#breadcrumb\",\"itemListElement\":[{\"@type\":\"ListItem\",\"position\":1,\"name\":\"Home\",\"item\":\"https:\/\/ricondizionatipro.it\/shop\/\"},{\"@type\":\"ListItem\",\"position\":2,\"name\":\"Laptop HP OmniBook 5 16-ba1005na \/ i3 \/ RAM 8 GB \/ SSD Disk \/ 16,0\u2033 WUXGA\"}]},{\"@type\":\"WebSite\",\"@id\":\"https:\/\/ricondizionatipro.it\/shop\/#website\",\"url\":\"https:\/\/ricondizionatipro.it\/shop\/\",\"name\":\"ricondizionatipro.it\",\"description\":\"computer professionali ricondizionati garantiti\",\"publisher\":{\"@id\":\"https:\/\/ricondizionatipro.it\/shop\/#organization\"},\"potentialAction\":[{\"@type\":\"SearchAction\",\"target\":{\"@type\":\"EntryPoint\",\"urlTemplate\":\"https:\/\/ricondizionatipro.it\/shop\/?s={search_term_string}\"},\"query-input\":{\"@type\":\"PropertyValueSpecification\",\"valueRequired\":true,\"valueName\":\"search_term_string\"}}],\"inLanguage\":\"it-IT\"},{\"@type\":\"Organization\",\"@id\":\"https:\/\/ricondizionatipro.it\/shop\/#organization\",\"name\":\"ricondizionatipro.it\",\"url\":\"https:\/\/ricondizionatipro.it\/shop\/\",\"logo\":{\"@type\":\"ImageObject\",\"inLanguage\":\"it-IT\",\"@id\":\"https:\/\/ricondizionatipro.it\/shop\/#\/schema\/logo\/image\/\",\"url\":\"https:\/\/i0.wp.com\/ricondizionatipro.it\/shop\/wp-content\/uploads\/2022\/04\/ricondizionati-pro-logo-trasparente.png?fit=2309%2C1910&ssl=1\",\"contentUrl\":\"https:\/\/i0.wp.com\/ricondizionatipro.it\/shop\/wp-content\/uploads\/2022\/04\/ricondizionati-pro-logo-trasparente.png?fit=2309%2C1910&ssl=1\",\"width\":2309,\"height\":1910,\"caption\":\"ricondizionatipro.it\"},\"image\":{\"@id\":\"https:\/\/ricondizionatipro.it\/shop\/#\/schema\/logo\/image\/\"},\"sameAs\":[\"https:\/\/www.facebook.com\/ricondizionatipro.it\/\",\"https:\/\/www.instagram.com\/ricondizionatipro.it\/\"]}]}<\/script>\n<!-- \/ Yoast SEO plugin. -->","yoast_head_json":{"title":"Laptop HP OmniBook 5 16-ba1005na \/ i3 \/ RAM 8 GB \/ SSD Disk \/ 16,0\u2033 WUXGA - ricondizionatipro.it","robots":{"index":"index","follow":"follow","max-snippet":"max-snippet:-1","max-image-preview":"max-image-preview:large","max-video-preview":"max-video-preview:-1"},"canonical":"https:\/\/ricondizionatipro.it\/shop\/prodotto\/laptop-hp-omnibook-5-16-ba1005na-i3-ram-8-gb-ssd-disk-160\u2033-wuxga\/","og_locale":"it_IT","og_type":"article","og_title":"Laptop HP OmniBook 5 16-ba1005na \/ i3 \/ RAM 8 GB \/ SSD Disk \/ 16,0\u2033 WUXGA - ricondizionatipro.it","og_description":"Intel Core i3-1315U (1,2 GHz), 8 GB LPDDDR5-4800, SSD 512 GB M.2 PCIe NVMe, 40,6 cm (16,0\u2033) WUXGA (1920x1200) IPS AG LED 60 Hz, Intel UHD Graphics (IGP), HDMI 2.1, 2x USB-C 3.2 Gen2 (10Gbps - DisplayPort + PD), 1x USB-A 3.2 Gen2 (10Gbps), 1x USB-A 3.2 Gen1 (5Gbps), Wi-Fi 6 (2x2), Bluetooth 5.2, Webcam, Backlit Kbd., 65W USB-C PD Adapter, Microsoft Windows 11 Home (64-bit)","og_url":"https:\/\/ricondizionatipro.it\/shop\/prodotto\/laptop-hp-omnibook-5-16-ba1005na-i3-ram-8-gb-ssd-disk-160\u2033-wuxga\/","og_site_name":"ricondizionatipro.it","article_publisher":"https:\/\/www.facebook.com\/ricondizionatipro.it\/","og_image":[{"width":850,"height":624,"url":"https:\/\/ricondizionatipro.it\/shop\/wp-content\/uploads\/2026\/05\/d27541d4-dfdf-48f9-8881-eeffa75237de.jpg","type":"image\/png"}],"twitter_card":"summary_large_image","twitter_misc":{"Tempo di lettura stimato":"2 minuti"},"schema":{"@context":"https:\/\/schema.org","@graph":[{"@type":"WebPage","@id":"https:\/\/ricondizionatipro.it\/shop\/prodotto\/laptop-hp-omnibook-5-16-ba1005na-i3-ram-8-gb-ssd-disk-160%e2%80%b3-wuxga\/","url":"https:\/\/ricondizionatipro.it\/shop\/prodotto\/laptop-hp-omnibook-5-16-ba1005na-i3-ram-8-gb-ssd-disk-160%e2%80%b3-wuxga\/","name":"Laptop HP OmniBook 5 16-ba1005na \/ i3 \/ RAM 8 GB \/ SSD Disk \/ 16,0\u2033 WUXGA - ricondizionatipro.it","isPartOf":{"@id":"https:\/\/ricondizionatipro.it\/shop\/#website"},"primaryImageOfPage":{"@id":"https:\/\/ricondizionatipro.it\/shop\/prodotto\/laptop-hp-omnibook-5-16-ba1005na-i3-ram-8-gb-ssd-disk-160%e2%80%b3-wuxga\/#primaryimage"},"image":{"@id":"https:\/\/ricondizionatipro.it\/shop\/prodotto\/laptop-hp-omnibook-5-16-ba1005na-i3-ram-8-gb-ssd-disk-160%e2%80%b3-wuxga\/#primaryimage"},"thumbnailUrl":"https:\/\/ricondizionatipro.it\/shop\/wp-content\/uploads\/2026\/05\/d27541d4-dfdf-48f9-8881-eeffa75237de.jpg","datePublished":"2026-05-01T02:34:04+00:00","breadcrumb":{"@id":"https:\/\/ricondizionatipro.it\/shop\/prodotto\/laptop-hp-omnibook-5-16-ba1005na-i3-ram-8-gb-ssd-disk-160%e2%80%b3-wuxga\/#breadcrumb"},"inLanguage":"it-IT","potentialAction":[{"@type":"ReadAction","target":["https:\/\/ricondizionatipro.it\/shop\/prodotto\/laptop-hp-omnibook-5-16-ba1005na-i3-ram-8-gb-ssd-disk-160%e2%80%b3-wuxga\/"]}]},{"@type":"ImageObject","inLanguage":"it-IT","@id":"https:\/\/ricondizionatipro.it\/shop\/prodotto\/laptop-hp-omnibook-5-16-ba1005na-i3-ram-8-gb-ssd-disk-160%e2%80%b3-wuxga\/#primaryimage","url":"https:\/\/ricondizionatipro.it\/shop\/wp-content\/uploads\/2026\/05\/d27541d4-dfdf-48f9-8881-eeffa75237de.jpg","contentUrl":"https:\/\/ricondizionatipro.it\/shop\/wp-content\/uploads\/2026\/05\/d27541d4-dfdf-48f9-8881-eeffa75237de.jpg","width":850,"height":624},{"@type":"BreadcrumbList","@id":"https:\/\/ricondizionatipro.it\/shop\/prodotto\/laptop-hp-omnibook-5-16-ba1005na-i3-ram-8-gb-ssd-disk-160%e2%80%b3-wuxga\/#breadcrumb","itemListElement":[{"@type":"ListItem","position":1,"name":"Home","item":"https:\/\/ricondizionatipro.it\/shop\/"},{"@type":"ListItem","position":2,"name":"Laptop HP OmniBook 5 16-ba1005na \/ i3 \/ RAM 8 GB \/ SSD Disk \/ 16,0\u2033 WUXGA"}]},{"@type":"WebSite","@id":"https:\/\/ricondizionatipro.it\/shop\/#website","url":"https:\/\/ricondizionatipro.it\/shop\/","name":"ricondizionatipro.it","description":"computer professionali ricondizionati garantiti","publisher":{"@id":"https:\/\/ricondizionatipro.it\/shop\/#organization"},"potentialAction":[{"@type":"SearchAction","target":{"@type":"EntryPoint","urlTemplate":"https:\/\/ricondizionatipro.it\/shop\/?s={search_term_string}"},"query-input":{"@type":"PropertyValueSpecification","valueRequired":true,"valueName":"search_term_string"}}],"inLanguage":"it-IT"},{"@type":"Organization","@id":"https:\/\/ricondizionatipro.it\/shop\/#organization","name":"ricondizionatipro.it","url":"https:\/\/ricondizionatipro.it\/shop\/","logo":{"@type":"ImageObject","inLanguage":"it-IT","@id":"https:\/\/ricondizionatipro.it\/shop\/#\/schema\/logo\/image\/","url":"https:\/\/i0.wp.com\/ricondizionatipro.it\/shop\/wp-content\/uploads\/2022\/04\/ricondizionati-pro-logo-trasparente.png?fit=2309%2C1910&ssl=1","contentUrl":"https:\/\/i0.wp.com\/ricondizionatipro.it\/shop\/wp-content\/uploads\/2022\/04\/ricondizionati-pro-logo-trasparente.png?fit=2309%2C1910&ssl=1","width":2309,"height":1910,"caption":"ricondizionatipro.it"},"image":{"@id":"https:\/\/ricondizionatipro.it\/shop\/#\/schema\/logo\/image\/"},"sameAs":["https:\/\/www.facebook.com\/ricondizionatipro.it\/","https:\/\/www.instagram.com\/ricondizionatipro.it\/"]}]}},"acf":[],"_links":{"self":[{"href":"https:\/\/ricondizionatipro.it\/shop\/wp-json\/wp\/v2\/product\/103903","targetHints":{"allow":["GET"]}}],"collection":[{"href":"https:\/\/ricondizionatipro.it\/shop\/wp-json\/wp\/v2\/product"}],"about":[{"href":"https:\/\/ricondizionatipro.it\/shop\/wp-json\/wp\/v2\/types\/product"}],"wp:featuredmedia":[{"embeddable":true,"href":"https:\/\/ricondizionatipro.it\/shop\/wp-json\/wp\/v2\/media\/103904"}],"wp:attachment":[{"href":"https:\/\/ricondizionatipro.it\/shop\/wp-json\/wp\/v2\/media?parent=103903"}],"wp:term":[{"taxonomy":"product_brand","embeddable":true,"href":"https:\/\/ricondizionatipro.it\/shop\/wp-json\/wp\/v2\/product_brand?post=103903"},{"taxonomy":"product_cat","embeddable":true,"href":"https:\/\/ricondizionatipro.it\/shop\/wp-json\/wp\/v2\/product_cat?post=103903"},{"taxonomy":"product_tag","embeddable":true,"href":"https:\/\/ricondizionatipro.it\/shop\/wp-json\/wp\/v2\/product_tag?post=103903"}],"curies":[{"name":"wp","href":"https:\/\/api.w.org\/{rel}","templated":true}]}}