{"id":103885,"date":"2026-05-01T04:34:02","date_gmt":"2026-05-01T02:34:02","guid":{"rendered":"https:\/\/ricondizionatipro.it\/shop\/prodotto\/laptop-hp-15-fc0250nm-r5-7520u-win-10-pro-amd-ryzen-5-ram-16-gb-ssd-disk-156%e2%80%b3-fhd\/"},"modified":"2026-05-01T04:34:02","modified_gmt":"2026-05-01T02:34:02","slug":"laptop-hp-15-fc0250nm-r5-7520u-win-10-pro-amd-ryzen-5-ram-16-gb-ssd-disk-156%e2%80%b3-fhd","status":"publish","type":"product","link":"https:\/\/ricondizionatipro.it\/shop\/prodotto\/laptop-hp-15-fc0250nm-r5-7520u-win-10-pro-amd-ryzen-5-ram-16-gb-ssd-disk-156%e2%80%b3-fhd\/","title":{"rendered":"Laptop HP 15-fc0250nm | R5-7520U | Win 10 Pro \/ AMD Ryzen\u2122 5 \/ RAM 16 GB \/ SSD Disk \/ 15,6\u2033 FHD"},"content":{"rendered":"<p>Il Laptop HP 15-fc0250nm combina prestazioni eccellenti con un design elegante e funzionale. Dotato di un ampio schermo da 15,6\u2033 FHD, offre un&#039;esperienza visiva vibrante e dettagliata, ideale per il lavoro e l&#039;intrattenimento. Questo dispositivo \u00e8 perfetto per chi cerca affidabilit\u00e0 e velocit\u00e0 in ogni attivit\u00e0 quotidiana.<\/p>\n<p>&lt;H2&gt;Principali vantaggi&lt;\/H2&gt;<br \/>\n&lt;ul&gt;<br \/>\n  &lt;li&gt;Processore &lt;b&gt;Ryzen 5&lt;\/b&gt; per un multitasking fluido e produttivit\u00e0 avanzata&lt;\/li&gt;<br \/>\n  &lt;li&gt;&lt;b&gt;Schermo FHD&lt;\/b&gt; da 15,6\u2033 per una visione cristallina&lt;\/li&gt;<br \/>\n  &lt;li&gt;&lt;b&gt;SSD veloce&lt;\/b&gt; con tecnologia &lt;u&gt;NVMe&lt;\/u&gt;, che assicura tempi di caricamento fulminei e una velocit\u00e0 di trasferimento dati superiori&lt;\/li&gt;<br \/>\n  &lt;li&gt;Connessioni versatili grazie a &lt;b&gt;HDMI e USB-C&lt;\/b&gt;&lt;\/li&gt;<br \/>\n  &lt;li&gt;&lt;b&gt;Wi-Fi 6&lt;\/b&gt; e &lt;b&gt;Bluetooth 5.4&lt;\/b&gt; per una connessione wireless ultraveloce&lt;\/li&gt;<br \/>\n&lt;\/ul&gt;<\/p>\n<p>&lt;H2&gt;Chi acquista questo prodotto&lt;\/H2&gt;<br \/>\nQuesto laptop \u00e8 ideale per studenti, professionisti e creativi alla ricerca di una macchina potente e affidabile. Perfetto per l&#039;uso in ufficio, a scuola o a casa, offre la versatilit\u00e0 necessaria per svolgere un&#039;ampia gamma di compiti, dalla scrittura e l&#039;elaborazione di dati all&#039;editing di immagini e video.<\/p>\n<p>&lt;H2&gt;Possibilit\u00e0 di aggiornamento&lt;\/H2&gt;<br \/>\nIl dispositivo supporta miglioramenti hardware per futura espansione della memoria e del disco, aumentando la longevit\u00e0 e le prestazioni dell&#039;apparecchio. &lt;b&gt;Consultate sempre un esperto prima di eseguire l&#039;aggiornamento&lt;\/b&gt;.<\/p>\n<p>&lt;H2&gt;Perch\u00e9 scegliere un dispositivo ricondizionato&lt;\/H2&gt;<br \/>\nOptare per un dispositivo ricondizionato \u00e8 una scelta intelligente ed ecologica. Questo laptop ha superato un processo di ricondizionamento professionale e rigorosi controlli di qualit\u00e0. Grazie al sistema standardizzato di valutazione, riceverai una macchina che garantisce efficienza e durata. Scegliendo un dispositivo ricondizionato, contribuisci a ridurre l&#039;impatto ambientale sostenendo un ciclo di vita pi\u00f9 lungo per i prodotti tecnologici.&lt;h2&gt;Scatola aperta&lt;\/h2&gt;&#13;<br \/>\n&lt;p&gt;Quasi nessun segno di usura. Qualit\u00e0 uguale ai nuovi. Nella maggior parte dei casi si tratta di eccedenze di produzione e scorte invendute, in cui le differenze rispetto ai dispositivi nuovi non sono percepibili.&lt;\/p&gt;&#13;<\/p>\n","protected":false},"excerpt":{"rendered":"<p>AMD Ryzen 5 7520U (2,8 GHz), 16 GB LPDDR5-5500, SSD 512 GB M.2 PCIe NVMe, 39,6 cm (15,6\u2033) FHD (1920&#215;1080) AG LED 60 Hz, AMD Radeon Graphics (IGP), 1x HDMI 1.4b, 1x USB-C 3.2 Gen1 (5Gbps), 2x USB-A 3.2 Gen1 (5Gbps),  no ODD, Wi-Fi 6 (2&#215;2), Bluetooth 5.4, Webcam, Std. Kbd.,\u00a0Microsoft Windows 10 Pro (64-bit)<\/p>\n","protected":false},"featured_media":103886,"template":"","meta":{"inline_featured_image":false},"product_brand":[],"product_cat":[831,895,833],"product_tag":[],"class_list":{"0":"post-103885","1":"product","2":"type-product","3":"status-publish","4":"has-post-thumbnail","6":"product_cat-laptop","7":"product_cat-portatili-15-inch","8":"product_cat-ricerca-preferita","9":"pa_fingerprint-no","11":"first","12":"instock","13":"purchasable","14":"product-type-simple"},"yoast_head":"<!-- This site is optimized with the Yoast SEO plugin v27.2 - https:\/\/yoast.com\/product\/yoast-seo-wordpress\/ -->\n<title>Laptop HP 15-fc0250nm | R5-7520U | Win 10 Pro \/ AMD Ryzen\u2122 5 \/ RAM 16 GB \/ SSD Disk \/ 15,6\u2033 FHD - ricondizionatipro.it<\/title>\n<meta name=\"robots\" content=\"index, follow, max-snippet:-1, max-image-preview:large, max-video-preview:-1\" \/>\n<link rel=\"canonical\" href=\"https:\/\/ricondizionatipro.it\/shop\/prodotto\/laptop-hp-15-fc0250nm-r5-7520u-win-10-pro-amd-ryzen-5-ram-16-gb-ssd-disk-156\u2033-fhd\/\" \/>\n<meta property=\"og:locale\" content=\"it_IT\" \/>\n<meta property=\"og:type\" content=\"article\" \/>\n<meta property=\"og:title\" content=\"Laptop HP 15-fc0250nm | R5-7520U | Win 10 Pro \/ AMD Ryzen\u2122 5 \/ RAM 16 GB \/ SSD Disk \/ 15,6\u2033 FHD - ricondizionatipro.it\" \/>\n<meta property=\"og:description\" content=\"AMD Ryzen 5 7520U (2,8 GHz), 16 GB LPDDR5-5500, SSD 512 GB M.2 PCIe NVMe, 39,6 cm (15,6\u2033) FHD (1920x1080) AG LED 60 Hz, AMD Radeon Graphics (IGP), 1x HDMI 1.4b, 1x USB-C 3.2 Gen1 (5Gbps), 2x USB-A 3.2 Gen1 (5Gbps), no ODD, Wi-Fi 6 (2x2), Bluetooth 5.4, Webcam, Std. Kbd.,\u00a0Microsoft Windows 10 Pro (64-bit)\" \/>\n<meta property=\"og:url\" content=\"https:\/\/ricondizionatipro.it\/shop\/prodotto\/laptop-hp-15-fc0250nm-r5-7520u-win-10-pro-amd-ryzen-5-ram-16-gb-ssd-disk-156\u2033-fhd\/\" \/>\n<meta property=\"og:site_name\" content=\"ricondizionatipro.it\" \/>\n<meta property=\"article:publisher\" content=\"https:\/\/www.facebook.com\/ricondizionatipro.it\/\" \/>\n<meta property=\"og:image\" content=\"https:\/\/ricondizionatipro.it\/shop\/wp-content\/uploads\/2026\/05\/663c7db8-68ba-41c0-97d3-c1c7032fe72c.jpg\" \/>\n\t<meta property=\"og:image:width\" content=\"850\" \/>\n\t<meta property=\"og:image:height\" content=\"638\" \/>\n\t<meta property=\"og:image:type\" content=\"image\/png\" \/>\n<meta name=\"twitter:card\" content=\"summary_large_image\" \/>\n<meta name=\"twitter:label1\" content=\"Tempo di lettura stimato\" \/>\n\t<meta name=\"twitter:data1\" content=\"2 minuti\" \/>\n<script type=\"application\/ld+json\" class=\"yoast-schema-graph\">{\"@context\":\"https:\/\/schema.org\",\"@graph\":[{\"@type\":\"WebPage\",\"@id\":\"https:\/\/ricondizionatipro.it\/shop\/prodotto\/laptop-hp-15-fc0250nm-r5-7520u-win-10-pro-amd-ryzen-5-ram-16-gb-ssd-disk-156%e2%80%b3-fhd\/\",\"url\":\"https:\/\/ricondizionatipro.it\/shop\/prodotto\/laptop-hp-15-fc0250nm-r5-7520u-win-10-pro-amd-ryzen-5-ram-16-gb-ssd-disk-156%e2%80%b3-fhd\/\",\"name\":\"Laptop HP 15-fc0250nm | R5-7520U | Win 10 Pro \/ AMD Ryzen\u2122 5 \/ RAM 16 GB \/ SSD Disk \/ 15,6\u2033 FHD - ricondizionatipro.it\",\"isPartOf\":{\"@id\":\"https:\/\/ricondizionatipro.it\/shop\/#website\"},\"primaryImageOfPage\":{\"@id\":\"https:\/\/ricondizionatipro.it\/shop\/prodotto\/laptop-hp-15-fc0250nm-r5-7520u-win-10-pro-amd-ryzen-5-ram-16-gb-ssd-disk-156%e2%80%b3-fhd\/#primaryimage\"},\"image\":{\"@id\":\"https:\/\/ricondizionatipro.it\/shop\/prodotto\/laptop-hp-15-fc0250nm-r5-7520u-win-10-pro-amd-ryzen-5-ram-16-gb-ssd-disk-156%e2%80%b3-fhd\/#primaryimage\"},\"thumbnailUrl\":\"https:\/\/ricondizionatipro.it\/shop\/wp-content\/uploads\/2026\/05\/663c7db8-68ba-41c0-97d3-c1c7032fe72c.jpg\",\"datePublished\":\"2026-05-01T02:34:02+00:00\",\"breadcrumb\":{\"@id\":\"https:\/\/ricondizionatipro.it\/shop\/prodotto\/laptop-hp-15-fc0250nm-r5-7520u-win-10-pro-amd-ryzen-5-ram-16-gb-ssd-disk-156%e2%80%b3-fhd\/#breadcrumb\"},\"inLanguage\":\"it-IT\",\"potentialAction\":[{\"@type\":\"ReadAction\",\"target\":[\"https:\/\/ricondizionatipro.it\/shop\/prodotto\/laptop-hp-15-fc0250nm-r5-7520u-win-10-pro-amd-ryzen-5-ram-16-gb-ssd-disk-156%e2%80%b3-fhd\/\"]}]},{\"@type\":\"ImageObject\",\"inLanguage\":\"it-IT\",\"@id\":\"https:\/\/ricondizionatipro.it\/shop\/prodotto\/laptop-hp-15-fc0250nm-r5-7520u-win-10-pro-amd-ryzen-5-ram-16-gb-ssd-disk-156%e2%80%b3-fhd\/#primaryimage\",\"url\":\"https:\/\/ricondizionatipro.it\/shop\/wp-content\/uploads\/2026\/05\/663c7db8-68ba-41c0-97d3-c1c7032fe72c.jpg\",\"contentUrl\":\"https:\/\/ricondizionatipro.it\/shop\/wp-content\/uploads\/2026\/05\/663c7db8-68ba-41c0-97d3-c1c7032fe72c.jpg\",\"width\":850,\"height\":638},{\"@type\":\"BreadcrumbList\",\"@id\":\"https:\/\/ricondizionatipro.it\/shop\/prodotto\/laptop-hp-15-fc0250nm-r5-7520u-win-10-pro-amd-ryzen-5-ram-16-gb-ssd-disk-156%e2%80%b3-fhd\/#breadcrumb\",\"itemListElement\":[{\"@type\":\"ListItem\",\"position\":1,\"name\":\"Home\",\"item\":\"https:\/\/ricondizionatipro.it\/shop\/\"},{\"@type\":\"ListItem\",\"position\":2,\"name\":\"Laptop HP 15-fc0250nm | R5-7520U | Win 10 Pro \/ AMD Ryzen\u2122 5 \/ RAM 16 GB \/ SSD Disk \/ 15,6\u2033 FHD\"}]},{\"@type\":\"WebSite\",\"@id\":\"https:\/\/ricondizionatipro.it\/shop\/#website\",\"url\":\"https:\/\/ricondizionatipro.it\/shop\/\",\"name\":\"ricondizionatipro.it\",\"description\":\"computer professionali ricondizionati garantiti\",\"publisher\":{\"@id\":\"https:\/\/ricondizionatipro.it\/shop\/#organization\"},\"potentialAction\":[{\"@type\":\"SearchAction\",\"target\":{\"@type\":\"EntryPoint\",\"urlTemplate\":\"https:\/\/ricondizionatipro.it\/shop\/?s={search_term_string}\"},\"query-input\":{\"@type\":\"PropertyValueSpecification\",\"valueRequired\":true,\"valueName\":\"search_term_string\"}}],\"inLanguage\":\"it-IT\"},{\"@type\":\"Organization\",\"@id\":\"https:\/\/ricondizionatipro.it\/shop\/#organization\",\"name\":\"ricondizionatipro.it\",\"url\":\"https:\/\/ricondizionatipro.it\/shop\/\",\"logo\":{\"@type\":\"ImageObject\",\"inLanguage\":\"it-IT\",\"@id\":\"https:\/\/ricondizionatipro.it\/shop\/#\/schema\/logo\/image\/\",\"url\":\"https:\/\/i0.wp.com\/ricondizionatipro.it\/shop\/wp-content\/uploads\/2022\/04\/ricondizionati-pro-logo-trasparente.png?fit=2309%2C1910&ssl=1\",\"contentUrl\":\"https:\/\/i0.wp.com\/ricondizionatipro.it\/shop\/wp-content\/uploads\/2022\/04\/ricondizionati-pro-logo-trasparente.png?fit=2309%2C1910&ssl=1\",\"width\":2309,\"height\":1910,\"caption\":\"ricondizionatipro.it\"},\"image\":{\"@id\":\"https:\/\/ricondizionatipro.it\/shop\/#\/schema\/logo\/image\/\"},\"sameAs\":[\"https:\/\/www.facebook.com\/ricondizionatipro.it\/\",\"https:\/\/www.instagram.com\/ricondizionatipro.it\/\"]}]}<\/script>\n<!-- \/ Yoast SEO plugin. -->","yoast_head_json":{"title":"Laptop HP 15-fc0250nm | R5-7520U | Win 10 Pro \/ AMD Ryzen\u2122 5 \/ RAM 16 GB \/ SSD Disk \/ 15,6\u2033 FHD - ricondizionatipro.it","robots":{"index":"index","follow":"follow","max-snippet":"max-snippet:-1","max-image-preview":"max-image-preview:large","max-video-preview":"max-video-preview:-1"},"canonical":"https:\/\/ricondizionatipro.it\/shop\/prodotto\/laptop-hp-15-fc0250nm-r5-7520u-win-10-pro-amd-ryzen-5-ram-16-gb-ssd-disk-156\u2033-fhd\/","og_locale":"it_IT","og_type":"article","og_title":"Laptop HP 15-fc0250nm | R5-7520U | Win 10 Pro \/ AMD Ryzen\u2122 5 \/ RAM 16 GB \/ SSD Disk \/ 15,6\u2033 FHD - ricondizionatipro.it","og_description":"AMD Ryzen 5 7520U (2,8 GHz), 16 GB LPDDR5-5500, SSD 512 GB M.2 PCIe NVMe, 39,6 cm (15,6\u2033) FHD (1920x1080) AG LED 60 Hz, AMD Radeon Graphics (IGP), 1x HDMI 1.4b, 1x USB-C 3.2 Gen1 (5Gbps), 2x USB-A 3.2 Gen1 (5Gbps), no ODD, Wi-Fi 6 (2x2), Bluetooth 5.4, Webcam, Std. Kbd.,\u00a0Microsoft Windows 10 Pro (64-bit)","og_url":"https:\/\/ricondizionatipro.it\/shop\/prodotto\/laptop-hp-15-fc0250nm-r5-7520u-win-10-pro-amd-ryzen-5-ram-16-gb-ssd-disk-156\u2033-fhd\/","og_site_name":"ricondizionatipro.it","article_publisher":"https:\/\/www.facebook.com\/ricondizionatipro.it\/","og_image":[{"width":850,"height":638,"url":"https:\/\/ricondizionatipro.it\/shop\/wp-content\/uploads\/2026\/05\/663c7db8-68ba-41c0-97d3-c1c7032fe72c.jpg","type":"image\/png"}],"twitter_card":"summary_large_image","twitter_misc":{"Tempo di lettura stimato":"2 minuti"},"schema":{"@context":"https:\/\/schema.org","@graph":[{"@type":"WebPage","@id":"https:\/\/ricondizionatipro.it\/shop\/prodotto\/laptop-hp-15-fc0250nm-r5-7520u-win-10-pro-amd-ryzen-5-ram-16-gb-ssd-disk-156%e2%80%b3-fhd\/","url":"https:\/\/ricondizionatipro.it\/shop\/prodotto\/laptop-hp-15-fc0250nm-r5-7520u-win-10-pro-amd-ryzen-5-ram-16-gb-ssd-disk-156%e2%80%b3-fhd\/","name":"Laptop HP 15-fc0250nm | R5-7520U | Win 10 Pro \/ AMD Ryzen\u2122 5 \/ RAM 16 GB \/ SSD Disk \/ 15,6\u2033 FHD - ricondizionatipro.it","isPartOf":{"@id":"https:\/\/ricondizionatipro.it\/shop\/#website"},"primaryImageOfPage":{"@id":"https:\/\/ricondizionatipro.it\/shop\/prodotto\/laptop-hp-15-fc0250nm-r5-7520u-win-10-pro-amd-ryzen-5-ram-16-gb-ssd-disk-156%e2%80%b3-fhd\/#primaryimage"},"image":{"@id":"https:\/\/ricondizionatipro.it\/shop\/prodotto\/laptop-hp-15-fc0250nm-r5-7520u-win-10-pro-amd-ryzen-5-ram-16-gb-ssd-disk-156%e2%80%b3-fhd\/#primaryimage"},"thumbnailUrl":"https:\/\/ricondizionatipro.it\/shop\/wp-content\/uploads\/2026\/05\/663c7db8-68ba-41c0-97d3-c1c7032fe72c.jpg","datePublished":"2026-05-01T02:34:02+00:00","breadcrumb":{"@id":"https:\/\/ricondizionatipro.it\/shop\/prodotto\/laptop-hp-15-fc0250nm-r5-7520u-win-10-pro-amd-ryzen-5-ram-16-gb-ssd-disk-156%e2%80%b3-fhd\/#breadcrumb"},"inLanguage":"it-IT","potentialAction":[{"@type":"ReadAction","target":["https:\/\/ricondizionatipro.it\/shop\/prodotto\/laptop-hp-15-fc0250nm-r5-7520u-win-10-pro-amd-ryzen-5-ram-16-gb-ssd-disk-156%e2%80%b3-fhd\/"]}]},{"@type":"ImageObject","inLanguage":"it-IT","@id":"https:\/\/ricondizionatipro.it\/shop\/prodotto\/laptop-hp-15-fc0250nm-r5-7520u-win-10-pro-amd-ryzen-5-ram-16-gb-ssd-disk-156%e2%80%b3-fhd\/#primaryimage","url":"https:\/\/ricondizionatipro.it\/shop\/wp-content\/uploads\/2026\/05\/663c7db8-68ba-41c0-97d3-c1c7032fe72c.jpg","contentUrl":"https:\/\/ricondizionatipro.it\/shop\/wp-content\/uploads\/2026\/05\/663c7db8-68ba-41c0-97d3-c1c7032fe72c.jpg","width":850,"height":638},{"@type":"BreadcrumbList","@id":"https:\/\/ricondizionatipro.it\/shop\/prodotto\/laptop-hp-15-fc0250nm-r5-7520u-win-10-pro-amd-ryzen-5-ram-16-gb-ssd-disk-156%e2%80%b3-fhd\/#breadcrumb","itemListElement":[{"@type":"ListItem","position":1,"name":"Home","item":"https:\/\/ricondizionatipro.it\/shop\/"},{"@type":"ListItem","position":2,"name":"Laptop HP 15-fc0250nm | R5-7520U | Win 10 Pro \/ AMD Ryzen\u2122 5 \/ RAM 16 GB \/ SSD Disk \/ 15,6\u2033 FHD"}]},{"@type":"WebSite","@id":"https:\/\/ricondizionatipro.it\/shop\/#website","url":"https:\/\/ricondizionatipro.it\/shop\/","name":"ricondizionatipro.it","description":"computer professionali ricondizionati garantiti","publisher":{"@id":"https:\/\/ricondizionatipro.it\/shop\/#organization"},"potentialAction":[{"@type":"SearchAction","target":{"@type":"EntryPoint","urlTemplate":"https:\/\/ricondizionatipro.it\/shop\/?s={search_term_string}"},"query-input":{"@type":"PropertyValueSpecification","valueRequired":true,"valueName":"search_term_string"}}],"inLanguage":"it-IT"},{"@type":"Organization","@id":"https:\/\/ricondizionatipro.it\/shop\/#organization","name":"ricondizionatipro.it","url":"https:\/\/ricondizionatipro.it\/shop\/","logo":{"@type":"ImageObject","inLanguage":"it-IT","@id":"https:\/\/ricondizionatipro.it\/shop\/#\/schema\/logo\/image\/","url":"https:\/\/i0.wp.com\/ricondizionatipro.it\/shop\/wp-content\/uploads\/2022\/04\/ricondizionati-pro-logo-trasparente.png?fit=2309%2C1910&ssl=1","contentUrl":"https:\/\/i0.wp.com\/ricondizionatipro.it\/shop\/wp-content\/uploads\/2022\/04\/ricondizionati-pro-logo-trasparente.png?fit=2309%2C1910&ssl=1","width":2309,"height":1910,"caption":"ricondizionatipro.it"},"image":{"@id":"https:\/\/ricondizionatipro.it\/shop\/#\/schema\/logo\/image\/"},"sameAs":["https:\/\/www.facebook.com\/ricondizionatipro.it\/","https:\/\/www.instagram.com\/ricondizionatipro.it\/"]}]}},"acf":[],"_links":{"self":[{"href":"https:\/\/ricondizionatipro.it\/shop\/wp-json\/wp\/v2\/product\/103885","targetHints":{"allow":["GET"]}}],"collection":[{"href":"https:\/\/ricondizionatipro.it\/shop\/wp-json\/wp\/v2\/product"}],"about":[{"href":"https:\/\/ricondizionatipro.it\/shop\/wp-json\/wp\/v2\/types\/product"}],"wp:featuredmedia":[{"embeddable":true,"href":"https:\/\/ricondizionatipro.it\/shop\/wp-json\/wp\/v2\/media\/103886"}],"wp:attachment":[{"href":"https:\/\/ricondizionatipro.it\/shop\/wp-json\/wp\/v2\/media?parent=103885"}],"wp:term":[{"taxonomy":"product_brand","embeddable":true,"href":"https:\/\/ricondizionatipro.it\/shop\/wp-json\/wp\/v2\/product_brand?post=103885"},{"taxonomy":"product_cat","embeddable":true,"href":"https:\/\/ricondizionatipro.it\/shop\/wp-json\/wp\/v2\/product_cat?post=103885"},{"taxonomy":"product_tag","embeddable":true,"href":"https:\/\/ricondizionatipro.it\/shop\/wp-json\/wp\/v2\/product_tag?post=103885"}],"curies":[{"name":"wp","href":"https:\/\/api.w.org\/{rel}","templated":true}]}}