{"id":103757,"date":"2026-04-30T04:31:02","date_gmt":"2026-04-30T02:31:02","guid":{"rendered":"https:\/\/ricondizionatipro.it\/shop\/prodotto\/laptop-hp-14-em0023ne-ryzen-5-7520u-8gb-ssd-512gb-amd-ryzen-5-ram-8-gb-ssd-disk-140%e2%80%b3-fhd\/"},"modified":"2026-04-30T04:31:03","modified_gmt":"2026-04-30T02:31:03","slug":"laptop-hp-14-em0023ne-ryzen-5-7520u-8gb-ssd-512gb-amd-ryzen-5-ram-8-gb-ssd-disk-140%e2%80%b3-fhd","status":"publish","type":"product","link":"https:\/\/ricondizionatipro.it\/shop\/prodotto\/laptop-hp-14-em0023ne-ryzen-5-7520u-8gb-ssd-512gb-amd-ryzen-5-ram-8-gb-ssd-disk-140%e2%80%b3-fhd\/","title":{"rendered":"Laptop HP 14-em0023ne | Ryzen 5 7520U | 8GB | SSD 512GB \/ AMD Ryzen\u2122 5 \/ RAM 8 GB \/ SSD Disk \/ 14,0\u2033 FHD"},"content":{"rendered":"<p>Il Prenosnik HP 14-em0023ne \u00e8 un laptop potente e versatile, progettato per offrire una fantastica esperienza di computing. Con uno schermo FHD da 14 pollici, combina prestazioni e portabilit\u00e0 per soddisfare le esigenze quotidiane di lavoro e intrattenimento.<\/p>\n<p>&lt;H2&gt;Principali vantaggi&lt;\/H2&gt;<br \/>\n&lt;ul&gt;<br \/>\n    &lt;li&gt;&lt;b&gt;Prestazioni elevate:&lt;\/b&gt; dotato di un processore Ryzen 5 e memoria veloce, garantisce reattivit\u00e0 e multitasking fluido.&lt;\/li&gt;<br \/>\n    &lt;li&gt;&lt;b&gt;Qualit\u00e0 visiva:&lt;\/b&gt; lo schermo antiriflesso IPS offre immagini luminose e dettagliate.&lt;\/li&gt;<br \/>\n    &lt;li&gt;&lt;b&gt;Memoria ultraveloce:&lt;\/b&gt; il disco SSD con tecnologia NVMe garantisce incredibili velocit\u00e0 di lettura e scrittura.&lt;\/li&gt;<br \/>\n    &lt;li&gt;&lt;b&gt;Connettivit\u00e0 avanzata:&lt;\/b&gt; offre Wi-Fi 6 e Bluetooth, oltre a porte HDMI e USB per massima versatilit\u00e0.&lt;\/li&gt;<br \/>\n&lt;\/ul&gt;<\/p>\n<p>&lt;H2&gt;Chi acquista questo prodotto&lt;\/H2&gt;<br \/>\nIdeale per studenti, professionisti e creativi, questo dispositivo si adatta perfettamente a chi cerca un laptop affidabile per attivit\u00e0 quotidiane, studio e intrattenimento. Chi necessita di un laptop che possa gestire applicazioni impegnative o multitasking trover\u00e0 in questo modello il compromesso perfetto.<\/p>\n<p>&lt;H2&gt;Possibilit\u00e0 di aggiornamento&lt;\/H2&gt;<br \/>\nQuesto laptop offre la flessibilit\u00e0 di aggiornare il disco e la memoria per adattarsi alle esigenze crescenti. &lt;i&gt;Consultate sempre un esperto prima di eseguire l&#039;aggiornamento.&lt;\/i&gt;<\/p>\n<p>&lt;H2&gt;Perch\u00e9 scegliere un dispositivo ricondizionato&lt;\/H2&gt;<br \/>\nOptare per un dispositivo ricondizionato significa scegliere qualit\u00e0 e sostenibilit\u00e0. Questo PC \u00e8 stato attentamente riportato a uno stato eccellente attraverso un servizio professionale di ricondizionamento e valutato secondo uno standard rigoroso di qualit\u00e0. \u00c8 l&#039;opzione ideale per chi vuole un prodotto di alta qualit\u00e0 riducendo allo stesso tempo l\u2019impatto ambientale. <\/p>\n<p>Scegliere questo laptop ricondizionato rappresenta un\u2019ottima combinazione di prestazioni e risparmio, garantendo un\u2019esperienza d\u2019uso quasi pari al nuovo, ma con un&#039;impronta ecologica minore.&lt;h2&gt;Scatola aperta&lt;\/h2&gt;&#13;<br \/>\n&lt;p&gt;Quasi nessun segno di usura. Qualit\u00e0 uguale ai nuovi. Nella maggior parte dei casi si tratta di eccedenze di produzione e scorte invendute, in cui le differenze rispetto ai dispositivi nuovi non sono percepibili.&lt;\/p&gt;&#13;<\/p>\n","protected":false},"excerpt":{"rendered":"<p>AMD Ryzen 5 7520U (2,8 GHz), 8\u00a0GB LPDDR5-6400, 35,6 cm (14,0\u2033) FHD (1920&#215;1080)\u00a0AG IPS\u00a0LED 60 Hz, SSD 512 GB M.2 PCIe NVMe, no ODD, AMD Radeon Graphics (IGP), 1x HDMI 1.4b, 1x USB-C 3.2 Gen1 (5Gbps), 2x USB-A 3.2 Gen1 (5Gbps), Wi-Fi 6, Bluetooth 5.4, Webcam, Std. Kbd., Microsoft Windows 11 Home (64-bit)<\/p>\n","protected":false},"featured_media":103758,"template":"","meta":{"inline_featured_image":false},"product_brand":[],"product_cat":[831],"product_tag":[],"class_list":{"0":"post-103757","1":"product","2":"type-product","3":"status-publish","4":"has-post-thumbnail","6":"product_cat-laptop","7":"pa_fingerprint-no","9":"first","10":"instock","11":"purchasable","12":"product-type-simple"},"yoast_head":"<!-- This site is optimized with the Yoast SEO plugin v27.2 - https:\/\/yoast.com\/product\/yoast-seo-wordpress\/ -->\n<title>Laptop HP 14-em0023ne | Ryzen 5 7520U | 8GB | SSD 512GB \/ AMD Ryzen\u2122 5 \/ RAM 8 GB \/ SSD Disk \/ 14,0\u2033 FHD - ricondizionatipro.it<\/title>\n<meta name=\"robots\" content=\"index, follow, max-snippet:-1, max-image-preview:large, max-video-preview:-1\" \/>\n<link rel=\"canonical\" href=\"https:\/\/ricondizionatipro.it\/shop\/prodotto\/laptop-hp-14-em0023ne-ryzen-5-7520u-8gb-ssd-512gb-amd-ryzen-5-ram-8-gb-ssd-disk-140\u2033-fhd\/\" \/>\n<meta property=\"og:locale\" content=\"it_IT\" \/>\n<meta property=\"og:type\" content=\"article\" \/>\n<meta property=\"og:title\" content=\"Laptop HP 14-em0023ne | Ryzen 5 7520U | 8GB | SSD 512GB \/ AMD Ryzen\u2122 5 \/ RAM 8 GB \/ SSD Disk \/ 14,0\u2033 FHD - ricondizionatipro.it\" \/>\n<meta property=\"og:description\" content=\"AMD Ryzen 5 7520U (2,8 GHz), 8\u00a0GB LPDDR5-6400, 35,6 cm (14,0\u2033) FHD (1920x1080)\u00a0AG IPS\u00a0LED 60 Hz, SSD 512 GB M.2 PCIe NVMe, no ODD, AMD Radeon Graphics (IGP), 1x HDMI 1.4b, 1x USB-C 3.2 Gen1 (5Gbps), 2x USB-A 3.2 Gen1 (5Gbps), Wi-Fi 6, Bluetooth 5.4, Webcam, Std. Kbd., Microsoft Windows 11 Home (64-bit)\" \/>\n<meta property=\"og:url\" content=\"https:\/\/ricondizionatipro.it\/shop\/prodotto\/laptop-hp-14-em0023ne-ryzen-5-7520u-8gb-ssd-512gb-amd-ryzen-5-ram-8-gb-ssd-disk-140\u2033-fhd\/\" \/>\n<meta property=\"og:site_name\" content=\"ricondizionatipro.it\" \/>\n<meta property=\"article:publisher\" content=\"https:\/\/www.facebook.com\/ricondizionatipro.it\/\" \/>\n<meta property=\"article:modified_time\" content=\"2026-04-30T02:31:03+00:00\" \/>\n<meta property=\"og:image\" content=\"https:\/\/ricondizionatipro.it\/shop\/wp-content\/uploads\/2026\/04\/23d943ef-6c41-4887-a85c-df582acdbf19.jpg\" \/>\n\t<meta property=\"og:image:width\" content=\"850\" \/>\n\t<meta property=\"og:image:height\" content=\"723\" \/>\n\t<meta property=\"og:image:type\" content=\"image\/jpeg\" \/>\n<meta name=\"twitter:card\" content=\"summary_large_image\" \/>\n<meta name=\"twitter:label1\" content=\"Tempo di lettura stimato\" \/>\n\t<meta name=\"twitter:data1\" content=\"2 minuti\" \/>\n<script type=\"application\/ld+json\" class=\"yoast-schema-graph\">{\"@context\":\"https:\/\/schema.org\",\"@graph\":[{\"@type\":\"WebPage\",\"@id\":\"https:\/\/ricondizionatipro.it\/shop\/prodotto\/laptop-hp-14-em0023ne-ryzen-5-7520u-8gb-ssd-512gb-amd-ryzen-5-ram-8-gb-ssd-disk-140%e2%80%b3-fhd\/\",\"url\":\"https:\/\/ricondizionatipro.it\/shop\/prodotto\/laptop-hp-14-em0023ne-ryzen-5-7520u-8gb-ssd-512gb-amd-ryzen-5-ram-8-gb-ssd-disk-140%e2%80%b3-fhd\/\",\"name\":\"Laptop HP 14-em0023ne | Ryzen 5 7520U | 8GB | SSD 512GB \/ AMD Ryzen\u2122 5 \/ RAM 8 GB \/ SSD Disk \/ 14,0\u2033 FHD - ricondizionatipro.it\",\"isPartOf\":{\"@id\":\"https:\/\/ricondizionatipro.it\/shop\/#website\"},\"primaryImageOfPage\":{\"@id\":\"https:\/\/ricondizionatipro.it\/shop\/prodotto\/laptop-hp-14-em0023ne-ryzen-5-7520u-8gb-ssd-512gb-amd-ryzen-5-ram-8-gb-ssd-disk-140%e2%80%b3-fhd\/#primaryimage\"},\"image\":{\"@id\":\"https:\/\/ricondizionatipro.it\/shop\/prodotto\/laptop-hp-14-em0023ne-ryzen-5-7520u-8gb-ssd-512gb-amd-ryzen-5-ram-8-gb-ssd-disk-140%e2%80%b3-fhd\/#primaryimage\"},\"thumbnailUrl\":\"https:\/\/ricondizionatipro.it\/shop\/wp-content\/uploads\/2026\/04\/23d943ef-6c41-4887-a85c-df582acdbf19.jpg\",\"datePublished\":\"2026-04-30T02:31:02+00:00\",\"dateModified\":\"2026-04-30T02:31:03+00:00\",\"breadcrumb\":{\"@id\":\"https:\/\/ricondizionatipro.it\/shop\/prodotto\/laptop-hp-14-em0023ne-ryzen-5-7520u-8gb-ssd-512gb-amd-ryzen-5-ram-8-gb-ssd-disk-140%e2%80%b3-fhd\/#breadcrumb\"},\"inLanguage\":\"it-IT\",\"potentialAction\":[{\"@type\":\"ReadAction\",\"target\":[\"https:\/\/ricondizionatipro.it\/shop\/prodotto\/laptop-hp-14-em0023ne-ryzen-5-7520u-8gb-ssd-512gb-amd-ryzen-5-ram-8-gb-ssd-disk-140%e2%80%b3-fhd\/\"]}]},{\"@type\":\"ImageObject\",\"inLanguage\":\"it-IT\",\"@id\":\"https:\/\/ricondizionatipro.it\/shop\/prodotto\/laptop-hp-14-em0023ne-ryzen-5-7520u-8gb-ssd-512gb-amd-ryzen-5-ram-8-gb-ssd-disk-140%e2%80%b3-fhd\/#primaryimage\",\"url\":\"https:\/\/ricondizionatipro.it\/shop\/wp-content\/uploads\/2026\/04\/23d943ef-6c41-4887-a85c-df582acdbf19.jpg\",\"contentUrl\":\"https:\/\/ricondizionatipro.it\/shop\/wp-content\/uploads\/2026\/04\/23d943ef-6c41-4887-a85c-df582acdbf19.jpg\",\"width\":850,\"height\":723},{\"@type\":\"BreadcrumbList\",\"@id\":\"https:\/\/ricondizionatipro.it\/shop\/prodotto\/laptop-hp-14-em0023ne-ryzen-5-7520u-8gb-ssd-512gb-amd-ryzen-5-ram-8-gb-ssd-disk-140%e2%80%b3-fhd\/#breadcrumb\",\"itemListElement\":[{\"@type\":\"ListItem\",\"position\":1,\"name\":\"Home\",\"item\":\"https:\/\/ricondizionatipro.it\/shop\/\"},{\"@type\":\"ListItem\",\"position\":2,\"name\":\"Laptop HP 14-em0023ne | Ryzen 5 7520U | 8GB | SSD 512GB \/ AMD Ryzen\u2122 5 \/ RAM 8 GB \/ SSD Disk \/ 14,0\u2033 FHD\"}]},{\"@type\":\"WebSite\",\"@id\":\"https:\/\/ricondizionatipro.it\/shop\/#website\",\"url\":\"https:\/\/ricondizionatipro.it\/shop\/\",\"name\":\"ricondizionatipro.it\",\"description\":\"computer professionali ricondizionati garantiti\",\"publisher\":{\"@id\":\"https:\/\/ricondizionatipro.it\/shop\/#organization\"},\"potentialAction\":[{\"@type\":\"SearchAction\",\"target\":{\"@type\":\"EntryPoint\",\"urlTemplate\":\"https:\/\/ricondizionatipro.it\/shop\/?s={search_term_string}\"},\"query-input\":{\"@type\":\"PropertyValueSpecification\",\"valueRequired\":true,\"valueName\":\"search_term_string\"}}],\"inLanguage\":\"it-IT\"},{\"@type\":\"Organization\",\"@id\":\"https:\/\/ricondizionatipro.it\/shop\/#organization\",\"name\":\"ricondizionatipro.it\",\"url\":\"https:\/\/ricondizionatipro.it\/shop\/\",\"logo\":{\"@type\":\"ImageObject\",\"inLanguage\":\"it-IT\",\"@id\":\"https:\/\/ricondizionatipro.it\/shop\/#\/schema\/logo\/image\/\",\"url\":\"https:\/\/i0.wp.com\/ricondizionatipro.it\/shop\/wp-content\/uploads\/2022\/04\/ricondizionati-pro-logo-trasparente.png?fit=2309%2C1910&ssl=1\",\"contentUrl\":\"https:\/\/i0.wp.com\/ricondizionatipro.it\/shop\/wp-content\/uploads\/2022\/04\/ricondizionati-pro-logo-trasparente.png?fit=2309%2C1910&ssl=1\",\"width\":2309,\"height\":1910,\"caption\":\"ricondizionatipro.it\"},\"image\":{\"@id\":\"https:\/\/ricondizionatipro.it\/shop\/#\/schema\/logo\/image\/\"},\"sameAs\":[\"https:\/\/www.facebook.com\/ricondizionatipro.it\/\",\"https:\/\/www.instagram.com\/ricondizionatipro.it\/\"]}]}<\/script>\n<!-- \/ Yoast SEO plugin. -->","yoast_head_json":{"title":"Laptop HP 14-em0023ne | Ryzen 5 7520U | 8GB | SSD 512GB \/ AMD Ryzen\u2122 5 \/ RAM 8 GB \/ SSD Disk \/ 14,0\u2033 FHD - ricondizionatipro.it","robots":{"index":"index","follow":"follow","max-snippet":"max-snippet:-1","max-image-preview":"max-image-preview:large","max-video-preview":"max-video-preview:-1"},"canonical":"https:\/\/ricondizionatipro.it\/shop\/prodotto\/laptop-hp-14-em0023ne-ryzen-5-7520u-8gb-ssd-512gb-amd-ryzen-5-ram-8-gb-ssd-disk-140\u2033-fhd\/","og_locale":"it_IT","og_type":"article","og_title":"Laptop HP 14-em0023ne | Ryzen 5 7520U | 8GB | SSD 512GB \/ AMD Ryzen\u2122 5 \/ RAM 8 GB \/ SSD Disk \/ 14,0\u2033 FHD - ricondizionatipro.it","og_description":"AMD Ryzen 5 7520U (2,8 GHz), 8\u00a0GB LPDDR5-6400, 35,6 cm (14,0\u2033) FHD (1920x1080)\u00a0AG IPS\u00a0LED 60 Hz, SSD 512 GB M.2 PCIe NVMe, no ODD, AMD Radeon Graphics (IGP), 1x HDMI 1.4b, 1x USB-C 3.2 Gen1 (5Gbps), 2x USB-A 3.2 Gen1 (5Gbps), Wi-Fi 6, Bluetooth 5.4, Webcam, Std. Kbd., Microsoft Windows 11 Home (64-bit)","og_url":"https:\/\/ricondizionatipro.it\/shop\/prodotto\/laptop-hp-14-em0023ne-ryzen-5-7520u-8gb-ssd-512gb-amd-ryzen-5-ram-8-gb-ssd-disk-140\u2033-fhd\/","og_site_name":"ricondizionatipro.it","article_publisher":"https:\/\/www.facebook.com\/ricondizionatipro.it\/","article_modified_time":"2026-04-30T02:31:03+00:00","og_image":[{"width":850,"height":723,"url":"https:\/\/ricondizionatipro.it\/shop\/wp-content\/uploads\/2026\/04\/23d943ef-6c41-4887-a85c-df582acdbf19.jpg","type":"image\/jpeg"}],"twitter_card":"summary_large_image","twitter_misc":{"Tempo di lettura stimato":"2 minuti"},"schema":{"@context":"https:\/\/schema.org","@graph":[{"@type":"WebPage","@id":"https:\/\/ricondizionatipro.it\/shop\/prodotto\/laptop-hp-14-em0023ne-ryzen-5-7520u-8gb-ssd-512gb-amd-ryzen-5-ram-8-gb-ssd-disk-140%e2%80%b3-fhd\/","url":"https:\/\/ricondizionatipro.it\/shop\/prodotto\/laptop-hp-14-em0023ne-ryzen-5-7520u-8gb-ssd-512gb-amd-ryzen-5-ram-8-gb-ssd-disk-140%e2%80%b3-fhd\/","name":"Laptop HP 14-em0023ne | Ryzen 5 7520U | 8GB | SSD 512GB \/ AMD Ryzen\u2122 5 \/ RAM 8 GB \/ SSD Disk \/ 14,0\u2033 FHD - ricondizionatipro.it","isPartOf":{"@id":"https:\/\/ricondizionatipro.it\/shop\/#website"},"primaryImageOfPage":{"@id":"https:\/\/ricondizionatipro.it\/shop\/prodotto\/laptop-hp-14-em0023ne-ryzen-5-7520u-8gb-ssd-512gb-amd-ryzen-5-ram-8-gb-ssd-disk-140%e2%80%b3-fhd\/#primaryimage"},"image":{"@id":"https:\/\/ricondizionatipro.it\/shop\/prodotto\/laptop-hp-14-em0023ne-ryzen-5-7520u-8gb-ssd-512gb-amd-ryzen-5-ram-8-gb-ssd-disk-140%e2%80%b3-fhd\/#primaryimage"},"thumbnailUrl":"https:\/\/ricondizionatipro.it\/shop\/wp-content\/uploads\/2026\/04\/23d943ef-6c41-4887-a85c-df582acdbf19.jpg","datePublished":"2026-04-30T02:31:02+00:00","dateModified":"2026-04-30T02:31:03+00:00","breadcrumb":{"@id":"https:\/\/ricondizionatipro.it\/shop\/prodotto\/laptop-hp-14-em0023ne-ryzen-5-7520u-8gb-ssd-512gb-amd-ryzen-5-ram-8-gb-ssd-disk-140%e2%80%b3-fhd\/#breadcrumb"},"inLanguage":"it-IT","potentialAction":[{"@type":"ReadAction","target":["https:\/\/ricondizionatipro.it\/shop\/prodotto\/laptop-hp-14-em0023ne-ryzen-5-7520u-8gb-ssd-512gb-amd-ryzen-5-ram-8-gb-ssd-disk-140%e2%80%b3-fhd\/"]}]},{"@type":"ImageObject","inLanguage":"it-IT","@id":"https:\/\/ricondizionatipro.it\/shop\/prodotto\/laptop-hp-14-em0023ne-ryzen-5-7520u-8gb-ssd-512gb-amd-ryzen-5-ram-8-gb-ssd-disk-140%e2%80%b3-fhd\/#primaryimage","url":"https:\/\/ricondizionatipro.it\/shop\/wp-content\/uploads\/2026\/04\/23d943ef-6c41-4887-a85c-df582acdbf19.jpg","contentUrl":"https:\/\/ricondizionatipro.it\/shop\/wp-content\/uploads\/2026\/04\/23d943ef-6c41-4887-a85c-df582acdbf19.jpg","width":850,"height":723},{"@type":"BreadcrumbList","@id":"https:\/\/ricondizionatipro.it\/shop\/prodotto\/laptop-hp-14-em0023ne-ryzen-5-7520u-8gb-ssd-512gb-amd-ryzen-5-ram-8-gb-ssd-disk-140%e2%80%b3-fhd\/#breadcrumb","itemListElement":[{"@type":"ListItem","position":1,"name":"Home","item":"https:\/\/ricondizionatipro.it\/shop\/"},{"@type":"ListItem","position":2,"name":"Laptop HP 14-em0023ne | Ryzen 5 7520U | 8GB | SSD 512GB \/ AMD Ryzen\u2122 5 \/ RAM 8 GB \/ SSD Disk \/ 14,0\u2033 FHD"}]},{"@type":"WebSite","@id":"https:\/\/ricondizionatipro.it\/shop\/#website","url":"https:\/\/ricondizionatipro.it\/shop\/","name":"ricondizionatipro.it","description":"computer professionali ricondizionati garantiti","publisher":{"@id":"https:\/\/ricondizionatipro.it\/shop\/#organization"},"potentialAction":[{"@type":"SearchAction","target":{"@type":"EntryPoint","urlTemplate":"https:\/\/ricondizionatipro.it\/shop\/?s={search_term_string}"},"query-input":{"@type":"PropertyValueSpecification","valueRequired":true,"valueName":"search_term_string"}}],"inLanguage":"it-IT"},{"@type":"Organization","@id":"https:\/\/ricondizionatipro.it\/shop\/#organization","name":"ricondizionatipro.it","url":"https:\/\/ricondizionatipro.it\/shop\/","logo":{"@type":"ImageObject","inLanguage":"it-IT","@id":"https:\/\/ricondizionatipro.it\/shop\/#\/schema\/logo\/image\/","url":"https:\/\/i0.wp.com\/ricondizionatipro.it\/shop\/wp-content\/uploads\/2022\/04\/ricondizionati-pro-logo-trasparente.png?fit=2309%2C1910&ssl=1","contentUrl":"https:\/\/i0.wp.com\/ricondizionatipro.it\/shop\/wp-content\/uploads\/2022\/04\/ricondizionati-pro-logo-trasparente.png?fit=2309%2C1910&ssl=1","width":2309,"height":1910,"caption":"ricondizionatipro.it"},"image":{"@id":"https:\/\/ricondizionatipro.it\/shop\/#\/schema\/logo\/image\/"},"sameAs":["https:\/\/www.facebook.com\/ricondizionatipro.it\/","https:\/\/www.instagram.com\/ricondizionatipro.it\/"]}]}},"acf":[],"_links":{"self":[{"href":"https:\/\/ricondizionatipro.it\/shop\/wp-json\/wp\/v2\/product\/103757","targetHints":{"allow":["GET"]}}],"collection":[{"href":"https:\/\/ricondizionatipro.it\/shop\/wp-json\/wp\/v2\/product"}],"about":[{"href":"https:\/\/ricondizionatipro.it\/shop\/wp-json\/wp\/v2\/types\/product"}],"wp:featuredmedia":[{"embeddable":true,"href":"https:\/\/ricondizionatipro.it\/shop\/wp-json\/wp\/v2\/media\/103758"}],"wp:attachment":[{"href":"https:\/\/ricondizionatipro.it\/shop\/wp-json\/wp\/v2\/media?parent=103757"}],"wp:term":[{"taxonomy":"product_brand","embeddable":true,"href":"https:\/\/ricondizionatipro.it\/shop\/wp-json\/wp\/v2\/product_brand?post=103757"},{"taxonomy":"product_cat","embeddable":true,"href":"https:\/\/ricondizionatipro.it\/shop\/wp-json\/wp\/v2\/product_cat?post=103757"},{"taxonomy":"product_tag","embeddable":true,"href":"https:\/\/ricondizionatipro.it\/shop\/wp-json\/wp\/v2\/product_tag?post=103757"}],"curies":[{"name":"wp","href":"https:\/\/api.w.org\/{rel}","templated":true}]}}