{"id":102961,"date":"2026-04-30T01:00:03","date_gmt":"2026-04-29T23:00:03","guid":{"rendered":"https:\/\/ricondizionatipro.it\/shop\/prodotto\/laptop-hp-chromebook-15a-nb0329nz-i3-ram-8-gb-156%e2%80%b3-fhd\/"},"modified":"2026-04-30T01:00:04","modified_gmt":"2026-04-29T23:00:04","slug":"laptop-hp-chromebook-15a-nb0329nz-i3-ram-8-gb-156%e2%80%b3-fhd","status":"publish","type":"product","link":"https:\/\/ricondizionatipro.it\/shop\/prodotto\/laptop-hp-chromebook-15a-nb0329nz-i3-ram-8-gb-156%e2%80%b3-fhd\/","title":{"rendered":"Laptop HP Chromebook 15a-nb0329nz \/ i3 \/ RAM 8 GB \/ 15,6\u2033 FHD"},"content":{"rendered":"<p>Il Prenosnik HP Chromebook 15a-nb0329nz \u00e8 un dispositivo elegante e performante, ideale per chi desidera una combinazione di affidabilit\u00e0 e efficienza per le proprie attivit\u00e0 digitali quotidiane. Con uno schermo FHD da 15,6 pollici, offre una visione chiara e coinvolgente, adatta tanto per il lavoro quanto per il tempo libero.<\/p>\n<p>&lt;H2&gt;Principali vantaggi&lt;\/H2&gt;<br \/>\n&lt;ul&gt;<br \/>\n    &lt;li&gt;Display FHD da 15,6 pollici per immagini nitide e dettagliate&lt;\/li&gt;<br \/>\n    &lt;li&gt;Processore I5 per prestazioni fluide e reattive&lt;\/li&gt;<br \/>\n    &lt;li&gt;Grafica integrata Intel UHD per affidabilit\u00e0 visiva&lt;\/li&gt;<br \/>\n    &lt;li&gt;Connettivit\u00e0 avanzata con Wi-Fi 6 e Bluetooth 5.3&lt;\/li&gt;<br \/>\n    &lt;li&gt;Interfacce versatili con 2x USB-C e 1x USB-A&lt;\/li&gt;<br \/>\n    &lt;li&gt;Webcam integrata per videoconferenze chiare&lt;\/li&gt;<br \/>\n&lt;\/ul&gt;<\/p>\n<p>&lt;H2&gt;Chi acquista questo prodotto&lt;\/H2&gt;<br \/>\nQuesto Chromebook \u00e8 la scelta perfetta per studenti, professionisti e chiunque necessiti di un laptop funzionale per attivit\u00e0 quotidiane come navigare sul web, streaming, e lavorare in mobilit\u00e0. Le sue dimensioni del display lo rendono adatto per presentazioni, editing di documenti e intrattenimento.<\/p>\n<p>&lt;H2&gt;Possibilit\u00e0 di aggiornamento&lt;\/H2&gt;<br \/>\nIl Prenosnik HP offre la possibilit\u00e0 di aggiornare disco e memoria, permettendo di adattare il dispositivo alle proprie necessit\u00e0 in evoluzione. &lt;b&gt;Consultate sempre un esperto prima di eseguire l&#039;aggiornamento&lt;\/b&gt;<\/p>\n<p>&lt;H2&gt;Perch\u00e9 scegliere un dispositivo ricondizionato&lt;\/H2&gt;<br \/>\nOptare per un dispositivo ricondizionato significa scegliere un prodotto che \u00e8 stato sottoposto a un processo professionale di revisione e ricondizionamento per garantirne la qualit\u00e0 e la funzionalit\u00e0. Grazie a un sistema standardizzato di valutazione della qualit\u00e0, ogni laptop offre affidabilit\u00e0 e ottime prestazioni, rappresentando un ottimo investimento dal punto di vista economico e ambientale.&lt;h2&gt;Scatola aperta&lt;\/h2&gt;&#13;<br \/>\n&lt;p&gt;Quasi nessun segno di usura. Qualit\u00e0 uguale ai nuovi. Nella maggior parte dei casi si tratta di eccedenze di produzione e scorte invendute, in cui le differenze rispetto ai dispositivi nuovi non sono percepibili.&lt;\/p&gt;&#13;<\/p>\n","protected":false},"excerpt":{"rendered":"<p>Intel Core i3-N305 (3,8 GHz), 8 GB LPDDR5-4800, 256 GB UFS, 39,6 cm (15,6&#8243;) FHD (1920&#215;1080) AG LED, Intel UHD Graphics (IGP), 2x USB-C 3.2 Gen1 (DisplayPort &#8211; 45W), 1x USB-A 3.2 Gen1 (5Gbps), Wi-Fi 6, Bluetooth 5.3, Webcam, Std. Kbd., Webcam, SD Card, Google Chrome OS<\/p>\n","protected":false},"featured_media":102962,"template":"","meta":{"inline_featured_image":false},"product_brand":[],"product_cat":[940,831,895,996,833],"product_tag":[],"class_list":{"0":"post-102961","1":"product","2":"type-product","3":"status-publish","4":"has-post-thumbnail","6":"product_cat-hp-portatili","7":"product_cat-laptop","8":"product_cat-portatili-15-inch","9":"product_cat-portatili-i3","10":"product_cat-ricerca-preferita","11":"pa_fingerprint-no","13":"first","14":"instock","15":"purchasable","16":"product-type-simple"},"yoast_head":"<!-- This site is optimized with the Yoast SEO plugin v27.2 - https:\/\/yoast.com\/product\/yoast-seo-wordpress\/ -->\n<title>Laptop HP Chromebook 15a-nb0329nz \/ i3 \/ RAM 8 GB \/ 15,6\u2033 FHD - ricondizionatipro.it<\/title>\n<meta name=\"robots\" content=\"index, follow, max-snippet:-1, max-image-preview:large, max-video-preview:-1\" \/>\n<link rel=\"canonical\" href=\"https:\/\/ricondizionatipro.it\/shop\/prodotto\/laptop-hp-chromebook-15a-nb0329nz-i3-ram-8-gb-156\u2033-fhd\/\" \/>\n<meta property=\"og:locale\" content=\"it_IT\" \/>\n<meta property=\"og:type\" content=\"article\" \/>\n<meta property=\"og:title\" content=\"Laptop HP Chromebook 15a-nb0329nz \/ i3 \/ RAM 8 GB \/ 15,6\u2033 FHD - ricondizionatipro.it\" \/>\n<meta property=\"og:description\" content=\"Intel Core i3-N305 (3,8 GHz), 8 GB LPDDR5-4800, 256 GB UFS, 39,6 cm (15,6&quot;) FHD (1920x1080) AG LED, Intel UHD Graphics (IGP), 2x USB-C 3.2 Gen1 (DisplayPort - 45W), 1x USB-A 3.2 Gen1 (5Gbps), Wi-Fi 6, Bluetooth 5.3, Webcam, Std. Kbd., Webcam, SD Card, Google Chrome OS\" \/>\n<meta property=\"og:url\" content=\"https:\/\/ricondizionatipro.it\/shop\/prodotto\/laptop-hp-chromebook-15a-nb0329nz-i3-ram-8-gb-156\u2033-fhd\/\" \/>\n<meta property=\"og:site_name\" content=\"ricondizionatipro.it\" \/>\n<meta property=\"article:publisher\" content=\"https:\/\/www.facebook.com\/ricondizionatipro.it\/\" \/>\n<meta property=\"article:modified_time\" content=\"2026-04-29T23:00:04+00:00\" \/>\n<meta property=\"og:image\" content=\"https:\/\/ricondizionatipro.it\/shop\/wp-content\/uploads\/2026\/04\/2b512763-8f29-4c39-995a-1d8020927c21.jpg\" \/>\n\t<meta property=\"og:image:width\" content=\"850\" \/>\n\t<meta property=\"og:image:height\" content=\"624\" \/>\n\t<meta property=\"og:image:type\" content=\"image\/png\" \/>\n<meta name=\"twitter:card\" content=\"summary_large_image\" \/>\n<meta name=\"twitter:label1\" content=\"Tempo di lettura stimato\" \/>\n\t<meta name=\"twitter:data1\" content=\"2 minuti\" \/>\n<script type=\"application\/ld+json\" class=\"yoast-schema-graph\">{\"@context\":\"https:\/\/schema.org\",\"@graph\":[{\"@type\":\"WebPage\",\"@id\":\"https:\/\/ricondizionatipro.it\/shop\/prodotto\/laptop-hp-chromebook-15a-nb0329nz-i3-ram-8-gb-156%e2%80%b3-fhd\/\",\"url\":\"https:\/\/ricondizionatipro.it\/shop\/prodotto\/laptop-hp-chromebook-15a-nb0329nz-i3-ram-8-gb-156%e2%80%b3-fhd\/\",\"name\":\"Laptop HP Chromebook 15a-nb0329nz \/ i3 \/ RAM 8 GB \/ 15,6\u2033 FHD - ricondizionatipro.it\",\"isPartOf\":{\"@id\":\"https:\/\/ricondizionatipro.it\/shop\/#website\"},\"primaryImageOfPage\":{\"@id\":\"https:\/\/ricondizionatipro.it\/shop\/prodotto\/laptop-hp-chromebook-15a-nb0329nz-i3-ram-8-gb-156%e2%80%b3-fhd\/#primaryimage\"},\"image\":{\"@id\":\"https:\/\/ricondizionatipro.it\/shop\/prodotto\/laptop-hp-chromebook-15a-nb0329nz-i3-ram-8-gb-156%e2%80%b3-fhd\/#primaryimage\"},\"thumbnailUrl\":\"https:\/\/ricondizionatipro.it\/shop\/wp-content\/uploads\/2026\/04\/2b512763-8f29-4c39-995a-1d8020927c21.jpg\",\"datePublished\":\"2026-04-29T23:00:03+00:00\",\"dateModified\":\"2026-04-29T23:00:04+00:00\",\"breadcrumb\":{\"@id\":\"https:\/\/ricondizionatipro.it\/shop\/prodotto\/laptop-hp-chromebook-15a-nb0329nz-i3-ram-8-gb-156%e2%80%b3-fhd\/#breadcrumb\"},\"inLanguage\":\"it-IT\",\"potentialAction\":[{\"@type\":\"ReadAction\",\"target\":[\"https:\/\/ricondizionatipro.it\/shop\/prodotto\/laptop-hp-chromebook-15a-nb0329nz-i3-ram-8-gb-156%e2%80%b3-fhd\/\"]}]},{\"@type\":\"ImageObject\",\"inLanguage\":\"it-IT\",\"@id\":\"https:\/\/ricondizionatipro.it\/shop\/prodotto\/laptop-hp-chromebook-15a-nb0329nz-i3-ram-8-gb-156%e2%80%b3-fhd\/#primaryimage\",\"url\":\"https:\/\/ricondizionatipro.it\/shop\/wp-content\/uploads\/2026\/04\/2b512763-8f29-4c39-995a-1d8020927c21.jpg\",\"contentUrl\":\"https:\/\/ricondizionatipro.it\/shop\/wp-content\/uploads\/2026\/04\/2b512763-8f29-4c39-995a-1d8020927c21.jpg\",\"width\":850,\"height\":624},{\"@type\":\"BreadcrumbList\",\"@id\":\"https:\/\/ricondizionatipro.it\/shop\/prodotto\/laptop-hp-chromebook-15a-nb0329nz-i3-ram-8-gb-156%e2%80%b3-fhd\/#breadcrumb\",\"itemListElement\":[{\"@type\":\"ListItem\",\"position\":1,\"name\":\"Home\",\"item\":\"https:\/\/ricondizionatipro.it\/shop\/\"},{\"@type\":\"ListItem\",\"position\":2,\"name\":\"Laptop HP Chromebook 15a-nb0329nz \/ i3 \/ RAM 8 GB \/ 15,6\u2033 FHD\"}]},{\"@type\":\"WebSite\",\"@id\":\"https:\/\/ricondizionatipro.it\/shop\/#website\",\"url\":\"https:\/\/ricondizionatipro.it\/shop\/\",\"name\":\"ricondizionatipro.it\",\"description\":\"computer professionali ricondizionati garantiti\",\"publisher\":{\"@id\":\"https:\/\/ricondizionatipro.it\/shop\/#organization\"},\"potentialAction\":[{\"@type\":\"SearchAction\",\"target\":{\"@type\":\"EntryPoint\",\"urlTemplate\":\"https:\/\/ricondizionatipro.it\/shop\/?s={search_term_string}\"},\"query-input\":{\"@type\":\"PropertyValueSpecification\",\"valueRequired\":true,\"valueName\":\"search_term_string\"}}],\"inLanguage\":\"it-IT\"},{\"@type\":\"Organization\",\"@id\":\"https:\/\/ricondizionatipro.it\/shop\/#organization\",\"name\":\"ricondizionatipro.it\",\"url\":\"https:\/\/ricondizionatipro.it\/shop\/\",\"logo\":{\"@type\":\"ImageObject\",\"inLanguage\":\"it-IT\",\"@id\":\"https:\/\/ricondizionatipro.it\/shop\/#\/schema\/logo\/image\/\",\"url\":\"https:\/\/i0.wp.com\/ricondizionatipro.it\/shop\/wp-content\/uploads\/2022\/04\/ricondizionati-pro-logo-trasparente.png?fit=2309%2C1910&ssl=1\",\"contentUrl\":\"https:\/\/i0.wp.com\/ricondizionatipro.it\/shop\/wp-content\/uploads\/2022\/04\/ricondizionati-pro-logo-trasparente.png?fit=2309%2C1910&ssl=1\",\"width\":2309,\"height\":1910,\"caption\":\"ricondizionatipro.it\"},\"image\":{\"@id\":\"https:\/\/ricondizionatipro.it\/shop\/#\/schema\/logo\/image\/\"},\"sameAs\":[\"https:\/\/www.facebook.com\/ricondizionatipro.it\/\",\"https:\/\/www.instagram.com\/ricondizionatipro.it\/\"]}]}<\/script>\n<!-- \/ Yoast SEO plugin. -->","yoast_head_json":{"title":"Laptop HP Chromebook 15a-nb0329nz \/ i3 \/ RAM 8 GB \/ 15,6\u2033 FHD - ricondizionatipro.it","robots":{"index":"index","follow":"follow","max-snippet":"max-snippet:-1","max-image-preview":"max-image-preview:large","max-video-preview":"max-video-preview:-1"},"canonical":"https:\/\/ricondizionatipro.it\/shop\/prodotto\/laptop-hp-chromebook-15a-nb0329nz-i3-ram-8-gb-156\u2033-fhd\/","og_locale":"it_IT","og_type":"article","og_title":"Laptop HP Chromebook 15a-nb0329nz \/ i3 \/ RAM 8 GB \/ 15,6\u2033 FHD - ricondizionatipro.it","og_description":"Intel Core i3-N305 (3,8 GHz), 8 GB LPDDR5-4800, 256 GB UFS, 39,6 cm (15,6\") FHD (1920x1080) AG LED, Intel UHD Graphics (IGP), 2x USB-C 3.2 Gen1 (DisplayPort - 45W), 1x USB-A 3.2 Gen1 (5Gbps), Wi-Fi 6, Bluetooth 5.3, Webcam, Std. Kbd., Webcam, SD Card, Google Chrome OS","og_url":"https:\/\/ricondizionatipro.it\/shop\/prodotto\/laptop-hp-chromebook-15a-nb0329nz-i3-ram-8-gb-156\u2033-fhd\/","og_site_name":"ricondizionatipro.it","article_publisher":"https:\/\/www.facebook.com\/ricondizionatipro.it\/","article_modified_time":"2026-04-29T23:00:04+00:00","og_image":[{"width":850,"height":624,"url":"https:\/\/ricondizionatipro.it\/shop\/wp-content\/uploads\/2026\/04\/2b512763-8f29-4c39-995a-1d8020927c21.jpg","type":"image\/png"}],"twitter_card":"summary_large_image","twitter_misc":{"Tempo di lettura stimato":"2 minuti"},"schema":{"@context":"https:\/\/schema.org","@graph":[{"@type":"WebPage","@id":"https:\/\/ricondizionatipro.it\/shop\/prodotto\/laptop-hp-chromebook-15a-nb0329nz-i3-ram-8-gb-156%e2%80%b3-fhd\/","url":"https:\/\/ricondizionatipro.it\/shop\/prodotto\/laptop-hp-chromebook-15a-nb0329nz-i3-ram-8-gb-156%e2%80%b3-fhd\/","name":"Laptop HP Chromebook 15a-nb0329nz \/ i3 \/ RAM 8 GB \/ 15,6\u2033 FHD - ricondizionatipro.it","isPartOf":{"@id":"https:\/\/ricondizionatipro.it\/shop\/#website"},"primaryImageOfPage":{"@id":"https:\/\/ricondizionatipro.it\/shop\/prodotto\/laptop-hp-chromebook-15a-nb0329nz-i3-ram-8-gb-156%e2%80%b3-fhd\/#primaryimage"},"image":{"@id":"https:\/\/ricondizionatipro.it\/shop\/prodotto\/laptop-hp-chromebook-15a-nb0329nz-i3-ram-8-gb-156%e2%80%b3-fhd\/#primaryimage"},"thumbnailUrl":"https:\/\/ricondizionatipro.it\/shop\/wp-content\/uploads\/2026\/04\/2b512763-8f29-4c39-995a-1d8020927c21.jpg","datePublished":"2026-04-29T23:00:03+00:00","dateModified":"2026-04-29T23:00:04+00:00","breadcrumb":{"@id":"https:\/\/ricondizionatipro.it\/shop\/prodotto\/laptop-hp-chromebook-15a-nb0329nz-i3-ram-8-gb-156%e2%80%b3-fhd\/#breadcrumb"},"inLanguage":"it-IT","potentialAction":[{"@type":"ReadAction","target":["https:\/\/ricondizionatipro.it\/shop\/prodotto\/laptop-hp-chromebook-15a-nb0329nz-i3-ram-8-gb-156%e2%80%b3-fhd\/"]}]},{"@type":"ImageObject","inLanguage":"it-IT","@id":"https:\/\/ricondizionatipro.it\/shop\/prodotto\/laptop-hp-chromebook-15a-nb0329nz-i3-ram-8-gb-156%e2%80%b3-fhd\/#primaryimage","url":"https:\/\/ricondizionatipro.it\/shop\/wp-content\/uploads\/2026\/04\/2b512763-8f29-4c39-995a-1d8020927c21.jpg","contentUrl":"https:\/\/ricondizionatipro.it\/shop\/wp-content\/uploads\/2026\/04\/2b512763-8f29-4c39-995a-1d8020927c21.jpg","width":850,"height":624},{"@type":"BreadcrumbList","@id":"https:\/\/ricondizionatipro.it\/shop\/prodotto\/laptop-hp-chromebook-15a-nb0329nz-i3-ram-8-gb-156%e2%80%b3-fhd\/#breadcrumb","itemListElement":[{"@type":"ListItem","position":1,"name":"Home","item":"https:\/\/ricondizionatipro.it\/shop\/"},{"@type":"ListItem","position":2,"name":"Laptop HP Chromebook 15a-nb0329nz \/ i3 \/ RAM 8 GB \/ 15,6\u2033 FHD"}]},{"@type":"WebSite","@id":"https:\/\/ricondizionatipro.it\/shop\/#website","url":"https:\/\/ricondizionatipro.it\/shop\/","name":"ricondizionatipro.it","description":"computer professionali ricondizionati garantiti","publisher":{"@id":"https:\/\/ricondizionatipro.it\/shop\/#organization"},"potentialAction":[{"@type":"SearchAction","target":{"@type":"EntryPoint","urlTemplate":"https:\/\/ricondizionatipro.it\/shop\/?s={search_term_string}"},"query-input":{"@type":"PropertyValueSpecification","valueRequired":true,"valueName":"search_term_string"}}],"inLanguage":"it-IT"},{"@type":"Organization","@id":"https:\/\/ricondizionatipro.it\/shop\/#organization","name":"ricondizionatipro.it","url":"https:\/\/ricondizionatipro.it\/shop\/","logo":{"@type":"ImageObject","inLanguage":"it-IT","@id":"https:\/\/ricondizionatipro.it\/shop\/#\/schema\/logo\/image\/","url":"https:\/\/i0.wp.com\/ricondizionatipro.it\/shop\/wp-content\/uploads\/2022\/04\/ricondizionati-pro-logo-trasparente.png?fit=2309%2C1910&ssl=1","contentUrl":"https:\/\/i0.wp.com\/ricondizionatipro.it\/shop\/wp-content\/uploads\/2022\/04\/ricondizionati-pro-logo-trasparente.png?fit=2309%2C1910&ssl=1","width":2309,"height":1910,"caption":"ricondizionatipro.it"},"image":{"@id":"https:\/\/ricondizionatipro.it\/shop\/#\/schema\/logo\/image\/"},"sameAs":["https:\/\/www.facebook.com\/ricondizionatipro.it\/","https:\/\/www.instagram.com\/ricondizionatipro.it\/"]}]}},"acf":[],"_links":{"self":[{"href":"https:\/\/ricondizionatipro.it\/shop\/wp-json\/wp\/v2\/product\/102961","targetHints":{"allow":["GET"]}}],"collection":[{"href":"https:\/\/ricondizionatipro.it\/shop\/wp-json\/wp\/v2\/product"}],"about":[{"href":"https:\/\/ricondizionatipro.it\/shop\/wp-json\/wp\/v2\/types\/product"}],"wp:featuredmedia":[{"embeddable":true,"href":"https:\/\/ricondizionatipro.it\/shop\/wp-json\/wp\/v2\/media\/102962"}],"wp:attachment":[{"href":"https:\/\/ricondizionatipro.it\/shop\/wp-json\/wp\/v2\/media?parent=102961"}],"wp:term":[{"taxonomy":"product_brand","embeddable":true,"href":"https:\/\/ricondizionatipro.it\/shop\/wp-json\/wp\/v2\/product_brand?post=102961"},{"taxonomy":"product_cat","embeddable":true,"href":"https:\/\/ricondizionatipro.it\/shop\/wp-json\/wp\/v2\/product_cat?post=102961"},{"taxonomy":"product_tag","embeddable":true,"href":"https:\/\/ricondizionatipro.it\/shop\/wp-json\/wp\/v2\/product_tag?post=102961"}],"curies":[{"name":"wp","href":"https:\/\/api.w.org\/{rel}","templated":true}]}}