{"id":102661,"date":"2026-05-01T04:33:52","date_gmt":"2026-05-01T02:33:52","guid":{"rendered":"https:\/\/ricondizionatipro.it\/shop\/prodotto\/laptop-lenovo-thinkpad-t495-amd-ryzen-5-ram-16-gb-ssd-disk-140%e2%80%b3-fhd-3\/"},"modified":"2026-05-01T04:33:52","modified_gmt":"2026-05-01T02:33:52","slug":"laptop-lenovo-thinkpad-t495-amd-ryzen-5-ram-16-gb-ssd-disk-140%e2%80%b3-fhd-2","status":"publish","type":"product","link":"https:\/\/ricondizionatipro.it\/shop\/prodotto\/laptop-lenovo-thinkpad-t495-amd-ryzen-5-ram-16-gb-ssd-disk-140%e2%80%b3-fhd-2\/","title":{"rendered":"Laptop Lenovo ThinkPad T495 \/ AMD Ryzen\u2122 5 \/ RAM 16 GB \/ SSD Disk \/ 14,0\u2033 FHD"},"content":{"rendered":"<p>Il Laptop Lenovo ThinkPad T495 \u00e8 un potente compagno di lavoro che combina prestazioni eccellenti con un design elegante e robusto. Dotato di una generosa capacit\u00e0 di memoria e di un disco SSD, garantisce esperienze fluide e reattive per tutte le esigenze professionali e personali.<\/p>\n<p>&lt;H2&gt;Principali vantaggi&lt;\/H2&gt;<br \/>\n&lt;ul&gt;<br \/>\n  &lt;li&gt;Prestazioni elevate grazie al processore &lt;b&gt;Ryzen 5&lt;\/b&gt; e una RAM di grande capacit\u00e0&lt;\/li&gt;<br \/>\n  &lt;li&gt;Memoria veloce grazie al &lt;b&gt;SSD NVMe&lt;\/b&gt;, che offre tempi di caricamento e avvio ridotti&lt;\/li&gt;<br \/>\n  &lt;li&gt;Display &lt;b&gt;14,0\u2033 FHD&lt;\/b&gt; con finitura opaca per ridurre i riflessi e garantire un&#039;ottima visibilit\u00e0&lt;\/li&gt;<br \/>\n  &lt;li&gt;Tastiera retroilluminata per lavorare comodamente anche in condizioni di scarsa illuminazione&lt;\/li&gt;<br \/>\n  &lt;li&gt;Connettivit\u00e0 versatile con porte HDMI, USB-C, Thunderbolt e lettore di schede&lt;\/li&gt;<br \/>\n&lt;\/ul&gt;<\/p>\n<p>&lt;H2&gt;Chi acquista questo prodotto&lt;\/H2&gt;<br \/>\n\u00c8 l&#039;ideale per professionisti che necessitano di un laptop affidabile e performante, studenti universitari che cercano un dispositivo su cui contare per gli studi, e chiunque desideri un notebook potente e flessibile per uso quotidiano e intrattenimento.<\/p>\n<p>&lt;H2&gt;Possibilit\u00e0 di aggiornamento&lt;\/H2&gt;<br \/>\nLenovo ThinkPad T495 consente facili aggiornamenti per disco e memoria, permettendo di estendere la vita utile del dispositivo e personalizzare le prestazioni in base alle esigenze. &lt;b&gt;Consultate sempre un esperto prima di eseguire l&#039;aggiornamento.&lt;\/b&gt;<\/p>\n<p>&lt;H2&gt;Perch\u00e9 scegliere un dispositivo ricondizionato&lt;\/H2&gt;<br \/>\nAcquistare un dispositivo ricondizionato significa investire in un prodotto che \u00e8 stato controllato e rinnovato con cura da professionisti, garantendo affidabilit\u00e0 e lunga durata. \u00c8 un&#039;opzione ecologica che contribuisce a ridurre i rifiuti elettronici e un sistema standardizzato di valutazione della qualit\u00e0 assicura che riceviate sempre il miglior valore per il vostro acquisto.&lt;h2&gt;Qualit\u00e0 A-&lt;\/h2&gt;&#13;<br \/>\n&lt;p&gt;Segni di usura. Il miglior rapporto qualit\u00e0-prezzo. Parte esterna dei dispositivi pu\u00f2 presentare piccole imperfezioni, come graffi visibili che non influenzano il funzionamento del dispositivo. Gli schermi possono avere leggere imperfezioni che sono lievemente visibili ma non disturbano l&#039;utente durante l&#039;uso del dispositivo.&lt;\/p&gt;<\/p>\n","protected":false},"excerpt":{"rendered":"<p>AMD Ryzen 5 3500U (2.1 GHz \/ Quad-Core \/ Turbo Boost 3.7 GHz), 16 GB DDR4 SODIMM, 512 GB NVMe SSD, 35,6 cm (14,0\u2033), Matiran (AntiGlare, matt), Touch, FHD \/ 1920 x 1080, AMD Radeon Graphics, HDMI, USB-C, Thunderbolt, 2x USB, Backlit keyboard, Card reader, bluetooth, No OS Installed &#8211; Win10P COA<\/p>\n","protected":false},"featured_media":102746,"template":"","meta":{"inline_featured_image":false},"product_brand":[],"product_cat":[831,832,5882,894,5877,833],"product_tag":[],"class_list":{"0":"post-102661","1":"product","2":"type-product","3":"status-publish","4":"has-post-thumbnail","6":"product_cat-laptop","7":"product_cat-laptop-usati","8":"product_cat-laptop-ultrabook","9":"product_cat-lenovo-portatili","10":"product_cat-notebook-per-uso-aziendale","11":"product_cat-ricerca-preferita","13":"first","14":"instock","15":"purchasable","16":"product-type-simple"},"yoast_head":"<!-- This site is optimized with the Yoast SEO plugin v27.2 - https:\/\/yoast.com\/product\/yoast-seo-wordpress\/ -->\n<title>Laptop Lenovo ThinkPad T495 \/ AMD Ryzen\u2122 5 \/ RAM 16 GB \/ SSD Disk \/ 14,0\u2033 FHD - ricondizionatipro.it<\/title>\n<meta name=\"robots\" content=\"index, follow, max-snippet:-1, max-image-preview:large, max-video-preview:-1\" \/>\n<link rel=\"canonical\" href=\"https:\/\/ricondizionatipro.it\/shop\/prodotto\/laptop-lenovo-thinkpad-t495-amd-ryzen-5-ram-16-gb-ssd-disk-140\u2033-fhd-2\/\" \/>\n<meta property=\"og:locale\" content=\"it_IT\" \/>\n<meta property=\"og:type\" content=\"article\" \/>\n<meta property=\"og:title\" content=\"Laptop Lenovo ThinkPad T495 \/ AMD Ryzen\u2122 5 \/ RAM 16 GB \/ SSD Disk \/ 14,0\u2033 FHD - ricondizionatipro.it\" \/>\n<meta property=\"og:description\" content=\"AMD Ryzen 5 3500U (2.1 GHz \/ Quad-Core \/ Turbo Boost 3.7 GHz), 16 GB DDR4 SODIMM, 512 GB NVMe SSD, 35,6 cm (14,0\u2033), Matiran (AntiGlare, matt), Touch, FHD \/ 1920 x 1080, AMD Radeon Graphics, HDMI, USB-C, Thunderbolt, 2x USB, Backlit keyboard, Card reader, bluetooth, No OS Installed - Win10P COA\" \/>\n<meta property=\"og:url\" content=\"https:\/\/ricondizionatipro.it\/shop\/prodotto\/laptop-lenovo-thinkpad-t495-amd-ryzen-5-ram-16-gb-ssd-disk-140\u2033-fhd-2\/\" \/>\n<meta property=\"og:site_name\" content=\"ricondizionatipro.it\" \/>\n<meta property=\"article:publisher\" content=\"https:\/\/www.facebook.com\/ricondizionatipro.it\/\" \/>\n<meta property=\"og:image\" content=\"https:\/\/ricondizionatipro.it\/shop\/wp-content\/uploads\/2026\/04\/lenovo-tp-t495-ryzen-3300u-1641826421-1.jpg\" \/>\n\t<meta property=\"og:image:width\" content=\"1200\" \/>\n\t<meta property=\"og:image:height\" content=\"1200\" \/>\n\t<meta property=\"og:image:type\" content=\"image\/jpeg\" \/>\n<meta name=\"twitter:card\" content=\"summary_large_image\" \/>\n<meta name=\"twitter:label1\" content=\"Tempo di lettura stimato\" \/>\n\t<meta name=\"twitter:data1\" content=\"2 minuti\" \/>\n<script type=\"application\/ld+json\" class=\"yoast-schema-graph\">{\"@context\":\"https:\/\/schema.org\",\"@graph\":[{\"@type\":\"WebPage\",\"@id\":\"https:\/\/ricondizionatipro.it\/shop\/prodotto\/laptop-lenovo-thinkpad-t495-amd-ryzen-5-ram-16-gb-ssd-disk-140%e2%80%b3-fhd-2\/\",\"url\":\"https:\/\/ricondizionatipro.it\/shop\/prodotto\/laptop-lenovo-thinkpad-t495-amd-ryzen-5-ram-16-gb-ssd-disk-140%e2%80%b3-fhd-2\/\",\"name\":\"Laptop Lenovo ThinkPad T495 \/ AMD Ryzen\u2122 5 \/ RAM 16 GB \/ SSD Disk \/ 14,0\u2033 FHD - ricondizionatipro.it\",\"isPartOf\":{\"@id\":\"https:\/\/ricondizionatipro.it\/shop\/#website\"},\"primaryImageOfPage\":{\"@id\":\"https:\/\/ricondizionatipro.it\/shop\/prodotto\/laptop-lenovo-thinkpad-t495-amd-ryzen-5-ram-16-gb-ssd-disk-140%e2%80%b3-fhd-2\/#primaryimage\"},\"image\":{\"@id\":\"https:\/\/ricondizionatipro.it\/shop\/prodotto\/laptop-lenovo-thinkpad-t495-amd-ryzen-5-ram-16-gb-ssd-disk-140%e2%80%b3-fhd-2\/#primaryimage\"},\"thumbnailUrl\":\"https:\/\/ricondizionatipro.it\/shop\/wp-content\/uploads\/2026\/04\/lenovo-tp-t495-ryzen-3300u-1641826421-1.jpg\",\"datePublished\":\"2026-05-01T02:33:52+00:00\",\"breadcrumb\":{\"@id\":\"https:\/\/ricondizionatipro.it\/shop\/prodotto\/laptop-lenovo-thinkpad-t495-amd-ryzen-5-ram-16-gb-ssd-disk-140%e2%80%b3-fhd-2\/#breadcrumb\"},\"inLanguage\":\"it-IT\",\"potentialAction\":[{\"@type\":\"ReadAction\",\"target\":[\"https:\/\/ricondizionatipro.it\/shop\/prodotto\/laptop-lenovo-thinkpad-t495-amd-ryzen-5-ram-16-gb-ssd-disk-140%e2%80%b3-fhd-2\/\"]}]},{\"@type\":\"ImageObject\",\"inLanguage\":\"it-IT\",\"@id\":\"https:\/\/ricondizionatipro.it\/shop\/prodotto\/laptop-lenovo-thinkpad-t495-amd-ryzen-5-ram-16-gb-ssd-disk-140%e2%80%b3-fhd-2\/#primaryimage\",\"url\":\"https:\/\/ricondizionatipro.it\/shop\/wp-content\/uploads\/2026\/04\/lenovo-tp-t495-ryzen-3300u-1641826421-1.jpg\",\"contentUrl\":\"https:\/\/ricondizionatipro.it\/shop\/wp-content\/uploads\/2026\/04\/lenovo-tp-t495-ryzen-3300u-1641826421-1.jpg\",\"width\":1200,\"height\":1200},{\"@type\":\"BreadcrumbList\",\"@id\":\"https:\/\/ricondizionatipro.it\/shop\/prodotto\/laptop-lenovo-thinkpad-t495-amd-ryzen-5-ram-16-gb-ssd-disk-140%e2%80%b3-fhd-2\/#breadcrumb\",\"itemListElement\":[{\"@type\":\"ListItem\",\"position\":1,\"name\":\"Home\",\"item\":\"https:\/\/ricondizionatipro.it\/shop\/\"},{\"@type\":\"ListItem\",\"position\":2,\"name\":\"Laptop Lenovo ThinkPad T495 \/ AMD Ryzen\u2122 5 \/ RAM 16 GB \/ SSD Disk \/ 14,0\u2033 FHD\"}]},{\"@type\":\"WebSite\",\"@id\":\"https:\/\/ricondizionatipro.it\/shop\/#website\",\"url\":\"https:\/\/ricondizionatipro.it\/shop\/\",\"name\":\"ricondizionatipro.it\",\"description\":\"computer professionali ricondizionati garantiti\",\"publisher\":{\"@id\":\"https:\/\/ricondizionatipro.it\/shop\/#organization\"},\"potentialAction\":[{\"@type\":\"SearchAction\",\"target\":{\"@type\":\"EntryPoint\",\"urlTemplate\":\"https:\/\/ricondizionatipro.it\/shop\/?s={search_term_string}\"},\"query-input\":{\"@type\":\"PropertyValueSpecification\",\"valueRequired\":true,\"valueName\":\"search_term_string\"}}],\"inLanguage\":\"it-IT\"},{\"@type\":\"Organization\",\"@id\":\"https:\/\/ricondizionatipro.it\/shop\/#organization\",\"name\":\"ricondizionatipro.it\",\"url\":\"https:\/\/ricondizionatipro.it\/shop\/\",\"logo\":{\"@type\":\"ImageObject\",\"inLanguage\":\"it-IT\",\"@id\":\"https:\/\/ricondizionatipro.it\/shop\/#\/schema\/logo\/image\/\",\"url\":\"https:\/\/i0.wp.com\/ricondizionatipro.it\/shop\/wp-content\/uploads\/2022\/04\/ricondizionati-pro-logo-trasparente.png?fit=2309%2C1910&ssl=1\",\"contentUrl\":\"https:\/\/i0.wp.com\/ricondizionatipro.it\/shop\/wp-content\/uploads\/2022\/04\/ricondizionati-pro-logo-trasparente.png?fit=2309%2C1910&ssl=1\",\"width\":2309,\"height\":1910,\"caption\":\"ricondizionatipro.it\"},\"image\":{\"@id\":\"https:\/\/ricondizionatipro.it\/shop\/#\/schema\/logo\/image\/\"},\"sameAs\":[\"https:\/\/www.facebook.com\/ricondizionatipro.it\/\",\"https:\/\/www.instagram.com\/ricondizionatipro.it\/\"]}]}<\/script>\n<!-- \/ Yoast SEO plugin. -->","yoast_head_json":{"title":"Laptop Lenovo ThinkPad T495 \/ AMD Ryzen\u2122 5 \/ RAM 16 GB \/ SSD Disk \/ 14,0\u2033 FHD - ricondizionatipro.it","robots":{"index":"index","follow":"follow","max-snippet":"max-snippet:-1","max-image-preview":"max-image-preview:large","max-video-preview":"max-video-preview:-1"},"canonical":"https:\/\/ricondizionatipro.it\/shop\/prodotto\/laptop-lenovo-thinkpad-t495-amd-ryzen-5-ram-16-gb-ssd-disk-140\u2033-fhd-2\/","og_locale":"it_IT","og_type":"article","og_title":"Laptop Lenovo ThinkPad T495 \/ AMD Ryzen\u2122 5 \/ RAM 16 GB \/ SSD Disk \/ 14,0\u2033 FHD - ricondizionatipro.it","og_description":"AMD Ryzen 5 3500U (2.1 GHz \/ Quad-Core \/ Turbo Boost 3.7 GHz), 16 GB DDR4 SODIMM, 512 GB NVMe SSD, 35,6 cm (14,0\u2033), Matiran (AntiGlare, matt), Touch, FHD \/ 1920 x 1080, AMD Radeon Graphics, HDMI, USB-C, Thunderbolt, 2x USB, Backlit keyboard, Card reader, bluetooth, No OS Installed - Win10P COA","og_url":"https:\/\/ricondizionatipro.it\/shop\/prodotto\/laptop-lenovo-thinkpad-t495-amd-ryzen-5-ram-16-gb-ssd-disk-140\u2033-fhd-2\/","og_site_name":"ricondizionatipro.it","article_publisher":"https:\/\/www.facebook.com\/ricondizionatipro.it\/","og_image":[{"width":1200,"height":1200,"url":"https:\/\/ricondizionatipro.it\/shop\/wp-content\/uploads\/2026\/04\/lenovo-tp-t495-ryzen-3300u-1641826421-1.jpg","type":"image\/jpeg"}],"twitter_card":"summary_large_image","twitter_misc":{"Tempo di lettura stimato":"2 minuti"},"schema":{"@context":"https:\/\/schema.org","@graph":[{"@type":"WebPage","@id":"https:\/\/ricondizionatipro.it\/shop\/prodotto\/laptop-lenovo-thinkpad-t495-amd-ryzen-5-ram-16-gb-ssd-disk-140%e2%80%b3-fhd-2\/","url":"https:\/\/ricondizionatipro.it\/shop\/prodotto\/laptop-lenovo-thinkpad-t495-amd-ryzen-5-ram-16-gb-ssd-disk-140%e2%80%b3-fhd-2\/","name":"Laptop Lenovo ThinkPad T495 \/ AMD Ryzen\u2122 5 \/ RAM 16 GB \/ SSD Disk \/ 14,0\u2033 FHD - ricondizionatipro.it","isPartOf":{"@id":"https:\/\/ricondizionatipro.it\/shop\/#website"},"primaryImageOfPage":{"@id":"https:\/\/ricondizionatipro.it\/shop\/prodotto\/laptop-lenovo-thinkpad-t495-amd-ryzen-5-ram-16-gb-ssd-disk-140%e2%80%b3-fhd-2\/#primaryimage"},"image":{"@id":"https:\/\/ricondizionatipro.it\/shop\/prodotto\/laptop-lenovo-thinkpad-t495-amd-ryzen-5-ram-16-gb-ssd-disk-140%e2%80%b3-fhd-2\/#primaryimage"},"thumbnailUrl":"https:\/\/ricondizionatipro.it\/shop\/wp-content\/uploads\/2026\/04\/lenovo-tp-t495-ryzen-3300u-1641826421-1.jpg","datePublished":"2026-05-01T02:33:52+00:00","breadcrumb":{"@id":"https:\/\/ricondizionatipro.it\/shop\/prodotto\/laptop-lenovo-thinkpad-t495-amd-ryzen-5-ram-16-gb-ssd-disk-140%e2%80%b3-fhd-2\/#breadcrumb"},"inLanguage":"it-IT","potentialAction":[{"@type":"ReadAction","target":["https:\/\/ricondizionatipro.it\/shop\/prodotto\/laptop-lenovo-thinkpad-t495-amd-ryzen-5-ram-16-gb-ssd-disk-140%e2%80%b3-fhd-2\/"]}]},{"@type":"ImageObject","inLanguage":"it-IT","@id":"https:\/\/ricondizionatipro.it\/shop\/prodotto\/laptop-lenovo-thinkpad-t495-amd-ryzen-5-ram-16-gb-ssd-disk-140%e2%80%b3-fhd-2\/#primaryimage","url":"https:\/\/ricondizionatipro.it\/shop\/wp-content\/uploads\/2026\/04\/lenovo-tp-t495-ryzen-3300u-1641826421-1.jpg","contentUrl":"https:\/\/ricondizionatipro.it\/shop\/wp-content\/uploads\/2026\/04\/lenovo-tp-t495-ryzen-3300u-1641826421-1.jpg","width":1200,"height":1200},{"@type":"BreadcrumbList","@id":"https:\/\/ricondizionatipro.it\/shop\/prodotto\/laptop-lenovo-thinkpad-t495-amd-ryzen-5-ram-16-gb-ssd-disk-140%e2%80%b3-fhd-2\/#breadcrumb","itemListElement":[{"@type":"ListItem","position":1,"name":"Home","item":"https:\/\/ricondizionatipro.it\/shop\/"},{"@type":"ListItem","position":2,"name":"Laptop Lenovo ThinkPad T495 \/ AMD Ryzen\u2122 5 \/ RAM 16 GB \/ SSD Disk \/ 14,0\u2033 FHD"}]},{"@type":"WebSite","@id":"https:\/\/ricondizionatipro.it\/shop\/#website","url":"https:\/\/ricondizionatipro.it\/shop\/","name":"ricondizionatipro.it","description":"computer professionali ricondizionati garantiti","publisher":{"@id":"https:\/\/ricondizionatipro.it\/shop\/#organization"},"potentialAction":[{"@type":"SearchAction","target":{"@type":"EntryPoint","urlTemplate":"https:\/\/ricondizionatipro.it\/shop\/?s={search_term_string}"},"query-input":{"@type":"PropertyValueSpecification","valueRequired":true,"valueName":"search_term_string"}}],"inLanguage":"it-IT"},{"@type":"Organization","@id":"https:\/\/ricondizionatipro.it\/shop\/#organization","name":"ricondizionatipro.it","url":"https:\/\/ricondizionatipro.it\/shop\/","logo":{"@type":"ImageObject","inLanguage":"it-IT","@id":"https:\/\/ricondizionatipro.it\/shop\/#\/schema\/logo\/image\/","url":"https:\/\/i0.wp.com\/ricondizionatipro.it\/shop\/wp-content\/uploads\/2022\/04\/ricondizionati-pro-logo-trasparente.png?fit=2309%2C1910&ssl=1","contentUrl":"https:\/\/i0.wp.com\/ricondizionatipro.it\/shop\/wp-content\/uploads\/2022\/04\/ricondizionati-pro-logo-trasparente.png?fit=2309%2C1910&ssl=1","width":2309,"height":1910,"caption":"ricondizionatipro.it"},"image":{"@id":"https:\/\/ricondizionatipro.it\/shop\/#\/schema\/logo\/image\/"},"sameAs":["https:\/\/www.facebook.com\/ricondizionatipro.it\/","https:\/\/www.instagram.com\/ricondizionatipro.it\/"]}]}},"acf":[],"_links":{"self":[{"href":"https:\/\/ricondizionatipro.it\/shop\/wp-json\/wp\/v2\/product\/102661","targetHints":{"allow":["GET"]}}],"collection":[{"href":"https:\/\/ricondizionatipro.it\/shop\/wp-json\/wp\/v2\/product"}],"about":[{"href":"https:\/\/ricondizionatipro.it\/shop\/wp-json\/wp\/v2\/types\/product"}],"wp:featuredmedia":[{"embeddable":true,"href":"https:\/\/ricondizionatipro.it\/shop\/wp-json\/wp\/v2\/media\/102746"}],"wp:attachment":[{"href":"https:\/\/ricondizionatipro.it\/shop\/wp-json\/wp\/v2\/media?parent=102661"}],"wp:term":[{"taxonomy":"product_brand","embeddable":true,"href":"https:\/\/ricondizionatipro.it\/shop\/wp-json\/wp\/v2\/product_brand?post=102661"},{"taxonomy":"product_cat","embeddable":true,"href":"https:\/\/ricondizionatipro.it\/shop\/wp-json\/wp\/v2\/product_cat?post=102661"},{"taxonomy":"product_tag","embeddable":true,"href":"https:\/\/ricondizionatipro.it\/shop\/wp-json\/wp\/v2\/product_tag?post=102661"}],"curies":[{"name":"wp","href":"https:\/\/api.w.org\/{rel}","templated":true}]}}