{"id":102528,"date":"2026-04-25T04:27:58","date_gmt":"2026-04-25T02:27:58","guid":{"rendered":"https:\/\/ricondizionatipro.it\/shop\/prodotto\/computer-hp-pro-mini-260-g9-i5-1315u-w11p-i3-ram-8-gb-ssd-disk\/"},"modified":"2026-04-25T04:27:58","modified_gmt":"2026-04-25T02:27:58","slug":"computer-hp-pro-mini-260-g9-i3-1315u-w11p-i3-ram-8-gb-ssd-disk","status":"publish","type":"product","link":"https:\/\/ricondizionatipro.it\/shop\/prodotto\/computer-hp-pro-mini-260-g9-i3-1315u-w11p-i3-ram-8-gb-ssd-disk\/","title":{"rendered":"Computer HP Pro Mini 260 G9 | i3-1315U | W11P \/ i3 \/ RAM 8 GB \/ SSD Disk"},"content":{"rendered":"<p>Il Ra\u010dunalnik HP Pro Mini 260 G9 offre un mix di prestazioni e funzionalit\u00e0 in un formato compatto ideale per ogni spazio di lavoro.<\/p>\n<p>&lt;H2&gt;Principali vantaggi&lt;\/H2&gt;<br \/>\n&lt;ul&gt;<br \/>\n    &lt;li&gt;&lt;b&gt;Prestazioni solide&lt;\/b&gt;: grazie a un processore I5, garantisce efficienza e capacit\u00e0 multitasking senza compromessi.&lt;\/li&gt;<br \/>\n    &lt;li&gt;&lt;b&gt;Memoria e archiviazione potenziati&lt;\/b&gt;: la memoria DDR4 e l&#039;unit\u00e0 SSD M.2 PCIe NVMe assicurano velocit\u00e0 e tempi di avvio rapidi.&lt;\/li&gt;<br \/>\n    &lt;li&gt;&lt;b&gt;Connettivit\u00e0 avanzata&lt;\/b&gt;: dotato di Wi-Fi 6 e Bluetooth 5.3 per una connessione rete\/cavo Smart e veloce.&lt;\/li&gt;<br \/>\n    &lt;li&gt;&lt;b&gt;Design compatto e versatile&lt;\/b&gt;: facilmente collocabile in qualsiasi ambiente grazie al suo formato mini.&lt;\/li&gt;<br \/>\n&lt;\/ul&gt;<\/p>\n<p>&lt;H2&gt;Chi acquista questo prodotto&lt;\/H2&gt;<br \/>\nIl Ra\u010dunalnik HP Pro Mini 260 G9 \u00e8 ideale per i professionisti che necessitano di un dispositivo affidabile per la gestione delle attivit\u00e0 quotidiane in ufficio e a casa. Perfetto anche per studenti che cercano un sistema potente per studi e progetti.<\/p>\n<p>&lt;H2&gt;Possibilit\u00e0 di aggiornamento&lt;\/H2&gt;<br \/>\nL&#039;HP Pro Mini 260 G9 consente l&#039;aggiornamento di disco e memoria, permettendo cos\u00ec di adattare il dispositivo alle vostre esigenze evolutive. &lt;b&gt;Consultate sempre un esperto prima di eseguire l&#039;aggiornamento&lt;\/b&gt;.<\/p>\n<p>&lt;H2&gt;Perch\u00e9 scegliere un dispositivo ricondizionato&lt;\/H2&gt;<br \/>\nOptare per un prodotto ricondizionato significa scegliere un prodotto valutato tramite un sistema standardizzato di qualit\u00e0, che assicura prestazioni affidabili con un impatto ambientale ridotto. Il servizio professionale di ricondizionamento garantisce che ogni unit\u00e0 funzioni al massimo delle sue capacit\u00e0, offrendo cos\u00ec un&#039;esperienza d&#039;uso eccellente senza il peso ambientale associato alla produzione di nuovi dispositivi.&lt;h2&gt;Scatola aperta&lt;\/h2&gt;&#13;<br \/>\n&lt;p&gt;Quasi nessun segno di usura. Qualit\u00e0 uguale ai nuovi. Nella maggior parte dei casi si tratta di eccedenze di produzione e scorte invendute, in cui le differenze rispetto ai dispositivi nuovi non sono percepibili.&lt;\/p&gt;&#13;<\/p>\n","protected":false},"excerpt":{"rendered":"<p>Intel Core i3-1315U (1,2 GHz), 8 GB DDR4-3200, SSD 256 GB M.2 PCIe NVMe, Intel UHD Graphics (IGP), HDMI, DisplayPort, 1x USB-C 3.2 Gen2 (10Gbps), 3x USB-A 3.2 Gen1 (5Gbps), 3x USB-A 2.0, Gb LAN,\u00a0Wi-Fi 6, Bluetooth 5.3, Microsoft Windows 11 Pro (64-bit)<\/p>\n","protected":false},"featured_media":102529,"template":"","meta":{"inline_featured_image":false},"product_brand":[],"product_cat":[2888,5879,5875,918,904,833],"product_tag":[],"class_list":{"0":"post-102528","1":"product","2":"type-product","3":"status-publish","4":"has-post-thumbnail","6":"product_cat-computer-i5","7":"product_cat-computer-per-uso-aziendale","8":"product_cat-computer-per-uso-domestico","9":"product_cat-hp-computer","10":"product_cat-computer","11":"product_cat-ricerca-preferita","12":"pa_fingerprint-no","14":"first","15":"instock","16":"purchasable","17":"product-type-simple"},"yoast_head":"<!-- This site is optimized with the Yoast SEO plugin v27.2 - https:\/\/yoast.com\/product\/yoast-seo-wordpress\/ -->\n<title>Computer HP Pro Mini 260 G9 | i3-1315U | W11P \/ i3 \/ RAM 8 GB \/ SSD Disk - ricondizionatipro.it<\/title>\n<meta name=\"robots\" content=\"index, follow, max-snippet:-1, max-image-preview:large, max-video-preview:-1\" \/>\n<link rel=\"canonical\" href=\"https:\/\/ricondizionatipro.it\/shop\/prodotto\/computer-hp-pro-mini-260-g9-i3-1315u-w11p-i3-ram-8-gb-ssd-disk\/\" \/>\n<meta property=\"og:locale\" content=\"it_IT\" \/>\n<meta property=\"og:type\" content=\"article\" \/>\n<meta property=\"og:title\" content=\"Computer HP Pro Mini 260 G9 | i3-1315U | W11P \/ i3 \/ RAM 8 GB \/ SSD Disk - ricondizionatipro.it\" \/>\n<meta property=\"og:description\" content=\"Intel Core i3-1315U (1,2 GHz), 8 GB DDR4-3200, SSD 256 GB M.2 PCIe NVMe, Intel UHD Graphics (IGP), HDMI, DisplayPort, 1x USB-C 3.2 Gen2 (10Gbps), 3x USB-A 3.2 Gen1 (5Gbps), 3x USB-A 2.0, Gb LAN,\u00a0Wi-Fi 6, Bluetooth 5.3, Microsoft Windows 11 Pro (64-bit)\" \/>\n<meta property=\"og:url\" content=\"https:\/\/ricondizionatipro.it\/shop\/prodotto\/computer-hp-pro-mini-260-g9-i3-1315u-w11p-i3-ram-8-gb-ssd-disk\/\" \/>\n<meta property=\"og:site_name\" content=\"ricondizionatipro.it\" \/>\n<meta property=\"article:publisher\" content=\"https:\/\/www.facebook.com\/ricondizionatipro.it\/\" \/>\n<meta property=\"og:image\" content=\"https:\/\/ricondizionatipro.it\/shop\/wp-content\/uploads\/2026\/04\/racunalnik-hp-pro-mini-260-g9-i5-1315u-w11p5.webp\" \/>\n\t<meta property=\"og:image:width\" content=\"850\" \/>\n\t<meta property=\"og:image:height\" content=\"850\" \/>\n\t<meta property=\"og:image:type\" content=\"image\/webp\" \/>\n<meta name=\"twitter:card\" content=\"summary_large_image\" \/>\n<meta name=\"twitter:label1\" content=\"Tempo di lettura stimato\" \/>\n\t<meta name=\"twitter:data1\" content=\"2 minuti\" \/>\n<script type=\"application\/ld+json\" class=\"yoast-schema-graph\">{\"@context\":\"https:\/\/schema.org\",\"@graph\":[{\"@type\":\"WebPage\",\"@id\":\"https:\/\/ricondizionatipro.it\/shop\/prodotto\/computer-hp-pro-mini-260-g9-i3-1315u-w11p-i3-ram-8-gb-ssd-disk\/\",\"url\":\"https:\/\/ricondizionatipro.it\/shop\/prodotto\/computer-hp-pro-mini-260-g9-i3-1315u-w11p-i3-ram-8-gb-ssd-disk\/\",\"name\":\"Computer HP Pro Mini 260 G9 | i3-1315U | W11P \/ i3 \/ RAM 8 GB \/ SSD Disk - ricondizionatipro.it\",\"isPartOf\":{\"@id\":\"https:\/\/ricondizionatipro.it\/shop\/#website\"},\"primaryImageOfPage\":{\"@id\":\"https:\/\/ricondizionatipro.it\/shop\/prodotto\/computer-hp-pro-mini-260-g9-i3-1315u-w11p-i3-ram-8-gb-ssd-disk\/#primaryimage\"},\"image\":{\"@id\":\"https:\/\/ricondizionatipro.it\/shop\/prodotto\/computer-hp-pro-mini-260-g9-i3-1315u-w11p-i3-ram-8-gb-ssd-disk\/#primaryimage\"},\"thumbnailUrl\":\"https:\/\/ricondizionatipro.it\/shop\/wp-content\/uploads\/2026\/04\/racunalnik-hp-pro-mini-260-g9-i5-1315u-w11p5.webp\",\"datePublished\":\"2026-04-25T02:27:58+00:00\",\"breadcrumb\":{\"@id\":\"https:\/\/ricondizionatipro.it\/shop\/prodotto\/computer-hp-pro-mini-260-g9-i3-1315u-w11p-i3-ram-8-gb-ssd-disk\/#breadcrumb\"},\"inLanguage\":\"it-IT\",\"potentialAction\":[{\"@type\":\"ReadAction\",\"target\":[\"https:\/\/ricondizionatipro.it\/shop\/prodotto\/computer-hp-pro-mini-260-g9-i3-1315u-w11p-i3-ram-8-gb-ssd-disk\/\"]}]},{\"@type\":\"ImageObject\",\"inLanguage\":\"it-IT\",\"@id\":\"https:\/\/ricondizionatipro.it\/shop\/prodotto\/computer-hp-pro-mini-260-g9-i3-1315u-w11p-i3-ram-8-gb-ssd-disk\/#primaryimage\",\"url\":\"https:\/\/ricondizionatipro.it\/shop\/wp-content\/uploads\/2026\/04\/racunalnik-hp-pro-mini-260-g9-i5-1315u-w11p5.webp\",\"contentUrl\":\"https:\/\/ricondizionatipro.it\/shop\/wp-content\/uploads\/2026\/04\/racunalnik-hp-pro-mini-260-g9-i5-1315u-w11p5.webp\",\"width\":850,\"height\":850},{\"@type\":\"BreadcrumbList\",\"@id\":\"https:\/\/ricondizionatipro.it\/shop\/prodotto\/computer-hp-pro-mini-260-g9-i3-1315u-w11p-i3-ram-8-gb-ssd-disk\/#breadcrumb\",\"itemListElement\":[{\"@type\":\"ListItem\",\"position\":1,\"name\":\"Home\",\"item\":\"https:\/\/ricondizionatipro.it\/shop\/\"},{\"@type\":\"ListItem\",\"position\":2,\"name\":\"Computer HP Pro Mini 260 G9 | i3-1315U | W11P \/ i3 \/ RAM 8 GB \/ SSD Disk\"}]},{\"@type\":\"WebSite\",\"@id\":\"https:\/\/ricondizionatipro.it\/shop\/#website\",\"url\":\"https:\/\/ricondizionatipro.it\/shop\/\",\"name\":\"ricondizionatipro.it\",\"description\":\"computer professionali ricondizionati garantiti\",\"publisher\":{\"@id\":\"https:\/\/ricondizionatipro.it\/shop\/#organization\"},\"potentialAction\":[{\"@type\":\"SearchAction\",\"target\":{\"@type\":\"EntryPoint\",\"urlTemplate\":\"https:\/\/ricondizionatipro.it\/shop\/?s={search_term_string}\"},\"query-input\":{\"@type\":\"PropertyValueSpecification\",\"valueRequired\":true,\"valueName\":\"search_term_string\"}}],\"inLanguage\":\"it-IT\"},{\"@type\":\"Organization\",\"@id\":\"https:\/\/ricondizionatipro.it\/shop\/#organization\",\"name\":\"ricondizionatipro.it\",\"url\":\"https:\/\/ricondizionatipro.it\/shop\/\",\"logo\":{\"@type\":\"ImageObject\",\"inLanguage\":\"it-IT\",\"@id\":\"https:\/\/ricondizionatipro.it\/shop\/#\/schema\/logo\/image\/\",\"url\":\"https:\/\/i0.wp.com\/ricondizionatipro.it\/shop\/wp-content\/uploads\/2022\/04\/ricondizionati-pro-logo-trasparente.png?fit=2309%2C1910&ssl=1\",\"contentUrl\":\"https:\/\/i0.wp.com\/ricondizionatipro.it\/shop\/wp-content\/uploads\/2022\/04\/ricondizionati-pro-logo-trasparente.png?fit=2309%2C1910&ssl=1\",\"width\":2309,\"height\":1910,\"caption\":\"ricondizionatipro.it\"},\"image\":{\"@id\":\"https:\/\/ricondizionatipro.it\/shop\/#\/schema\/logo\/image\/\"},\"sameAs\":[\"https:\/\/www.facebook.com\/ricondizionatipro.it\/\",\"https:\/\/www.instagram.com\/ricondizionatipro.it\/\"]}]}<\/script>\n<!-- \/ Yoast SEO plugin. -->","yoast_head_json":{"title":"Computer HP Pro Mini 260 G9 | i3-1315U | W11P \/ i3 \/ RAM 8 GB \/ SSD Disk - ricondizionatipro.it","robots":{"index":"index","follow":"follow","max-snippet":"max-snippet:-1","max-image-preview":"max-image-preview:large","max-video-preview":"max-video-preview:-1"},"canonical":"https:\/\/ricondizionatipro.it\/shop\/prodotto\/computer-hp-pro-mini-260-g9-i3-1315u-w11p-i3-ram-8-gb-ssd-disk\/","og_locale":"it_IT","og_type":"article","og_title":"Computer HP Pro Mini 260 G9 | i3-1315U | W11P \/ i3 \/ RAM 8 GB \/ SSD Disk - ricondizionatipro.it","og_description":"Intel Core i3-1315U (1,2 GHz), 8 GB DDR4-3200, SSD 256 GB M.2 PCIe NVMe, Intel UHD Graphics (IGP), HDMI, DisplayPort, 1x USB-C 3.2 Gen2 (10Gbps), 3x USB-A 3.2 Gen1 (5Gbps), 3x USB-A 2.0, Gb LAN,\u00a0Wi-Fi 6, Bluetooth 5.3, Microsoft Windows 11 Pro (64-bit)","og_url":"https:\/\/ricondizionatipro.it\/shop\/prodotto\/computer-hp-pro-mini-260-g9-i3-1315u-w11p-i3-ram-8-gb-ssd-disk\/","og_site_name":"ricondizionatipro.it","article_publisher":"https:\/\/www.facebook.com\/ricondizionatipro.it\/","og_image":[{"width":850,"height":850,"url":"https:\/\/ricondizionatipro.it\/shop\/wp-content\/uploads\/2026\/04\/racunalnik-hp-pro-mini-260-g9-i5-1315u-w11p5.webp","type":"image\/webp"}],"twitter_card":"summary_large_image","twitter_misc":{"Tempo di lettura stimato":"2 minuti"},"schema":{"@context":"https:\/\/schema.org","@graph":[{"@type":"WebPage","@id":"https:\/\/ricondizionatipro.it\/shop\/prodotto\/computer-hp-pro-mini-260-g9-i3-1315u-w11p-i3-ram-8-gb-ssd-disk\/","url":"https:\/\/ricondizionatipro.it\/shop\/prodotto\/computer-hp-pro-mini-260-g9-i3-1315u-w11p-i3-ram-8-gb-ssd-disk\/","name":"Computer HP Pro Mini 260 G9 | i3-1315U | W11P \/ i3 \/ RAM 8 GB \/ SSD Disk - ricondizionatipro.it","isPartOf":{"@id":"https:\/\/ricondizionatipro.it\/shop\/#website"},"primaryImageOfPage":{"@id":"https:\/\/ricondizionatipro.it\/shop\/prodotto\/computer-hp-pro-mini-260-g9-i3-1315u-w11p-i3-ram-8-gb-ssd-disk\/#primaryimage"},"image":{"@id":"https:\/\/ricondizionatipro.it\/shop\/prodotto\/computer-hp-pro-mini-260-g9-i3-1315u-w11p-i3-ram-8-gb-ssd-disk\/#primaryimage"},"thumbnailUrl":"https:\/\/ricondizionatipro.it\/shop\/wp-content\/uploads\/2026\/04\/racunalnik-hp-pro-mini-260-g9-i5-1315u-w11p5.webp","datePublished":"2026-04-25T02:27:58+00:00","breadcrumb":{"@id":"https:\/\/ricondizionatipro.it\/shop\/prodotto\/computer-hp-pro-mini-260-g9-i3-1315u-w11p-i3-ram-8-gb-ssd-disk\/#breadcrumb"},"inLanguage":"it-IT","potentialAction":[{"@type":"ReadAction","target":["https:\/\/ricondizionatipro.it\/shop\/prodotto\/computer-hp-pro-mini-260-g9-i3-1315u-w11p-i3-ram-8-gb-ssd-disk\/"]}]},{"@type":"ImageObject","inLanguage":"it-IT","@id":"https:\/\/ricondizionatipro.it\/shop\/prodotto\/computer-hp-pro-mini-260-g9-i3-1315u-w11p-i3-ram-8-gb-ssd-disk\/#primaryimage","url":"https:\/\/ricondizionatipro.it\/shop\/wp-content\/uploads\/2026\/04\/racunalnik-hp-pro-mini-260-g9-i5-1315u-w11p5.webp","contentUrl":"https:\/\/ricondizionatipro.it\/shop\/wp-content\/uploads\/2026\/04\/racunalnik-hp-pro-mini-260-g9-i5-1315u-w11p5.webp","width":850,"height":850},{"@type":"BreadcrumbList","@id":"https:\/\/ricondizionatipro.it\/shop\/prodotto\/computer-hp-pro-mini-260-g9-i3-1315u-w11p-i3-ram-8-gb-ssd-disk\/#breadcrumb","itemListElement":[{"@type":"ListItem","position":1,"name":"Home","item":"https:\/\/ricondizionatipro.it\/shop\/"},{"@type":"ListItem","position":2,"name":"Computer HP Pro Mini 260 G9 | i3-1315U | W11P \/ i3 \/ RAM 8 GB \/ SSD Disk"}]},{"@type":"WebSite","@id":"https:\/\/ricondizionatipro.it\/shop\/#website","url":"https:\/\/ricondizionatipro.it\/shop\/","name":"ricondizionatipro.it","description":"computer professionali ricondizionati garantiti","publisher":{"@id":"https:\/\/ricondizionatipro.it\/shop\/#organization"},"potentialAction":[{"@type":"SearchAction","target":{"@type":"EntryPoint","urlTemplate":"https:\/\/ricondizionatipro.it\/shop\/?s={search_term_string}"},"query-input":{"@type":"PropertyValueSpecification","valueRequired":true,"valueName":"search_term_string"}}],"inLanguage":"it-IT"},{"@type":"Organization","@id":"https:\/\/ricondizionatipro.it\/shop\/#organization","name":"ricondizionatipro.it","url":"https:\/\/ricondizionatipro.it\/shop\/","logo":{"@type":"ImageObject","inLanguage":"it-IT","@id":"https:\/\/ricondizionatipro.it\/shop\/#\/schema\/logo\/image\/","url":"https:\/\/i0.wp.com\/ricondizionatipro.it\/shop\/wp-content\/uploads\/2022\/04\/ricondizionati-pro-logo-trasparente.png?fit=2309%2C1910&ssl=1","contentUrl":"https:\/\/i0.wp.com\/ricondizionatipro.it\/shop\/wp-content\/uploads\/2022\/04\/ricondizionati-pro-logo-trasparente.png?fit=2309%2C1910&ssl=1","width":2309,"height":1910,"caption":"ricondizionatipro.it"},"image":{"@id":"https:\/\/ricondizionatipro.it\/shop\/#\/schema\/logo\/image\/"},"sameAs":["https:\/\/www.facebook.com\/ricondizionatipro.it\/","https:\/\/www.instagram.com\/ricondizionatipro.it\/"]}]}},"acf":[],"_links":{"self":[{"href":"https:\/\/ricondizionatipro.it\/shop\/wp-json\/wp\/v2\/product\/102528","targetHints":{"allow":["GET"]}}],"collection":[{"href":"https:\/\/ricondizionatipro.it\/shop\/wp-json\/wp\/v2\/product"}],"about":[{"href":"https:\/\/ricondizionatipro.it\/shop\/wp-json\/wp\/v2\/types\/product"}],"wp:featuredmedia":[{"embeddable":true,"href":"https:\/\/ricondizionatipro.it\/shop\/wp-json\/wp\/v2\/media\/102529"}],"wp:attachment":[{"href":"https:\/\/ricondizionatipro.it\/shop\/wp-json\/wp\/v2\/media?parent=102528"}],"wp:term":[{"taxonomy":"product_brand","embeddable":true,"href":"https:\/\/ricondizionatipro.it\/shop\/wp-json\/wp\/v2\/product_brand?post=102528"},{"taxonomy":"product_cat","embeddable":true,"href":"https:\/\/ricondizionatipro.it\/shop\/wp-json\/wp\/v2\/product_cat?post=102528"},{"taxonomy":"product_tag","embeddable":true,"href":"https:\/\/ricondizionatipro.it\/shop\/wp-json\/wp\/v2\/product_tag?post=102528"}],"curies":[{"name":"wp","href":"https:\/\/api.w.org\/{rel}","templated":true}]}}