{"id":102189,"date":"2026-04-25T04:32:34","date_gmt":"2026-04-25T02:32:34","guid":{"rendered":"https:\/\/ricondizionatipro.it\/shop\/prodotto\/computer-hp-elitedesk-800-g4-twr-i7-ram-16-gb-ssd-disk-2\/"},"modified":"2026-04-25T04:32:34","modified_gmt":"2026-04-25T02:32:34","slug":"computer-hp-elitedesk-800-g4-twr-i7-ram-16-gb-ssd-disk-2","status":"publish","type":"product","link":"https:\/\/ricondizionatipro.it\/shop\/prodotto\/computer-hp-elitedesk-800-g4-twr-i7-ram-16-gb-ssd-disk-2\/","title":{"rendered":"Computer HP EliteDesk 800 G4 TWR \/ i7 \/ RAM 16 GB \/ SSD Disk"},"content":{"rendered":"<p>Il Computer HP EliteDesk 800 G4 TWR \u00e8 una macchina da lavoro potente, progettata per affrontare con facilit\u00e0 le sfide quotidiane, grazie alla sua architettura avanzata e alla grande capacit\u00e0 di elaborazione dati.<\/p>\n<p>&lt;H2&gt;Principali vantaggi&lt;\/H2&gt;<br \/>\n&lt;ul&gt;<br \/>\n&lt;li&gt;&lt;b&gt;Prestazioni elevate&lt;\/b&gt;: dotato di un processore di fascia alta e una memoria RAM sufficiente per eseguire pi\u00f9 applicazioni contemporaneamente&lt;\/li&gt;<br \/>\n&lt;li&gt;&lt;b&gt;Archiviazione veloce&lt;\/b&gt;: il disco NVMe offre velocit\u00e0 di accesso ai dati sorprendenti, riducendo i tempi di caricamento e migliorando la produttivit\u00e0&lt;\/li&gt;<br \/>\n&lt;li&gt;&lt;b&gt;Connettivit\u00e0 versatile&lt;\/b&gt;: grazie a numerose porte USB e la presenza di una USB-C, \u00e8 facile collegare i dispositivi esterni&lt;\/li&gt;<br \/>\n&lt;li&gt;&lt;b&gt;Sicurezza e affidabilit\u00e0&lt;\/b&gt;: costruzione robusta e componenti di qualit\u00e0 assicurano durabilit\u00e0 e performance nel tempo&lt;\/li&gt;<br \/>\n&lt;\/ul&gt;<\/p>\n<p>&lt;H2&gt;Chi acquista questo prodotto&lt;\/H2&gt;<br \/>\nQuesto dispositivo \u00e8 ideale per professionisti che necessitano di una macchina affidabile e potente per attivit\u00e0 di lavoro intense. \u00c8 perfetto anche per piccoli uffici o ambienti lavorativi dove l&#039;efficienza e la velocit\u00e0 sono essenziali per gestire le operazioni giornaliere.<\/p>\n<p>&lt;H2&gt;Possibilit\u00e0 di aggiornamento&lt;\/H2&gt;<br \/>\nIl computer offre ampie possibilit\u00e0 di upgrade, consentendo di aumentare sia la memoria che la capacit\u00e0 di archiviazione per adattarsi a crescenti necessit\u00e0 lavorative. &lt;i&gt;Consultate sempre un esperto prima di eseguire l&#039;aggiornamento.&lt;\/i&gt;<\/p>\n<p>&lt;H2&gt;Perch\u00e9 scegliere un dispositivo ricondizionato&lt;\/H2&gt;<br \/>\nOptare per un dispositivo ricondizionato significa scegliere un prodotto verificato da un servizio professionale di ricondizionamento, che garantisce funzionalit\u00e0 e prestazioni ottimali. Questo computer ha superato un sistema standardizzato di valutazione della qualit\u00e0, assicurando un acquisto sicuro ed ecologico, contribuendo a un impatto positivo sull&#039;ambiente.&lt;h2&gt;Qualit\u00e0 A&lt;\/h2&gt;&#13;<br \/>\n&lt;p&gt;Leggeri segni di usura. Qualit\u00e0 superiore alla media. Parte esterna dei dispositivi pu\u00f2 presentare minime imperfezioni, come un graffio che \u00e8 invisibile a una distanza di 50 cm (circa la lunghezza di un braccio) o pi\u00f9. Gli schermi sono in condizioni operative impeccabili.&lt;\/p&gt;&#13;<\/p>\n","protected":false},"excerpt":{"rendered":"<p>Intel\u00ae Core\u2122 i7-8700 \/ 3.20 GHz \/ Hexa-Core \/ Turbo Speed 4.60 GHz, 16 GB DDR4 DIMM, 512 GB NVMe SSD, Intel\u00ae UHD Graphics 630, USB-C, 10x USB, No OS Installed &#8211; Win10P COA, Collegamento Usb-c Non Funziona<\/p>\n","protected":false},"featured_media":102018,"template":"","meta":{"inline_featured_image":false},"product_brand":[],"product_cat":[905,918,904,833],"product_tag":[],"class_list":{"0":"post-102189","1":"product","2":"type-product","3":"status-publish","4":"has-post-thumbnail","6":"product_cat-computer-usati","7":"product_cat-hp-computer","8":"product_cat-computer","9":"product_cat-ricerca-preferita","11":"first","12":"instock","13":"purchasable","14":"product-type-simple"},"yoast_head":"<!-- This site is optimized with the Yoast SEO plugin v27.2 - https:\/\/yoast.com\/product\/yoast-seo-wordpress\/ -->\n<title>Computer HP EliteDesk 800 G4 TWR \/ i7 \/ RAM 16 GB \/ SSD Disk - ricondizionatipro.it<\/title>\n<meta name=\"robots\" content=\"index, follow, max-snippet:-1, max-image-preview:large, max-video-preview:-1\" \/>\n<link rel=\"canonical\" href=\"https:\/\/ricondizionatipro.it\/shop\/prodotto\/computer-hp-elitedesk-800-g4-twr-i7-ram-16-gb-ssd-disk-2\/\" \/>\n<meta property=\"og:locale\" content=\"it_IT\" \/>\n<meta property=\"og:type\" content=\"article\" \/>\n<meta property=\"og:title\" content=\"Computer HP EliteDesk 800 G4 TWR \/ i7 \/ RAM 16 GB \/ SSD Disk - ricondizionatipro.it\" \/>\n<meta property=\"og:description\" content=\"Intel\u00ae Core\u2122 i7-8700 \/ 3.20 GHz \/ Hexa-Core \/ Turbo Speed 4.60 GHz, 16 GB DDR4 DIMM, 512 GB NVMe SSD, Intel\u00ae UHD Graphics 630, USB-C, 10x USB, No OS Installed - Win10P COA, Collegamento Usb-c Non Funziona\" \/>\n<meta property=\"og:url\" content=\"https:\/\/ricondizionatipro.it\/shop\/prodotto\/computer-hp-elitedesk-800-g4-twr-i7-ram-16-gb-ssd-disk-2\/\" \/>\n<meta property=\"og:site_name\" content=\"ricondizionatipro.it\" \/>\n<meta property=\"article:publisher\" content=\"https:\/\/www.facebook.com\/ricondizionatipro.it\/\" \/>\n<meta property=\"og:image\" content=\"https:\/\/ricondizionatipro.it\/shop\/wp-content\/uploads\/2026\/04\/hp-elitedesk-800-g4-mt-1657272921.jpg\" \/>\n\t<meta property=\"og:image:width\" content=\"617\" \/>\n\t<meta property=\"og:image:height\" content=\"1500\" \/>\n\t<meta property=\"og:image:type\" content=\"image\/jpeg\" \/>\n<meta name=\"twitter:card\" content=\"summary_large_image\" \/>\n<meta name=\"twitter:label1\" content=\"Tempo di lettura stimato\" \/>\n\t<meta name=\"twitter:data1\" content=\"2 minuti\" \/>\n<script type=\"application\/ld+json\" class=\"yoast-schema-graph\">{\"@context\":\"https:\/\/schema.org\",\"@graph\":[{\"@type\":\"WebPage\",\"@id\":\"https:\/\/ricondizionatipro.it\/shop\/prodotto\/computer-hp-elitedesk-800-g4-twr-i7-ram-16-gb-ssd-disk-2\/\",\"url\":\"https:\/\/ricondizionatipro.it\/shop\/prodotto\/computer-hp-elitedesk-800-g4-twr-i7-ram-16-gb-ssd-disk-2\/\",\"name\":\"Computer HP EliteDesk 800 G4 TWR \/ i7 \/ RAM 16 GB \/ SSD Disk - ricondizionatipro.it\",\"isPartOf\":{\"@id\":\"https:\/\/ricondizionatipro.it\/shop\/#website\"},\"primaryImageOfPage\":{\"@id\":\"https:\/\/ricondizionatipro.it\/shop\/prodotto\/computer-hp-elitedesk-800-g4-twr-i7-ram-16-gb-ssd-disk-2\/#primaryimage\"},\"image\":{\"@id\":\"https:\/\/ricondizionatipro.it\/shop\/prodotto\/computer-hp-elitedesk-800-g4-twr-i7-ram-16-gb-ssd-disk-2\/#primaryimage\"},\"thumbnailUrl\":\"https:\/\/ricondizionatipro.it\/shop\/wp-content\/uploads\/2026\/04\/hp-elitedesk-800-g4-mt-1657272921.jpg\",\"datePublished\":\"2026-04-25T02:32:34+00:00\",\"breadcrumb\":{\"@id\":\"https:\/\/ricondizionatipro.it\/shop\/prodotto\/computer-hp-elitedesk-800-g4-twr-i7-ram-16-gb-ssd-disk-2\/#breadcrumb\"},\"inLanguage\":\"it-IT\",\"potentialAction\":[{\"@type\":\"ReadAction\",\"target\":[\"https:\/\/ricondizionatipro.it\/shop\/prodotto\/computer-hp-elitedesk-800-g4-twr-i7-ram-16-gb-ssd-disk-2\/\"]}]},{\"@type\":\"ImageObject\",\"inLanguage\":\"it-IT\",\"@id\":\"https:\/\/ricondizionatipro.it\/shop\/prodotto\/computer-hp-elitedesk-800-g4-twr-i7-ram-16-gb-ssd-disk-2\/#primaryimage\",\"url\":\"https:\/\/ricondizionatipro.it\/shop\/wp-content\/uploads\/2026\/04\/hp-elitedesk-800-g4-mt-1657272921.jpg\",\"contentUrl\":\"https:\/\/ricondizionatipro.it\/shop\/wp-content\/uploads\/2026\/04\/hp-elitedesk-800-g4-mt-1657272921.jpg\",\"width\":617,\"height\":1500},{\"@type\":\"BreadcrumbList\",\"@id\":\"https:\/\/ricondizionatipro.it\/shop\/prodotto\/computer-hp-elitedesk-800-g4-twr-i7-ram-16-gb-ssd-disk-2\/#breadcrumb\",\"itemListElement\":[{\"@type\":\"ListItem\",\"position\":1,\"name\":\"Home\",\"item\":\"https:\/\/ricondizionatipro.it\/shop\/\"},{\"@type\":\"ListItem\",\"position\":2,\"name\":\"Computer HP EliteDesk 800 G4 TWR \/ i7 \/ RAM 16 GB \/ SSD Disk\"}]},{\"@type\":\"WebSite\",\"@id\":\"https:\/\/ricondizionatipro.it\/shop\/#website\",\"url\":\"https:\/\/ricondizionatipro.it\/shop\/\",\"name\":\"ricondizionatipro.it\",\"description\":\"computer professionali ricondizionati garantiti\",\"publisher\":{\"@id\":\"https:\/\/ricondizionatipro.it\/shop\/#organization\"},\"potentialAction\":[{\"@type\":\"SearchAction\",\"target\":{\"@type\":\"EntryPoint\",\"urlTemplate\":\"https:\/\/ricondizionatipro.it\/shop\/?s={search_term_string}\"},\"query-input\":{\"@type\":\"PropertyValueSpecification\",\"valueRequired\":true,\"valueName\":\"search_term_string\"}}],\"inLanguage\":\"it-IT\"},{\"@type\":\"Organization\",\"@id\":\"https:\/\/ricondizionatipro.it\/shop\/#organization\",\"name\":\"ricondizionatipro.it\",\"url\":\"https:\/\/ricondizionatipro.it\/shop\/\",\"logo\":{\"@type\":\"ImageObject\",\"inLanguage\":\"it-IT\",\"@id\":\"https:\/\/ricondizionatipro.it\/shop\/#\/schema\/logo\/image\/\",\"url\":\"https:\/\/i0.wp.com\/ricondizionatipro.it\/shop\/wp-content\/uploads\/2022\/04\/ricondizionati-pro-logo-trasparente.png?fit=2309%2C1910&ssl=1\",\"contentUrl\":\"https:\/\/i0.wp.com\/ricondizionatipro.it\/shop\/wp-content\/uploads\/2022\/04\/ricondizionati-pro-logo-trasparente.png?fit=2309%2C1910&ssl=1\",\"width\":2309,\"height\":1910,\"caption\":\"ricondizionatipro.it\"},\"image\":{\"@id\":\"https:\/\/ricondizionatipro.it\/shop\/#\/schema\/logo\/image\/\"},\"sameAs\":[\"https:\/\/www.facebook.com\/ricondizionatipro.it\/\",\"https:\/\/www.instagram.com\/ricondizionatipro.it\/\"]}]}<\/script>\n<!-- \/ Yoast SEO plugin. -->","yoast_head_json":{"title":"Computer HP EliteDesk 800 G4 TWR \/ i7 \/ RAM 16 GB \/ SSD Disk - ricondizionatipro.it","robots":{"index":"index","follow":"follow","max-snippet":"max-snippet:-1","max-image-preview":"max-image-preview:large","max-video-preview":"max-video-preview:-1"},"canonical":"https:\/\/ricondizionatipro.it\/shop\/prodotto\/computer-hp-elitedesk-800-g4-twr-i7-ram-16-gb-ssd-disk-2\/","og_locale":"it_IT","og_type":"article","og_title":"Computer HP EliteDesk 800 G4 TWR \/ i7 \/ RAM 16 GB \/ SSD Disk - ricondizionatipro.it","og_description":"Intel\u00ae Core\u2122 i7-8700 \/ 3.20 GHz \/ Hexa-Core \/ Turbo Speed 4.60 GHz, 16 GB DDR4 DIMM, 512 GB NVMe SSD, Intel\u00ae UHD Graphics 630, USB-C, 10x USB, No OS Installed - Win10P COA, Collegamento Usb-c Non Funziona","og_url":"https:\/\/ricondizionatipro.it\/shop\/prodotto\/computer-hp-elitedesk-800-g4-twr-i7-ram-16-gb-ssd-disk-2\/","og_site_name":"ricondizionatipro.it","article_publisher":"https:\/\/www.facebook.com\/ricondizionatipro.it\/","og_image":[{"width":617,"height":1500,"url":"https:\/\/ricondizionatipro.it\/shop\/wp-content\/uploads\/2026\/04\/hp-elitedesk-800-g4-mt-1657272921.jpg","type":"image\/jpeg"}],"twitter_card":"summary_large_image","twitter_misc":{"Tempo di lettura stimato":"2 minuti"},"schema":{"@context":"https:\/\/schema.org","@graph":[{"@type":"WebPage","@id":"https:\/\/ricondizionatipro.it\/shop\/prodotto\/computer-hp-elitedesk-800-g4-twr-i7-ram-16-gb-ssd-disk-2\/","url":"https:\/\/ricondizionatipro.it\/shop\/prodotto\/computer-hp-elitedesk-800-g4-twr-i7-ram-16-gb-ssd-disk-2\/","name":"Computer HP EliteDesk 800 G4 TWR \/ i7 \/ RAM 16 GB \/ SSD Disk - ricondizionatipro.it","isPartOf":{"@id":"https:\/\/ricondizionatipro.it\/shop\/#website"},"primaryImageOfPage":{"@id":"https:\/\/ricondizionatipro.it\/shop\/prodotto\/computer-hp-elitedesk-800-g4-twr-i7-ram-16-gb-ssd-disk-2\/#primaryimage"},"image":{"@id":"https:\/\/ricondizionatipro.it\/shop\/prodotto\/computer-hp-elitedesk-800-g4-twr-i7-ram-16-gb-ssd-disk-2\/#primaryimage"},"thumbnailUrl":"https:\/\/ricondizionatipro.it\/shop\/wp-content\/uploads\/2026\/04\/hp-elitedesk-800-g4-mt-1657272921.jpg","datePublished":"2026-04-25T02:32:34+00:00","breadcrumb":{"@id":"https:\/\/ricondizionatipro.it\/shop\/prodotto\/computer-hp-elitedesk-800-g4-twr-i7-ram-16-gb-ssd-disk-2\/#breadcrumb"},"inLanguage":"it-IT","potentialAction":[{"@type":"ReadAction","target":["https:\/\/ricondizionatipro.it\/shop\/prodotto\/computer-hp-elitedesk-800-g4-twr-i7-ram-16-gb-ssd-disk-2\/"]}]},{"@type":"ImageObject","inLanguage":"it-IT","@id":"https:\/\/ricondizionatipro.it\/shop\/prodotto\/computer-hp-elitedesk-800-g4-twr-i7-ram-16-gb-ssd-disk-2\/#primaryimage","url":"https:\/\/ricondizionatipro.it\/shop\/wp-content\/uploads\/2026\/04\/hp-elitedesk-800-g4-mt-1657272921.jpg","contentUrl":"https:\/\/ricondizionatipro.it\/shop\/wp-content\/uploads\/2026\/04\/hp-elitedesk-800-g4-mt-1657272921.jpg","width":617,"height":1500},{"@type":"BreadcrumbList","@id":"https:\/\/ricondizionatipro.it\/shop\/prodotto\/computer-hp-elitedesk-800-g4-twr-i7-ram-16-gb-ssd-disk-2\/#breadcrumb","itemListElement":[{"@type":"ListItem","position":1,"name":"Home","item":"https:\/\/ricondizionatipro.it\/shop\/"},{"@type":"ListItem","position":2,"name":"Computer HP EliteDesk 800 G4 TWR \/ i7 \/ RAM 16 GB \/ SSD Disk"}]},{"@type":"WebSite","@id":"https:\/\/ricondizionatipro.it\/shop\/#website","url":"https:\/\/ricondizionatipro.it\/shop\/","name":"ricondizionatipro.it","description":"computer professionali ricondizionati garantiti","publisher":{"@id":"https:\/\/ricondizionatipro.it\/shop\/#organization"},"potentialAction":[{"@type":"SearchAction","target":{"@type":"EntryPoint","urlTemplate":"https:\/\/ricondizionatipro.it\/shop\/?s={search_term_string}"},"query-input":{"@type":"PropertyValueSpecification","valueRequired":true,"valueName":"search_term_string"}}],"inLanguage":"it-IT"},{"@type":"Organization","@id":"https:\/\/ricondizionatipro.it\/shop\/#organization","name":"ricondizionatipro.it","url":"https:\/\/ricondizionatipro.it\/shop\/","logo":{"@type":"ImageObject","inLanguage":"it-IT","@id":"https:\/\/ricondizionatipro.it\/shop\/#\/schema\/logo\/image\/","url":"https:\/\/i0.wp.com\/ricondizionatipro.it\/shop\/wp-content\/uploads\/2022\/04\/ricondizionati-pro-logo-trasparente.png?fit=2309%2C1910&ssl=1","contentUrl":"https:\/\/i0.wp.com\/ricondizionatipro.it\/shop\/wp-content\/uploads\/2022\/04\/ricondizionati-pro-logo-trasparente.png?fit=2309%2C1910&ssl=1","width":2309,"height":1910,"caption":"ricondizionatipro.it"},"image":{"@id":"https:\/\/ricondizionatipro.it\/shop\/#\/schema\/logo\/image\/"},"sameAs":["https:\/\/www.facebook.com\/ricondizionatipro.it\/","https:\/\/www.instagram.com\/ricondizionatipro.it\/"]}]}},"acf":[],"_links":{"self":[{"href":"https:\/\/ricondizionatipro.it\/shop\/wp-json\/wp\/v2\/product\/102189","targetHints":{"allow":["GET"]}}],"collection":[{"href":"https:\/\/ricondizionatipro.it\/shop\/wp-json\/wp\/v2\/product"}],"about":[{"href":"https:\/\/ricondizionatipro.it\/shop\/wp-json\/wp\/v2\/types\/product"}],"wp:featuredmedia":[{"embeddable":true,"href":"https:\/\/ricondizionatipro.it\/shop\/wp-json\/wp\/v2\/media\/102018"}],"wp:attachment":[{"href":"https:\/\/ricondizionatipro.it\/shop\/wp-json\/wp\/v2\/media?parent=102189"}],"wp:term":[{"taxonomy":"product_brand","embeddable":true,"href":"https:\/\/ricondizionatipro.it\/shop\/wp-json\/wp\/v2\/product_brand?post=102189"},{"taxonomy":"product_cat","embeddable":true,"href":"https:\/\/ricondizionatipro.it\/shop\/wp-json\/wp\/v2\/product_cat?post=102189"},{"taxonomy":"product_tag","embeddable":true,"href":"https:\/\/ricondizionatipro.it\/shop\/wp-json\/wp\/v2\/product_tag?post=102189"}],"curies":[{"name":"wp","href":"https:\/\/api.w.org\/{rel}","templated":true}]}}