{"id":102150,"date":"2026-04-26T10:10:35","date_gmt":"2026-04-26T08:10:35","guid":{"rendered":"https:\/\/ricondizionatipro.it\/shop\/prodotto\/laptop-dell-latitude-7320-detachable-i5-ram-16-gb-ssd-disk-133%e2%80%b3-wuxga\/"},"modified":"2026-04-26T10:10:35","modified_gmt":"2026-04-26T08:10:35","slug":"laptop-dell-latitude-7320-detachable-i5-ram-16-gb-ssd-disk-133%e2%80%b3-wuxga","status":"publish","type":"product","link":"https:\/\/ricondizionatipro.it\/shop\/prodotto\/laptop-dell-latitude-7320-detachable-i5-ram-16-gb-ssd-disk-133%e2%80%b3-wuxga\/","title":{"rendered":"Laptop Dell Latitude 7320 Detachable \/ i5 \/ RAM 16 GB \/ SSD Disk \/ 13,3\u2033 WUXGA"},"content":{"rendered":"<p>Il Laptop Dell Latitude 7320 Detachable combina eleganza e prestazioni in un unico dispositivo compatto. Con schermo touch da 13,3\u2033 WUXGA+, offre un&#039;esperienza visiva brillante e dettagliata, perfetta per il lavoro e l&#039;intrattenimento.<\/p>\n<p>&lt;H2&gt;Principali vantaggi&lt;\/H2&gt;<br \/>\n&lt;ul&gt;<br \/>\n    &lt;li&gt;&lt;b&gt;Prestazioni potenti&lt;\/b&gt;: dotato di processore I5 e grafica Intel\u00ae Iris\u00ae Xe, ideale per compiti impegnativi&lt;\/li&gt;<br \/>\n    &lt;li&gt;&lt;b&gt;Design versatile&lt;\/b&gt;: pratico da trasportare grazie al suo design detachable e leggero&lt;\/li&gt;<br \/>\n    &lt;li&gt;&lt;b&gt;Connettivit\u00e0 avanzata&lt;\/b&gt;: include Thunderbolt e Bluetooth per connessioni veloci e flessibili&lt;\/li&gt;<br \/>\n    &lt;li&gt;&lt;b&gt;Memoria espandibile&lt;\/b&gt;: supporto per SSD NVMe per una maggiore velocit\u00e0 di lettura e scrittura&lt;\/li&gt;<br \/>\n&lt;\/ul&gt;<\/p>\n<p>&lt;H2&gt;Chi acquista questo prodotto&lt;\/H2&gt;<br \/>\nPerfetto per professionisti in movimento, studenti e chiunque necessiti di un dispositivo compatto e versatile senza compromessi sulle prestazioni. Ideale per chi ama lavorare con applicazioni sofisticate o gestire file multimediali.<\/p>\n<p>&lt;H2&gt;Possibilit\u00e0 di aggiornamento&lt;\/H2&gt;<br \/>\nQuesto laptop permette di migliorare ulteriormente la capacit\u00e0 di archiviazione e le prestazioni grazie alla possibilit\u00e0 di aggiornamento della memoria e del disco. Consultate sempre un esperto prima di eseguire l&#039;aggiornamento.<\/p>\n<p>&lt;H2&gt;Perch\u00e9 scegliere un dispositivo ricondizionato&lt;\/H2&gt;<br \/>\nOptare per un dispositivo ricondizionato significa ottenere un prodotto di alta qualit\u00e0 a un valore imbattibile. Grazie a un servizio professionale di ricondizionamento e a un rigoroso sistema di valutazione della qualit\u00e0, questi dispositivi offrono affidabilit\u00e0 e prestazioni come nuovi, con un impatto ridotto sull&#039;ambiente.&lt;h2&gt;Qualit\u00e0 A&lt;\/h2&gt;&#13;<br \/>\n&lt;p&gt;Leggeri segni di usura. Qualit\u00e0 superiore alla media. Parte esterna dei dispositivi pu\u00f2 presentare minime imperfezioni, come un graffio che \u00e8 invisibile a una distanza di 50 cm (circa la lunghezza di un braccio) o pi\u00f9. Gli schermi sono in condizioni operative impeccabili.&lt;\/p&gt;&#13;<\/p>\n","protected":false},"excerpt":{"rendered":"<p>Intel\u00ae Core\u2122 i5-1140G7 \/ 1.8 GHz \/ Turboboost 4.20 GHz, 16 GB LPDDR4 ONBOARD, 256 GB NVMe SSD, 33 cm (13\u2033), Sijajni (BrightView, gloss), Touch, WUXGA+ \/ 1920 x 1280, Intel\u00ae Iris\u00ae Xe Graphics, Thunderbolt, Backlit keyboard, bluetooth, No OS Installed &#8211; Win10P COA<\/p>\n","protected":false},"featured_media":102151,"template":"","meta":{"inline_featured_image":false},"product_brand":[],"product_cat":[834,831,832,835,833],"product_tag":[],"class_list":{"0":"post-102150","1":"product","2":"type-product","3":"status-publish","4":"has-post-thumbnail","6":"product_cat-dell-portatili","7":"product_cat-laptop","8":"product_cat-laptop-usati","9":"product_cat-portatili-i5","10":"product_cat-ricerca-preferita","12":"first","13":"instock","14":"purchasable","15":"product-type-simple"},"yoast_head":"<!-- This site is optimized with the Yoast SEO plugin v27.2 - https:\/\/yoast.com\/product\/yoast-seo-wordpress\/ -->\n<title>Laptop Dell Latitude 7320 Detachable \/ i5 \/ RAM 16 GB \/ SSD Disk \/ 13,3\u2033 WUXGA - ricondizionatipro.it<\/title>\n<meta name=\"robots\" content=\"index, follow, max-snippet:-1, max-image-preview:large, max-video-preview:-1\" \/>\n<link rel=\"canonical\" href=\"https:\/\/ricondizionatipro.it\/shop\/prodotto\/laptop-dell-latitude-7320-detachable-i5-ram-16-gb-ssd-disk-133\u2033-wuxga\/\" \/>\n<meta property=\"og:locale\" content=\"it_IT\" \/>\n<meta property=\"og:type\" content=\"article\" \/>\n<meta property=\"og:title\" content=\"Laptop Dell Latitude 7320 Detachable \/ i5 \/ RAM 16 GB \/ SSD Disk \/ 13,3\u2033 WUXGA - ricondizionatipro.it\" \/>\n<meta property=\"og:description\" content=\"Intel\u00ae Core\u2122 i5-1140G7 \/ 1.8 GHz \/ Turboboost 4.20 GHz, 16 GB LPDDR4 ONBOARD, 256 GB NVMe SSD, 33 cm (13\u2033), Sijajni (BrightView, gloss), Touch, WUXGA+ \/ 1920 x 1280, Intel\u00ae Iris\u00ae Xe Graphics, Thunderbolt, Backlit keyboard, bluetooth, No OS Installed - Win10P COA\" \/>\n<meta property=\"og:url\" content=\"https:\/\/ricondizionatipro.it\/shop\/prodotto\/laptop-dell-latitude-7320-detachable-i5-ram-16-gb-ssd-disk-133\u2033-wuxga\/\" \/>\n<meta property=\"og:site_name\" content=\"ricondizionatipro.it\" \/>\n<meta property=\"article:publisher\" content=\"https:\/\/www.facebook.com\/ricondizionatipro.it\/\" \/>\n<meta property=\"og:image\" content=\"https:\/\/ricondizionatipro.it\/shop\/wp-content\/uploads\/2026\/04\/dell-latitude-detach-7320-1180g7-1764756336482560288.jpg_t_fitdesign_h_600_w_800_t_convert_f_webp\" \/>\n\t<meta property=\"og:image:width\" content=\"800\" \/>\n\t<meta property=\"og:image:height\" content=\"431\" \/>\n\t<meta property=\"og:image:type\" content=\"image\/webp\" \/>\n<meta name=\"twitter:card\" content=\"summary_large_image\" \/>\n<meta name=\"twitter:label1\" content=\"Tempo di lettura stimato\" \/>\n\t<meta name=\"twitter:data1\" content=\"2 minuti\" \/>\n<script type=\"application\/ld+json\" class=\"yoast-schema-graph\">{\"@context\":\"https:\/\/schema.org\",\"@graph\":[{\"@type\":\"WebPage\",\"@id\":\"https:\/\/ricondizionatipro.it\/shop\/prodotto\/laptop-dell-latitude-7320-detachable-i5-ram-16-gb-ssd-disk-133%e2%80%b3-wuxga\/\",\"url\":\"https:\/\/ricondizionatipro.it\/shop\/prodotto\/laptop-dell-latitude-7320-detachable-i5-ram-16-gb-ssd-disk-133%e2%80%b3-wuxga\/\",\"name\":\"Laptop Dell Latitude 7320 Detachable \/ i5 \/ RAM 16 GB \/ SSD Disk \/ 13,3\u2033 WUXGA - ricondizionatipro.it\",\"isPartOf\":{\"@id\":\"https:\/\/ricondizionatipro.it\/shop\/#website\"},\"primaryImageOfPage\":{\"@id\":\"https:\/\/ricondizionatipro.it\/shop\/prodotto\/laptop-dell-latitude-7320-detachable-i5-ram-16-gb-ssd-disk-133%e2%80%b3-wuxga\/#primaryimage\"},\"image\":{\"@id\":\"https:\/\/ricondizionatipro.it\/shop\/prodotto\/laptop-dell-latitude-7320-detachable-i5-ram-16-gb-ssd-disk-133%e2%80%b3-wuxga\/#primaryimage\"},\"thumbnailUrl\":\"https:\/\/ricondizionatipro.it\/shop\/wp-content\/uploads\/2026\/04\/dell-latitude-detach-7320-1180g7-1764756336482560288.jpg_t_fitdesign_h_600_w_800_t_convert_f_webp\",\"datePublished\":\"2026-04-26T08:10:35+00:00\",\"breadcrumb\":{\"@id\":\"https:\/\/ricondizionatipro.it\/shop\/prodotto\/laptop-dell-latitude-7320-detachable-i5-ram-16-gb-ssd-disk-133%e2%80%b3-wuxga\/#breadcrumb\"},\"inLanguage\":\"it-IT\",\"potentialAction\":[{\"@type\":\"ReadAction\",\"target\":[\"https:\/\/ricondizionatipro.it\/shop\/prodotto\/laptop-dell-latitude-7320-detachable-i5-ram-16-gb-ssd-disk-133%e2%80%b3-wuxga\/\"]}]},{\"@type\":\"ImageObject\",\"inLanguage\":\"it-IT\",\"@id\":\"https:\/\/ricondizionatipro.it\/shop\/prodotto\/laptop-dell-latitude-7320-detachable-i5-ram-16-gb-ssd-disk-133%e2%80%b3-wuxga\/#primaryimage\",\"url\":\"https:\/\/ricondizionatipro.it\/shop\/wp-content\/uploads\/2026\/04\/dell-latitude-detach-7320-1180g7-1764756336482560288.jpg_t_fitdesign_h_600_w_800_t_convert_f_webp\",\"contentUrl\":\"https:\/\/ricondizionatipro.it\/shop\/wp-content\/uploads\/2026\/04\/dell-latitude-detach-7320-1180g7-1764756336482560288.jpg_t_fitdesign_h_600_w_800_t_convert_f_webp\",\"width\":800,\"height\":431},{\"@type\":\"BreadcrumbList\",\"@id\":\"https:\/\/ricondizionatipro.it\/shop\/prodotto\/laptop-dell-latitude-7320-detachable-i5-ram-16-gb-ssd-disk-133%e2%80%b3-wuxga\/#breadcrumb\",\"itemListElement\":[{\"@type\":\"ListItem\",\"position\":1,\"name\":\"Home\",\"item\":\"https:\/\/ricondizionatipro.it\/shop\/\"},{\"@type\":\"ListItem\",\"position\":2,\"name\":\"Laptop Dell Latitude 7320 Detachable \/ i5 \/ RAM 16 GB \/ SSD Disk \/ 13,3\u2033 WUXGA\"}]},{\"@type\":\"WebSite\",\"@id\":\"https:\/\/ricondizionatipro.it\/shop\/#website\",\"url\":\"https:\/\/ricondizionatipro.it\/shop\/\",\"name\":\"ricondizionatipro.it\",\"description\":\"computer professionali ricondizionati garantiti\",\"publisher\":{\"@id\":\"https:\/\/ricondizionatipro.it\/shop\/#organization\"},\"potentialAction\":[{\"@type\":\"SearchAction\",\"target\":{\"@type\":\"EntryPoint\",\"urlTemplate\":\"https:\/\/ricondizionatipro.it\/shop\/?s={search_term_string}\"},\"query-input\":{\"@type\":\"PropertyValueSpecification\",\"valueRequired\":true,\"valueName\":\"search_term_string\"}}],\"inLanguage\":\"it-IT\"},{\"@type\":\"Organization\",\"@id\":\"https:\/\/ricondizionatipro.it\/shop\/#organization\",\"name\":\"ricondizionatipro.it\",\"url\":\"https:\/\/ricondizionatipro.it\/shop\/\",\"logo\":{\"@type\":\"ImageObject\",\"inLanguage\":\"it-IT\",\"@id\":\"https:\/\/ricondizionatipro.it\/shop\/#\/schema\/logo\/image\/\",\"url\":\"https:\/\/i0.wp.com\/ricondizionatipro.it\/shop\/wp-content\/uploads\/2022\/04\/ricondizionati-pro-logo-trasparente.png?fit=2309%2C1910&ssl=1\",\"contentUrl\":\"https:\/\/i0.wp.com\/ricondizionatipro.it\/shop\/wp-content\/uploads\/2022\/04\/ricondizionati-pro-logo-trasparente.png?fit=2309%2C1910&ssl=1\",\"width\":2309,\"height\":1910,\"caption\":\"ricondizionatipro.it\"},\"image\":{\"@id\":\"https:\/\/ricondizionatipro.it\/shop\/#\/schema\/logo\/image\/\"},\"sameAs\":[\"https:\/\/www.facebook.com\/ricondizionatipro.it\/\",\"https:\/\/www.instagram.com\/ricondizionatipro.it\/\"]}]}<\/script>\n<!-- \/ Yoast SEO plugin. -->","yoast_head_json":{"title":"Laptop Dell Latitude 7320 Detachable \/ i5 \/ RAM 16 GB \/ SSD Disk \/ 13,3\u2033 WUXGA - ricondizionatipro.it","robots":{"index":"index","follow":"follow","max-snippet":"max-snippet:-1","max-image-preview":"max-image-preview:large","max-video-preview":"max-video-preview:-1"},"canonical":"https:\/\/ricondizionatipro.it\/shop\/prodotto\/laptop-dell-latitude-7320-detachable-i5-ram-16-gb-ssd-disk-133\u2033-wuxga\/","og_locale":"it_IT","og_type":"article","og_title":"Laptop Dell Latitude 7320 Detachable \/ i5 \/ RAM 16 GB \/ SSD Disk \/ 13,3\u2033 WUXGA - ricondizionatipro.it","og_description":"Intel\u00ae Core\u2122 i5-1140G7 \/ 1.8 GHz \/ Turboboost 4.20 GHz, 16 GB LPDDR4 ONBOARD, 256 GB NVMe SSD, 33 cm (13\u2033), Sijajni (BrightView, gloss), Touch, WUXGA+ \/ 1920 x 1280, Intel\u00ae Iris\u00ae Xe Graphics, Thunderbolt, Backlit keyboard, bluetooth, No OS Installed - Win10P COA","og_url":"https:\/\/ricondizionatipro.it\/shop\/prodotto\/laptop-dell-latitude-7320-detachable-i5-ram-16-gb-ssd-disk-133\u2033-wuxga\/","og_site_name":"ricondizionatipro.it","article_publisher":"https:\/\/www.facebook.com\/ricondizionatipro.it\/","og_image":[{"width":800,"height":431,"url":"https:\/\/ricondizionatipro.it\/shop\/wp-content\/uploads\/2026\/04\/dell-latitude-detach-7320-1180g7-1764756336482560288.jpg_t_fitdesign_h_600_w_800_t_convert_f_webp","type":"image\/webp"}],"twitter_card":"summary_large_image","twitter_misc":{"Tempo di lettura stimato":"2 minuti"},"schema":{"@context":"https:\/\/schema.org","@graph":[{"@type":"WebPage","@id":"https:\/\/ricondizionatipro.it\/shop\/prodotto\/laptop-dell-latitude-7320-detachable-i5-ram-16-gb-ssd-disk-133%e2%80%b3-wuxga\/","url":"https:\/\/ricondizionatipro.it\/shop\/prodotto\/laptop-dell-latitude-7320-detachable-i5-ram-16-gb-ssd-disk-133%e2%80%b3-wuxga\/","name":"Laptop Dell Latitude 7320 Detachable \/ i5 \/ RAM 16 GB \/ SSD Disk \/ 13,3\u2033 WUXGA - ricondizionatipro.it","isPartOf":{"@id":"https:\/\/ricondizionatipro.it\/shop\/#website"},"primaryImageOfPage":{"@id":"https:\/\/ricondizionatipro.it\/shop\/prodotto\/laptop-dell-latitude-7320-detachable-i5-ram-16-gb-ssd-disk-133%e2%80%b3-wuxga\/#primaryimage"},"image":{"@id":"https:\/\/ricondizionatipro.it\/shop\/prodotto\/laptop-dell-latitude-7320-detachable-i5-ram-16-gb-ssd-disk-133%e2%80%b3-wuxga\/#primaryimage"},"thumbnailUrl":"https:\/\/ricondizionatipro.it\/shop\/wp-content\/uploads\/2026\/04\/dell-latitude-detach-7320-1180g7-1764756336482560288.jpg_t_fitdesign_h_600_w_800_t_convert_f_webp","datePublished":"2026-04-26T08:10:35+00:00","breadcrumb":{"@id":"https:\/\/ricondizionatipro.it\/shop\/prodotto\/laptop-dell-latitude-7320-detachable-i5-ram-16-gb-ssd-disk-133%e2%80%b3-wuxga\/#breadcrumb"},"inLanguage":"it-IT","potentialAction":[{"@type":"ReadAction","target":["https:\/\/ricondizionatipro.it\/shop\/prodotto\/laptop-dell-latitude-7320-detachable-i5-ram-16-gb-ssd-disk-133%e2%80%b3-wuxga\/"]}]},{"@type":"ImageObject","inLanguage":"it-IT","@id":"https:\/\/ricondizionatipro.it\/shop\/prodotto\/laptop-dell-latitude-7320-detachable-i5-ram-16-gb-ssd-disk-133%e2%80%b3-wuxga\/#primaryimage","url":"https:\/\/ricondizionatipro.it\/shop\/wp-content\/uploads\/2026\/04\/dell-latitude-detach-7320-1180g7-1764756336482560288.jpg_t_fitdesign_h_600_w_800_t_convert_f_webp","contentUrl":"https:\/\/ricondizionatipro.it\/shop\/wp-content\/uploads\/2026\/04\/dell-latitude-detach-7320-1180g7-1764756336482560288.jpg_t_fitdesign_h_600_w_800_t_convert_f_webp","width":800,"height":431},{"@type":"BreadcrumbList","@id":"https:\/\/ricondizionatipro.it\/shop\/prodotto\/laptop-dell-latitude-7320-detachable-i5-ram-16-gb-ssd-disk-133%e2%80%b3-wuxga\/#breadcrumb","itemListElement":[{"@type":"ListItem","position":1,"name":"Home","item":"https:\/\/ricondizionatipro.it\/shop\/"},{"@type":"ListItem","position":2,"name":"Laptop Dell Latitude 7320 Detachable \/ i5 \/ RAM 16 GB \/ SSD Disk \/ 13,3\u2033 WUXGA"}]},{"@type":"WebSite","@id":"https:\/\/ricondizionatipro.it\/shop\/#website","url":"https:\/\/ricondizionatipro.it\/shop\/","name":"ricondizionatipro.it","description":"computer professionali ricondizionati garantiti","publisher":{"@id":"https:\/\/ricondizionatipro.it\/shop\/#organization"},"potentialAction":[{"@type":"SearchAction","target":{"@type":"EntryPoint","urlTemplate":"https:\/\/ricondizionatipro.it\/shop\/?s={search_term_string}"},"query-input":{"@type":"PropertyValueSpecification","valueRequired":true,"valueName":"search_term_string"}}],"inLanguage":"it-IT"},{"@type":"Organization","@id":"https:\/\/ricondizionatipro.it\/shop\/#organization","name":"ricondizionatipro.it","url":"https:\/\/ricondizionatipro.it\/shop\/","logo":{"@type":"ImageObject","inLanguage":"it-IT","@id":"https:\/\/ricondizionatipro.it\/shop\/#\/schema\/logo\/image\/","url":"https:\/\/i0.wp.com\/ricondizionatipro.it\/shop\/wp-content\/uploads\/2022\/04\/ricondizionati-pro-logo-trasparente.png?fit=2309%2C1910&ssl=1","contentUrl":"https:\/\/i0.wp.com\/ricondizionatipro.it\/shop\/wp-content\/uploads\/2022\/04\/ricondizionati-pro-logo-trasparente.png?fit=2309%2C1910&ssl=1","width":2309,"height":1910,"caption":"ricondizionatipro.it"},"image":{"@id":"https:\/\/ricondizionatipro.it\/shop\/#\/schema\/logo\/image\/"},"sameAs":["https:\/\/www.facebook.com\/ricondizionatipro.it\/","https:\/\/www.instagram.com\/ricondizionatipro.it\/"]}]}},"acf":[],"_links":{"self":[{"href":"https:\/\/ricondizionatipro.it\/shop\/wp-json\/wp\/v2\/product\/102150","targetHints":{"allow":["GET"]}}],"collection":[{"href":"https:\/\/ricondizionatipro.it\/shop\/wp-json\/wp\/v2\/product"}],"about":[{"href":"https:\/\/ricondizionatipro.it\/shop\/wp-json\/wp\/v2\/types\/product"}],"wp:featuredmedia":[{"embeddable":true,"href":"https:\/\/ricondizionatipro.it\/shop\/wp-json\/wp\/v2\/media\/102151"}],"wp:attachment":[{"href":"https:\/\/ricondizionatipro.it\/shop\/wp-json\/wp\/v2\/media?parent=102150"}],"wp:term":[{"taxonomy":"product_brand","embeddable":true,"href":"https:\/\/ricondizionatipro.it\/shop\/wp-json\/wp\/v2\/product_brand?post=102150"},{"taxonomy":"product_cat","embeddable":true,"href":"https:\/\/ricondizionatipro.it\/shop\/wp-json\/wp\/v2\/product_cat?post=102150"},{"taxonomy":"product_tag","embeddable":true,"href":"https:\/\/ricondizionatipro.it\/shop\/wp-json\/wp\/v2\/product_tag?post=102150"}],"curies":[{"name":"wp","href":"https:\/\/api.w.org\/{rel}","templated":true}]}}