{"id":101880,"date":"2026-04-28T04:05:06","date_gmt":"2026-04-28T02:05:06","guid":{"rendered":"https:\/\/ricondizionatipro.it\/shop\/prodotto\/laptop-lenovo-thinkpad-p15s-g2-i5-ram-16-gb-ssd-disk-156%e2%80%b3-fhd\/"},"modified":"2026-04-28T04:05:06","modified_gmt":"2026-04-28T02:05:06","slug":"laptop-lenovo-thinkpad-p15s-g2-i5-ram-16-gb-ssd-disk-156%e2%80%b3-fhd","status":"publish","type":"product","link":"https:\/\/ricondizionatipro.it\/shop\/prodotto\/laptop-lenovo-thinkpad-p15s-g2-i5-ram-16-gb-ssd-disk-156%e2%80%b3-fhd\/","title":{"rendered":"Laptop Lenovo ThinkPad P15s G2 \/ i5 \/ RAM 16 GB \/ SSD Disk \/ 15,6\u2033 FHD"},"content":{"rendered":"<p>Il Laptop Lenovo ThinkPad P15S G2 si distingue per il suo equilibrio perfetto tra prestazioni e portabilit\u00e0, ideale per chi ha bisogno di un dispositivo affidabile sia per il lavoro che per lo svago. <\/p>\n<p>&lt;H2&gt;Principali vantaggi&lt;\/H2&gt;<br \/>\n&lt;ul&gt;<br \/>\n&lt;li&gt;Processore potente per garantirti rapidit\u00e0 ed efficienza nelle tue attivit\u00e0 quotidiane&lt;\/li&gt;<br \/>\n&lt;li&gt;Schermo FHD da 15,6&quot; con trattamento antiriflesso per una visione chiara e confortevole&lt;\/li&gt;<br \/>\n&lt;li&gt;Unit\u00e0 SSD NVMe per un&#039;avvio del sistema e accesso ai dati ultrarapido&lt;\/li&gt;<br \/>\n&lt;li&gt;Scheda grafica dedicata per una qualit\u00e0 visiva eccezionale&lt;\/li&gt;<br \/>\n&lt;li&gt;Diversit\u00e0 di connessioni tra cui Thunderbolt e HDMI per massima versatilit\u00e0&lt;\/li&gt;<br \/>\n&lt;\/ul&gt;<\/p>\n<p>&lt;H2&gt;Chi acquista questo prodotto&lt;\/H2&gt;<br \/>\nPerfetto per professionisti che necessitano di prestazioni elevate, grafici e designer che richiedono una scheda grafica dedicata, e studenti in cerca di un dispositivo durevole e versatile. Chiunque abbia bisogno di un laptop affidabile e potente trover\u00e0 in questo dispositivo il compagno ideale.<\/p>\n<p>&lt;H2&gt;Possibilit\u00e0 di aggiornamento&lt;\/H2&gt;<br \/>\nQuesto laptop permette di migliorare le prestazioni tramite aggiornamenti di memoria e disco, grazie alla possibilit\u00e0 di sostituire componenti chiave. &lt;b&gt;Consultate sempre un esperto prima di eseguire l&#039;aggiornamento&lt;\/b&gt;.<\/p>\n<p>&lt;H2&gt;Perch\u00e9 scegliere un dispositivo ricondizionato&lt;\/H2&gt;<br \/>\nScegliere un dispositivo ricondizionato significa optare per un prodotto che ha superato un rigido processo di ricondizionamento professionale e standardizzato, garantendo prestazioni eccellenti a un prezzo vantaggioso. Inoltre, questa scelta supporta una maggiore sostenibilit\u00e0 riducendo l&#039;impatto ambientale. Nella gamma dei dispositivi ricondizionati, ogni elemento viene attentamente esaminato per assicurare qualit\u00e0 e affidabilit\u00e0, offrendo l&#039;opportunit\u00e0 di acquistare un prodotto come nuovo ad un costo pi\u00f9 accessibile.&lt;h2&gt;Qualit\u00e0 A&lt;\/h2&gt;&#13;<br \/>\n&lt;p&gt;Leggeri segni di usura. Qualit\u00e0 superiore alla media. Parte esterna dei dispositivi pu\u00f2 presentare minime imperfezioni, come un graffio che \u00e8 invisibile a una distanza di 50 cm (circa la lunghezza di un braccio) o pi\u00f9. Gli schermi sono in condizioni operative impeccabili.&lt;\/p&gt;&#13;<\/p>\n","protected":false},"excerpt":{"rendered":"<p>Intel\u00ae Core\u2122 i5-1135G7 \/ 2,4 GHz \/ Quad-Core \/ 4,2 GHz TurboBoost \/ 2,4 GHz \/ Quad-Core \/ 4,2 GHz TurboBoost, 16 GB DDR4 SODIMM, 512 GB NVMe SSD, 39,6 cm (15,6\u2033), Matiran (AntiGlare, matt), FHD \/ 1920 x 1080, NVIDIA\u00ae T500 Graphics (4 GB GDDR6), HDMI, Thunderbolt, 2x USB, Backlit keyboard, Card reader, bluetooth, No OS Installed &#8211; Win10P COA<\/p>\n","protected":false},"featured_media":101881,"template":"","meta":{"inline_featured_image":false},"product_brand":[],"product_cat":[831,832,5881,894,5877,895,835,833,854],"product_tag":[],"class_list":{"0":"post-101880","1":"product","2":"type-product","3":"status-publish","4":"has-post-thumbnail","6":"product_cat-laptop","7":"product_cat-laptop-usati","8":"product_cat-laptop-workstation","9":"product_cat-lenovo-portatili","10":"product_cat-notebook-per-uso-aziendale","11":"product_cat-portatili-15-inch","12":"product_cat-portatili-i5","13":"product_cat-ricerca-preferita","14":"product_cat-workstation","16":"first","17":"instock","18":"purchasable","19":"product-type-simple"},"yoast_head":"<!-- This site is optimized with the Yoast SEO plugin v27.2 - https:\/\/yoast.com\/product\/yoast-seo-wordpress\/ -->\n<title>Laptop Lenovo ThinkPad P15s G2 \/ i5 \/ RAM 16 GB \/ SSD Disk \/ 15,6\u2033 FHD - ricondizionatipro.it<\/title>\n<meta name=\"robots\" content=\"index, follow, max-snippet:-1, max-image-preview:large, max-video-preview:-1\" \/>\n<link rel=\"canonical\" href=\"https:\/\/ricondizionatipro.it\/shop\/prodotto\/laptop-lenovo-thinkpad-p15s-g2-i5-ram-16-gb-ssd-disk-156\u2033-fhd\/\" \/>\n<meta property=\"og:locale\" content=\"it_IT\" \/>\n<meta property=\"og:type\" content=\"article\" \/>\n<meta property=\"og:title\" content=\"Laptop Lenovo ThinkPad P15s G2 \/ i5 \/ RAM 16 GB \/ SSD Disk \/ 15,6\u2033 FHD - ricondizionatipro.it\" \/>\n<meta property=\"og:description\" content=\"Intel\u00ae Core\u2122 i5-1135G7 \/ 2,4 GHz \/ Quad-Core \/ 4,2 GHz TurboBoost \/ 2,4 GHz \/ Quad-Core \/ 4,2 GHz TurboBoost, 16 GB DDR4 SODIMM, 512 GB NVMe SSD, 39,6 cm (15,6\u2033), Matiran (AntiGlare, matt), FHD \/ 1920 x 1080, NVIDIA\u00ae T500 Graphics (4 GB GDDR6), HDMI, Thunderbolt, 2x USB, Backlit keyboard, Card reader, bluetooth, No OS Installed - Win10P COA\" \/>\n<meta property=\"og:url\" content=\"https:\/\/ricondizionatipro.it\/shop\/prodotto\/laptop-lenovo-thinkpad-p15s-g2-i5-ram-16-gb-ssd-disk-156\u2033-fhd\/\" \/>\n<meta property=\"og:site_name\" content=\"ricondizionatipro.it\" \/>\n<meta property=\"article:publisher\" content=\"https:\/\/www.facebook.com\/ricondizionatipro.it\/\" \/>\n<meta property=\"og:image\" content=\"https:\/\/ricondizionatipro.it\/shop\/wp-content\/uploads\/2026\/04\/lenovo-thinkpad-p15s-g2-1165g7-1687162746.jpg\" \/>\n\t<meta property=\"og:image:width\" content=\"661\" \/>\n\t<meta property=\"og:image:height\" content=\"475\" \/>\n\t<meta property=\"og:image:type\" content=\"image\/jpeg\" \/>\n<meta name=\"twitter:card\" content=\"summary_large_image\" \/>\n<meta name=\"twitter:label1\" content=\"Tempo di lettura stimato\" \/>\n\t<meta name=\"twitter:data1\" content=\"2 minuti\" \/>\n<script type=\"application\/ld+json\" class=\"yoast-schema-graph\">{\"@context\":\"https:\/\/schema.org\",\"@graph\":[{\"@type\":\"WebPage\",\"@id\":\"https:\/\/ricondizionatipro.it\/shop\/prodotto\/laptop-lenovo-thinkpad-p15s-g2-i5-ram-16-gb-ssd-disk-156%e2%80%b3-fhd\/\",\"url\":\"https:\/\/ricondizionatipro.it\/shop\/prodotto\/laptop-lenovo-thinkpad-p15s-g2-i5-ram-16-gb-ssd-disk-156%e2%80%b3-fhd\/\",\"name\":\"Laptop Lenovo ThinkPad P15s G2 \/ i5 \/ RAM 16 GB \/ SSD Disk \/ 15,6\u2033 FHD - ricondizionatipro.it\",\"isPartOf\":{\"@id\":\"https:\/\/ricondizionatipro.it\/shop\/#website\"},\"primaryImageOfPage\":{\"@id\":\"https:\/\/ricondizionatipro.it\/shop\/prodotto\/laptop-lenovo-thinkpad-p15s-g2-i5-ram-16-gb-ssd-disk-156%e2%80%b3-fhd\/#primaryimage\"},\"image\":{\"@id\":\"https:\/\/ricondizionatipro.it\/shop\/prodotto\/laptop-lenovo-thinkpad-p15s-g2-i5-ram-16-gb-ssd-disk-156%e2%80%b3-fhd\/#primaryimage\"},\"thumbnailUrl\":\"https:\/\/ricondizionatipro.it\/shop\/wp-content\/uploads\/2026\/04\/lenovo-thinkpad-p15s-g2-1165g7-1687162746.jpg\",\"datePublished\":\"2026-04-28T02:05:06+00:00\",\"breadcrumb\":{\"@id\":\"https:\/\/ricondizionatipro.it\/shop\/prodotto\/laptop-lenovo-thinkpad-p15s-g2-i5-ram-16-gb-ssd-disk-156%e2%80%b3-fhd\/#breadcrumb\"},\"inLanguage\":\"it-IT\",\"potentialAction\":[{\"@type\":\"ReadAction\",\"target\":[\"https:\/\/ricondizionatipro.it\/shop\/prodotto\/laptop-lenovo-thinkpad-p15s-g2-i5-ram-16-gb-ssd-disk-156%e2%80%b3-fhd\/\"]}]},{\"@type\":\"ImageObject\",\"inLanguage\":\"it-IT\",\"@id\":\"https:\/\/ricondizionatipro.it\/shop\/prodotto\/laptop-lenovo-thinkpad-p15s-g2-i5-ram-16-gb-ssd-disk-156%e2%80%b3-fhd\/#primaryimage\",\"url\":\"https:\/\/ricondizionatipro.it\/shop\/wp-content\/uploads\/2026\/04\/lenovo-thinkpad-p15s-g2-1165g7-1687162746.jpg\",\"contentUrl\":\"https:\/\/ricondizionatipro.it\/shop\/wp-content\/uploads\/2026\/04\/lenovo-thinkpad-p15s-g2-1165g7-1687162746.jpg\",\"width\":661,\"height\":475},{\"@type\":\"BreadcrumbList\",\"@id\":\"https:\/\/ricondizionatipro.it\/shop\/prodotto\/laptop-lenovo-thinkpad-p15s-g2-i5-ram-16-gb-ssd-disk-156%e2%80%b3-fhd\/#breadcrumb\",\"itemListElement\":[{\"@type\":\"ListItem\",\"position\":1,\"name\":\"Home\",\"item\":\"https:\/\/ricondizionatipro.it\/shop\/\"},{\"@type\":\"ListItem\",\"position\":2,\"name\":\"Laptop Lenovo ThinkPad P15s G2 \/ i5 \/ RAM 16 GB \/ SSD Disk \/ 15,6\u2033 FHD\"}]},{\"@type\":\"WebSite\",\"@id\":\"https:\/\/ricondizionatipro.it\/shop\/#website\",\"url\":\"https:\/\/ricondizionatipro.it\/shop\/\",\"name\":\"ricondizionatipro.it\",\"description\":\"computer professionali ricondizionati garantiti\",\"publisher\":{\"@id\":\"https:\/\/ricondizionatipro.it\/shop\/#organization\"},\"potentialAction\":[{\"@type\":\"SearchAction\",\"target\":{\"@type\":\"EntryPoint\",\"urlTemplate\":\"https:\/\/ricondizionatipro.it\/shop\/?s={search_term_string}\"},\"query-input\":{\"@type\":\"PropertyValueSpecification\",\"valueRequired\":true,\"valueName\":\"search_term_string\"}}],\"inLanguage\":\"it-IT\"},{\"@type\":\"Organization\",\"@id\":\"https:\/\/ricondizionatipro.it\/shop\/#organization\",\"name\":\"ricondizionatipro.it\",\"url\":\"https:\/\/ricondizionatipro.it\/shop\/\",\"logo\":{\"@type\":\"ImageObject\",\"inLanguage\":\"it-IT\",\"@id\":\"https:\/\/ricondizionatipro.it\/shop\/#\/schema\/logo\/image\/\",\"url\":\"https:\/\/i0.wp.com\/ricondizionatipro.it\/shop\/wp-content\/uploads\/2022\/04\/ricondizionati-pro-logo-trasparente.png?fit=2309%2C1910&ssl=1\",\"contentUrl\":\"https:\/\/i0.wp.com\/ricondizionatipro.it\/shop\/wp-content\/uploads\/2022\/04\/ricondizionati-pro-logo-trasparente.png?fit=2309%2C1910&ssl=1\",\"width\":2309,\"height\":1910,\"caption\":\"ricondizionatipro.it\"},\"image\":{\"@id\":\"https:\/\/ricondizionatipro.it\/shop\/#\/schema\/logo\/image\/\"},\"sameAs\":[\"https:\/\/www.facebook.com\/ricondizionatipro.it\/\",\"https:\/\/www.instagram.com\/ricondizionatipro.it\/\"]}]}<\/script>\n<!-- \/ Yoast SEO plugin. -->","yoast_head_json":{"title":"Laptop Lenovo ThinkPad P15s G2 \/ i5 \/ RAM 16 GB \/ SSD Disk \/ 15,6\u2033 FHD - ricondizionatipro.it","robots":{"index":"index","follow":"follow","max-snippet":"max-snippet:-1","max-image-preview":"max-image-preview:large","max-video-preview":"max-video-preview:-1"},"canonical":"https:\/\/ricondizionatipro.it\/shop\/prodotto\/laptop-lenovo-thinkpad-p15s-g2-i5-ram-16-gb-ssd-disk-156\u2033-fhd\/","og_locale":"it_IT","og_type":"article","og_title":"Laptop Lenovo ThinkPad P15s G2 \/ i5 \/ RAM 16 GB \/ SSD Disk \/ 15,6\u2033 FHD - ricondizionatipro.it","og_description":"Intel\u00ae Core\u2122 i5-1135G7 \/ 2,4 GHz \/ Quad-Core \/ 4,2 GHz TurboBoost \/ 2,4 GHz \/ Quad-Core \/ 4,2 GHz TurboBoost, 16 GB DDR4 SODIMM, 512 GB NVMe SSD, 39,6 cm (15,6\u2033), Matiran (AntiGlare, matt), FHD \/ 1920 x 1080, NVIDIA\u00ae T500 Graphics (4 GB GDDR6), HDMI, Thunderbolt, 2x USB, Backlit keyboard, Card reader, bluetooth, No OS Installed - Win10P COA","og_url":"https:\/\/ricondizionatipro.it\/shop\/prodotto\/laptop-lenovo-thinkpad-p15s-g2-i5-ram-16-gb-ssd-disk-156\u2033-fhd\/","og_site_name":"ricondizionatipro.it","article_publisher":"https:\/\/www.facebook.com\/ricondizionatipro.it\/","og_image":[{"width":661,"height":475,"url":"https:\/\/ricondizionatipro.it\/shop\/wp-content\/uploads\/2026\/04\/lenovo-thinkpad-p15s-g2-1165g7-1687162746.jpg","type":"image\/jpeg"}],"twitter_card":"summary_large_image","twitter_misc":{"Tempo di lettura stimato":"2 minuti"},"schema":{"@context":"https:\/\/schema.org","@graph":[{"@type":"WebPage","@id":"https:\/\/ricondizionatipro.it\/shop\/prodotto\/laptop-lenovo-thinkpad-p15s-g2-i5-ram-16-gb-ssd-disk-156%e2%80%b3-fhd\/","url":"https:\/\/ricondizionatipro.it\/shop\/prodotto\/laptop-lenovo-thinkpad-p15s-g2-i5-ram-16-gb-ssd-disk-156%e2%80%b3-fhd\/","name":"Laptop Lenovo ThinkPad P15s G2 \/ i5 \/ RAM 16 GB \/ SSD Disk \/ 15,6\u2033 FHD - ricondizionatipro.it","isPartOf":{"@id":"https:\/\/ricondizionatipro.it\/shop\/#website"},"primaryImageOfPage":{"@id":"https:\/\/ricondizionatipro.it\/shop\/prodotto\/laptop-lenovo-thinkpad-p15s-g2-i5-ram-16-gb-ssd-disk-156%e2%80%b3-fhd\/#primaryimage"},"image":{"@id":"https:\/\/ricondizionatipro.it\/shop\/prodotto\/laptop-lenovo-thinkpad-p15s-g2-i5-ram-16-gb-ssd-disk-156%e2%80%b3-fhd\/#primaryimage"},"thumbnailUrl":"https:\/\/ricondizionatipro.it\/shop\/wp-content\/uploads\/2026\/04\/lenovo-thinkpad-p15s-g2-1165g7-1687162746.jpg","datePublished":"2026-04-28T02:05:06+00:00","breadcrumb":{"@id":"https:\/\/ricondizionatipro.it\/shop\/prodotto\/laptop-lenovo-thinkpad-p15s-g2-i5-ram-16-gb-ssd-disk-156%e2%80%b3-fhd\/#breadcrumb"},"inLanguage":"it-IT","potentialAction":[{"@type":"ReadAction","target":["https:\/\/ricondizionatipro.it\/shop\/prodotto\/laptop-lenovo-thinkpad-p15s-g2-i5-ram-16-gb-ssd-disk-156%e2%80%b3-fhd\/"]}]},{"@type":"ImageObject","inLanguage":"it-IT","@id":"https:\/\/ricondizionatipro.it\/shop\/prodotto\/laptop-lenovo-thinkpad-p15s-g2-i5-ram-16-gb-ssd-disk-156%e2%80%b3-fhd\/#primaryimage","url":"https:\/\/ricondizionatipro.it\/shop\/wp-content\/uploads\/2026\/04\/lenovo-thinkpad-p15s-g2-1165g7-1687162746.jpg","contentUrl":"https:\/\/ricondizionatipro.it\/shop\/wp-content\/uploads\/2026\/04\/lenovo-thinkpad-p15s-g2-1165g7-1687162746.jpg","width":661,"height":475},{"@type":"BreadcrumbList","@id":"https:\/\/ricondizionatipro.it\/shop\/prodotto\/laptop-lenovo-thinkpad-p15s-g2-i5-ram-16-gb-ssd-disk-156%e2%80%b3-fhd\/#breadcrumb","itemListElement":[{"@type":"ListItem","position":1,"name":"Home","item":"https:\/\/ricondizionatipro.it\/shop\/"},{"@type":"ListItem","position":2,"name":"Laptop Lenovo ThinkPad P15s G2 \/ i5 \/ RAM 16 GB \/ SSD Disk \/ 15,6\u2033 FHD"}]},{"@type":"WebSite","@id":"https:\/\/ricondizionatipro.it\/shop\/#website","url":"https:\/\/ricondizionatipro.it\/shop\/","name":"ricondizionatipro.it","description":"computer professionali ricondizionati garantiti","publisher":{"@id":"https:\/\/ricondizionatipro.it\/shop\/#organization"},"potentialAction":[{"@type":"SearchAction","target":{"@type":"EntryPoint","urlTemplate":"https:\/\/ricondizionatipro.it\/shop\/?s={search_term_string}"},"query-input":{"@type":"PropertyValueSpecification","valueRequired":true,"valueName":"search_term_string"}}],"inLanguage":"it-IT"},{"@type":"Organization","@id":"https:\/\/ricondizionatipro.it\/shop\/#organization","name":"ricondizionatipro.it","url":"https:\/\/ricondizionatipro.it\/shop\/","logo":{"@type":"ImageObject","inLanguage":"it-IT","@id":"https:\/\/ricondizionatipro.it\/shop\/#\/schema\/logo\/image\/","url":"https:\/\/i0.wp.com\/ricondizionatipro.it\/shop\/wp-content\/uploads\/2022\/04\/ricondizionati-pro-logo-trasparente.png?fit=2309%2C1910&ssl=1","contentUrl":"https:\/\/i0.wp.com\/ricondizionatipro.it\/shop\/wp-content\/uploads\/2022\/04\/ricondizionati-pro-logo-trasparente.png?fit=2309%2C1910&ssl=1","width":2309,"height":1910,"caption":"ricondizionatipro.it"},"image":{"@id":"https:\/\/ricondizionatipro.it\/shop\/#\/schema\/logo\/image\/"},"sameAs":["https:\/\/www.facebook.com\/ricondizionatipro.it\/","https:\/\/www.instagram.com\/ricondizionatipro.it\/"]}]}},"acf":[],"_links":{"self":[{"href":"https:\/\/ricondizionatipro.it\/shop\/wp-json\/wp\/v2\/product\/101880","targetHints":{"allow":["GET"]}}],"collection":[{"href":"https:\/\/ricondizionatipro.it\/shop\/wp-json\/wp\/v2\/product"}],"about":[{"href":"https:\/\/ricondizionatipro.it\/shop\/wp-json\/wp\/v2\/types\/product"}],"wp:featuredmedia":[{"embeddable":true,"href":"https:\/\/ricondizionatipro.it\/shop\/wp-json\/wp\/v2\/media\/101881"}],"wp:attachment":[{"href":"https:\/\/ricondizionatipro.it\/shop\/wp-json\/wp\/v2\/media?parent=101880"}],"wp:term":[{"taxonomy":"product_brand","embeddable":true,"href":"https:\/\/ricondizionatipro.it\/shop\/wp-json\/wp\/v2\/product_brand?post=101880"},{"taxonomy":"product_cat","embeddable":true,"href":"https:\/\/ricondizionatipro.it\/shop\/wp-json\/wp\/v2\/product_cat?post=101880"},{"taxonomy":"product_tag","embeddable":true,"href":"https:\/\/ricondizionatipro.it\/shop\/wp-json\/wp\/v2\/product_tag?post=101880"}],"curies":[{"name":"wp","href":"https:\/\/api.w.org\/{rel}","templated":true}]}}