{"id":101818,"date":"2026-04-26T10:10:04","date_gmt":"2026-04-26T08:10:04","guid":{"rendered":"https:\/\/ricondizionatipro.it\/shop\/prodotto\/laptop-lenovo-thinkpad-t14s-g1-amd-ryzen-7-ram-16-gb-ssd-disk-140%e2%80%b3-fhd-2\/"},"modified":"2026-04-26T10:10:04","modified_gmt":"2026-04-26T08:10:04","slug":"laptop-lenovo-thinkpad-t14s-g1-amd-ryzen-7-ram-16-gb-ssd-disk-140%e2%80%b3-fhd","status":"publish","type":"product","link":"https:\/\/ricondizionatipro.it\/shop\/prodotto\/laptop-lenovo-thinkpad-t14s-g1-amd-ryzen-7-ram-16-gb-ssd-disk-140%e2%80%b3-fhd\/","title":{"rendered":"Laptop Lenovo ThinkPad T14s G1 \/ AMD Ryzen\u2122 7 \/ RAM 16 GB \/ SSD Disk \/ 14,0\u2033 FHD"},"content":{"rendered":"<p>Il Laptop Lenovo ThinkPad T14s G1 \u00e8 una scelta eccellente per chi cerca performance elevate e affidabilit\u00e0. Dotato di processore AMD Ryzen\u2122 7 e grafica AMD Radeon, \u00e8 perfetto per gestire attivit\u00e0 complesse. Il display da 14 pollici offre immagini nitide grazie alla risoluzione FHD.<\/p>\n<p>&lt;H2&gt;Principali vantaggi&lt;\/H2&gt;<br \/>\n&lt;ul&gt;<br \/>\n  &lt;li&gt;Processore efficiente per prestazioni veloci e fluide&lt;\/li&gt;<br \/>\n  &lt;li&gt;Memoria e archiviazione espandibili per aumentare la capacit\u00e0&lt;\/li&gt;<br \/>\n  &lt;li&gt;Schermo antiriflesso per un migliore comfort visivo&lt;\/li&gt;<br \/>\n  &lt;li&gt;Design compatto e leggero, ideale per la mobilit\u00e0&lt;\/li&gt;<br \/>\n  &lt;li&gt;Connettivit\u00e0 completa con porte HDMI, USB-C e Thunderbolt&lt;\/li&gt;<br \/>\n&lt;\/ul&gt;<\/p>\n<p>&lt;H2&gt;Chi acquista questo prodotto&lt;\/H2&gt;<br \/>\nQuesto laptop \u00e8 ideale per professionisti e studenti che necessitano di un dispositivo potente ma portatile. Adatto a chi lavora con applicazioni impegnative o per chi cerca un compagno affidabile per la produttivit\u00e0 quotidiana.<\/p>\n<p>&lt;H2&gt;Possibilit\u00e0 di aggiornamento&lt;\/H2&gt;<br \/>\nQuesto dispositivo offre la possibilit\u00e0 di aggiornare la memoria e il disco, sfruttando la velocit\u00e0 innovativa dell&#039;archiviazione NVMe. Consultate sempre un esperto prima di eseguire l&#039;aggiornamento.<\/p>\n<p>&lt;H2&gt;Perch\u00e9 scegliere un dispositivo ricondizionato&lt;\/H2&gt;<br \/>\nOptare per un dispositivo ricondizionato significa ottenere un eccellente rapporto qualit\u00e0-prezzo garantito da un servizio professionale di ricondizionamento. Beneficia di un sistema standardizzato di valutazione della qualit\u00e0, garantendo che il dispositivo funzioni come nuovo. Essere parte di una soluzione di acquisto pi\u00f9 responsabile e sostenibile aggiunge ulteriore valore a questa scelta.&lt;h2&gt;Qualit\u00e0 A-&lt;\/h2&gt;&#13;<br \/>\n&lt;p&gt;Segni di usura. Il miglior rapporto qualit\u00e0-prezzo. Parte esterna dei dispositivi pu\u00f2 presentare piccole imperfezioni, come graffi visibili che non influenzano il funzionamento del dispositivo. Gli schermi possono avere leggere imperfezioni che sono lievemente visibili ma non disturbano l&#039;utente durante l&#039;uso del dispositivo.&lt;\/p&gt;<\/p>\n","protected":false},"excerpt":{"rendered":"<p>AMD Ryzen\u2122 7 PRO 4750U \/ 1,7 GHz \/ Octa-Core (8C\/16T) \/ Turbo Boost 4,1 GHz, 16 GB DDR4 SODIMM, 256 GB NVMe SSD, 35,6 cm (14,0\u2033), Matiran (AntiGlare, matt), Touch, FHD \/ 1920 x 1080, AMD Radeon Graphics, HDMI, USB-C, Thunderbolt, 2x USB, Backlit keyboard, bluetooth, No OS Installed &#8211; Win10P COA<\/p>\n","protected":false},"featured_media":91869,"template":"","meta":{"inline_featured_image":false},"product_brand":[],"product_cat":[831,832,5882,894,5877,833],"product_tag":[],"class_list":{"0":"post-101818","1":"product","2":"type-product","3":"status-publish","4":"has-post-thumbnail","6":"product_cat-laptop","7":"product_cat-laptop-usati","8":"product_cat-laptop-ultrabook","9":"product_cat-lenovo-portatili","10":"product_cat-notebook-per-uso-aziendale","11":"product_cat-ricerca-preferita","13":"first","14":"instock","15":"purchasable","16":"product-type-simple"},"yoast_head":"<!-- This site is optimized with the Yoast SEO plugin v27.2 - https:\/\/yoast.com\/product\/yoast-seo-wordpress\/ -->\n<title>Laptop Lenovo ThinkPad T14s G1 \/ AMD Ryzen\u2122 7 \/ RAM 16 GB \/ SSD Disk \/ 14,0\u2033 FHD - ricondizionatipro.it<\/title>\n<meta name=\"robots\" content=\"index, follow, max-snippet:-1, max-image-preview:large, max-video-preview:-1\" \/>\n<link rel=\"canonical\" href=\"https:\/\/ricondizionatipro.it\/shop\/prodotto\/laptop-lenovo-thinkpad-t14s-g1-amd-ryzen-7-ram-16-gb-ssd-disk-140\u2033-fhd\/\" \/>\n<meta property=\"og:locale\" content=\"it_IT\" \/>\n<meta property=\"og:type\" content=\"article\" \/>\n<meta property=\"og:title\" content=\"Laptop Lenovo ThinkPad T14s G1 \/ AMD Ryzen\u2122 7 \/ RAM 16 GB \/ SSD Disk \/ 14,0\u2033 FHD - ricondizionatipro.it\" \/>\n<meta property=\"og:description\" content=\"AMD Ryzen\u2122 7 PRO 4750U \/ 1,7 GHz \/ Octa-Core (8C\/16T) \/ Turbo Boost 4,1 GHz, 16 GB DDR4 SODIMM, 256 GB NVMe SSD, 35,6 cm (14,0\u2033), Matiran (AntiGlare, matt), Touch, FHD \/ 1920 x 1080, AMD Radeon Graphics, HDMI, USB-C, Thunderbolt, 2x USB, Backlit keyboard, bluetooth, No OS Installed - Win10P COA\" \/>\n<meta property=\"og:url\" content=\"https:\/\/ricondizionatipro.it\/shop\/prodotto\/laptop-lenovo-thinkpad-t14s-g1-amd-ryzen-7-ram-16-gb-ssd-disk-140\u2033-fhd\/\" \/>\n<meta property=\"og:site_name\" content=\"ricondizionatipro.it\" \/>\n<meta property=\"article:publisher\" content=\"https:\/\/www.facebook.com\/ricondizionatipro.it\/\" \/>\n<meta property=\"og:image\" content=\"https:\/\/ricondizionatipro.it\/shop\/wp-content\/uploads\/2025\/11\/lenovo-thinkpad-t14s-g1-10210u-1659429211.jpg\" \/>\n\t<meta property=\"og:image:width\" content=\"1168\" \/>\n\t<meta property=\"og:image:height\" content=\"838\" \/>\n\t<meta property=\"og:image:type\" content=\"image\/jpeg\" \/>\n<meta name=\"twitter:card\" content=\"summary_large_image\" \/>\n<meta name=\"twitter:label1\" content=\"Tempo di lettura stimato\" \/>\n\t<meta name=\"twitter:data1\" content=\"2 minuti\" \/>\n<script type=\"application\/ld+json\" class=\"yoast-schema-graph\">{\"@context\":\"https:\/\/schema.org\",\"@graph\":[{\"@type\":\"WebPage\",\"@id\":\"https:\/\/ricondizionatipro.it\/shop\/prodotto\/laptop-lenovo-thinkpad-t14s-g1-amd-ryzen-7-ram-16-gb-ssd-disk-140%e2%80%b3-fhd\/\",\"url\":\"https:\/\/ricondizionatipro.it\/shop\/prodotto\/laptop-lenovo-thinkpad-t14s-g1-amd-ryzen-7-ram-16-gb-ssd-disk-140%e2%80%b3-fhd\/\",\"name\":\"Laptop Lenovo ThinkPad T14s G1 \/ AMD Ryzen\u2122 7 \/ RAM 16 GB \/ SSD Disk \/ 14,0\u2033 FHD - ricondizionatipro.it\",\"isPartOf\":{\"@id\":\"https:\/\/ricondizionatipro.it\/shop\/#website\"},\"primaryImageOfPage\":{\"@id\":\"https:\/\/ricondizionatipro.it\/shop\/prodotto\/laptop-lenovo-thinkpad-t14s-g1-amd-ryzen-7-ram-16-gb-ssd-disk-140%e2%80%b3-fhd\/#primaryimage\"},\"image\":{\"@id\":\"https:\/\/ricondizionatipro.it\/shop\/prodotto\/laptop-lenovo-thinkpad-t14s-g1-amd-ryzen-7-ram-16-gb-ssd-disk-140%e2%80%b3-fhd\/#primaryimage\"},\"thumbnailUrl\":\"https:\/\/ricondizionatipro.it\/shop\/wp-content\/uploads\/2025\/11\/lenovo-thinkpad-t14s-g1-10210u-1659429211.jpg\",\"datePublished\":\"2026-04-26T08:10:04+00:00\",\"breadcrumb\":{\"@id\":\"https:\/\/ricondizionatipro.it\/shop\/prodotto\/laptop-lenovo-thinkpad-t14s-g1-amd-ryzen-7-ram-16-gb-ssd-disk-140%e2%80%b3-fhd\/#breadcrumb\"},\"inLanguage\":\"it-IT\",\"potentialAction\":[{\"@type\":\"ReadAction\",\"target\":[\"https:\/\/ricondizionatipro.it\/shop\/prodotto\/laptop-lenovo-thinkpad-t14s-g1-amd-ryzen-7-ram-16-gb-ssd-disk-140%e2%80%b3-fhd\/\"]}]},{\"@type\":\"ImageObject\",\"inLanguage\":\"it-IT\",\"@id\":\"https:\/\/ricondizionatipro.it\/shop\/prodotto\/laptop-lenovo-thinkpad-t14s-g1-amd-ryzen-7-ram-16-gb-ssd-disk-140%e2%80%b3-fhd\/#primaryimage\",\"url\":\"https:\/\/ricondizionatipro.it\/shop\/wp-content\/uploads\/2025\/11\/lenovo-thinkpad-t14s-g1-10210u-1659429211.jpg\",\"contentUrl\":\"https:\/\/ricondizionatipro.it\/shop\/wp-content\/uploads\/2025\/11\/lenovo-thinkpad-t14s-g1-10210u-1659429211.jpg\",\"width\":1168,\"height\":838},{\"@type\":\"BreadcrumbList\",\"@id\":\"https:\/\/ricondizionatipro.it\/shop\/prodotto\/laptop-lenovo-thinkpad-t14s-g1-amd-ryzen-7-ram-16-gb-ssd-disk-140%e2%80%b3-fhd\/#breadcrumb\",\"itemListElement\":[{\"@type\":\"ListItem\",\"position\":1,\"name\":\"Home\",\"item\":\"https:\/\/ricondizionatipro.it\/shop\/\"},{\"@type\":\"ListItem\",\"position\":2,\"name\":\"Laptop Lenovo ThinkPad T14s G1 \/ AMD Ryzen\u2122 7 \/ RAM 16 GB \/ SSD Disk \/ 14,0\u2033 FHD\"}]},{\"@type\":\"WebSite\",\"@id\":\"https:\/\/ricondizionatipro.it\/shop\/#website\",\"url\":\"https:\/\/ricondizionatipro.it\/shop\/\",\"name\":\"ricondizionatipro.it\",\"description\":\"computer professionali ricondizionati garantiti\",\"publisher\":{\"@id\":\"https:\/\/ricondizionatipro.it\/shop\/#organization\"},\"potentialAction\":[{\"@type\":\"SearchAction\",\"target\":{\"@type\":\"EntryPoint\",\"urlTemplate\":\"https:\/\/ricondizionatipro.it\/shop\/?s={search_term_string}\"},\"query-input\":{\"@type\":\"PropertyValueSpecification\",\"valueRequired\":true,\"valueName\":\"search_term_string\"}}],\"inLanguage\":\"it-IT\"},{\"@type\":\"Organization\",\"@id\":\"https:\/\/ricondizionatipro.it\/shop\/#organization\",\"name\":\"ricondizionatipro.it\",\"url\":\"https:\/\/ricondizionatipro.it\/shop\/\",\"logo\":{\"@type\":\"ImageObject\",\"inLanguage\":\"it-IT\",\"@id\":\"https:\/\/ricondizionatipro.it\/shop\/#\/schema\/logo\/image\/\",\"url\":\"https:\/\/i0.wp.com\/ricondizionatipro.it\/shop\/wp-content\/uploads\/2022\/04\/ricondizionati-pro-logo-trasparente.png?fit=2309%2C1910&ssl=1\",\"contentUrl\":\"https:\/\/i0.wp.com\/ricondizionatipro.it\/shop\/wp-content\/uploads\/2022\/04\/ricondizionati-pro-logo-trasparente.png?fit=2309%2C1910&ssl=1\",\"width\":2309,\"height\":1910,\"caption\":\"ricondizionatipro.it\"},\"image\":{\"@id\":\"https:\/\/ricondizionatipro.it\/shop\/#\/schema\/logo\/image\/\"},\"sameAs\":[\"https:\/\/www.facebook.com\/ricondizionatipro.it\/\",\"https:\/\/www.instagram.com\/ricondizionatipro.it\/\"]}]}<\/script>\n<!-- \/ Yoast SEO plugin. -->","yoast_head_json":{"title":"Laptop Lenovo ThinkPad T14s G1 \/ AMD Ryzen\u2122 7 \/ RAM 16 GB \/ SSD Disk \/ 14,0\u2033 FHD - ricondizionatipro.it","robots":{"index":"index","follow":"follow","max-snippet":"max-snippet:-1","max-image-preview":"max-image-preview:large","max-video-preview":"max-video-preview:-1"},"canonical":"https:\/\/ricondizionatipro.it\/shop\/prodotto\/laptop-lenovo-thinkpad-t14s-g1-amd-ryzen-7-ram-16-gb-ssd-disk-140\u2033-fhd\/","og_locale":"it_IT","og_type":"article","og_title":"Laptop Lenovo ThinkPad T14s G1 \/ AMD Ryzen\u2122 7 \/ RAM 16 GB \/ SSD Disk \/ 14,0\u2033 FHD - ricondizionatipro.it","og_description":"AMD Ryzen\u2122 7 PRO 4750U \/ 1,7 GHz \/ Octa-Core (8C\/16T) \/ Turbo Boost 4,1 GHz, 16 GB DDR4 SODIMM, 256 GB NVMe SSD, 35,6 cm (14,0\u2033), Matiran (AntiGlare, matt), Touch, FHD \/ 1920 x 1080, AMD Radeon Graphics, HDMI, USB-C, Thunderbolt, 2x USB, Backlit keyboard, bluetooth, No OS Installed - Win10P COA","og_url":"https:\/\/ricondizionatipro.it\/shop\/prodotto\/laptop-lenovo-thinkpad-t14s-g1-amd-ryzen-7-ram-16-gb-ssd-disk-140\u2033-fhd\/","og_site_name":"ricondizionatipro.it","article_publisher":"https:\/\/www.facebook.com\/ricondizionatipro.it\/","og_image":[{"width":1168,"height":838,"url":"https:\/\/ricondizionatipro.it\/shop\/wp-content\/uploads\/2025\/11\/lenovo-thinkpad-t14s-g1-10210u-1659429211.jpg","type":"image\/jpeg"}],"twitter_card":"summary_large_image","twitter_misc":{"Tempo di lettura stimato":"2 minuti"},"schema":{"@context":"https:\/\/schema.org","@graph":[{"@type":"WebPage","@id":"https:\/\/ricondizionatipro.it\/shop\/prodotto\/laptop-lenovo-thinkpad-t14s-g1-amd-ryzen-7-ram-16-gb-ssd-disk-140%e2%80%b3-fhd\/","url":"https:\/\/ricondizionatipro.it\/shop\/prodotto\/laptop-lenovo-thinkpad-t14s-g1-amd-ryzen-7-ram-16-gb-ssd-disk-140%e2%80%b3-fhd\/","name":"Laptop Lenovo ThinkPad T14s G1 \/ AMD Ryzen\u2122 7 \/ RAM 16 GB \/ SSD Disk \/ 14,0\u2033 FHD - ricondizionatipro.it","isPartOf":{"@id":"https:\/\/ricondizionatipro.it\/shop\/#website"},"primaryImageOfPage":{"@id":"https:\/\/ricondizionatipro.it\/shop\/prodotto\/laptop-lenovo-thinkpad-t14s-g1-amd-ryzen-7-ram-16-gb-ssd-disk-140%e2%80%b3-fhd\/#primaryimage"},"image":{"@id":"https:\/\/ricondizionatipro.it\/shop\/prodotto\/laptop-lenovo-thinkpad-t14s-g1-amd-ryzen-7-ram-16-gb-ssd-disk-140%e2%80%b3-fhd\/#primaryimage"},"thumbnailUrl":"https:\/\/ricondizionatipro.it\/shop\/wp-content\/uploads\/2025\/11\/lenovo-thinkpad-t14s-g1-10210u-1659429211.jpg","datePublished":"2026-04-26T08:10:04+00:00","breadcrumb":{"@id":"https:\/\/ricondizionatipro.it\/shop\/prodotto\/laptop-lenovo-thinkpad-t14s-g1-amd-ryzen-7-ram-16-gb-ssd-disk-140%e2%80%b3-fhd\/#breadcrumb"},"inLanguage":"it-IT","potentialAction":[{"@type":"ReadAction","target":["https:\/\/ricondizionatipro.it\/shop\/prodotto\/laptop-lenovo-thinkpad-t14s-g1-amd-ryzen-7-ram-16-gb-ssd-disk-140%e2%80%b3-fhd\/"]}]},{"@type":"ImageObject","inLanguage":"it-IT","@id":"https:\/\/ricondizionatipro.it\/shop\/prodotto\/laptop-lenovo-thinkpad-t14s-g1-amd-ryzen-7-ram-16-gb-ssd-disk-140%e2%80%b3-fhd\/#primaryimage","url":"https:\/\/ricondizionatipro.it\/shop\/wp-content\/uploads\/2025\/11\/lenovo-thinkpad-t14s-g1-10210u-1659429211.jpg","contentUrl":"https:\/\/ricondizionatipro.it\/shop\/wp-content\/uploads\/2025\/11\/lenovo-thinkpad-t14s-g1-10210u-1659429211.jpg","width":1168,"height":838},{"@type":"BreadcrumbList","@id":"https:\/\/ricondizionatipro.it\/shop\/prodotto\/laptop-lenovo-thinkpad-t14s-g1-amd-ryzen-7-ram-16-gb-ssd-disk-140%e2%80%b3-fhd\/#breadcrumb","itemListElement":[{"@type":"ListItem","position":1,"name":"Home","item":"https:\/\/ricondizionatipro.it\/shop\/"},{"@type":"ListItem","position":2,"name":"Laptop Lenovo ThinkPad T14s G1 \/ AMD Ryzen\u2122 7 \/ RAM 16 GB \/ SSD Disk \/ 14,0\u2033 FHD"}]},{"@type":"WebSite","@id":"https:\/\/ricondizionatipro.it\/shop\/#website","url":"https:\/\/ricondizionatipro.it\/shop\/","name":"ricondizionatipro.it","description":"computer professionali ricondizionati garantiti","publisher":{"@id":"https:\/\/ricondizionatipro.it\/shop\/#organization"},"potentialAction":[{"@type":"SearchAction","target":{"@type":"EntryPoint","urlTemplate":"https:\/\/ricondizionatipro.it\/shop\/?s={search_term_string}"},"query-input":{"@type":"PropertyValueSpecification","valueRequired":true,"valueName":"search_term_string"}}],"inLanguage":"it-IT"},{"@type":"Organization","@id":"https:\/\/ricondizionatipro.it\/shop\/#organization","name":"ricondizionatipro.it","url":"https:\/\/ricondizionatipro.it\/shop\/","logo":{"@type":"ImageObject","inLanguage":"it-IT","@id":"https:\/\/ricondizionatipro.it\/shop\/#\/schema\/logo\/image\/","url":"https:\/\/i0.wp.com\/ricondizionatipro.it\/shop\/wp-content\/uploads\/2022\/04\/ricondizionati-pro-logo-trasparente.png?fit=2309%2C1910&ssl=1","contentUrl":"https:\/\/i0.wp.com\/ricondizionatipro.it\/shop\/wp-content\/uploads\/2022\/04\/ricondizionati-pro-logo-trasparente.png?fit=2309%2C1910&ssl=1","width":2309,"height":1910,"caption":"ricondizionatipro.it"},"image":{"@id":"https:\/\/ricondizionatipro.it\/shop\/#\/schema\/logo\/image\/"},"sameAs":["https:\/\/www.facebook.com\/ricondizionatipro.it\/","https:\/\/www.instagram.com\/ricondizionatipro.it\/"]}]}},"acf":[],"_links":{"self":[{"href":"https:\/\/ricondizionatipro.it\/shop\/wp-json\/wp\/v2\/product\/101818","targetHints":{"allow":["GET"]}}],"collection":[{"href":"https:\/\/ricondizionatipro.it\/shop\/wp-json\/wp\/v2\/product"}],"about":[{"href":"https:\/\/ricondizionatipro.it\/shop\/wp-json\/wp\/v2\/types\/product"}],"wp:featuredmedia":[{"embeddable":true,"href":"https:\/\/ricondizionatipro.it\/shop\/wp-json\/wp\/v2\/media\/91869"}],"wp:attachment":[{"href":"https:\/\/ricondizionatipro.it\/shop\/wp-json\/wp\/v2\/media?parent=101818"}],"wp:term":[{"taxonomy":"product_brand","embeddable":true,"href":"https:\/\/ricondizionatipro.it\/shop\/wp-json\/wp\/v2\/product_brand?post=101818"},{"taxonomy":"product_cat","embeddable":true,"href":"https:\/\/ricondizionatipro.it\/shop\/wp-json\/wp\/v2\/product_cat?post=101818"},{"taxonomy":"product_tag","embeddable":true,"href":"https:\/\/ricondizionatipro.it\/shop\/wp-json\/wp\/v2\/product_tag?post=101818"}],"curies":[{"name":"wp","href":"https:\/\/api.w.org\/{rel}","templated":true}]}}