{"id":101565,"date":"2026-04-26T10:05:47","date_gmt":"2026-04-26T08:05:47","guid":{"rendered":"https:\/\/ricondizionatipro.it\/shop\/prodotto\/laptop-hp-zbook-firefly-14-g8-i5-ram-16-gb-ssd-disk-140%e2%80%b3-fhd\/"},"modified":"2026-04-26T10:05:47","modified_gmt":"2026-04-26T08:05:47","slug":"laptop-hp-zbook-firefly-14-g8-i5-ram-16-gb-ssd-disk-140%e2%80%b3-fhd","status":"publish","type":"product","link":"https:\/\/ricondizionatipro.it\/shop\/prodotto\/laptop-hp-zbook-firefly-14-g8-i5-ram-16-gb-ssd-disk-140%e2%80%b3-fhd\/","title":{"rendered":"Laptop HP ZBook Firefly 14 G8 \/ i5 \/ RAM 16 GB \/ SSD Disk \/ 14,0\u2033 FHD"},"content":{"rendered":"<p>Scopri il laptop ricondizionato Rabljen HP ZBook Firefly 14 G8, un dispositivo che unisce efficienza e portabilit\u00e0. Caratterizzato da un design compatto e robusto, offre prestazioni eccellenti grazie a un processore I5 e una grafica Intel Iris Xe. Lo schermo antiriflesso da 14 pollici in Full HD offre immagini chiare e dettagliate perfette per il lavoro e l&#039;intrattenimento.<\/p>\n<p>&lt;H2&gt;Principali vantaggi&lt;\/H2&gt;<br \/>\n&lt;ul&gt;<br \/>\n  &lt;li&gt;&lt;b&gt;Prestazioni eccellenti&lt;\/b&gt;: equipaggiato con un processore ad alta efficienza e una memoria SSD NVMe per un avvio rapido e gestione dati scorrevole&lt;\/li&gt;<br \/>\n  &lt;li&gt;&lt;b&gt;Qualit\u00e0 dell&#039;immagine&lt;\/b&gt;: schermo opaco Full HD per una visualizzazione ottimale e senza riflessi&lt;\/li&gt;<br \/>\n  &lt;li&gt;&lt;b&gt;Connettivit\u00e0 versatile&lt;\/b&gt;: porte HDMI, Thunderbolt e USB per tutte le tue esigenze di connessione&lt;\/li&gt;<br \/>\n  &lt;li&gt;&lt;b&gt;Tastiera retroilluminata&lt;\/b&gt;: lavora comodamente in condizioni di scarsa illuminazione&lt;\/li&gt;<br \/>\n  &lt;li&gt;&lt;b&gt;Seconda vita grazie al ricondizionamento&lt;\/b&gt;: curato da professionisti per assicurare efficienza e affidabilit\u00e0&lt;\/li&gt;<br \/>\n&lt;\/ul&gt;<\/p>\n<p>&lt;H2&gt;Chi acquista questo prodotto&lt;\/H2&gt;<br \/>\nQuesto dispositivo \u00e8 ideale per professionisti in movimento, studenti che necessitano di un computer robusto e chiunque desideri un laptop performante e conveniente.<\/p>\n<p>&lt;H2&gt;Possibilit\u00e0 di aggiornamento&lt;\/H2&gt;<br \/>\nLa memoria e il disco possono essere aggiornati per soddisfare le future esigenze. &lt;b&gt;Consultate sempre un esperto prima di eseguire l&#039;aggiornamento&lt;\/b&gt;<\/p>\n<p>&lt;H2&gt;Perch\u00e9 scegliere un dispositivo ricondizionato&lt;\/H2&gt;<br \/>\nAcquistando un dispositivo ricondizionato, non solo si ottiene un prodotto come nuovo a un prezzo pi\u00f9 accessibile, ma si contribuisce anche a ridurre l&#039;impatto ambientale e i rifiuti elettronici. I dispositivi sono stati sottoposti a un processo di ricondizionamento professionale e valutati attraverso un sistema standardizzato per garantirne la qualit\u00e0 e l&#039;affidabilit\u00e0.&lt;h2&gt;Qualit\u00e0 A-&lt;\/h2&gt;&#13;<br \/>\n&lt;p&gt;Segni di usura. Il miglior rapporto qualit\u00e0-prezzo. Parte esterna dei dispositivi pu\u00f2 presentare piccole imperfezioni, come graffi visibili che non influenzano il funzionamento del dispositivo. Gli schermi possono avere leggere imperfezioni che sono lievemente visibili ma non disturbano l&#039;utente durante l&#039;uso del dispositivo.&lt;\/p&gt;<\/p>\n","protected":false},"excerpt":{"rendered":"<p>Intel\u00ae Core\u2122 i5-1145G7 \/ 2,6 GHz \/ Quad-Core (4C\/8T) \/ Turbo Speed 4,4 GHz, 16 GB DDR4 SODIMM, 256 GB NVMe SSD, 35,6 cm (14,0\u2033), Matiran (AntiGlare, matt), FHD \/ 1920 x 1080, Intel Iris Xe Graphics, HDMI, Thunderbolt, 2x USB, backlit_kb, bluetooth, No OS Installed &#8211; Win10P COA<\/p>\n","protected":false},"featured_media":101566,"template":"","meta":{"inline_featured_image":false},"product_brand":[],"product_cat":[940,831,832,5882,5877,835,833],"product_tag":[],"class_list":{"0":"post-101565","1":"product","2":"type-product","3":"status-publish","4":"has-post-thumbnail","6":"product_cat-hp-portatili","7":"product_cat-laptop","8":"product_cat-laptop-usati","9":"product_cat-laptop-ultrabook","10":"product_cat-notebook-per-uso-aziendale","11":"product_cat-portatili-i5","12":"product_cat-ricerca-preferita","14":"first","15":"instock","16":"purchasable","17":"product-type-simple"},"yoast_head":"<!-- This site is optimized with the Yoast SEO plugin v27.2 - https:\/\/yoast.com\/product\/yoast-seo-wordpress\/ -->\n<title>Laptop HP ZBook Firefly 14 G8 \/ i5 \/ RAM 16 GB \/ SSD Disk \/ 14,0\u2033 FHD - ricondizionatipro.it<\/title>\n<meta name=\"robots\" content=\"index, follow, max-snippet:-1, max-image-preview:large, max-video-preview:-1\" \/>\n<link rel=\"canonical\" href=\"https:\/\/ricondizionatipro.it\/shop\/prodotto\/laptop-hp-zbook-firefly-14-g8-i5-ram-16-gb-ssd-disk-140\u2033-fhd\/\" \/>\n<meta property=\"og:locale\" content=\"it_IT\" \/>\n<meta property=\"og:type\" content=\"article\" \/>\n<meta property=\"og:title\" content=\"Laptop HP ZBook Firefly 14 G8 \/ i5 \/ RAM 16 GB \/ SSD Disk \/ 14,0\u2033 FHD - ricondizionatipro.it\" \/>\n<meta property=\"og:description\" content=\"Intel\u00ae Core\u2122 i5-1145G7 \/ 2,6 GHz \/ Quad-Core (4C\/8T) \/ Turbo Speed 4,4 GHz, 16 GB DDR4 SODIMM, 256 GB NVMe SSD, 35,6 cm (14,0\u2033), Matiran (AntiGlare, matt), FHD \/ 1920 x 1080, Intel Iris Xe Graphics, HDMI, Thunderbolt, 2x USB, backlit_kb, bluetooth, No OS Installed - Win10P COA\" \/>\n<meta property=\"og:url\" content=\"https:\/\/ricondizionatipro.it\/shop\/prodotto\/laptop-hp-zbook-firefly-14-g8-i5-ram-16-gb-ssd-disk-140\u2033-fhd\/\" \/>\n<meta property=\"og:site_name\" content=\"ricondizionatipro.it\" \/>\n<meta property=\"article:publisher\" content=\"https:\/\/www.facebook.com\/ricondizionatipro.it\/\" \/>\n<meta property=\"og:image\" content=\"https:\/\/ricondizionatipro.it\/shop\/wp-content\/uploads\/2026\/04\/hp_zbook_firefly_14_g8_01.jpg\" \/>\n\t<meta property=\"og:image:width\" content=\"1500\" \/>\n\t<meta property=\"og:image:height\" content=\"1001\" \/>\n\t<meta property=\"og:image:type\" content=\"image\/jpeg\" \/>\n<meta name=\"twitter:card\" content=\"summary_large_image\" \/>\n<meta name=\"twitter:label1\" content=\"Tempo di lettura stimato\" \/>\n\t<meta name=\"twitter:data1\" content=\"2 minuti\" \/>\n<script type=\"application\/ld+json\" class=\"yoast-schema-graph\">{\"@context\":\"https:\/\/schema.org\",\"@graph\":[{\"@type\":\"WebPage\",\"@id\":\"https:\/\/ricondizionatipro.it\/shop\/prodotto\/laptop-hp-zbook-firefly-14-g8-i5-ram-16-gb-ssd-disk-140%e2%80%b3-fhd\/\",\"url\":\"https:\/\/ricondizionatipro.it\/shop\/prodotto\/laptop-hp-zbook-firefly-14-g8-i5-ram-16-gb-ssd-disk-140%e2%80%b3-fhd\/\",\"name\":\"Laptop HP ZBook Firefly 14 G8 \/ i5 \/ RAM 16 GB \/ SSD Disk \/ 14,0\u2033 FHD - ricondizionatipro.it\",\"isPartOf\":{\"@id\":\"https:\/\/ricondizionatipro.it\/shop\/#website\"},\"primaryImageOfPage\":{\"@id\":\"https:\/\/ricondizionatipro.it\/shop\/prodotto\/laptop-hp-zbook-firefly-14-g8-i5-ram-16-gb-ssd-disk-140%e2%80%b3-fhd\/#primaryimage\"},\"image\":{\"@id\":\"https:\/\/ricondizionatipro.it\/shop\/prodotto\/laptop-hp-zbook-firefly-14-g8-i5-ram-16-gb-ssd-disk-140%e2%80%b3-fhd\/#primaryimage\"},\"thumbnailUrl\":\"https:\/\/ricondizionatipro.it\/shop\/wp-content\/uploads\/2026\/04\/hp_zbook_firefly_14_g8_01.jpg\",\"datePublished\":\"2026-04-26T08:05:47+00:00\",\"breadcrumb\":{\"@id\":\"https:\/\/ricondizionatipro.it\/shop\/prodotto\/laptop-hp-zbook-firefly-14-g8-i5-ram-16-gb-ssd-disk-140%e2%80%b3-fhd\/#breadcrumb\"},\"inLanguage\":\"it-IT\",\"potentialAction\":[{\"@type\":\"ReadAction\",\"target\":[\"https:\/\/ricondizionatipro.it\/shop\/prodotto\/laptop-hp-zbook-firefly-14-g8-i5-ram-16-gb-ssd-disk-140%e2%80%b3-fhd\/\"]}]},{\"@type\":\"ImageObject\",\"inLanguage\":\"it-IT\",\"@id\":\"https:\/\/ricondizionatipro.it\/shop\/prodotto\/laptop-hp-zbook-firefly-14-g8-i5-ram-16-gb-ssd-disk-140%e2%80%b3-fhd\/#primaryimage\",\"url\":\"https:\/\/ricondizionatipro.it\/shop\/wp-content\/uploads\/2026\/04\/hp_zbook_firefly_14_g8_01.jpg\",\"contentUrl\":\"https:\/\/ricondizionatipro.it\/shop\/wp-content\/uploads\/2026\/04\/hp_zbook_firefly_14_g8_01.jpg\",\"width\":1500,\"height\":1001},{\"@type\":\"BreadcrumbList\",\"@id\":\"https:\/\/ricondizionatipro.it\/shop\/prodotto\/laptop-hp-zbook-firefly-14-g8-i5-ram-16-gb-ssd-disk-140%e2%80%b3-fhd\/#breadcrumb\",\"itemListElement\":[{\"@type\":\"ListItem\",\"position\":1,\"name\":\"Home\",\"item\":\"https:\/\/ricondizionatipro.it\/shop\/\"},{\"@type\":\"ListItem\",\"position\":2,\"name\":\"Laptop HP ZBook Firefly 14 G8 \/ i5 \/ RAM 16 GB \/ SSD Disk \/ 14,0\u2033 FHD\"}]},{\"@type\":\"WebSite\",\"@id\":\"https:\/\/ricondizionatipro.it\/shop\/#website\",\"url\":\"https:\/\/ricondizionatipro.it\/shop\/\",\"name\":\"ricondizionatipro.it\",\"description\":\"computer professionali ricondizionati garantiti\",\"publisher\":{\"@id\":\"https:\/\/ricondizionatipro.it\/shop\/#organization\"},\"potentialAction\":[{\"@type\":\"SearchAction\",\"target\":{\"@type\":\"EntryPoint\",\"urlTemplate\":\"https:\/\/ricondizionatipro.it\/shop\/?s={search_term_string}\"},\"query-input\":{\"@type\":\"PropertyValueSpecification\",\"valueRequired\":true,\"valueName\":\"search_term_string\"}}],\"inLanguage\":\"it-IT\"},{\"@type\":\"Organization\",\"@id\":\"https:\/\/ricondizionatipro.it\/shop\/#organization\",\"name\":\"ricondizionatipro.it\",\"url\":\"https:\/\/ricondizionatipro.it\/shop\/\",\"logo\":{\"@type\":\"ImageObject\",\"inLanguage\":\"it-IT\",\"@id\":\"https:\/\/ricondizionatipro.it\/shop\/#\/schema\/logo\/image\/\",\"url\":\"https:\/\/i0.wp.com\/ricondizionatipro.it\/shop\/wp-content\/uploads\/2022\/04\/ricondizionati-pro-logo-trasparente.png?fit=2309%2C1910&ssl=1\",\"contentUrl\":\"https:\/\/i0.wp.com\/ricondizionatipro.it\/shop\/wp-content\/uploads\/2022\/04\/ricondizionati-pro-logo-trasparente.png?fit=2309%2C1910&ssl=1\",\"width\":2309,\"height\":1910,\"caption\":\"ricondizionatipro.it\"},\"image\":{\"@id\":\"https:\/\/ricondizionatipro.it\/shop\/#\/schema\/logo\/image\/\"},\"sameAs\":[\"https:\/\/www.facebook.com\/ricondizionatipro.it\/\",\"https:\/\/www.instagram.com\/ricondizionatipro.it\/\"]}]}<\/script>\n<!-- \/ Yoast SEO plugin. -->","yoast_head_json":{"title":"Laptop HP ZBook Firefly 14 G8 \/ i5 \/ RAM 16 GB \/ SSD Disk \/ 14,0\u2033 FHD - ricondizionatipro.it","robots":{"index":"index","follow":"follow","max-snippet":"max-snippet:-1","max-image-preview":"max-image-preview:large","max-video-preview":"max-video-preview:-1"},"canonical":"https:\/\/ricondizionatipro.it\/shop\/prodotto\/laptop-hp-zbook-firefly-14-g8-i5-ram-16-gb-ssd-disk-140\u2033-fhd\/","og_locale":"it_IT","og_type":"article","og_title":"Laptop HP ZBook Firefly 14 G8 \/ i5 \/ RAM 16 GB \/ SSD Disk \/ 14,0\u2033 FHD - ricondizionatipro.it","og_description":"Intel\u00ae Core\u2122 i5-1145G7 \/ 2,6 GHz \/ Quad-Core (4C\/8T) \/ Turbo Speed 4,4 GHz, 16 GB DDR4 SODIMM, 256 GB NVMe SSD, 35,6 cm (14,0\u2033), Matiran (AntiGlare, matt), FHD \/ 1920 x 1080, Intel Iris Xe Graphics, HDMI, Thunderbolt, 2x USB, backlit_kb, bluetooth, No OS Installed - Win10P COA","og_url":"https:\/\/ricondizionatipro.it\/shop\/prodotto\/laptop-hp-zbook-firefly-14-g8-i5-ram-16-gb-ssd-disk-140\u2033-fhd\/","og_site_name":"ricondizionatipro.it","article_publisher":"https:\/\/www.facebook.com\/ricondizionatipro.it\/","og_image":[{"width":1500,"height":1001,"url":"https:\/\/ricondizionatipro.it\/shop\/wp-content\/uploads\/2026\/04\/hp_zbook_firefly_14_g8_01.jpg","type":"image\/jpeg"}],"twitter_card":"summary_large_image","twitter_misc":{"Tempo di lettura stimato":"2 minuti"},"schema":{"@context":"https:\/\/schema.org","@graph":[{"@type":"WebPage","@id":"https:\/\/ricondizionatipro.it\/shop\/prodotto\/laptop-hp-zbook-firefly-14-g8-i5-ram-16-gb-ssd-disk-140%e2%80%b3-fhd\/","url":"https:\/\/ricondizionatipro.it\/shop\/prodotto\/laptop-hp-zbook-firefly-14-g8-i5-ram-16-gb-ssd-disk-140%e2%80%b3-fhd\/","name":"Laptop HP ZBook Firefly 14 G8 \/ i5 \/ RAM 16 GB \/ SSD Disk \/ 14,0\u2033 FHD - ricondizionatipro.it","isPartOf":{"@id":"https:\/\/ricondizionatipro.it\/shop\/#website"},"primaryImageOfPage":{"@id":"https:\/\/ricondizionatipro.it\/shop\/prodotto\/laptop-hp-zbook-firefly-14-g8-i5-ram-16-gb-ssd-disk-140%e2%80%b3-fhd\/#primaryimage"},"image":{"@id":"https:\/\/ricondizionatipro.it\/shop\/prodotto\/laptop-hp-zbook-firefly-14-g8-i5-ram-16-gb-ssd-disk-140%e2%80%b3-fhd\/#primaryimage"},"thumbnailUrl":"https:\/\/ricondizionatipro.it\/shop\/wp-content\/uploads\/2026\/04\/hp_zbook_firefly_14_g8_01.jpg","datePublished":"2026-04-26T08:05:47+00:00","breadcrumb":{"@id":"https:\/\/ricondizionatipro.it\/shop\/prodotto\/laptop-hp-zbook-firefly-14-g8-i5-ram-16-gb-ssd-disk-140%e2%80%b3-fhd\/#breadcrumb"},"inLanguage":"it-IT","potentialAction":[{"@type":"ReadAction","target":["https:\/\/ricondizionatipro.it\/shop\/prodotto\/laptop-hp-zbook-firefly-14-g8-i5-ram-16-gb-ssd-disk-140%e2%80%b3-fhd\/"]}]},{"@type":"ImageObject","inLanguage":"it-IT","@id":"https:\/\/ricondizionatipro.it\/shop\/prodotto\/laptop-hp-zbook-firefly-14-g8-i5-ram-16-gb-ssd-disk-140%e2%80%b3-fhd\/#primaryimage","url":"https:\/\/ricondizionatipro.it\/shop\/wp-content\/uploads\/2026\/04\/hp_zbook_firefly_14_g8_01.jpg","contentUrl":"https:\/\/ricondizionatipro.it\/shop\/wp-content\/uploads\/2026\/04\/hp_zbook_firefly_14_g8_01.jpg","width":1500,"height":1001},{"@type":"BreadcrumbList","@id":"https:\/\/ricondizionatipro.it\/shop\/prodotto\/laptop-hp-zbook-firefly-14-g8-i5-ram-16-gb-ssd-disk-140%e2%80%b3-fhd\/#breadcrumb","itemListElement":[{"@type":"ListItem","position":1,"name":"Home","item":"https:\/\/ricondizionatipro.it\/shop\/"},{"@type":"ListItem","position":2,"name":"Laptop HP ZBook Firefly 14 G8 \/ i5 \/ RAM 16 GB \/ SSD Disk \/ 14,0\u2033 FHD"}]},{"@type":"WebSite","@id":"https:\/\/ricondizionatipro.it\/shop\/#website","url":"https:\/\/ricondizionatipro.it\/shop\/","name":"ricondizionatipro.it","description":"computer professionali ricondizionati garantiti","publisher":{"@id":"https:\/\/ricondizionatipro.it\/shop\/#organization"},"potentialAction":[{"@type":"SearchAction","target":{"@type":"EntryPoint","urlTemplate":"https:\/\/ricondizionatipro.it\/shop\/?s={search_term_string}"},"query-input":{"@type":"PropertyValueSpecification","valueRequired":true,"valueName":"search_term_string"}}],"inLanguage":"it-IT"},{"@type":"Organization","@id":"https:\/\/ricondizionatipro.it\/shop\/#organization","name":"ricondizionatipro.it","url":"https:\/\/ricondizionatipro.it\/shop\/","logo":{"@type":"ImageObject","inLanguage":"it-IT","@id":"https:\/\/ricondizionatipro.it\/shop\/#\/schema\/logo\/image\/","url":"https:\/\/i0.wp.com\/ricondizionatipro.it\/shop\/wp-content\/uploads\/2022\/04\/ricondizionati-pro-logo-trasparente.png?fit=2309%2C1910&ssl=1","contentUrl":"https:\/\/i0.wp.com\/ricondizionatipro.it\/shop\/wp-content\/uploads\/2022\/04\/ricondizionati-pro-logo-trasparente.png?fit=2309%2C1910&ssl=1","width":2309,"height":1910,"caption":"ricondizionatipro.it"},"image":{"@id":"https:\/\/ricondizionatipro.it\/shop\/#\/schema\/logo\/image\/"},"sameAs":["https:\/\/www.facebook.com\/ricondizionatipro.it\/","https:\/\/www.instagram.com\/ricondizionatipro.it\/"]}]}},"acf":[],"_links":{"self":[{"href":"https:\/\/ricondizionatipro.it\/shop\/wp-json\/wp\/v2\/product\/101565","targetHints":{"allow":["GET"]}}],"collection":[{"href":"https:\/\/ricondizionatipro.it\/shop\/wp-json\/wp\/v2\/product"}],"about":[{"href":"https:\/\/ricondizionatipro.it\/shop\/wp-json\/wp\/v2\/types\/product"}],"wp:featuredmedia":[{"embeddable":true,"href":"https:\/\/ricondizionatipro.it\/shop\/wp-json\/wp\/v2\/media\/101566"}],"wp:attachment":[{"href":"https:\/\/ricondizionatipro.it\/shop\/wp-json\/wp\/v2\/media?parent=101565"}],"wp:term":[{"taxonomy":"product_brand","embeddable":true,"href":"https:\/\/ricondizionatipro.it\/shop\/wp-json\/wp\/v2\/product_brand?post=101565"},{"taxonomy":"product_cat","embeddable":true,"href":"https:\/\/ricondizionatipro.it\/shop\/wp-json\/wp\/v2\/product_cat?post=101565"},{"taxonomy":"product_tag","embeddable":true,"href":"https:\/\/ricondizionatipro.it\/shop\/wp-json\/wp\/v2\/product_tag?post=101565"}],"curies":[{"name":"wp","href":"https:\/\/api.w.org\/{rel}","templated":true}]}}