{"id":101430,"date":"2026-05-01T04:20:49","date_gmt":"2026-05-01T02:20:49","guid":{"rendered":"https:\/\/ricondizionatipro.it\/shop\/prodotto\/laptop-hp-omen-max-gaming-16-ah0710ng-u7-255hx-rtx-5070ti-12gb-w11-ultra-7-ram-32-gb-ssd-disk-160%e2%80%b3-wqhd\/"},"modified":"2026-05-01T04:20:49","modified_gmt":"2026-05-01T02:20:49","slug":"laptop-hp-omen-max-gaming-16-ah0710ng-u7-255hx-rtx-5070ti-12gb-w11-ultra-7-ram-32-gb-ssd-disk-160%e2%80%b3-wqhd","status":"publish","type":"product","link":"https:\/\/ricondizionatipro.it\/shop\/prodotto\/laptop-hp-omen-max-gaming-16-ah0710ng-u7-255hx-rtx-5070ti-12gb-w11-ultra-7-ram-32-gb-ssd-disk-160%e2%80%b3-wqhd\/","title":{"rendered":"Laptop HP OMEN MAX Gaming 16-ah0710ng | U7 255HX | RTX 5070Ti (12GB) | W11 \/ Ultra 7 \/ RAM 32 GB \/ SSD Disk \/ 16,0\u2033 WQHD"},"content":{"rendered":"<p>Il Prenosnik HP OMEN MAX Gaming 16-ah0710ng combina potenza e design elegante, creando un&#039;esperienza di gioco immersiva. Con le sue componenti hardware avanzate e uno schermo eccezionale, \u00e8 costruito per soddisfare gli appassionati di gaming pi\u00f9 esigenti.<\/p>\n<p>&lt;H2&gt;Principali vantaggi&lt;\/H2&gt;<br \/>\n&lt;ul&gt;<br \/>\n  &lt;li&gt;La &lt;b&gt;scheda grafica RTX 5070 Ti&lt;\/b&gt; offre immagini incredibilmente realistiche, rendendo ogni gioco un&#039;esperienza visiva straordinaria&lt;\/li&gt;<br \/>\n  &lt;li&gt;Processore I5 di ultima generazione per prestazioni rapide e fluidit\u00e0 nelle sessioni di gaming&lt;\/li&gt;<br \/>\n  &lt;li&gt;Display &lt;b&gt;OLED UWVA 2.5K&lt;\/b&gt; da 16 pollici con frequenza di aggiornamento adattiva per colori vivaci e dettagli nitidi, ideale per un gaming coinvolgente&lt;\/li&gt;<br \/>\n  &lt;li&gt;Connessioni rapide con &lt;b&gt;Thunderbolt 4&lt;\/b&gt; e Wi-Fi 7 per rimanere sempre connessi ai propri dispositivi&lt;\/li&gt;<br \/>\n  &lt;li&gt;Memoria e disco espandibili per un&#039;esperienza personalizzabile e performante&lt;\/li&gt;<br \/>\n  &lt;li&gt;&lt;b&gt;Alta velocit\u00e0&lt;\/b&gt; con SSD PCIe NVMe per un accesso rapido ai dati e un&#039;esperienza senza interruzioni&lt;\/li&gt;<br \/>\n&lt;\/ul&gt;<\/p>\n<p>&lt;H2&gt;Chi acquista questo prodotto&lt;\/H2&gt;<br \/>\nIl prenotebook \u00e8 perfetto per gli appassionati di videogiochi alla ricerca di un dispositivo capace di gestire i titoli pi\u00f9 esigenti con facilit\u00e0. Ideale anche per professionisti creativi che richiedono un&#039;elevata capacit\u00e0 di elaborazione per programmi di grafica e video editing.<\/p>\n<p>&lt;H2&gt;Possibilit\u00e0 di aggiornamento&lt;\/H2&gt;<br \/>\nGrazie al design facilmente accessibile, \u00e8 possibile aggiornare la memoria e il disco per migliorare ulteriormente le prestazioni. &lt;b&gt;Consultate sempre un esperto prima di eseguire l&#039;aggiornamento&lt;\/b&gt;.<\/p>\n<p>&lt;H2&gt;Perch\u00e9 scegliere un dispositivo ricondizionato&lt;\/H2&gt;<br \/>\nOptare per un dispositivo ricondizionato significa investire in un prodotto che ha superato rigidi controlli qualitativi, assicurando l&#039;affidabilit\u00e0 elevata. Grazie al servizio professionale di ricondizionamento e a un sistema standardizzato di valutazione, si ha la certezza di acquistare un dispositivo che abbina potenza e sostenibilit\u00e0 riducendo l&#039;impatto ambientale. Con i ricondizionati, si ottiene un&#039;ottima offerta senza compromessi sulla qualit\u00e0 e le prestazioni.&lt;h2&gt;Scatola aperta&lt;\/h2&gt;&#13;<br \/>\n&lt;p&gt;Quasi nessun segno di usura. Qualit\u00e0 uguale ai nuovi. Nella maggior parte dei casi si tratta di eccedenze di produzione e scorte invendute, in cui le differenze rispetto ai dispositivi nuovi non sono percepibili.&lt;\/p&gt;&#13;<\/p>\n","protected":false},"excerpt":{"rendered":"<p>Intel Core Ultra 7 255HX (2,4 GHz), 32GB (2x16GB) DDR5-5600, SSD 1 TB PCIe NVMe, NVIDIA RTX 5070 Ti\u00a0(12\u00a0GB GDDR7), 40,6 cm (16,0&#8243;) 2.5K (2560&#215;1600) UWVA BV OLED VRR 60-240 Hz, HDMI 2.1, 2x Thunderbolt 4 (USB-C\/DisplayPort &#8211; 40Gbps), 2x USB-A 3.2 Gen2 (10Gbps), Wi-Fi 7 BE200 (2&#215;2), Bluetooth 5.4, Backlit Kbd., Webcam, Microsoft\u00a0Windows 11 Home (64-bit)<\/p>\n","protected":false},"featured_media":103643,"template":"","meta":{"inline_featured_image":false},"product_brand":[],"product_cat":[4192,940,831,5880,5876,833],"product_tag":[],"class_list":{"0":"post-101430","1":"product","2":"type-product","3":"status-publish","4":"has-post-thumbnail","6":"product_cat-gaming-portatili","7":"product_cat-hp-portatili","8":"product_cat-laptop","9":"product_cat-laptop-gaming","10":"product_cat-notebook-per-uso-domestico","11":"product_cat-ricerca-preferita","12":"pa_fingerprint-no","14":"first","15":"instock","16":"purchasable","17":"product-type-simple"},"yoast_head":"<!-- This site is optimized with the Yoast SEO plugin v27.2 - https:\/\/yoast.com\/product\/yoast-seo-wordpress\/ -->\n<title>Laptop HP OMEN MAX Gaming 16-ah0710ng | U7 255HX | RTX 5070Ti (12GB) | W11 \/ Ultra 7 \/ RAM 32 GB \/ SSD Disk \/ 16,0\u2033 WQHD - ricondizionatipro.it<\/title>\n<meta name=\"robots\" content=\"index, follow, max-snippet:-1, max-image-preview:large, max-video-preview:-1\" \/>\n<link rel=\"canonical\" href=\"https:\/\/ricondizionatipro.it\/shop\/prodotto\/laptop-hp-omen-max-gaming-16-ah0710ng-u7-255hx-rtx-5070ti-12gb-w11-ultra-7-ram-32-gb-ssd-disk-160\u2033-wqhd\/\" \/>\n<meta property=\"og:locale\" content=\"it_IT\" \/>\n<meta property=\"og:type\" content=\"article\" \/>\n<meta property=\"og:title\" content=\"Laptop HP OMEN MAX Gaming 16-ah0710ng | U7 255HX | RTX 5070Ti (12GB) | W11 \/ Ultra 7 \/ RAM 32 GB \/ SSD Disk \/ 16,0\u2033 WQHD - ricondizionatipro.it\" \/>\n<meta property=\"og:description\" content=\"Intel Core Ultra 7 255HX (2,4 GHz), 32GB (2x16GB) DDR5-5600, SSD 1 TB PCIe NVMe, NVIDIA RTX 5070 Ti\u00a0(12\u00a0GB GDDR7), 40,6 cm (16,0&quot;) 2.5K (2560x1600) UWVA BV OLED VRR 60-240 Hz, HDMI 2.1, 2x Thunderbolt 4 (USB-C\/DisplayPort - 40Gbps), 2x USB-A 3.2 Gen2 (10Gbps), Wi-Fi 7 BE200 (2x2), Bluetooth 5.4, Backlit Kbd., Webcam, Microsoft\u00a0Windows 11 Home (64-bit)\" \/>\n<meta property=\"og:url\" content=\"https:\/\/ricondizionatipro.it\/shop\/prodotto\/laptop-hp-omen-max-gaming-16-ah0710ng-u7-255hx-rtx-5070ti-12gb-w11-ultra-7-ram-32-gb-ssd-disk-160\u2033-wqhd\/\" \/>\n<meta property=\"og:site_name\" content=\"ricondizionatipro.it\" \/>\n<meta property=\"article:publisher\" content=\"https:\/\/www.facebook.com\/ricondizionatipro.it\/\" \/>\n<meta property=\"og:image\" content=\"https:\/\/ricondizionatipro.it\/shop\/wp-content\/uploads\/2026\/04\/ae7bda96-098f-40fd-9217-5e888bc8724e.jpg\" \/>\n\t<meta property=\"og:image:width\" content=\"850\" \/>\n\t<meta property=\"og:image:height\" content=\"638\" \/>\n\t<meta property=\"og:image:type\" content=\"image\/png\" \/>\n<meta name=\"twitter:card\" content=\"summary_large_image\" \/>\n<meta name=\"twitter:label1\" content=\"Tempo di lettura stimato\" \/>\n\t<meta name=\"twitter:data1\" content=\"2 minuti\" \/>\n<script type=\"application\/ld+json\" class=\"yoast-schema-graph\">{\"@context\":\"https:\/\/schema.org\",\"@graph\":[{\"@type\":\"WebPage\",\"@id\":\"https:\/\/ricondizionatipro.it\/shop\/prodotto\/laptop-hp-omen-max-gaming-16-ah0710ng-u7-255hx-rtx-5070ti-12gb-w11-ultra-7-ram-32-gb-ssd-disk-160%e2%80%b3-wqhd\/\",\"url\":\"https:\/\/ricondizionatipro.it\/shop\/prodotto\/laptop-hp-omen-max-gaming-16-ah0710ng-u7-255hx-rtx-5070ti-12gb-w11-ultra-7-ram-32-gb-ssd-disk-160%e2%80%b3-wqhd\/\",\"name\":\"Laptop HP OMEN MAX Gaming 16-ah0710ng | U7 255HX | RTX 5070Ti (12GB) | W11 \/ Ultra 7 \/ RAM 32 GB \/ SSD Disk \/ 16,0\u2033 WQHD - ricondizionatipro.it\",\"isPartOf\":{\"@id\":\"https:\/\/ricondizionatipro.it\/shop\/#website\"},\"primaryImageOfPage\":{\"@id\":\"https:\/\/ricondizionatipro.it\/shop\/prodotto\/laptop-hp-omen-max-gaming-16-ah0710ng-u7-255hx-rtx-5070ti-12gb-w11-ultra-7-ram-32-gb-ssd-disk-160%e2%80%b3-wqhd\/#primaryimage\"},\"image\":{\"@id\":\"https:\/\/ricondizionatipro.it\/shop\/prodotto\/laptop-hp-omen-max-gaming-16-ah0710ng-u7-255hx-rtx-5070ti-12gb-w11-ultra-7-ram-32-gb-ssd-disk-160%e2%80%b3-wqhd\/#primaryimage\"},\"thumbnailUrl\":\"https:\/\/ricondizionatipro.it\/shop\/wp-content\/uploads\/2026\/04\/ae7bda96-098f-40fd-9217-5e888bc8724e.jpg\",\"datePublished\":\"2026-05-01T02:20:49+00:00\",\"breadcrumb\":{\"@id\":\"https:\/\/ricondizionatipro.it\/shop\/prodotto\/laptop-hp-omen-max-gaming-16-ah0710ng-u7-255hx-rtx-5070ti-12gb-w11-ultra-7-ram-32-gb-ssd-disk-160%e2%80%b3-wqhd\/#breadcrumb\"},\"inLanguage\":\"it-IT\",\"potentialAction\":[{\"@type\":\"ReadAction\",\"target\":[\"https:\/\/ricondizionatipro.it\/shop\/prodotto\/laptop-hp-omen-max-gaming-16-ah0710ng-u7-255hx-rtx-5070ti-12gb-w11-ultra-7-ram-32-gb-ssd-disk-160%e2%80%b3-wqhd\/\"]}]},{\"@type\":\"ImageObject\",\"inLanguage\":\"it-IT\",\"@id\":\"https:\/\/ricondizionatipro.it\/shop\/prodotto\/laptop-hp-omen-max-gaming-16-ah0710ng-u7-255hx-rtx-5070ti-12gb-w11-ultra-7-ram-32-gb-ssd-disk-160%e2%80%b3-wqhd\/#primaryimage\",\"url\":\"https:\/\/ricondizionatipro.it\/shop\/wp-content\/uploads\/2026\/04\/ae7bda96-098f-40fd-9217-5e888bc8724e.jpg\",\"contentUrl\":\"https:\/\/ricondizionatipro.it\/shop\/wp-content\/uploads\/2026\/04\/ae7bda96-098f-40fd-9217-5e888bc8724e.jpg\",\"width\":850,\"height\":638},{\"@type\":\"BreadcrumbList\",\"@id\":\"https:\/\/ricondizionatipro.it\/shop\/prodotto\/laptop-hp-omen-max-gaming-16-ah0710ng-u7-255hx-rtx-5070ti-12gb-w11-ultra-7-ram-32-gb-ssd-disk-160%e2%80%b3-wqhd\/#breadcrumb\",\"itemListElement\":[{\"@type\":\"ListItem\",\"position\":1,\"name\":\"Home\",\"item\":\"https:\/\/ricondizionatipro.it\/shop\/\"},{\"@type\":\"ListItem\",\"position\":2,\"name\":\"Laptop HP OMEN MAX Gaming 16-ah0710ng | U7 255HX | RTX 5070Ti (12GB) | W11 \/ Ultra 7 \/ RAM 32 GB \/ SSD Disk \/ 16,0\u2033 WQHD\"}]},{\"@type\":\"WebSite\",\"@id\":\"https:\/\/ricondizionatipro.it\/shop\/#website\",\"url\":\"https:\/\/ricondizionatipro.it\/shop\/\",\"name\":\"ricondizionatipro.it\",\"description\":\"computer professionali ricondizionati garantiti\",\"publisher\":{\"@id\":\"https:\/\/ricondizionatipro.it\/shop\/#organization\"},\"potentialAction\":[{\"@type\":\"SearchAction\",\"target\":{\"@type\":\"EntryPoint\",\"urlTemplate\":\"https:\/\/ricondizionatipro.it\/shop\/?s={search_term_string}\"},\"query-input\":{\"@type\":\"PropertyValueSpecification\",\"valueRequired\":true,\"valueName\":\"search_term_string\"}}],\"inLanguage\":\"it-IT\"},{\"@type\":\"Organization\",\"@id\":\"https:\/\/ricondizionatipro.it\/shop\/#organization\",\"name\":\"ricondizionatipro.it\",\"url\":\"https:\/\/ricondizionatipro.it\/shop\/\",\"logo\":{\"@type\":\"ImageObject\",\"inLanguage\":\"it-IT\",\"@id\":\"https:\/\/ricondizionatipro.it\/shop\/#\/schema\/logo\/image\/\",\"url\":\"https:\/\/i0.wp.com\/ricondizionatipro.it\/shop\/wp-content\/uploads\/2022\/04\/ricondizionati-pro-logo-trasparente.png?fit=2309%2C1910&ssl=1\",\"contentUrl\":\"https:\/\/i0.wp.com\/ricondizionatipro.it\/shop\/wp-content\/uploads\/2022\/04\/ricondizionati-pro-logo-trasparente.png?fit=2309%2C1910&ssl=1\",\"width\":2309,\"height\":1910,\"caption\":\"ricondizionatipro.it\"},\"image\":{\"@id\":\"https:\/\/ricondizionatipro.it\/shop\/#\/schema\/logo\/image\/\"},\"sameAs\":[\"https:\/\/www.facebook.com\/ricondizionatipro.it\/\",\"https:\/\/www.instagram.com\/ricondizionatipro.it\/\"]}]}<\/script>\n<!-- \/ Yoast SEO plugin. -->","yoast_head_json":{"title":"Laptop HP OMEN MAX Gaming 16-ah0710ng | U7 255HX | RTX 5070Ti (12GB) | W11 \/ Ultra 7 \/ RAM 32 GB \/ SSD Disk \/ 16,0\u2033 WQHD - ricondizionatipro.it","robots":{"index":"index","follow":"follow","max-snippet":"max-snippet:-1","max-image-preview":"max-image-preview:large","max-video-preview":"max-video-preview:-1"},"canonical":"https:\/\/ricondizionatipro.it\/shop\/prodotto\/laptop-hp-omen-max-gaming-16-ah0710ng-u7-255hx-rtx-5070ti-12gb-w11-ultra-7-ram-32-gb-ssd-disk-160\u2033-wqhd\/","og_locale":"it_IT","og_type":"article","og_title":"Laptop HP OMEN MAX Gaming 16-ah0710ng | U7 255HX | RTX 5070Ti (12GB) | W11 \/ Ultra 7 \/ RAM 32 GB \/ SSD Disk \/ 16,0\u2033 WQHD - ricondizionatipro.it","og_description":"Intel Core Ultra 7 255HX (2,4 GHz), 32GB (2x16GB) DDR5-5600, SSD 1 TB PCIe NVMe, NVIDIA RTX 5070 Ti\u00a0(12\u00a0GB GDDR7), 40,6 cm (16,0\") 2.5K (2560x1600) UWVA BV OLED VRR 60-240 Hz, HDMI 2.1, 2x Thunderbolt 4 (USB-C\/DisplayPort - 40Gbps), 2x USB-A 3.2 Gen2 (10Gbps), Wi-Fi 7 BE200 (2x2), Bluetooth 5.4, Backlit Kbd., Webcam, Microsoft\u00a0Windows 11 Home (64-bit)","og_url":"https:\/\/ricondizionatipro.it\/shop\/prodotto\/laptop-hp-omen-max-gaming-16-ah0710ng-u7-255hx-rtx-5070ti-12gb-w11-ultra-7-ram-32-gb-ssd-disk-160\u2033-wqhd\/","og_site_name":"ricondizionatipro.it","article_publisher":"https:\/\/www.facebook.com\/ricondizionatipro.it\/","og_image":[{"width":850,"height":638,"url":"https:\/\/ricondizionatipro.it\/shop\/wp-content\/uploads\/2026\/04\/ae7bda96-098f-40fd-9217-5e888bc8724e.jpg","type":"image\/png"}],"twitter_card":"summary_large_image","twitter_misc":{"Tempo di lettura stimato":"2 minuti"},"schema":{"@context":"https:\/\/schema.org","@graph":[{"@type":"WebPage","@id":"https:\/\/ricondizionatipro.it\/shop\/prodotto\/laptop-hp-omen-max-gaming-16-ah0710ng-u7-255hx-rtx-5070ti-12gb-w11-ultra-7-ram-32-gb-ssd-disk-160%e2%80%b3-wqhd\/","url":"https:\/\/ricondizionatipro.it\/shop\/prodotto\/laptop-hp-omen-max-gaming-16-ah0710ng-u7-255hx-rtx-5070ti-12gb-w11-ultra-7-ram-32-gb-ssd-disk-160%e2%80%b3-wqhd\/","name":"Laptop HP OMEN MAX Gaming 16-ah0710ng | U7 255HX | RTX 5070Ti (12GB) | W11 \/ Ultra 7 \/ RAM 32 GB \/ SSD Disk \/ 16,0\u2033 WQHD - ricondizionatipro.it","isPartOf":{"@id":"https:\/\/ricondizionatipro.it\/shop\/#website"},"primaryImageOfPage":{"@id":"https:\/\/ricondizionatipro.it\/shop\/prodotto\/laptop-hp-omen-max-gaming-16-ah0710ng-u7-255hx-rtx-5070ti-12gb-w11-ultra-7-ram-32-gb-ssd-disk-160%e2%80%b3-wqhd\/#primaryimage"},"image":{"@id":"https:\/\/ricondizionatipro.it\/shop\/prodotto\/laptop-hp-omen-max-gaming-16-ah0710ng-u7-255hx-rtx-5070ti-12gb-w11-ultra-7-ram-32-gb-ssd-disk-160%e2%80%b3-wqhd\/#primaryimage"},"thumbnailUrl":"https:\/\/ricondizionatipro.it\/shop\/wp-content\/uploads\/2026\/04\/ae7bda96-098f-40fd-9217-5e888bc8724e.jpg","datePublished":"2026-05-01T02:20:49+00:00","breadcrumb":{"@id":"https:\/\/ricondizionatipro.it\/shop\/prodotto\/laptop-hp-omen-max-gaming-16-ah0710ng-u7-255hx-rtx-5070ti-12gb-w11-ultra-7-ram-32-gb-ssd-disk-160%e2%80%b3-wqhd\/#breadcrumb"},"inLanguage":"it-IT","potentialAction":[{"@type":"ReadAction","target":["https:\/\/ricondizionatipro.it\/shop\/prodotto\/laptop-hp-omen-max-gaming-16-ah0710ng-u7-255hx-rtx-5070ti-12gb-w11-ultra-7-ram-32-gb-ssd-disk-160%e2%80%b3-wqhd\/"]}]},{"@type":"ImageObject","inLanguage":"it-IT","@id":"https:\/\/ricondizionatipro.it\/shop\/prodotto\/laptop-hp-omen-max-gaming-16-ah0710ng-u7-255hx-rtx-5070ti-12gb-w11-ultra-7-ram-32-gb-ssd-disk-160%e2%80%b3-wqhd\/#primaryimage","url":"https:\/\/ricondizionatipro.it\/shop\/wp-content\/uploads\/2026\/04\/ae7bda96-098f-40fd-9217-5e888bc8724e.jpg","contentUrl":"https:\/\/ricondizionatipro.it\/shop\/wp-content\/uploads\/2026\/04\/ae7bda96-098f-40fd-9217-5e888bc8724e.jpg","width":850,"height":638},{"@type":"BreadcrumbList","@id":"https:\/\/ricondizionatipro.it\/shop\/prodotto\/laptop-hp-omen-max-gaming-16-ah0710ng-u7-255hx-rtx-5070ti-12gb-w11-ultra-7-ram-32-gb-ssd-disk-160%e2%80%b3-wqhd\/#breadcrumb","itemListElement":[{"@type":"ListItem","position":1,"name":"Home","item":"https:\/\/ricondizionatipro.it\/shop\/"},{"@type":"ListItem","position":2,"name":"Laptop HP OMEN MAX Gaming 16-ah0710ng | U7 255HX | RTX 5070Ti (12GB) | W11 \/ Ultra 7 \/ RAM 32 GB \/ SSD Disk \/ 16,0\u2033 WQHD"}]},{"@type":"WebSite","@id":"https:\/\/ricondizionatipro.it\/shop\/#website","url":"https:\/\/ricondizionatipro.it\/shop\/","name":"ricondizionatipro.it","description":"computer professionali ricondizionati garantiti","publisher":{"@id":"https:\/\/ricondizionatipro.it\/shop\/#organization"},"potentialAction":[{"@type":"SearchAction","target":{"@type":"EntryPoint","urlTemplate":"https:\/\/ricondizionatipro.it\/shop\/?s={search_term_string}"},"query-input":{"@type":"PropertyValueSpecification","valueRequired":true,"valueName":"search_term_string"}}],"inLanguage":"it-IT"},{"@type":"Organization","@id":"https:\/\/ricondizionatipro.it\/shop\/#organization","name":"ricondizionatipro.it","url":"https:\/\/ricondizionatipro.it\/shop\/","logo":{"@type":"ImageObject","inLanguage":"it-IT","@id":"https:\/\/ricondizionatipro.it\/shop\/#\/schema\/logo\/image\/","url":"https:\/\/i0.wp.com\/ricondizionatipro.it\/shop\/wp-content\/uploads\/2022\/04\/ricondizionati-pro-logo-trasparente.png?fit=2309%2C1910&ssl=1","contentUrl":"https:\/\/i0.wp.com\/ricondizionatipro.it\/shop\/wp-content\/uploads\/2022\/04\/ricondizionati-pro-logo-trasparente.png?fit=2309%2C1910&ssl=1","width":2309,"height":1910,"caption":"ricondizionatipro.it"},"image":{"@id":"https:\/\/ricondizionatipro.it\/shop\/#\/schema\/logo\/image\/"},"sameAs":["https:\/\/www.facebook.com\/ricondizionatipro.it\/","https:\/\/www.instagram.com\/ricondizionatipro.it\/"]}]}},"acf":[],"_links":{"self":[{"href":"https:\/\/ricondizionatipro.it\/shop\/wp-json\/wp\/v2\/product\/101430","targetHints":{"allow":["GET"]}}],"collection":[{"href":"https:\/\/ricondizionatipro.it\/shop\/wp-json\/wp\/v2\/product"}],"about":[{"href":"https:\/\/ricondizionatipro.it\/shop\/wp-json\/wp\/v2\/types\/product"}],"wp:featuredmedia":[{"embeddable":true,"href":"https:\/\/ricondizionatipro.it\/shop\/wp-json\/wp\/v2\/media\/103643"}],"wp:attachment":[{"href":"https:\/\/ricondizionatipro.it\/shop\/wp-json\/wp\/v2\/media?parent=101430"}],"wp:term":[{"taxonomy":"product_brand","embeddable":true,"href":"https:\/\/ricondizionatipro.it\/shop\/wp-json\/wp\/v2\/product_brand?post=101430"},{"taxonomy":"product_cat","embeddable":true,"href":"https:\/\/ricondizionatipro.it\/shop\/wp-json\/wp\/v2\/product_cat?post=101430"},{"taxonomy":"product_tag","embeddable":true,"href":"https:\/\/ricondizionatipro.it\/shop\/wp-json\/wp\/v2\/product_tag?post=101430"}],"curies":[{"name":"wp","href":"https:\/\/api.w.org\/{rel}","templated":true}]}}