{"id":101066,"date":"2026-04-28T04:15:48","date_gmt":"2026-04-28T02:15:48","guid":{"rendered":"https:\/\/ricondizionatipro.it\/shop\/prodotto\/laptop-hp-17-cn3xxx-i5-ram-8-gb-ssd-disk-173%e2%80%b3-fhd\/"},"modified":"2026-04-28T04:15:49","modified_gmt":"2026-04-28T02:15:49","slug":"laptop-hp-17-cn3xxx-i5-ram-8-gb-ssd-disk-173%e2%80%b3-fhd","status":"publish","type":"product","link":"https:\/\/ricondizionatipro.it\/shop\/prodotto\/laptop-hp-17-cn3xxx-i5-ram-8-gb-ssd-disk-173%e2%80%b3-fhd\/","title":{"rendered":"Laptop HP 17-CN3XXX \/ i5 \/ RAM 8 GB \/ SSD Disk \/ 17,3\u2033 FHD"},"content":{"rendered":"<p>Scopri un laptop progettato per coniugare prestazioni elevate e versatilit\u00e0. Questo dispositivo combina un generoso display Full HD da 17,3 pollici con tecnologie all&#039;avanguardia, offrendo un&#039;esperienza di utilizzo senza compromessi, ideale per chi cerca produttivit\u00e0 e intrattenimento.&#13;<br \/>\n&#13;<br \/>\n&lt;H2&gt;Principali vantaggi&lt;\/H2&gt;&#13;<br \/>\n&lt;b&gt;Esperienza visiva straordinaria&lt;\/b&gt;: con un enorme schermo da 17,3 pollici e risoluzione FHD, goditi dettagli nitidi e colori vivaci.  &#13;<br \/>\n&lt;b&gt;Prestazioni eccellenti&lt;\/b&gt;: grazie al processore I5, assapora velocit\u00e0 e affidabilit\u00e0 in multitasking.  &#13;<br \/>\n&lt;b&gt;Archiviazione ultraveloce&lt;\/b&gt;: il disco SSD con tecnologia NVMe offre tempi di accesso e trasferimento rapidi, migliorando l&#039;efficienza.  &#13;<br \/>\n&lt;b&gt;Design ergonomico&lt;\/b&gt;: una tastiera retroilluminata rende la digitazione confortevole anche in ambienti poco luminosi.  &#13;<br \/>\n&#13;<br \/>\n&lt;H2&gt;Chi acquista questo prodotto&lt;\/H2&gt;&#13;<br \/>\nIdeale per professionisti e studenti che desiderano un dispositivo capace di affrontare attivit\u00e0 intense. \u00c8 adatto anche per utenti che amano godersi contenuti multimediali su uno schermo ampio e di qualit\u00e0.  &#13;<br \/>\n&#13;<br \/>\n&lt;H2&gt;Possibilit\u00e0 di aggiornamento&lt;\/H2&gt;&#13;<br \/>\nL&#039;espandibilit\u00e0 di memoria e unit\u00e0 di storage permette a questo laptop di evolvere con le vostre esigenze. Consultate sempre un esperto prima di eseguire l&#039;aggiornamento.&#13;<br \/>\n&#13;<br \/>\n&lt;H2&gt;Perch\u00e9 scegliere un dispositivo ricondizionato&lt;\/H2&gt;&#13;<br \/>\nOptare per un laptop ricondizionato offre &lt;b&gt;opportunit\u00e0 di risparmio&lt;\/b&gt; e accesso a &lt;b&gt;tecnologie avanzate&lt;\/b&gt; a un prezzo competitivo. Ogni dispositivo passa attraverso un &lt;b&gt;processo di ricondizionamento professionale&lt;\/b&gt; e un &lt;b&gt;sistema di valutazione della qualit\u00e0 standardizzato&lt;\/b&gt;, garantendo prestazioni affidabili con un impatto ambientale ridotto rispetto all&#039;acquisto di un prodotto nuovo.&lt;h2&gt;Scatola aperta&lt;\/h2&gt;&#13;<br \/>\n&lt;p&gt;Quasi nessun segno di usura. Qualit\u00e0 uguale ai nuovi. Nella maggior parte dei casi si tratta di eccedenze di produzione e scorte invendute, in cui le differenze rispetto ai dispositivi nuovi non sono percepibili.&lt;\/p&gt;&#13;<\/p>\n","protected":false},"excerpt":{"rendered":"<p>Intel\u00ae Core\u2122 i5-1334U \/ 1,3 &#8211; 3,4 GHz \/ 10-Cores (2C+8C\/12T) \/ 4,6 GHz TurboBoost, 8 GB DDR4 SODIMM, 512 GB NVMe SSD, 43,9 cm (17,3\u2033), Matiran (AntiGlare, matt), FHD \/ 1920 x 1080, Intel\u00ae Iris\u00ae Xe Graphics, HDMI, USB-C, 2x USB, Backlit keyboard, bluetooth, Microsoft Windows 11 Home (64-bit)<\/p>\n","protected":false},"featured_media":101491,"template":"","meta":{"inline_featured_image":false},"product_brand":[],"product_cat":[940,831,5877,5876,853,835,833],"product_tag":[],"class_list":{"0":"post-101066","1":"product","2":"type-product","3":"status-publish","4":"has-post-thumbnail","6":"product_cat-hp-portatili","7":"product_cat-laptop","8":"product_cat-notebook-per-uso-aziendale","9":"product_cat-notebook-per-uso-domestico","10":"product_cat-portatili-17-inch","11":"product_cat-portatili-i5","12":"product_cat-ricerca-preferita","14":"first","15":"instock","16":"purchasable","17":"product-type-simple"},"yoast_head":"<!-- This site is optimized with the Yoast SEO plugin v27.2 - https:\/\/yoast.com\/product\/yoast-seo-wordpress\/ -->\n<title>Laptop HP 17-CN3XXX \/ i5 \/ RAM 8 GB \/ SSD Disk \/ 17,3\u2033 FHD - ricondizionatipro.it<\/title>\n<meta name=\"robots\" content=\"index, follow, max-snippet:-1, max-image-preview:large, max-video-preview:-1\" \/>\n<link rel=\"canonical\" href=\"https:\/\/ricondizionatipro.it\/shop\/prodotto\/laptop-hp-17-cn3xxx-i5-ram-8-gb-ssd-disk-173\u2033-fhd\/\" \/>\n<meta property=\"og:locale\" content=\"it_IT\" \/>\n<meta property=\"og:type\" content=\"article\" \/>\n<meta property=\"og:title\" content=\"Laptop HP 17-CN3XXX \/ i5 \/ RAM 8 GB \/ SSD Disk \/ 17,3\u2033 FHD - ricondizionatipro.it\" \/>\n<meta property=\"og:description\" content=\"Intel\u00ae Core\u2122 i5-1334U \/ 1,3 - 3,4 GHz \/ 10-Cores (2C+8C\/12T) \/ 4,6 GHz TurboBoost, 8 GB DDR4 SODIMM, 512 GB NVMe SSD, 43,9 cm (17,3\u2033), Matiran (AntiGlare, matt), FHD \/ 1920 x 1080, Intel\u00ae Iris\u00ae Xe Graphics, HDMI, USB-C, 2x USB, Backlit keyboard, bluetooth, Microsoft Windows 11 Home (64-bit)\" \/>\n<meta property=\"og:url\" content=\"https:\/\/ricondizionatipro.it\/shop\/prodotto\/laptop-hp-17-cn3xxx-i5-ram-8-gb-ssd-disk-173\u2033-fhd\/\" \/>\n<meta property=\"og:site_name\" content=\"ricondizionatipro.it\" \/>\n<meta property=\"article:publisher\" content=\"https:\/\/www.facebook.com\/ricondizionatipro.it\/\" \/>\n<meta property=\"article:modified_time\" content=\"2026-04-28T02:15:49+00:00\" \/>\n<meta property=\"og:image\" content=\"https:\/\/ricondizionatipro.it\/shop\/wp-content\/uploads\/2026\/04\/v2xyd250324112un39d_1.webp\" \/>\n\t<meta property=\"og:image:width\" content=\"1280\" \/>\n\t<meta property=\"og:image:height\" content=\"996\" \/>\n\t<meta property=\"og:image:type\" content=\"image\/webp\" \/>\n<meta name=\"twitter:card\" content=\"summary_large_image\" \/>\n<meta name=\"twitter:label1\" content=\"Tempo di lettura stimato\" \/>\n\t<meta name=\"twitter:data1\" content=\"2 minuti\" \/>\n<script type=\"application\/ld+json\" class=\"yoast-schema-graph\">{\"@context\":\"https:\/\/schema.org\",\"@graph\":[{\"@type\":\"WebPage\",\"@id\":\"https:\/\/ricondizionatipro.it\/shop\/prodotto\/laptop-hp-17-cn3xxx-i5-ram-8-gb-ssd-disk-173%e2%80%b3-fhd\/\",\"url\":\"https:\/\/ricondizionatipro.it\/shop\/prodotto\/laptop-hp-17-cn3xxx-i5-ram-8-gb-ssd-disk-173%e2%80%b3-fhd\/\",\"name\":\"Laptop HP 17-CN3XXX \/ i5 \/ RAM 8 GB \/ SSD Disk \/ 17,3\u2033 FHD - ricondizionatipro.it\",\"isPartOf\":{\"@id\":\"https:\/\/ricondizionatipro.it\/shop\/#website\"},\"primaryImageOfPage\":{\"@id\":\"https:\/\/ricondizionatipro.it\/shop\/prodotto\/laptop-hp-17-cn3xxx-i5-ram-8-gb-ssd-disk-173%e2%80%b3-fhd\/#primaryimage\"},\"image\":{\"@id\":\"https:\/\/ricondizionatipro.it\/shop\/prodotto\/laptop-hp-17-cn3xxx-i5-ram-8-gb-ssd-disk-173%e2%80%b3-fhd\/#primaryimage\"},\"thumbnailUrl\":\"https:\/\/ricondizionatipro.it\/shop\/wp-content\/uploads\/2026\/04\/v2xyd250324112un39d_1.webp\",\"datePublished\":\"2026-04-28T02:15:48+00:00\",\"dateModified\":\"2026-04-28T02:15:49+00:00\",\"breadcrumb\":{\"@id\":\"https:\/\/ricondizionatipro.it\/shop\/prodotto\/laptop-hp-17-cn3xxx-i5-ram-8-gb-ssd-disk-173%e2%80%b3-fhd\/#breadcrumb\"},\"inLanguage\":\"it-IT\",\"potentialAction\":[{\"@type\":\"ReadAction\",\"target\":[\"https:\/\/ricondizionatipro.it\/shop\/prodotto\/laptop-hp-17-cn3xxx-i5-ram-8-gb-ssd-disk-173%e2%80%b3-fhd\/\"]}]},{\"@type\":\"ImageObject\",\"inLanguage\":\"it-IT\",\"@id\":\"https:\/\/ricondizionatipro.it\/shop\/prodotto\/laptop-hp-17-cn3xxx-i5-ram-8-gb-ssd-disk-173%e2%80%b3-fhd\/#primaryimage\",\"url\":\"https:\/\/ricondizionatipro.it\/shop\/wp-content\/uploads\/2026\/04\/v2xyd250324112un39d_1.webp\",\"contentUrl\":\"https:\/\/ricondizionatipro.it\/shop\/wp-content\/uploads\/2026\/04\/v2xyd250324112un39d_1.webp\",\"width\":1280,\"height\":996},{\"@type\":\"BreadcrumbList\",\"@id\":\"https:\/\/ricondizionatipro.it\/shop\/prodotto\/laptop-hp-17-cn3xxx-i5-ram-8-gb-ssd-disk-173%e2%80%b3-fhd\/#breadcrumb\",\"itemListElement\":[{\"@type\":\"ListItem\",\"position\":1,\"name\":\"Home\",\"item\":\"https:\/\/ricondizionatipro.it\/shop\/\"},{\"@type\":\"ListItem\",\"position\":2,\"name\":\"Laptop HP 17-CN3XXX \/ i5 \/ RAM 8 GB \/ SSD Disk \/ 17,3\u2033 FHD\"}]},{\"@type\":\"WebSite\",\"@id\":\"https:\/\/ricondizionatipro.it\/shop\/#website\",\"url\":\"https:\/\/ricondizionatipro.it\/shop\/\",\"name\":\"ricondizionatipro.it\",\"description\":\"computer professionali ricondizionati garantiti\",\"publisher\":{\"@id\":\"https:\/\/ricondizionatipro.it\/shop\/#organization\"},\"potentialAction\":[{\"@type\":\"SearchAction\",\"target\":{\"@type\":\"EntryPoint\",\"urlTemplate\":\"https:\/\/ricondizionatipro.it\/shop\/?s={search_term_string}\"},\"query-input\":{\"@type\":\"PropertyValueSpecification\",\"valueRequired\":true,\"valueName\":\"search_term_string\"}}],\"inLanguage\":\"it-IT\"},{\"@type\":\"Organization\",\"@id\":\"https:\/\/ricondizionatipro.it\/shop\/#organization\",\"name\":\"ricondizionatipro.it\",\"url\":\"https:\/\/ricondizionatipro.it\/shop\/\",\"logo\":{\"@type\":\"ImageObject\",\"inLanguage\":\"it-IT\",\"@id\":\"https:\/\/ricondizionatipro.it\/shop\/#\/schema\/logo\/image\/\",\"url\":\"https:\/\/i0.wp.com\/ricondizionatipro.it\/shop\/wp-content\/uploads\/2022\/04\/ricondizionati-pro-logo-trasparente.png?fit=2309%2C1910&ssl=1\",\"contentUrl\":\"https:\/\/i0.wp.com\/ricondizionatipro.it\/shop\/wp-content\/uploads\/2022\/04\/ricondizionati-pro-logo-trasparente.png?fit=2309%2C1910&ssl=1\",\"width\":2309,\"height\":1910,\"caption\":\"ricondizionatipro.it\"},\"image\":{\"@id\":\"https:\/\/ricondizionatipro.it\/shop\/#\/schema\/logo\/image\/\"},\"sameAs\":[\"https:\/\/www.facebook.com\/ricondizionatipro.it\/\",\"https:\/\/www.instagram.com\/ricondizionatipro.it\/\"]}]}<\/script>\n<!-- \/ Yoast SEO plugin. -->","yoast_head_json":{"title":"Laptop HP 17-CN3XXX \/ i5 \/ RAM 8 GB \/ SSD Disk \/ 17,3\u2033 FHD - ricondizionatipro.it","robots":{"index":"index","follow":"follow","max-snippet":"max-snippet:-1","max-image-preview":"max-image-preview:large","max-video-preview":"max-video-preview:-1"},"canonical":"https:\/\/ricondizionatipro.it\/shop\/prodotto\/laptop-hp-17-cn3xxx-i5-ram-8-gb-ssd-disk-173\u2033-fhd\/","og_locale":"it_IT","og_type":"article","og_title":"Laptop HP 17-CN3XXX \/ i5 \/ RAM 8 GB \/ SSD Disk \/ 17,3\u2033 FHD - ricondizionatipro.it","og_description":"Intel\u00ae Core\u2122 i5-1334U \/ 1,3 - 3,4 GHz \/ 10-Cores (2C+8C\/12T) \/ 4,6 GHz TurboBoost, 8 GB DDR4 SODIMM, 512 GB NVMe SSD, 43,9 cm (17,3\u2033), Matiran (AntiGlare, matt), FHD \/ 1920 x 1080, Intel\u00ae Iris\u00ae Xe Graphics, HDMI, USB-C, 2x USB, Backlit keyboard, bluetooth, Microsoft Windows 11 Home (64-bit)","og_url":"https:\/\/ricondizionatipro.it\/shop\/prodotto\/laptop-hp-17-cn3xxx-i5-ram-8-gb-ssd-disk-173\u2033-fhd\/","og_site_name":"ricondizionatipro.it","article_publisher":"https:\/\/www.facebook.com\/ricondizionatipro.it\/","article_modified_time":"2026-04-28T02:15:49+00:00","og_image":[{"width":1280,"height":996,"url":"https:\/\/ricondizionatipro.it\/shop\/wp-content\/uploads\/2026\/04\/v2xyd250324112un39d_1.webp","type":"image\/webp"}],"twitter_card":"summary_large_image","twitter_misc":{"Tempo di lettura stimato":"2 minuti"},"schema":{"@context":"https:\/\/schema.org","@graph":[{"@type":"WebPage","@id":"https:\/\/ricondizionatipro.it\/shop\/prodotto\/laptop-hp-17-cn3xxx-i5-ram-8-gb-ssd-disk-173%e2%80%b3-fhd\/","url":"https:\/\/ricondizionatipro.it\/shop\/prodotto\/laptop-hp-17-cn3xxx-i5-ram-8-gb-ssd-disk-173%e2%80%b3-fhd\/","name":"Laptop HP 17-CN3XXX \/ i5 \/ RAM 8 GB \/ SSD Disk \/ 17,3\u2033 FHD - ricondizionatipro.it","isPartOf":{"@id":"https:\/\/ricondizionatipro.it\/shop\/#website"},"primaryImageOfPage":{"@id":"https:\/\/ricondizionatipro.it\/shop\/prodotto\/laptop-hp-17-cn3xxx-i5-ram-8-gb-ssd-disk-173%e2%80%b3-fhd\/#primaryimage"},"image":{"@id":"https:\/\/ricondizionatipro.it\/shop\/prodotto\/laptop-hp-17-cn3xxx-i5-ram-8-gb-ssd-disk-173%e2%80%b3-fhd\/#primaryimage"},"thumbnailUrl":"https:\/\/ricondizionatipro.it\/shop\/wp-content\/uploads\/2026\/04\/v2xyd250324112un39d_1.webp","datePublished":"2026-04-28T02:15:48+00:00","dateModified":"2026-04-28T02:15:49+00:00","breadcrumb":{"@id":"https:\/\/ricondizionatipro.it\/shop\/prodotto\/laptop-hp-17-cn3xxx-i5-ram-8-gb-ssd-disk-173%e2%80%b3-fhd\/#breadcrumb"},"inLanguage":"it-IT","potentialAction":[{"@type":"ReadAction","target":["https:\/\/ricondizionatipro.it\/shop\/prodotto\/laptop-hp-17-cn3xxx-i5-ram-8-gb-ssd-disk-173%e2%80%b3-fhd\/"]}]},{"@type":"ImageObject","inLanguage":"it-IT","@id":"https:\/\/ricondizionatipro.it\/shop\/prodotto\/laptop-hp-17-cn3xxx-i5-ram-8-gb-ssd-disk-173%e2%80%b3-fhd\/#primaryimage","url":"https:\/\/ricondizionatipro.it\/shop\/wp-content\/uploads\/2026\/04\/v2xyd250324112un39d_1.webp","contentUrl":"https:\/\/ricondizionatipro.it\/shop\/wp-content\/uploads\/2026\/04\/v2xyd250324112un39d_1.webp","width":1280,"height":996},{"@type":"BreadcrumbList","@id":"https:\/\/ricondizionatipro.it\/shop\/prodotto\/laptop-hp-17-cn3xxx-i5-ram-8-gb-ssd-disk-173%e2%80%b3-fhd\/#breadcrumb","itemListElement":[{"@type":"ListItem","position":1,"name":"Home","item":"https:\/\/ricondizionatipro.it\/shop\/"},{"@type":"ListItem","position":2,"name":"Laptop HP 17-CN3XXX \/ i5 \/ RAM 8 GB \/ SSD Disk \/ 17,3\u2033 FHD"}]},{"@type":"WebSite","@id":"https:\/\/ricondizionatipro.it\/shop\/#website","url":"https:\/\/ricondizionatipro.it\/shop\/","name":"ricondizionatipro.it","description":"computer professionali ricondizionati garantiti","publisher":{"@id":"https:\/\/ricondizionatipro.it\/shop\/#organization"},"potentialAction":[{"@type":"SearchAction","target":{"@type":"EntryPoint","urlTemplate":"https:\/\/ricondizionatipro.it\/shop\/?s={search_term_string}"},"query-input":{"@type":"PropertyValueSpecification","valueRequired":true,"valueName":"search_term_string"}}],"inLanguage":"it-IT"},{"@type":"Organization","@id":"https:\/\/ricondizionatipro.it\/shop\/#organization","name":"ricondizionatipro.it","url":"https:\/\/ricondizionatipro.it\/shop\/","logo":{"@type":"ImageObject","inLanguage":"it-IT","@id":"https:\/\/ricondizionatipro.it\/shop\/#\/schema\/logo\/image\/","url":"https:\/\/i0.wp.com\/ricondizionatipro.it\/shop\/wp-content\/uploads\/2022\/04\/ricondizionati-pro-logo-trasparente.png?fit=2309%2C1910&ssl=1","contentUrl":"https:\/\/i0.wp.com\/ricondizionatipro.it\/shop\/wp-content\/uploads\/2022\/04\/ricondizionati-pro-logo-trasparente.png?fit=2309%2C1910&ssl=1","width":2309,"height":1910,"caption":"ricondizionatipro.it"},"image":{"@id":"https:\/\/ricondizionatipro.it\/shop\/#\/schema\/logo\/image\/"},"sameAs":["https:\/\/www.facebook.com\/ricondizionatipro.it\/","https:\/\/www.instagram.com\/ricondizionatipro.it\/"]}]}},"acf":[],"_links":{"self":[{"href":"https:\/\/ricondizionatipro.it\/shop\/wp-json\/wp\/v2\/product\/101066","targetHints":{"allow":["GET"]}}],"collection":[{"href":"https:\/\/ricondizionatipro.it\/shop\/wp-json\/wp\/v2\/product"}],"about":[{"href":"https:\/\/ricondizionatipro.it\/shop\/wp-json\/wp\/v2\/types\/product"}],"wp:featuredmedia":[{"embeddable":true,"href":"https:\/\/ricondizionatipro.it\/shop\/wp-json\/wp\/v2\/media\/101491"}],"wp:attachment":[{"href":"https:\/\/ricondizionatipro.it\/shop\/wp-json\/wp\/v2\/media?parent=101066"}],"wp:term":[{"taxonomy":"product_brand","embeddable":true,"href":"https:\/\/ricondizionatipro.it\/shop\/wp-json\/wp\/v2\/product_brand?post=101066"},{"taxonomy":"product_cat","embeddable":true,"href":"https:\/\/ricondizionatipro.it\/shop\/wp-json\/wp\/v2\/product_cat?post=101066"},{"taxonomy":"product_tag","embeddable":true,"href":"https:\/\/ricondizionatipro.it\/shop\/wp-json\/wp\/v2\/product_tag?post=101066"}],"curies":[{"name":"wp","href":"https:\/\/api.w.org\/{rel}","templated":true}]}}