{"id":101062,"date":"2026-05-01T04:20:30","date_gmt":"2026-05-01T02:20:30","guid":{"rendered":"https:\/\/ricondizionatipro.it\/shop\/prodotto\/laptop-hp-17-cn3xxx-i5-ram-8-gb-ssd-disk-173%e2%80%b3-hd\/"},"modified":"2026-05-01T04:20:30","modified_gmt":"2026-05-01T02:20:30","slug":"laptop-hp-17-cn3xxx-i5-ram-8-gb-ssd-disk-173%e2%80%b3-hd","status":"publish","type":"product","link":"https:\/\/ricondizionatipro.it\/shop\/prodotto\/laptop-hp-17-cn3xxx-i5-ram-8-gb-ssd-disk-173%e2%80%b3-hd\/","title":{"rendered":"Laptop HP 17-CN3XXX \/ i5 \/ RAM 8 GB \/ SSD Disk \/ 17,3\u2033 HD+"},"content":{"rendered":"<p>Il Laptop HP 17-CN3XXX unisce prestazioni affidabili a un design elegante e funzionale. Con un ampio schermo da 17,3 pollici, offre un&#039;esperienza visiva coinvolgente, perfetta per chi cerca spazio e qualit\u00e0 nei dettagli visivi. Dotato di grafica Intel Iris Xe, garantisce immagini nitide e fluide, mentre le sue capacit\u00e0 di elaborazione assicurano reattivit\u00e0 e efficienza nelle attivit\u00e0 quotidiane.<\/p>\n<p>&lt;H2&gt;Principali vantaggi&lt;\/H2&gt;<br \/>\n&lt;ul&gt;<br \/>\n&lt;li&gt;&lt;b&gt;Schermo ampio e brillante:&lt;\/b&gt; il display HD+ da 17,3 pollici assicura una qualit\u00e0 d&#039;immagine eccezionale, ideale per lavoro e intrattenimento&lt;\/li&gt;<br \/>\n&lt;li&gt;&lt;b&gt;Prestazioni potenti:&lt;\/b&gt; il processore I5 offre una velocit\u00e0 di lavoro elevata&lt;\/li&gt;<br \/>\n&lt;li&gt;&lt;b&gt;Memoria e spazio di archiviazione rapidi:&lt;\/b&gt; grazie al disco SSD NVMe, i tempi di avvio e caricamento delle applicazioni sono notevolmente ridotti&lt;\/li&gt;<br \/>\n&lt;li&gt;&lt;b&gt;Espandibilit\u00e0:&lt;\/b&gt; le opzioni di aggiornamento di memoria e disco offrono flessibilit\u00e0 nel tempo&lt;\/li&gt;<br \/>\n&lt;\/ul&gt;<\/p>\n<p>&lt;H2&gt;Chi acquista questo prodotto&lt;\/H2&gt;<br \/>\nQuesto laptop \u00e8 perfetto per chi necessita di un dispositivo dal grande display per applicazioni multimediali, studenti e professionisti che richiedono una portabilit\u00e0 funzionale e potenza di calcolo affidabile. \u00c8 adatto sia per chi lavora da casa sia per chi viaggia, grazie alla sua leggerezza e versatilit\u00e0.<\/p>\n<p>&lt;H2&gt;Possibilit\u00e0 di aggiornamento&lt;\/H2&gt;<br \/>\nIl laptop permette aggiornamenti di &lt;b&gt;memoria&lt;\/b&gt; e &lt;b&gt;disco&lt;\/b&gt;, rendendolo un investimento a lungo termine. Consultate sempre un esperto prima di eseguire l&#039;aggiornamento.<\/p>\n<p>&lt;H2&gt;Perch\u00e9 scegliere un dispositivo ricondizionato&lt;\/H2&gt;<br \/>\nScegliere un computer ricondizionato significa optare per un prodotto che \u00e8 stato sottoposto a un rigoroso servizio professionale di ricondizionamento. Questo programma garantisce prestazioni e affidabilit\u00e0 grazie a un sistema standardizzato di valutazione della qualit\u00e0. Oltre al vantaggio economico, contribuisce anche a un approccio pi\u00f9 sostenibile all&#039;ambiente, riducendo gli sprechi elettronici e promuovendo la riutilizzazione responsabile della tecnologia.&lt;h2&gt;Scatola aperta&lt;\/h2&gt;&#13;<br \/>\n&lt;p&gt;Quasi nessun segno di usura. Qualit\u00e0 uguale ai nuovi. Nella maggior parte dei casi si tratta di eccedenze di produzione e scorte invendute, in cui le differenze rispetto ai dispositivi nuovi non sono percepibili.&lt;\/p&gt;&#13;<\/p>\n","protected":false},"excerpt":{"rendered":"<p>Intel\u00ae Core\u2122 i5-1334U \/ 1,3 &#8211; 3,4 GHz \/ 10-Cores (2C+8C\/12T) \/ 4,6 GHz TurboBoost, 8 GB DDR4 SODIMM, 256 GB NVMe SSD, 43,9 cm (17,3\u2033), Sijajni (BrightView, gloss), HD+ \/ 1600 x 900, Intel\u00ae Iris\u00ae Xe Graphics, HDMI, USB-C, 2x USB, bluetooth, Microsoft Windows 11 Home (64-bit)<\/p>\n","protected":false},"featured_media":101487,"template":"","meta":{"inline_featured_image":false},"product_brand":[],"product_cat":[940,831,5877,5876,853,835,833],"product_tag":[],"class_list":{"0":"post-101062","1":"product","2":"type-product","3":"status-publish","4":"has-post-thumbnail","6":"product_cat-hp-portatili","7":"product_cat-laptop","8":"product_cat-notebook-per-uso-aziendale","9":"product_cat-notebook-per-uso-domestico","10":"product_cat-portatili-17-inch","11":"product_cat-portatili-i5","12":"product_cat-ricerca-preferita","14":"first","15":"instock","16":"purchasable","17":"product-type-simple"},"yoast_head":"<!-- This site is optimized with the Yoast SEO plugin v27.2 - https:\/\/yoast.com\/product\/yoast-seo-wordpress\/ -->\n<title>Laptop HP 17-CN3XXX \/ i5 \/ RAM 8 GB \/ SSD Disk \/ 17,3\u2033 HD+ - ricondizionatipro.it<\/title>\n<meta name=\"robots\" content=\"index, follow, max-snippet:-1, max-image-preview:large, max-video-preview:-1\" \/>\n<link rel=\"canonical\" href=\"https:\/\/ricondizionatipro.it\/shop\/prodotto\/laptop-hp-17-cn3xxx-i5-ram-8-gb-ssd-disk-173\u2033-hd\/\" \/>\n<meta property=\"og:locale\" content=\"it_IT\" \/>\n<meta property=\"og:type\" content=\"article\" \/>\n<meta property=\"og:title\" content=\"Laptop HP 17-CN3XXX \/ i5 \/ RAM 8 GB \/ SSD Disk \/ 17,3\u2033 HD+ - ricondizionatipro.it\" \/>\n<meta property=\"og:description\" content=\"Intel\u00ae Core\u2122 i5-1334U \/ 1,3 - 3,4 GHz \/ 10-Cores (2C+8C\/12T) \/ 4,6 GHz TurboBoost, 8 GB DDR4 SODIMM, 256 GB NVMe SSD, 43,9 cm (17,3\u2033), Sijajni (BrightView, gloss), HD+ \/ 1600 x 900, Intel\u00ae Iris\u00ae Xe Graphics, HDMI, USB-C, 2x USB, bluetooth, Microsoft Windows 11 Home (64-bit)\" \/>\n<meta property=\"og:url\" content=\"https:\/\/ricondizionatipro.it\/shop\/prodotto\/laptop-hp-17-cn3xxx-i5-ram-8-gb-ssd-disk-173\u2033-hd\/\" \/>\n<meta property=\"og:site_name\" content=\"ricondizionatipro.it\" \/>\n<meta property=\"article:publisher\" content=\"https:\/\/www.facebook.com\/ricondizionatipro.it\/\" \/>\n<meta property=\"og:image\" content=\"https:\/\/ricondizionatipro.it\/shop\/wp-content\/uploads\/2026\/04\/v2xyd250324112un39d_2.webp\" \/>\n\t<meta property=\"og:image:width\" content=\"1280\" \/>\n\t<meta property=\"og:image:height\" content=\"996\" \/>\n\t<meta property=\"og:image:type\" content=\"image\/webp\" \/>\n<meta name=\"twitter:card\" content=\"summary_large_image\" \/>\n<meta name=\"twitter:label1\" content=\"Tempo di lettura stimato\" \/>\n\t<meta name=\"twitter:data1\" content=\"2 minuti\" \/>\n<script type=\"application\/ld+json\" class=\"yoast-schema-graph\">{\"@context\":\"https:\/\/schema.org\",\"@graph\":[{\"@type\":\"WebPage\",\"@id\":\"https:\/\/ricondizionatipro.it\/shop\/prodotto\/laptop-hp-17-cn3xxx-i5-ram-8-gb-ssd-disk-173%e2%80%b3-hd\/\",\"url\":\"https:\/\/ricondizionatipro.it\/shop\/prodotto\/laptop-hp-17-cn3xxx-i5-ram-8-gb-ssd-disk-173%e2%80%b3-hd\/\",\"name\":\"Laptop HP 17-CN3XXX \/ i5 \/ RAM 8 GB \/ SSD Disk \/ 17,3\u2033 HD+ - ricondizionatipro.it\",\"isPartOf\":{\"@id\":\"https:\/\/ricondizionatipro.it\/shop\/#website\"},\"primaryImageOfPage\":{\"@id\":\"https:\/\/ricondizionatipro.it\/shop\/prodotto\/laptop-hp-17-cn3xxx-i5-ram-8-gb-ssd-disk-173%e2%80%b3-hd\/#primaryimage\"},\"image\":{\"@id\":\"https:\/\/ricondizionatipro.it\/shop\/prodotto\/laptop-hp-17-cn3xxx-i5-ram-8-gb-ssd-disk-173%e2%80%b3-hd\/#primaryimage\"},\"thumbnailUrl\":\"https:\/\/ricondizionatipro.it\/shop\/wp-content\/uploads\/2026\/04\/v2xyd250324112un39d_2.webp\",\"datePublished\":\"2026-05-01T02:20:30+00:00\",\"breadcrumb\":{\"@id\":\"https:\/\/ricondizionatipro.it\/shop\/prodotto\/laptop-hp-17-cn3xxx-i5-ram-8-gb-ssd-disk-173%e2%80%b3-hd\/#breadcrumb\"},\"inLanguage\":\"it-IT\",\"potentialAction\":[{\"@type\":\"ReadAction\",\"target\":[\"https:\/\/ricondizionatipro.it\/shop\/prodotto\/laptop-hp-17-cn3xxx-i5-ram-8-gb-ssd-disk-173%e2%80%b3-hd\/\"]}]},{\"@type\":\"ImageObject\",\"inLanguage\":\"it-IT\",\"@id\":\"https:\/\/ricondizionatipro.it\/shop\/prodotto\/laptop-hp-17-cn3xxx-i5-ram-8-gb-ssd-disk-173%e2%80%b3-hd\/#primaryimage\",\"url\":\"https:\/\/ricondizionatipro.it\/shop\/wp-content\/uploads\/2026\/04\/v2xyd250324112un39d_2.webp\",\"contentUrl\":\"https:\/\/ricondizionatipro.it\/shop\/wp-content\/uploads\/2026\/04\/v2xyd250324112un39d_2.webp\",\"width\":1280,\"height\":996},{\"@type\":\"BreadcrumbList\",\"@id\":\"https:\/\/ricondizionatipro.it\/shop\/prodotto\/laptop-hp-17-cn3xxx-i5-ram-8-gb-ssd-disk-173%e2%80%b3-hd\/#breadcrumb\",\"itemListElement\":[{\"@type\":\"ListItem\",\"position\":1,\"name\":\"Home\",\"item\":\"https:\/\/ricondizionatipro.it\/shop\/\"},{\"@type\":\"ListItem\",\"position\":2,\"name\":\"Laptop HP 17-CN3XXX \/ i5 \/ RAM 8 GB \/ SSD Disk \/ 17,3\u2033 HD+\"}]},{\"@type\":\"WebSite\",\"@id\":\"https:\/\/ricondizionatipro.it\/shop\/#website\",\"url\":\"https:\/\/ricondizionatipro.it\/shop\/\",\"name\":\"ricondizionatipro.it\",\"description\":\"computer professionali ricondizionati garantiti\",\"publisher\":{\"@id\":\"https:\/\/ricondizionatipro.it\/shop\/#organization\"},\"potentialAction\":[{\"@type\":\"SearchAction\",\"target\":{\"@type\":\"EntryPoint\",\"urlTemplate\":\"https:\/\/ricondizionatipro.it\/shop\/?s={search_term_string}\"},\"query-input\":{\"@type\":\"PropertyValueSpecification\",\"valueRequired\":true,\"valueName\":\"search_term_string\"}}],\"inLanguage\":\"it-IT\"},{\"@type\":\"Organization\",\"@id\":\"https:\/\/ricondizionatipro.it\/shop\/#organization\",\"name\":\"ricondizionatipro.it\",\"url\":\"https:\/\/ricondizionatipro.it\/shop\/\",\"logo\":{\"@type\":\"ImageObject\",\"inLanguage\":\"it-IT\",\"@id\":\"https:\/\/ricondizionatipro.it\/shop\/#\/schema\/logo\/image\/\",\"url\":\"https:\/\/i0.wp.com\/ricondizionatipro.it\/shop\/wp-content\/uploads\/2022\/04\/ricondizionati-pro-logo-trasparente.png?fit=2309%2C1910&ssl=1\",\"contentUrl\":\"https:\/\/i0.wp.com\/ricondizionatipro.it\/shop\/wp-content\/uploads\/2022\/04\/ricondizionati-pro-logo-trasparente.png?fit=2309%2C1910&ssl=1\",\"width\":2309,\"height\":1910,\"caption\":\"ricondizionatipro.it\"},\"image\":{\"@id\":\"https:\/\/ricondizionatipro.it\/shop\/#\/schema\/logo\/image\/\"},\"sameAs\":[\"https:\/\/www.facebook.com\/ricondizionatipro.it\/\",\"https:\/\/www.instagram.com\/ricondizionatipro.it\/\"]}]}<\/script>\n<!-- \/ Yoast SEO plugin. -->","yoast_head_json":{"title":"Laptop HP 17-CN3XXX \/ i5 \/ RAM 8 GB \/ SSD Disk \/ 17,3\u2033 HD+ - ricondizionatipro.it","robots":{"index":"index","follow":"follow","max-snippet":"max-snippet:-1","max-image-preview":"max-image-preview:large","max-video-preview":"max-video-preview:-1"},"canonical":"https:\/\/ricondizionatipro.it\/shop\/prodotto\/laptop-hp-17-cn3xxx-i5-ram-8-gb-ssd-disk-173\u2033-hd\/","og_locale":"it_IT","og_type":"article","og_title":"Laptop HP 17-CN3XXX \/ i5 \/ RAM 8 GB \/ SSD Disk \/ 17,3\u2033 HD+ - ricondizionatipro.it","og_description":"Intel\u00ae Core\u2122 i5-1334U \/ 1,3 - 3,4 GHz \/ 10-Cores (2C+8C\/12T) \/ 4,6 GHz TurboBoost, 8 GB DDR4 SODIMM, 256 GB NVMe SSD, 43,9 cm (17,3\u2033), Sijajni (BrightView, gloss), HD+ \/ 1600 x 900, Intel\u00ae Iris\u00ae Xe Graphics, HDMI, USB-C, 2x USB, bluetooth, Microsoft Windows 11 Home (64-bit)","og_url":"https:\/\/ricondizionatipro.it\/shop\/prodotto\/laptop-hp-17-cn3xxx-i5-ram-8-gb-ssd-disk-173\u2033-hd\/","og_site_name":"ricondizionatipro.it","article_publisher":"https:\/\/www.facebook.com\/ricondizionatipro.it\/","og_image":[{"width":1280,"height":996,"url":"https:\/\/ricondizionatipro.it\/shop\/wp-content\/uploads\/2026\/04\/v2xyd250324112un39d_2.webp","type":"image\/webp"}],"twitter_card":"summary_large_image","twitter_misc":{"Tempo di lettura stimato":"2 minuti"},"schema":{"@context":"https:\/\/schema.org","@graph":[{"@type":"WebPage","@id":"https:\/\/ricondizionatipro.it\/shop\/prodotto\/laptop-hp-17-cn3xxx-i5-ram-8-gb-ssd-disk-173%e2%80%b3-hd\/","url":"https:\/\/ricondizionatipro.it\/shop\/prodotto\/laptop-hp-17-cn3xxx-i5-ram-8-gb-ssd-disk-173%e2%80%b3-hd\/","name":"Laptop HP 17-CN3XXX \/ i5 \/ RAM 8 GB \/ SSD Disk \/ 17,3\u2033 HD+ - ricondizionatipro.it","isPartOf":{"@id":"https:\/\/ricondizionatipro.it\/shop\/#website"},"primaryImageOfPage":{"@id":"https:\/\/ricondizionatipro.it\/shop\/prodotto\/laptop-hp-17-cn3xxx-i5-ram-8-gb-ssd-disk-173%e2%80%b3-hd\/#primaryimage"},"image":{"@id":"https:\/\/ricondizionatipro.it\/shop\/prodotto\/laptop-hp-17-cn3xxx-i5-ram-8-gb-ssd-disk-173%e2%80%b3-hd\/#primaryimage"},"thumbnailUrl":"https:\/\/ricondizionatipro.it\/shop\/wp-content\/uploads\/2026\/04\/v2xyd250324112un39d_2.webp","datePublished":"2026-05-01T02:20:30+00:00","breadcrumb":{"@id":"https:\/\/ricondizionatipro.it\/shop\/prodotto\/laptop-hp-17-cn3xxx-i5-ram-8-gb-ssd-disk-173%e2%80%b3-hd\/#breadcrumb"},"inLanguage":"it-IT","potentialAction":[{"@type":"ReadAction","target":["https:\/\/ricondizionatipro.it\/shop\/prodotto\/laptop-hp-17-cn3xxx-i5-ram-8-gb-ssd-disk-173%e2%80%b3-hd\/"]}]},{"@type":"ImageObject","inLanguage":"it-IT","@id":"https:\/\/ricondizionatipro.it\/shop\/prodotto\/laptop-hp-17-cn3xxx-i5-ram-8-gb-ssd-disk-173%e2%80%b3-hd\/#primaryimage","url":"https:\/\/ricondizionatipro.it\/shop\/wp-content\/uploads\/2026\/04\/v2xyd250324112un39d_2.webp","contentUrl":"https:\/\/ricondizionatipro.it\/shop\/wp-content\/uploads\/2026\/04\/v2xyd250324112un39d_2.webp","width":1280,"height":996},{"@type":"BreadcrumbList","@id":"https:\/\/ricondizionatipro.it\/shop\/prodotto\/laptop-hp-17-cn3xxx-i5-ram-8-gb-ssd-disk-173%e2%80%b3-hd\/#breadcrumb","itemListElement":[{"@type":"ListItem","position":1,"name":"Home","item":"https:\/\/ricondizionatipro.it\/shop\/"},{"@type":"ListItem","position":2,"name":"Laptop HP 17-CN3XXX \/ i5 \/ RAM 8 GB \/ SSD Disk \/ 17,3\u2033 HD+"}]},{"@type":"WebSite","@id":"https:\/\/ricondizionatipro.it\/shop\/#website","url":"https:\/\/ricondizionatipro.it\/shop\/","name":"ricondizionatipro.it","description":"computer professionali ricondizionati garantiti","publisher":{"@id":"https:\/\/ricondizionatipro.it\/shop\/#organization"},"potentialAction":[{"@type":"SearchAction","target":{"@type":"EntryPoint","urlTemplate":"https:\/\/ricondizionatipro.it\/shop\/?s={search_term_string}"},"query-input":{"@type":"PropertyValueSpecification","valueRequired":true,"valueName":"search_term_string"}}],"inLanguage":"it-IT"},{"@type":"Organization","@id":"https:\/\/ricondizionatipro.it\/shop\/#organization","name":"ricondizionatipro.it","url":"https:\/\/ricondizionatipro.it\/shop\/","logo":{"@type":"ImageObject","inLanguage":"it-IT","@id":"https:\/\/ricondizionatipro.it\/shop\/#\/schema\/logo\/image\/","url":"https:\/\/i0.wp.com\/ricondizionatipro.it\/shop\/wp-content\/uploads\/2022\/04\/ricondizionati-pro-logo-trasparente.png?fit=2309%2C1910&ssl=1","contentUrl":"https:\/\/i0.wp.com\/ricondizionatipro.it\/shop\/wp-content\/uploads\/2022\/04\/ricondizionati-pro-logo-trasparente.png?fit=2309%2C1910&ssl=1","width":2309,"height":1910,"caption":"ricondizionatipro.it"},"image":{"@id":"https:\/\/ricondizionatipro.it\/shop\/#\/schema\/logo\/image\/"},"sameAs":["https:\/\/www.facebook.com\/ricondizionatipro.it\/","https:\/\/www.instagram.com\/ricondizionatipro.it\/"]}]}},"acf":[],"_links":{"self":[{"href":"https:\/\/ricondizionatipro.it\/shop\/wp-json\/wp\/v2\/product\/101062","targetHints":{"allow":["GET"]}}],"collection":[{"href":"https:\/\/ricondizionatipro.it\/shop\/wp-json\/wp\/v2\/product"}],"about":[{"href":"https:\/\/ricondizionatipro.it\/shop\/wp-json\/wp\/v2\/types\/product"}],"wp:featuredmedia":[{"embeddable":true,"href":"https:\/\/ricondizionatipro.it\/shop\/wp-json\/wp\/v2\/media\/101487"}],"wp:attachment":[{"href":"https:\/\/ricondizionatipro.it\/shop\/wp-json\/wp\/v2\/media?parent=101062"}],"wp:term":[{"taxonomy":"product_brand","embeddable":true,"href":"https:\/\/ricondizionatipro.it\/shop\/wp-json\/wp\/v2\/product_brand?post=101062"},{"taxonomy":"product_cat","embeddable":true,"href":"https:\/\/ricondizionatipro.it\/shop\/wp-json\/wp\/v2\/product_cat?post=101062"},{"taxonomy":"product_tag","embeddable":true,"href":"https:\/\/ricondizionatipro.it\/shop\/wp-json\/wp\/v2\/product_tag?post=101062"}],"curies":[{"name":"wp","href":"https:\/\/api.w.org\/{rel}","templated":true}]}}