{"id":100922,"date":"2026-04-28T04:00:07","date_gmt":"2026-04-28T02:00:07","guid":{"rendered":"https:\/\/ricondizionatipro.it\/shop\/prodotto\/monitor-lenovo-thinkvision-t24i-10-lcd\/"},"modified":"2026-04-28T04:00:07","modified_gmt":"2026-04-28T02:00:07","slug":"monitor-lenovo-thinkvision-t24i-10-lcd","status":"publish","type":"product","link":"https:\/\/ricondizionatipro.it\/shop\/prodotto\/monitor-lenovo-thinkvision-t24i-10-lcd\/","title":{"rendered":"Monitor Lenovo ThinkVision T24I-10 LCD"},"content":{"rendered":"<p>&lt;div data-content-type=&quot;html&quot; data-appearance=&quot;default&quot; data-element=&quot;main&quot;&gt;23.8&quot; Wide LCD Monitor, 1920 x 1080 panel (16:10), 250 cd\/m2, 1000:1 contrast ratio, 178\/178 view angles, 6 ms response time, VGA, HDMI, DisplayPort, 4 x USB 3.0&lt;\/div&gt;&lt;h2&gt;Qualit\u00e0 A&lt;\/h2&gt;&#13;<br \/>\n&lt;p&gt;Leggeri segni di usura. Qualit\u00e0 superiore alla media. Parte esterna dei dispositivi pu\u00f2 presentare minime imperfezioni, come un graffio che \u00e8 invisibile a una distanza di 50 cm (circa la lunghezza di un braccio) o pi\u00f9. Gli schermi sono in condizioni operative impeccabili.&lt;\/p&gt;&#13;<\/p>\n","protected":false},"excerpt":{"rendered":"<p>23.8&#8243; Wide LCD Monitor, 1920 x 1080 IPS panel, 250 cd\/m2, 1000:1 contrast ratio, 178\/178 view angles, 6 ms response time, VGA, HDMI, DisplayPort, 4 x USB 3.0<\/p>\n","protected":false},"featured_media":100923,"template":"","meta":{"inline_featured_image":false},"product_brand":[],"product_cat":[865,830],"product_tag":[],"class_list":{"0":"post-100922","1":"product","2":"type-product","3":"status-publish","4":"has-post-thumbnail","6":"product_cat-monitor","7":"product_cat-prodotti","8":"pa_monitor-inputs-displayport","9":"pa_monitor-inputs-hdmi","10":"pa_monitor-inputs-vga","11":"pa_monitor-response-time-6-ms","12":"pa_monitor-size-6045-cm-238","14":"first","15":"instock","16":"purchasable","17":"product-type-simple"},"yoast_head":"<!-- This site is optimized with the Yoast SEO plugin v27.2 - https:\/\/yoast.com\/product\/yoast-seo-wordpress\/ -->\n<title>Monitor Lenovo ThinkVision T24I-10 LCD - ricondizionatipro.it<\/title>\n<meta name=\"robots\" content=\"index, follow, max-snippet:-1, max-image-preview:large, max-video-preview:-1\" \/>\n<link rel=\"canonical\" href=\"https:\/\/ricondizionatipro.it\/shop\/prodotto\/monitor-lenovo-thinkvision-t24i-10-lcd\/\" \/>\n<meta property=\"og:locale\" content=\"it_IT\" \/>\n<meta property=\"og:type\" content=\"article\" \/>\n<meta property=\"og:title\" content=\"Monitor Lenovo ThinkVision T24I-10 LCD - ricondizionatipro.it\" \/>\n<meta property=\"og:description\" content=\"23.8&quot; Wide LCD Monitor, 1920 x 1080 IPS panel, 250 cd\/m2, 1000:1 contrast ratio, 178\/178 view angles, 6 ms response time, VGA, HDMI, DisplayPort, 4 x USB 3.0\" \/>\n<meta property=\"og:url\" content=\"https:\/\/ricondizionatipro.it\/shop\/prodotto\/monitor-lenovo-thinkvision-t24i-10-lcd\/\" \/>\n<meta property=\"og:site_name\" content=\"ricondizionatipro.it\" \/>\n<meta property=\"article:publisher\" content=\"https:\/\/www.facebook.com\/ricondizionatipro.it\/\" \/>\n<meta property=\"og:image\" content=\"https:\/\/ricondizionatipro.it\/shop\/wp-content\/uploads\/2026\/04\/2f058f22-60d4-42cb-834a-1882db967ded.2f8090c6f9c395cf0d8a0b568ec5075f-scaled.jpeg\" \/>\n\t<meta property=\"og:image:width\" content=\"2560\" \/>\n\t<meta property=\"og:image:height\" content=\"2560\" \/>\n\t<meta property=\"og:image:type\" content=\"image\/jpeg\" \/>\n<meta name=\"twitter:card\" content=\"summary_large_image\" \/>\n<script type=\"application\/ld+json\" class=\"yoast-schema-graph\">{\"@context\":\"https:\/\/schema.org\",\"@graph\":[{\"@type\":\"WebPage\",\"@id\":\"https:\/\/ricondizionatipro.it\/shop\/prodotto\/monitor-lenovo-thinkvision-t24i-10-lcd\/\",\"url\":\"https:\/\/ricondizionatipro.it\/shop\/prodotto\/monitor-lenovo-thinkvision-t24i-10-lcd\/\",\"name\":\"Monitor Lenovo ThinkVision T24I-10 LCD - ricondizionatipro.it\",\"isPartOf\":{\"@id\":\"https:\/\/ricondizionatipro.it\/shop\/#website\"},\"primaryImageOfPage\":{\"@id\":\"https:\/\/ricondizionatipro.it\/shop\/prodotto\/monitor-lenovo-thinkvision-t24i-10-lcd\/#primaryimage\"},\"image\":{\"@id\":\"https:\/\/ricondizionatipro.it\/shop\/prodotto\/monitor-lenovo-thinkvision-t24i-10-lcd\/#primaryimage\"},\"thumbnailUrl\":\"https:\/\/ricondizionatipro.it\/shop\/wp-content\/uploads\/2026\/04\/2f058f22-60d4-42cb-834a-1882db967ded.2f8090c6f9c395cf0d8a0b568ec5075f-scaled.jpeg\",\"datePublished\":\"2026-04-28T02:00:07+00:00\",\"breadcrumb\":{\"@id\":\"https:\/\/ricondizionatipro.it\/shop\/prodotto\/monitor-lenovo-thinkvision-t24i-10-lcd\/#breadcrumb\"},\"inLanguage\":\"it-IT\",\"potentialAction\":[{\"@type\":\"ReadAction\",\"target\":[\"https:\/\/ricondizionatipro.it\/shop\/prodotto\/monitor-lenovo-thinkvision-t24i-10-lcd\/\"]}]},{\"@type\":\"ImageObject\",\"inLanguage\":\"it-IT\",\"@id\":\"https:\/\/ricondizionatipro.it\/shop\/prodotto\/monitor-lenovo-thinkvision-t24i-10-lcd\/#primaryimage\",\"url\":\"https:\/\/ricondizionatipro.it\/shop\/wp-content\/uploads\/2026\/04\/2f058f22-60d4-42cb-834a-1882db967ded.2f8090c6f9c395cf0d8a0b568ec5075f-scaled.jpeg\",\"contentUrl\":\"https:\/\/ricondizionatipro.it\/shop\/wp-content\/uploads\/2026\/04\/2f058f22-60d4-42cb-834a-1882db967ded.2f8090c6f9c395cf0d8a0b568ec5075f-scaled.jpeg\",\"width\":2560,\"height\":2560},{\"@type\":\"BreadcrumbList\",\"@id\":\"https:\/\/ricondizionatipro.it\/shop\/prodotto\/monitor-lenovo-thinkvision-t24i-10-lcd\/#breadcrumb\",\"itemListElement\":[{\"@type\":\"ListItem\",\"position\":1,\"name\":\"Home\",\"item\":\"https:\/\/ricondizionatipro.it\/shop\/\"},{\"@type\":\"ListItem\",\"position\":2,\"name\":\"Monitor Lenovo ThinkVision T24I-10 LCD\"}]},{\"@type\":\"WebSite\",\"@id\":\"https:\/\/ricondizionatipro.it\/shop\/#website\",\"url\":\"https:\/\/ricondizionatipro.it\/shop\/\",\"name\":\"ricondizionatipro.it\",\"description\":\"computer professionali ricondizionati garantiti\",\"publisher\":{\"@id\":\"https:\/\/ricondizionatipro.it\/shop\/#organization\"},\"potentialAction\":[{\"@type\":\"SearchAction\",\"target\":{\"@type\":\"EntryPoint\",\"urlTemplate\":\"https:\/\/ricondizionatipro.it\/shop\/?s={search_term_string}\"},\"query-input\":{\"@type\":\"PropertyValueSpecification\",\"valueRequired\":true,\"valueName\":\"search_term_string\"}}],\"inLanguage\":\"it-IT\"},{\"@type\":\"Organization\",\"@id\":\"https:\/\/ricondizionatipro.it\/shop\/#organization\",\"name\":\"ricondizionatipro.it\",\"url\":\"https:\/\/ricondizionatipro.it\/shop\/\",\"logo\":{\"@type\":\"ImageObject\",\"inLanguage\":\"it-IT\",\"@id\":\"https:\/\/ricondizionatipro.it\/shop\/#\/schema\/logo\/image\/\",\"url\":\"https:\/\/i0.wp.com\/ricondizionatipro.it\/shop\/wp-content\/uploads\/2022\/04\/ricondizionati-pro-logo-trasparente.png?fit=2309%2C1910&ssl=1\",\"contentUrl\":\"https:\/\/i0.wp.com\/ricondizionatipro.it\/shop\/wp-content\/uploads\/2022\/04\/ricondizionati-pro-logo-trasparente.png?fit=2309%2C1910&ssl=1\",\"width\":2309,\"height\":1910,\"caption\":\"ricondizionatipro.it\"},\"image\":{\"@id\":\"https:\/\/ricondizionatipro.it\/shop\/#\/schema\/logo\/image\/\"},\"sameAs\":[\"https:\/\/www.facebook.com\/ricondizionatipro.it\/\",\"https:\/\/www.instagram.com\/ricondizionatipro.it\/\"]}]}<\/script>\n<!-- \/ Yoast SEO plugin. -->","yoast_head_json":{"title":"Monitor Lenovo ThinkVision T24I-10 LCD - ricondizionatipro.it","robots":{"index":"index","follow":"follow","max-snippet":"max-snippet:-1","max-image-preview":"max-image-preview:large","max-video-preview":"max-video-preview:-1"},"canonical":"https:\/\/ricondizionatipro.it\/shop\/prodotto\/monitor-lenovo-thinkvision-t24i-10-lcd\/","og_locale":"it_IT","og_type":"article","og_title":"Monitor Lenovo ThinkVision T24I-10 LCD - ricondizionatipro.it","og_description":"23.8\" Wide LCD Monitor, 1920 x 1080 IPS panel, 250 cd\/m2, 1000:1 contrast ratio, 178\/178 view angles, 6 ms response time, VGA, HDMI, DisplayPort, 4 x USB 3.0","og_url":"https:\/\/ricondizionatipro.it\/shop\/prodotto\/monitor-lenovo-thinkvision-t24i-10-lcd\/","og_site_name":"ricondizionatipro.it","article_publisher":"https:\/\/www.facebook.com\/ricondizionatipro.it\/","og_image":[{"width":2560,"height":2560,"url":"https:\/\/ricondizionatipro.it\/shop\/wp-content\/uploads\/2026\/04\/2f058f22-60d4-42cb-834a-1882db967ded.2f8090c6f9c395cf0d8a0b568ec5075f-scaled.jpeg","type":"image\/jpeg"}],"twitter_card":"summary_large_image","schema":{"@context":"https:\/\/schema.org","@graph":[{"@type":"WebPage","@id":"https:\/\/ricondizionatipro.it\/shop\/prodotto\/monitor-lenovo-thinkvision-t24i-10-lcd\/","url":"https:\/\/ricondizionatipro.it\/shop\/prodotto\/monitor-lenovo-thinkvision-t24i-10-lcd\/","name":"Monitor Lenovo ThinkVision T24I-10 LCD - ricondizionatipro.it","isPartOf":{"@id":"https:\/\/ricondizionatipro.it\/shop\/#website"},"primaryImageOfPage":{"@id":"https:\/\/ricondizionatipro.it\/shop\/prodotto\/monitor-lenovo-thinkvision-t24i-10-lcd\/#primaryimage"},"image":{"@id":"https:\/\/ricondizionatipro.it\/shop\/prodotto\/monitor-lenovo-thinkvision-t24i-10-lcd\/#primaryimage"},"thumbnailUrl":"https:\/\/ricondizionatipro.it\/shop\/wp-content\/uploads\/2026\/04\/2f058f22-60d4-42cb-834a-1882db967ded.2f8090c6f9c395cf0d8a0b568ec5075f-scaled.jpeg","datePublished":"2026-04-28T02:00:07+00:00","breadcrumb":{"@id":"https:\/\/ricondizionatipro.it\/shop\/prodotto\/monitor-lenovo-thinkvision-t24i-10-lcd\/#breadcrumb"},"inLanguage":"it-IT","potentialAction":[{"@type":"ReadAction","target":["https:\/\/ricondizionatipro.it\/shop\/prodotto\/monitor-lenovo-thinkvision-t24i-10-lcd\/"]}]},{"@type":"ImageObject","inLanguage":"it-IT","@id":"https:\/\/ricondizionatipro.it\/shop\/prodotto\/monitor-lenovo-thinkvision-t24i-10-lcd\/#primaryimage","url":"https:\/\/ricondizionatipro.it\/shop\/wp-content\/uploads\/2026\/04\/2f058f22-60d4-42cb-834a-1882db967ded.2f8090c6f9c395cf0d8a0b568ec5075f-scaled.jpeg","contentUrl":"https:\/\/ricondizionatipro.it\/shop\/wp-content\/uploads\/2026\/04\/2f058f22-60d4-42cb-834a-1882db967ded.2f8090c6f9c395cf0d8a0b568ec5075f-scaled.jpeg","width":2560,"height":2560},{"@type":"BreadcrumbList","@id":"https:\/\/ricondizionatipro.it\/shop\/prodotto\/monitor-lenovo-thinkvision-t24i-10-lcd\/#breadcrumb","itemListElement":[{"@type":"ListItem","position":1,"name":"Home","item":"https:\/\/ricondizionatipro.it\/shop\/"},{"@type":"ListItem","position":2,"name":"Monitor Lenovo ThinkVision T24I-10 LCD"}]},{"@type":"WebSite","@id":"https:\/\/ricondizionatipro.it\/shop\/#website","url":"https:\/\/ricondizionatipro.it\/shop\/","name":"ricondizionatipro.it","description":"computer professionali ricondizionati garantiti","publisher":{"@id":"https:\/\/ricondizionatipro.it\/shop\/#organization"},"potentialAction":[{"@type":"SearchAction","target":{"@type":"EntryPoint","urlTemplate":"https:\/\/ricondizionatipro.it\/shop\/?s={search_term_string}"},"query-input":{"@type":"PropertyValueSpecification","valueRequired":true,"valueName":"search_term_string"}}],"inLanguage":"it-IT"},{"@type":"Organization","@id":"https:\/\/ricondizionatipro.it\/shop\/#organization","name":"ricondizionatipro.it","url":"https:\/\/ricondizionatipro.it\/shop\/","logo":{"@type":"ImageObject","inLanguage":"it-IT","@id":"https:\/\/ricondizionatipro.it\/shop\/#\/schema\/logo\/image\/","url":"https:\/\/i0.wp.com\/ricondizionatipro.it\/shop\/wp-content\/uploads\/2022\/04\/ricondizionati-pro-logo-trasparente.png?fit=2309%2C1910&ssl=1","contentUrl":"https:\/\/i0.wp.com\/ricondizionatipro.it\/shop\/wp-content\/uploads\/2022\/04\/ricondizionati-pro-logo-trasparente.png?fit=2309%2C1910&ssl=1","width":2309,"height":1910,"caption":"ricondizionatipro.it"},"image":{"@id":"https:\/\/ricondizionatipro.it\/shop\/#\/schema\/logo\/image\/"},"sameAs":["https:\/\/www.facebook.com\/ricondizionatipro.it\/","https:\/\/www.instagram.com\/ricondizionatipro.it\/"]}]}},"acf":[],"_links":{"self":[{"href":"https:\/\/ricondizionatipro.it\/shop\/wp-json\/wp\/v2\/product\/100922","targetHints":{"allow":["GET"]}}],"collection":[{"href":"https:\/\/ricondizionatipro.it\/shop\/wp-json\/wp\/v2\/product"}],"about":[{"href":"https:\/\/ricondizionatipro.it\/shop\/wp-json\/wp\/v2\/types\/product"}],"wp:featuredmedia":[{"embeddable":true,"href":"https:\/\/ricondizionatipro.it\/shop\/wp-json\/wp\/v2\/media\/100923"}],"wp:attachment":[{"href":"https:\/\/ricondizionatipro.it\/shop\/wp-json\/wp\/v2\/media?parent=100922"}],"wp:term":[{"taxonomy":"product_brand","embeddable":true,"href":"https:\/\/ricondizionatipro.it\/shop\/wp-json\/wp\/v2\/product_brand?post=100922"},{"taxonomy":"product_cat","embeddable":true,"href":"https:\/\/ricondizionatipro.it\/shop\/wp-json\/wp\/v2\/product_cat?post=100922"},{"taxonomy":"product_tag","embeddable":true,"href":"https:\/\/ricondizionatipro.it\/shop\/wp-json\/wp\/v2\/product_tag?post=100922"}],"curies":[{"name":"wp","href":"https:\/\/api.w.org\/{rel}","templated":true}]}}