{"id":100403,"date":"2026-05-01T04:20:14","date_gmt":"2026-05-01T02:20:14","guid":{"rendered":"https:\/\/ricondizionatipro.it\/shop\/prodotto\/laptop-victus-gaming-15-fa2008ns-i5-13420h-rtx-3050-i5-ram-16-gb-ssd-disk-156%e2%80%b3-fhd\/"},"modified":"2026-05-01T04:20:14","modified_gmt":"2026-05-01T02:20:14","slug":"laptop-victus-gaming-15-fa2008ns-i5-13420h-rtx-3050-pink-i5-ram-16-gb-ssd-disk-156%e2%80%b3-fhd","status":"publish","type":"product","link":"https:\/\/ricondizionatipro.it\/shop\/prodotto\/laptop-victus-gaming-15-fa2008ns-i5-13420h-rtx-3050-pink-i5-ram-16-gb-ssd-disk-156%e2%80%b3-fhd\/","title":{"rendered":"Laptop Victus Gaming 15-fa2008ns | i5-13420H | RTX 3050 | Pink \/ i5 \/ RAM 16 GB \/ SSD Disk \/ 15,6\u2033 FHD"},"content":{"rendered":"<p>Il Victus Gaming 15-fa2008ns \u00e8 un laptop potente progettato per offrire un&#039;esperienza di gioco di alta qualit\u00e0. Con una grafica avanzata e velocit\u00e0 eccezionali, \u00e8 perfetto per chi cerca prestazioni elevate.<\/p>\n<p>&lt;H2&gt;Principali vantaggi&lt;\/H2&gt;<br \/>\n&lt;ul&gt;<br \/>\n  &lt;li&gt;&lt;b&gt;Potenza di elaborazione&lt;\/b&gt;: Equipaggiato con una CPU I5, offre prestazioni veloci e affidabili&lt;\/li&gt;<br \/>\n  &lt;li&gt;&lt;b&gt;Grafica avanzata&lt;\/b&gt;: La scheda grafica NVIDIA GeForce RTX 3050 con 6 GB di memoria GDDR6 garantisce qualit\u00e0 visiva superiore&lt;\/li&gt;<br \/>\n  &lt;li&gt;&lt;b&gt;Schermo immersivo&lt;\/b&gt;: Display FHD da 15,6&quot; con frequenza di aggiornamento di 144 Hz per un&#039;esperienza visiva fluida&lt;\/li&gt;<br \/>\n  &lt;li&gt;&lt;b&gt;Connettivit\u00e0 moderna&lt;\/b&gt;: Dispone di porte HDMI 2.1, USB-C e USB-A, Wi-Fi 6 e Bluetooth 5.4&lt;\/li&gt;<br \/>\n  &lt;li&gt;&lt;b&gt;Archiviazione veloce&lt;\/b&gt;: L&#039;SSD sottolinea il vantaggio della tecnologia NVMe per tempi di caricamento rapidi&lt;\/li&gt;<br \/>\n&lt;\/ul&gt;<\/p>\n<p>&lt;H2&gt;Chi acquista questo prodotto&lt;\/H2&gt;<br \/>\nAmatori dei videogiochi, professionisti del design e chiunque abbia bisogno di un dispositivo che combini prestazioni e qualit\u00e0 visiva. Questo laptop \u00e8 perfetto per chi cerca un potente compagno per il lavoro e il gioco.<\/p>\n<p>&lt;H2&gt;Possibilit\u00e0 di aggiornamento&lt;\/H2&gt;<br \/>\nIl dispositivo \u00e8 progettato per consentire aggiornamenti futuri di disco e memoria per adattarsi alle vostre esigenze. &lt;b&gt;Consultate sempre un esperto prima di eseguire l&#039;aggiornamento&lt;\/b&gt;.<\/p>\n<p>&lt;H2&gt;Perch\u00e9 scegliere un dispositivo ricondizionato&lt;\/H2&gt;<br \/>\nUn dispositivo ricondizionato offre un valore eccezionale, combinando prestazioni elevate a un costo contenuto. Grazie al servizio professionale di ricondizionamento e al sistema standardizzato di valutazione della qualit\u00e0, \u00e8 garantito un dispositivo in grado di soddisfare le aspettative pi\u00f9 alte. \u00c8 inoltre una scelta ecologicamente responsabile che contribuisce alla riduzione degli sprechi elettronici.&lt;h2&gt;Scatola aperta&lt;\/h2&gt;&#13;<br \/>\n&lt;p&gt;Quasi nessun segno di usura. Qualit\u00e0 uguale ai nuovi. Nella maggior parte dei casi si tratta di eccedenze di produzione e scorte invendute, in cui le differenze rispetto ai dispositivi nuovi non sono percepibili.&lt;\/p&gt;&#13;<\/p>\n","protected":false},"excerpt":{"rendered":"<p>Intel Core i5-13420H (2,1\u00a0GHz), 16 GB DDR4-3200, SSD 512 GB M.2 PCie NVMe, 39,6 cm (15,6\u2033) FHD (1920&#215;1080) AG LED 144 Hz, NVIDIA GeForce RTX 3050 (6\u00a0GB GDDR6), HDMI 2.1, 1x USB-C 3.2 5Gbps, 2x USB-A 3.2 (5Gbps), Wi-Fi 6 (2&#215;2), Bluetooth 5.4, Webcam, Backlit Kbd., Microsoft Windows 11 Home (64-bit)<\/p>\n","protected":false},"featured_media":103457,"template":"","meta":{"inline_featured_image":false},"product_brand":[],"product_cat":[4192,940,831,5880,5876,895,835,833],"product_tag":[],"class_list":{"0":"post-100403","1":"product","2":"type-product","3":"status-publish","4":"has-post-thumbnail","6":"product_cat-gaming-portatili","7":"product_cat-hp-portatili","8":"product_cat-laptop","9":"product_cat-laptop-gaming","10":"product_cat-notebook-per-uso-domestico","11":"product_cat-portatili-15-inch","12":"product_cat-portatili-i5","13":"product_cat-ricerca-preferita","14":"pa_fingerprint-no","16":"first","17":"instock","18":"purchasable","19":"product-type-simple"},"yoast_head":"<!-- This site is optimized with the Yoast SEO plugin v27.2 - https:\/\/yoast.com\/product\/yoast-seo-wordpress\/ -->\n<title>Laptop Victus Gaming 15-fa2008ns | i5-13420H | RTX 3050 | Pink \/ i5 \/ RAM 16 GB \/ SSD Disk \/ 15,6\u2033 FHD - ricondizionatipro.it<\/title>\n<meta name=\"robots\" content=\"index, follow, max-snippet:-1, max-image-preview:large, max-video-preview:-1\" \/>\n<link rel=\"canonical\" href=\"https:\/\/ricondizionatipro.it\/shop\/prodotto\/laptop-victus-gaming-15-fa2008ns-i5-13420h-rtx-3050-pink-i5-ram-16-gb-ssd-disk-156\u2033-fhd\/\" \/>\n<meta property=\"og:locale\" content=\"it_IT\" \/>\n<meta property=\"og:type\" content=\"article\" \/>\n<meta property=\"og:title\" content=\"Laptop Victus Gaming 15-fa2008ns | i5-13420H | RTX 3050 | Pink \/ i5 \/ RAM 16 GB \/ SSD Disk \/ 15,6\u2033 FHD - ricondizionatipro.it\" \/>\n<meta property=\"og:description\" content=\"Intel Core i5-13420H (2,1\u00a0GHz), 16 GB DDR4-3200, SSD 512 GB M.2 PCie NVMe, 39,6 cm (15,6\u2033) FHD (1920x1080) AG LED 144 Hz, NVIDIA GeForce RTX 3050 (6\u00a0GB GDDR6), HDMI 2.1, 1x USB-C 3.2 5Gbps, 2x USB-A 3.2 (5Gbps), Wi-Fi 6 (2x2), Bluetooth 5.4, Webcam, Backlit Kbd., Microsoft Windows 11 Home (64-bit)\" \/>\n<meta property=\"og:url\" content=\"https:\/\/ricondizionatipro.it\/shop\/prodotto\/laptop-victus-gaming-15-fa2008ns-i5-13420h-rtx-3050-pink-i5-ram-16-gb-ssd-disk-156\u2033-fhd\/\" \/>\n<meta property=\"og:site_name\" content=\"ricondizionatipro.it\" \/>\n<meta property=\"article:publisher\" content=\"https:\/\/www.facebook.com\/ricondizionatipro.it\/\" \/>\n<meta property=\"og:image\" content=\"https:\/\/ricondizionatipro.it\/shop\/wp-content\/uploads\/2026\/04\/98aa22ca-0b69-43be-bf94-ebb74cd7cd96.jpg\" \/>\n\t<meta property=\"og:image:width\" content=\"850\" \/>\n\t<meta property=\"og:image:height\" content=\"850\" \/>\n\t<meta property=\"og:image:type\" content=\"image\/jpeg\" \/>\n<meta name=\"twitter:card\" content=\"summary_large_image\" \/>\n<meta name=\"twitter:label1\" content=\"Tempo di lettura stimato\" \/>\n\t<meta name=\"twitter:data1\" content=\"2 minuti\" \/>\n<script type=\"application\/ld+json\" class=\"yoast-schema-graph\">{\"@context\":\"https:\/\/schema.org\",\"@graph\":[{\"@type\":\"WebPage\",\"@id\":\"https:\/\/ricondizionatipro.it\/shop\/prodotto\/laptop-victus-gaming-15-fa2008ns-i5-13420h-rtx-3050-pink-i5-ram-16-gb-ssd-disk-156%e2%80%b3-fhd\/\",\"url\":\"https:\/\/ricondizionatipro.it\/shop\/prodotto\/laptop-victus-gaming-15-fa2008ns-i5-13420h-rtx-3050-pink-i5-ram-16-gb-ssd-disk-156%e2%80%b3-fhd\/\",\"name\":\"Laptop Victus Gaming 15-fa2008ns | i5-13420H | RTX 3050 | Pink \/ i5 \/ RAM 16 GB \/ SSD Disk \/ 15,6\u2033 FHD - ricondizionatipro.it\",\"isPartOf\":{\"@id\":\"https:\/\/ricondizionatipro.it\/shop\/#website\"},\"primaryImageOfPage\":{\"@id\":\"https:\/\/ricondizionatipro.it\/shop\/prodotto\/laptop-victus-gaming-15-fa2008ns-i5-13420h-rtx-3050-pink-i5-ram-16-gb-ssd-disk-156%e2%80%b3-fhd\/#primaryimage\"},\"image\":{\"@id\":\"https:\/\/ricondizionatipro.it\/shop\/prodotto\/laptop-victus-gaming-15-fa2008ns-i5-13420h-rtx-3050-pink-i5-ram-16-gb-ssd-disk-156%e2%80%b3-fhd\/#primaryimage\"},\"thumbnailUrl\":\"https:\/\/ricondizionatipro.it\/shop\/wp-content\/uploads\/2026\/04\/98aa22ca-0b69-43be-bf94-ebb74cd7cd96.jpg\",\"datePublished\":\"2026-05-01T02:20:14+00:00\",\"breadcrumb\":{\"@id\":\"https:\/\/ricondizionatipro.it\/shop\/prodotto\/laptop-victus-gaming-15-fa2008ns-i5-13420h-rtx-3050-pink-i5-ram-16-gb-ssd-disk-156%e2%80%b3-fhd\/#breadcrumb\"},\"inLanguage\":\"it-IT\",\"potentialAction\":[{\"@type\":\"ReadAction\",\"target\":[\"https:\/\/ricondizionatipro.it\/shop\/prodotto\/laptop-victus-gaming-15-fa2008ns-i5-13420h-rtx-3050-pink-i5-ram-16-gb-ssd-disk-156%e2%80%b3-fhd\/\"]}]},{\"@type\":\"ImageObject\",\"inLanguage\":\"it-IT\",\"@id\":\"https:\/\/ricondizionatipro.it\/shop\/prodotto\/laptop-victus-gaming-15-fa2008ns-i5-13420h-rtx-3050-pink-i5-ram-16-gb-ssd-disk-156%e2%80%b3-fhd\/#primaryimage\",\"url\":\"https:\/\/ricondizionatipro.it\/shop\/wp-content\/uploads\/2026\/04\/98aa22ca-0b69-43be-bf94-ebb74cd7cd96.jpg\",\"contentUrl\":\"https:\/\/ricondizionatipro.it\/shop\/wp-content\/uploads\/2026\/04\/98aa22ca-0b69-43be-bf94-ebb74cd7cd96.jpg\",\"width\":850,\"height\":850},{\"@type\":\"BreadcrumbList\",\"@id\":\"https:\/\/ricondizionatipro.it\/shop\/prodotto\/laptop-victus-gaming-15-fa2008ns-i5-13420h-rtx-3050-pink-i5-ram-16-gb-ssd-disk-156%e2%80%b3-fhd\/#breadcrumb\",\"itemListElement\":[{\"@type\":\"ListItem\",\"position\":1,\"name\":\"Home\",\"item\":\"https:\/\/ricondizionatipro.it\/shop\/\"},{\"@type\":\"ListItem\",\"position\":2,\"name\":\"Laptop Victus Gaming 15-fa2008ns | i5-13420H | RTX 3050 | Pink \/ i5 \/ RAM 16 GB \/ SSD Disk \/ 15,6\u2033 FHD\"}]},{\"@type\":\"WebSite\",\"@id\":\"https:\/\/ricondizionatipro.it\/shop\/#website\",\"url\":\"https:\/\/ricondizionatipro.it\/shop\/\",\"name\":\"ricondizionatipro.it\",\"description\":\"computer professionali ricondizionati garantiti\",\"publisher\":{\"@id\":\"https:\/\/ricondizionatipro.it\/shop\/#organization\"},\"potentialAction\":[{\"@type\":\"SearchAction\",\"target\":{\"@type\":\"EntryPoint\",\"urlTemplate\":\"https:\/\/ricondizionatipro.it\/shop\/?s={search_term_string}\"},\"query-input\":{\"@type\":\"PropertyValueSpecification\",\"valueRequired\":true,\"valueName\":\"search_term_string\"}}],\"inLanguage\":\"it-IT\"},{\"@type\":\"Organization\",\"@id\":\"https:\/\/ricondizionatipro.it\/shop\/#organization\",\"name\":\"ricondizionatipro.it\",\"url\":\"https:\/\/ricondizionatipro.it\/shop\/\",\"logo\":{\"@type\":\"ImageObject\",\"inLanguage\":\"it-IT\",\"@id\":\"https:\/\/ricondizionatipro.it\/shop\/#\/schema\/logo\/image\/\",\"url\":\"https:\/\/i0.wp.com\/ricondizionatipro.it\/shop\/wp-content\/uploads\/2022\/04\/ricondizionati-pro-logo-trasparente.png?fit=2309%2C1910&ssl=1\",\"contentUrl\":\"https:\/\/i0.wp.com\/ricondizionatipro.it\/shop\/wp-content\/uploads\/2022\/04\/ricondizionati-pro-logo-trasparente.png?fit=2309%2C1910&ssl=1\",\"width\":2309,\"height\":1910,\"caption\":\"ricondizionatipro.it\"},\"image\":{\"@id\":\"https:\/\/ricondizionatipro.it\/shop\/#\/schema\/logo\/image\/\"},\"sameAs\":[\"https:\/\/www.facebook.com\/ricondizionatipro.it\/\",\"https:\/\/www.instagram.com\/ricondizionatipro.it\/\"]}]}<\/script>\n<!-- \/ Yoast SEO plugin. -->","yoast_head_json":{"title":"Laptop Victus Gaming 15-fa2008ns | i5-13420H | RTX 3050 | Pink \/ i5 \/ RAM 16 GB \/ SSD Disk \/ 15,6\u2033 FHD - ricondizionatipro.it","robots":{"index":"index","follow":"follow","max-snippet":"max-snippet:-1","max-image-preview":"max-image-preview:large","max-video-preview":"max-video-preview:-1"},"canonical":"https:\/\/ricondizionatipro.it\/shop\/prodotto\/laptop-victus-gaming-15-fa2008ns-i5-13420h-rtx-3050-pink-i5-ram-16-gb-ssd-disk-156\u2033-fhd\/","og_locale":"it_IT","og_type":"article","og_title":"Laptop Victus Gaming 15-fa2008ns | i5-13420H | RTX 3050 | Pink \/ i5 \/ RAM 16 GB \/ SSD Disk \/ 15,6\u2033 FHD - ricondizionatipro.it","og_description":"Intel Core i5-13420H (2,1\u00a0GHz), 16 GB DDR4-3200, SSD 512 GB M.2 PCie NVMe, 39,6 cm (15,6\u2033) FHD (1920x1080) AG LED 144 Hz, NVIDIA GeForce RTX 3050 (6\u00a0GB GDDR6), HDMI 2.1, 1x USB-C 3.2 5Gbps, 2x USB-A 3.2 (5Gbps), Wi-Fi 6 (2x2), Bluetooth 5.4, Webcam, Backlit Kbd., Microsoft Windows 11 Home (64-bit)","og_url":"https:\/\/ricondizionatipro.it\/shop\/prodotto\/laptop-victus-gaming-15-fa2008ns-i5-13420h-rtx-3050-pink-i5-ram-16-gb-ssd-disk-156\u2033-fhd\/","og_site_name":"ricondizionatipro.it","article_publisher":"https:\/\/www.facebook.com\/ricondizionatipro.it\/","og_image":[{"width":850,"height":850,"url":"https:\/\/ricondizionatipro.it\/shop\/wp-content\/uploads\/2026\/04\/98aa22ca-0b69-43be-bf94-ebb74cd7cd96.jpg","type":"image\/jpeg"}],"twitter_card":"summary_large_image","twitter_misc":{"Tempo di lettura stimato":"2 minuti"},"schema":{"@context":"https:\/\/schema.org","@graph":[{"@type":"WebPage","@id":"https:\/\/ricondizionatipro.it\/shop\/prodotto\/laptop-victus-gaming-15-fa2008ns-i5-13420h-rtx-3050-pink-i5-ram-16-gb-ssd-disk-156%e2%80%b3-fhd\/","url":"https:\/\/ricondizionatipro.it\/shop\/prodotto\/laptop-victus-gaming-15-fa2008ns-i5-13420h-rtx-3050-pink-i5-ram-16-gb-ssd-disk-156%e2%80%b3-fhd\/","name":"Laptop Victus Gaming 15-fa2008ns | i5-13420H | RTX 3050 | Pink \/ i5 \/ RAM 16 GB \/ SSD Disk \/ 15,6\u2033 FHD - ricondizionatipro.it","isPartOf":{"@id":"https:\/\/ricondizionatipro.it\/shop\/#website"},"primaryImageOfPage":{"@id":"https:\/\/ricondizionatipro.it\/shop\/prodotto\/laptop-victus-gaming-15-fa2008ns-i5-13420h-rtx-3050-pink-i5-ram-16-gb-ssd-disk-156%e2%80%b3-fhd\/#primaryimage"},"image":{"@id":"https:\/\/ricondizionatipro.it\/shop\/prodotto\/laptop-victus-gaming-15-fa2008ns-i5-13420h-rtx-3050-pink-i5-ram-16-gb-ssd-disk-156%e2%80%b3-fhd\/#primaryimage"},"thumbnailUrl":"https:\/\/ricondizionatipro.it\/shop\/wp-content\/uploads\/2026\/04\/98aa22ca-0b69-43be-bf94-ebb74cd7cd96.jpg","datePublished":"2026-05-01T02:20:14+00:00","breadcrumb":{"@id":"https:\/\/ricondizionatipro.it\/shop\/prodotto\/laptop-victus-gaming-15-fa2008ns-i5-13420h-rtx-3050-pink-i5-ram-16-gb-ssd-disk-156%e2%80%b3-fhd\/#breadcrumb"},"inLanguage":"it-IT","potentialAction":[{"@type":"ReadAction","target":["https:\/\/ricondizionatipro.it\/shop\/prodotto\/laptop-victus-gaming-15-fa2008ns-i5-13420h-rtx-3050-pink-i5-ram-16-gb-ssd-disk-156%e2%80%b3-fhd\/"]}]},{"@type":"ImageObject","inLanguage":"it-IT","@id":"https:\/\/ricondizionatipro.it\/shop\/prodotto\/laptop-victus-gaming-15-fa2008ns-i5-13420h-rtx-3050-pink-i5-ram-16-gb-ssd-disk-156%e2%80%b3-fhd\/#primaryimage","url":"https:\/\/ricondizionatipro.it\/shop\/wp-content\/uploads\/2026\/04\/98aa22ca-0b69-43be-bf94-ebb74cd7cd96.jpg","contentUrl":"https:\/\/ricondizionatipro.it\/shop\/wp-content\/uploads\/2026\/04\/98aa22ca-0b69-43be-bf94-ebb74cd7cd96.jpg","width":850,"height":850},{"@type":"BreadcrumbList","@id":"https:\/\/ricondizionatipro.it\/shop\/prodotto\/laptop-victus-gaming-15-fa2008ns-i5-13420h-rtx-3050-pink-i5-ram-16-gb-ssd-disk-156%e2%80%b3-fhd\/#breadcrumb","itemListElement":[{"@type":"ListItem","position":1,"name":"Home","item":"https:\/\/ricondizionatipro.it\/shop\/"},{"@type":"ListItem","position":2,"name":"Laptop Victus Gaming 15-fa2008ns | i5-13420H | RTX 3050 | Pink \/ i5 \/ RAM 16 GB \/ SSD Disk \/ 15,6\u2033 FHD"}]},{"@type":"WebSite","@id":"https:\/\/ricondizionatipro.it\/shop\/#website","url":"https:\/\/ricondizionatipro.it\/shop\/","name":"ricondizionatipro.it","description":"computer professionali ricondizionati garantiti","publisher":{"@id":"https:\/\/ricondizionatipro.it\/shop\/#organization"},"potentialAction":[{"@type":"SearchAction","target":{"@type":"EntryPoint","urlTemplate":"https:\/\/ricondizionatipro.it\/shop\/?s={search_term_string}"},"query-input":{"@type":"PropertyValueSpecification","valueRequired":true,"valueName":"search_term_string"}}],"inLanguage":"it-IT"},{"@type":"Organization","@id":"https:\/\/ricondizionatipro.it\/shop\/#organization","name":"ricondizionatipro.it","url":"https:\/\/ricondizionatipro.it\/shop\/","logo":{"@type":"ImageObject","inLanguage":"it-IT","@id":"https:\/\/ricondizionatipro.it\/shop\/#\/schema\/logo\/image\/","url":"https:\/\/i0.wp.com\/ricondizionatipro.it\/shop\/wp-content\/uploads\/2022\/04\/ricondizionati-pro-logo-trasparente.png?fit=2309%2C1910&ssl=1","contentUrl":"https:\/\/i0.wp.com\/ricondizionatipro.it\/shop\/wp-content\/uploads\/2022\/04\/ricondizionati-pro-logo-trasparente.png?fit=2309%2C1910&ssl=1","width":2309,"height":1910,"caption":"ricondizionatipro.it"},"image":{"@id":"https:\/\/ricondizionatipro.it\/shop\/#\/schema\/logo\/image\/"},"sameAs":["https:\/\/www.facebook.com\/ricondizionatipro.it\/","https:\/\/www.instagram.com\/ricondizionatipro.it\/"]}]}},"acf":[],"_links":{"self":[{"href":"https:\/\/ricondizionatipro.it\/shop\/wp-json\/wp\/v2\/product\/100403","targetHints":{"allow":["GET"]}}],"collection":[{"href":"https:\/\/ricondizionatipro.it\/shop\/wp-json\/wp\/v2\/product"}],"about":[{"href":"https:\/\/ricondizionatipro.it\/shop\/wp-json\/wp\/v2\/types\/product"}],"wp:featuredmedia":[{"embeddable":true,"href":"https:\/\/ricondizionatipro.it\/shop\/wp-json\/wp\/v2\/media\/103457"}],"wp:attachment":[{"href":"https:\/\/ricondizionatipro.it\/shop\/wp-json\/wp\/v2\/media?parent=100403"}],"wp:term":[{"taxonomy":"product_brand","embeddable":true,"href":"https:\/\/ricondizionatipro.it\/shop\/wp-json\/wp\/v2\/product_brand?post=100403"},{"taxonomy":"product_cat","embeddable":true,"href":"https:\/\/ricondizionatipro.it\/shop\/wp-json\/wp\/v2\/product_cat?post=100403"},{"taxonomy":"product_tag","embeddable":true,"href":"https:\/\/ricondizionatipro.it\/shop\/wp-json\/wp\/v2\/product_tag?post=100403"}],"curies":[{"name":"wp","href":"https:\/\/api.w.org\/{rel}","templated":true}]}}