{"id":100174,"date":"2026-04-27T04:06:01","date_gmt":"2026-04-27T02:06:01","guid":{"rendered":"https:\/\/ricondizionatipro.it\/shop\/prodotto\/laptop-hp-elitebook-640-g11-wwan-u5-135u-touch-ultra-5-ram-16-gb-ssd-disk-140%e2%80%b3-wuxga\/"},"modified":"2026-04-27T04:06:01","modified_gmt":"2026-04-27T02:06:01","slug":"laptop-hp-elitebook-640-g11-wwan-u5-135u-touch-ultra-5-ram-16-gb-ssd-disk-140%e2%80%b3-wuxga","status":"publish","type":"product","link":"https:\/\/ricondizionatipro.it\/shop\/prodotto\/laptop-hp-elitebook-640-g11-wwan-u5-135u-touch-ultra-5-ram-16-gb-ssd-disk-140%e2%80%b3-wuxga\/","title":{"rendered":"Laptop HP EliteBook 640 G11 WWAN | U5-135U | Touch \/ Ultra 5 \/ RAM 16 GB \/ SSD Disk \/ 14,0\u2033 WUXGA"},"content":{"rendered":"<p>Il Prenosnik HP EliteBook 640 G11 WWAN \u00e8 un dispositivo all&#039;avanguardia progettato per chi cerca una perfetta combinazione tra eleganza e potenza. Il suo schermo da 14 pollici WUXGA con funzionalit\u00e0 Multi-Touch garantisce un&#039;interazione intuitiva e fluida, mentre le dimensioni compatte lo rendono ideale per chi \u00e8 sempre in movimento.<\/p>\n<p>&lt;H2&gt;Principali vantaggi&lt;\/H2&gt;<br \/>\n&lt;ul&gt;<br \/>\n&lt;li&gt;Potente processore Intel I5, ideale per multitasking avanzato&lt;\/li&gt;<br \/>\n&lt;li&gt;Display LED anti-riflesso Multi-Touch da 14 pollici per una visione limpida e interattiva&lt;\/li&gt;<br \/>\n&lt;li&gt;16 GB di memoria RAM DDR5 per prestazioni ultra-rapide&lt;\/li&gt;<br \/>\n&lt;li&gt;SSD PCIe NVMe che assicura tempi di avvio fulminei e trasferimenti dati ultra-veloci&lt;\/li&gt;<br \/>\n&lt;li&gt;Connessioni multiple: HDMI 2.1, Thunderbolt 4, USB-A 3.2 Gen1, Wi-Fi 6E e Bluetooth 5.3&lt;\/li&gt;<br \/>\n&lt;li&gt;Webcam integrata e la sicurezza del sensore di impronte digitali&lt;\/li&gt;<br \/>\n&lt;li&gt;Tastiera retroilluminata per lavorare al buio&lt;\/li&gt;<br \/>\n&lt;\/ul&gt;<\/p>\n<p>&lt;H2&gt;Chi acquista questo prodotto&lt;\/H2&gt;<br \/>\nQuesto laptop \u00e8 perfetto per professionisti e studenti che necessitano di un dispositivo affidabile e versatile. \u00c8 ideale anche per chi lavora da remoto o per coloro che gestiscono attivit\u00e0 complesse e vogliono un dispositivo che possa essere facilmente integrato in un ambiente di lavoro dinamico.<\/p>\n<p>&lt;H2&gt;Possibilit\u00e0 di aggiornamento&lt;\/H2&gt;<br \/>\nQuesto laptop offre la possibilit\u00e0 di espandere sia la memoria che lo spazio di archiviazione, adattandosi alle crescenti esigenze. &lt;b&gt;Consultate sempre un esperto prima di eseguire l&#039;aggiornamento&lt;\/b&gt;.<\/p>\n<p>&lt;H2&gt;Perch\u00e9 scegliere un dispositivo ricondizionato&lt;\/H2&gt;<br \/>\nI prodotti ricondizionati rappresentano una scelta intelligente e sostenibile. Ogni dispositivo viene sottoposto a un servizio professionale di ricondizionamento e valutato attraverso un sistema standardizzato di qualit\u00e0, garantendo elevati standard di affidabilit\u00e0 e performance. Scegliere dispositivi ricondizionati contribuisce non solo a ottenere un grande valore, ma anche a ridurre l&#039;impatto ambientale.<\/p>\n<p>Con il Prenosnik HP EliteBook 640 G11 WWAN, potrai sperimentare la sinergia tra design elegante e tecnologia avanzata, adatta a molteplici usi e pronta a soddisfare ogni tua esigenza.&lt;h2&gt;Scatola aperta&lt;\/h2&gt;&#13;<br \/>\n&lt;p&gt;Quasi nessun segno di usura. Qualit\u00e0 uguale ai nuovi. Nella maggior parte dei casi si tratta di eccedenze di produzione e scorte invendute, in cui le differenze rispetto ai dispositivi nuovi non sono percepibili.&lt;\/p&gt;&#13;<\/p>\n","protected":false},"excerpt":{"rendered":"<p>Intel Core Ultra 5 135U (1,6\u00a0GHz), 35,6 cm (14,0&#8243;) WUXGA (1920&#215;1200) Multi-Touch AG LED, 16 GB (2x8GB) DDR5-5600, SSD 512 GB M.2 PCIe NVMe, Intel Graphics (IGP), HDMI 2.1, 2x Thunderbolt 4 (USB-C\/DisplayPort &#8211; 40Gbps), 2x USB-A 3.2 Gen1 (5Gbps),\u00a0Wi-Fi 6E (AX211), Bluetooth 5.3, HP 4000 4G WWAN, Webcam, Fingerprint, Backlit\u00a0Kbd., Microsoft\u00a0Windows 11 Pro (64-bit)<\/p>\n","protected":false},"featured_media":100175,"template":"","meta":{"inline_featured_image":false},"product_brand":[],"product_cat":[940,831,5877,5876,833],"product_tag":[],"class_list":{"0":"post-100174","1":"product","2":"type-product","3":"status-publish","4":"has-post-thumbnail","6":"product_cat-hp-portatili","7":"product_cat-laptop","8":"product_cat-notebook-per-uso-aziendale","9":"product_cat-notebook-per-uso-domestico","10":"product_cat-ricerca-preferita","11":"pa_fingerprint-si","13":"first","14":"instock","15":"purchasable","16":"product-type-simple"},"yoast_head":"<!-- This site is optimized with the Yoast SEO plugin v27.2 - https:\/\/yoast.com\/product\/yoast-seo-wordpress\/ -->\n<title>Laptop HP EliteBook 640 G11 WWAN | U5-135U | Touch \/ Ultra 5 \/ RAM 16 GB \/ SSD Disk \/ 14,0\u2033 WUXGA - ricondizionatipro.it<\/title>\n<meta name=\"robots\" content=\"index, follow, max-snippet:-1, max-image-preview:large, max-video-preview:-1\" \/>\n<link rel=\"canonical\" href=\"https:\/\/ricondizionatipro.it\/shop\/prodotto\/laptop-hp-elitebook-640-g11-wwan-u5-135u-touch-ultra-5-ram-16-gb-ssd-disk-140\u2033-wuxga\/\" \/>\n<meta property=\"og:locale\" content=\"it_IT\" \/>\n<meta property=\"og:type\" content=\"article\" \/>\n<meta property=\"og:title\" content=\"Laptop HP EliteBook 640 G11 WWAN | U5-135U | Touch \/ Ultra 5 \/ RAM 16 GB \/ SSD Disk \/ 14,0\u2033 WUXGA - ricondizionatipro.it\" \/>\n<meta property=\"og:description\" content=\"Intel Core Ultra 5 135U (1,6\u00a0GHz), 35,6 cm (14,0&quot;) WUXGA (1920x1200) Multi-Touch AG LED, 16 GB (2x8GB) DDR5-5600, SSD 512 GB M.2 PCIe NVMe, Intel Graphics (IGP), HDMI 2.1, 2x Thunderbolt 4 (USB-C\/DisplayPort - 40Gbps), 2x USB-A 3.2 Gen1 (5Gbps),\u00a0Wi-Fi 6E (AX211), Bluetooth 5.3, HP 4000 4G WWAN, Webcam, Fingerprint, Backlit\u00a0Kbd., Microsoft\u00a0Windows 11 Pro (64-bit)\" \/>\n<meta property=\"og:url\" content=\"https:\/\/ricondizionatipro.it\/shop\/prodotto\/laptop-hp-elitebook-640-g11-wwan-u5-135u-touch-ultra-5-ram-16-gb-ssd-disk-140\u2033-wuxga\/\" \/>\n<meta property=\"og:site_name\" content=\"ricondizionatipro.it\" \/>\n<meta property=\"article:publisher\" content=\"https:\/\/www.facebook.com\/ricondizionatipro.it\/\" \/>\n<meta property=\"og:image\" content=\"https:\/\/ricondizionatipro.it\/shop\/wp-content\/uploads\/2026\/03\/prenosnik-hp-elitebook-640-g11-wwan-u5-135u-32gb-ram.webp\" \/>\n\t<meta property=\"og:image:width\" content=\"850\" \/>\n\t<meta property=\"og:image:height\" content=\"638\" \/>\n\t<meta property=\"og:image:type\" content=\"image\/webp\" \/>\n<meta name=\"twitter:card\" content=\"summary_large_image\" \/>\n<meta name=\"twitter:label1\" content=\"Tempo di lettura stimato\" \/>\n\t<meta name=\"twitter:data1\" content=\"2 minuti\" \/>\n<script type=\"application\/ld+json\" class=\"yoast-schema-graph\">{\"@context\":\"https:\/\/schema.org\",\"@graph\":[{\"@type\":\"WebPage\",\"@id\":\"https:\/\/ricondizionatipro.it\/shop\/prodotto\/laptop-hp-elitebook-640-g11-wwan-u5-135u-touch-ultra-5-ram-16-gb-ssd-disk-140%e2%80%b3-wuxga\/\",\"url\":\"https:\/\/ricondizionatipro.it\/shop\/prodotto\/laptop-hp-elitebook-640-g11-wwan-u5-135u-touch-ultra-5-ram-16-gb-ssd-disk-140%e2%80%b3-wuxga\/\",\"name\":\"Laptop HP EliteBook 640 G11 WWAN | U5-135U | Touch \/ Ultra 5 \/ RAM 16 GB \/ SSD Disk \/ 14,0\u2033 WUXGA - ricondizionatipro.it\",\"isPartOf\":{\"@id\":\"https:\/\/ricondizionatipro.it\/shop\/#website\"},\"primaryImageOfPage\":{\"@id\":\"https:\/\/ricondizionatipro.it\/shop\/prodotto\/laptop-hp-elitebook-640-g11-wwan-u5-135u-touch-ultra-5-ram-16-gb-ssd-disk-140%e2%80%b3-wuxga\/#primaryimage\"},\"image\":{\"@id\":\"https:\/\/ricondizionatipro.it\/shop\/prodotto\/laptop-hp-elitebook-640-g11-wwan-u5-135u-touch-ultra-5-ram-16-gb-ssd-disk-140%e2%80%b3-wuxga\/#primaryimage\"},\"thumbnailUrl\":\"https:\/\/ricondizionatipro.it\/shop\/wp-content\/uploads\/2026\/03\/prenosnik-hp-elitebook-640-g11-wwan-u5-135u-32gb-ram.webp\",\"datePublished\":\"2026-04-27T02:06:01+00:00\",\"breadcrumb\":{\"@id\":\"https:\/\/ricondizionatipro.it\/shop\/prodotto\/laptop-hp-elitebook-640-g11-wwan-u5-135u-touch-ultra-5-ram-16-gb-ssd-disk-140%e2%80%b3-wuxga\/#breadcrumb\"},\"inLanguage\":\"it-IT\",\"potentialAction\":[{\"@type\":\"ReadAction\",\"target\":[\"https:\/\/ricondizionatipro.it\/shop\/prodotto\/laptop-hp-elitebook-640-g11-wwan-u5-135u-touch-ultra-5-ram-16-gb-ssd-disk-140%e2%80%b3-wuxga\/\"]}]},{\"@type\":\"ImageObject\",\"inLanguage\":\"it-IT\",\"@id\":\"https:\/\/ricondizionatipro.it\/shop\/prodotto\/laptop-hp-elitebook-640-g11-wwan-u5-135u-touch-ultra-5-ram-16-gb-ssd-disk-140%e2%80%b3-wuxga\/#primaryimage\",\"url\":\"https:\/\/ricondizionatipro.it\/shop\/wp-content\/uploads\/2026\/03\/prenosnik-hp-elitebook-640-g11-wwan-u5-135u-32gb-ram.webp\",\"contentUrl\":\"https:\/\/ricondizionatipro.it\/shop\/wp-content\/uploads\/2026\/03\/prenosnik-hp-elitebook-640-g11-wwan-u5-135u-32gb-ram.webp\",\"width\":850,\"height\":638},{\"@type\":\"BreadcrumbList\",\"@id\":\"https:\/\/ricondizionatipro.it\/shop\/prodotto\/laptop-hp-elitebook-640-g11-wwan-u5-135u-touch-ultra-5-ram-16-gb-ssd-disk-140%e2%80%b3-wuxga\/#breadcrumb\",\"itemListElement\":[{\"@type\":\"ListItem\",\"position\":1,\"name\":\"Home\",\"item\":\"https:\/\/ricondizionatipro.it\/shop\/\"},{\"@type\":\"ListItem\",\"position\":2,\"name\":\"Laptop HP EliteBook 640 G11 WWAN | U5-135U | Touch \/ Ultra 5 \/ RAM 16 GB \/ SSD Disk \/ 14,0\u2033 WUXGA\"}]},{\"@type\":\"WebSite\",\"@id\":\"https:\/\/ricondizionatipro.it\/shop\/#website\",\"url\":\"https:\/\/ricondizionatipro.it\/shop\/\",\"name\":\"ricondizionatipro.it\",\"description\":\"computer professionali ricondizionati garantiti\",\"publisher\":{\"@id\":\"https:\/\/ricondizionatipro.it\/shop\/#organization\"},\"potentialAction\":[{\"@type\":\"SearchAction\",\"target\":{\"@type\":\"EntryPoint\",\"urlTemplate\":\"https:\/\/ricondizionatipro.it\/shop\/?s={search_term_string}\"},\"query-input\":{\"@type\":\"PropertyValueSpecification\",\"valueRequired\":true,\"valueName\":\"search_term_string\"}}],\"inLanguage\":\"it-IT\"},{\"@type\":\"Organization\",\"@id\":\"https:\/\/ricondizionatipro.it\/shop\/#organization\",\"name\":\"ricondizionatipro.it\",\"url\":\"https:\/\/ricondizionatipro.it\/shop\/\",\"logo\":{\"@type\":\"ImageObject\",\"inLanguage\":\"it-IT\",\"@id\":\"https:\/\/ricondizionatipro.it\/shop\/#\/schema\/logo\/image\/\",\"url\":\"https:\/\/i0.wp.com\/ricondizionatipro.it\/shop\/wp-content\/uploads\/2022\/04\/ricondizionati-pro-logo-trasparente.png?fit=2309%2C1910&ssl=1\",\"contentUrl\":\"https:\/\/i0.wp.com\/ricondizionatipro.it\/shop\/wp-content\/uploads\/2022\/04\/ricondizionati-pro-logo-trasparente.png?fit=2309%2C1910&ssl=1\",\"width\":2309,\"height\":1910,\"caption\":\"ricondizionatipro.it\"},\"image\":{\"@id\":\"https:\/\/ricondizionatipro.it\/shop\/#\/schema\/logo\/image\/\"},\"sameAs\":[\"https:\/\/www.facebook.com\/ricondizionatipro.it\/\",\"https:\/\/www.instagram.com\/ricondizionatipro.it\/\"]}]}<\/script>\n<!-- \/ Yoast SEO plugin. -->","yoast_head_json":{"title":"Laptop HP EliteBook 640 G11 WWAN | U5-135U | Touch \/ Ultra 5 \/ RAM 16 GB \/ SSD Disk \/ 14,0\u2033 WUXGA - ricondizionatipro.it","robots":{"index":"index","follow":"follow","max-snippet":"max-snippet:-1","max-image-preview":"max-image-preview:large","max-video-preview":"max-video-preview:-1"},"canonical":"https:\/\/ricondizionatipro.it\/shop\/prodotto\/laptop-hp-elitebook-640-g11-wwan-u5-135u-touch-ultra-5-ram-16-gb-ssd-disk-140\u2033-wuxga\/","og_locale":"it_IT","og_type":"article","og_title":"Laptop HP EliteBook 640 G11 WWAN | U5-135U | Touch \/ Ultra 5 \/ RAM 16 GB \/ SSD Disk \/ 14,0\u2033 WUXGA - ricondizionatipro.it","og_description":"Intel Core Ultra 5 135U (1,6\u00a0GHz), 35,6 cm (14,0\") WUXGA (1920x1200) Multi-Touch AG LED, 16 GB (2x8GB) DDR5-5600, SSD 512 GB M.2 PCIe NVMe, Intel Graphics (IGP), HDMI 2.1, 2x Thunderbolt 4 (USB-C\/DisplayPort - 40Gbps), 2x USB-A 3.2 Gen1 (5Gbps),\u00a0Wi-Fi 6E (AX211), Bluetooth 5.3, HP 4000 4G WWAN, Webcam, Fingerprint, Backlit\u00a0Kbd., Microsoft\u00a0Windows 11 Pro (64-bit)","og_url":"https:\/\/ricondizionatipro.it\/shop\/prodotto\/laptop-hp-elitebook-640-g11-wwan-u5-135u-touch-ultra-5-ram-16-gb-ssd-disk-140\u2033-wuxga\/","og_site_name":"ricondizionatipro.it","article_publisher":"https:\/\/www.facebook.com\/ricondizionatipro.it\/","og_image":[{"width":850,"height":638,"url":"https:\/\/ricondizionatipro.it\/shop\/wp-content\/uploads\/2026\/03\/prenosnik-hp-elitebook-640-g11-wwan-u5-135u-32gb-ram.webp","type":"image\/webp"}],"twitter_card":"summary_large_image","twitter_misc":{"Tempo di lettura stimato":"2 minuti"},"schema":{"@context":"https:\/\/schema.org","@graph":[{"@type":"WebPage","@id":"https:\/\/ricondizionatipro.it\/shop\/prodotto\/laptop-hp-elitebook-640-g11-wwan-u5-135u-touch-ultra-5-ram-16-gb-ssd-disk-140%e2%80%b3-wuxga\/","url":"https:\/\/ricondizionatipro.it\/shop\/prodotto\/laptop-hp-elitebook-640-g11-wwan-u5-135u-touch-ultra-5-ram-16-gb-ssd-disk-140%e2%80%b3-wuxga\/","name":"Laptop HP EliteBook 640 G11 WWAN | U5-135U | Touch \/ Ultra 5 \/ RAM 16 GB \/ SSD Disk \/ 14,0\u2033 WUXGA - ricondizionatipro.it","isPartOf":{"@id":"https:\/\/ricondizionatipro.it\/shop\/#website"},"primaryImageOfPage":{"@id":"https:\/\/ricondizionatipro.it\/shop\/prodotto\/laptop-hp-elitebook-640-g11-wwan-u5-135u-touch-ultra-5-ram-16-gb-ssd-disk-140%e2%80%b3-wuxga\/#primaryimage"},"image":{"@id":"https:\/\/ricondizionatipro.it\/shop\/prodotto\/laptop-hp-elitebook-640-g11-wwan-u5-135u-touch-ultra-5-ram-16-gb-ssd-disk-140%e2%80%b3-wuxga\/#primaryimage"},"thumbnailUrl":"https:\/\/ricondizionatipro.it\/shop\/wp-content\/uploads\/2026\/03\/prenosnik-hp-elitebook-640-g11-wwan-u5-135u-32gb-ram.webp","datePublished":"2026-04-27T02:06:01+00:00","breadcrumb":{"@id":"https:\/\/ricondizionatipro.it\/shop\/prodotto\/laptop-hp-elitebook-640-g11-wwan-u5-135u-touch-ultra-5-ram-16-gb-ssd-disk-140%e2%80%b3-wuxga\/#breadcrumb"},"inLanguage":"it-IT","potentialAction":[{"@type":"ReadAction","target":["https:\/\/ricondizionatipro.it\/shop\/prodotto\/laptop-hp-elitebook-640-g11-wwan-u5-135u-touch-ultra-5-ram-16-gb-ssd-disk-140%e2%80%b3-wuxga\/"]}]},{"@type":"ImageObject","inLanguage":"it-IT","@id":"https:\/\/ricondizionatipro.it\/shop\/prodotto\/laptop-hp-elitebook-640-g11-wwan-u5-135u-touch-ultra-5-ram-16-gb-ssd-disk-140%e2%80%b3-wuxga\/#primaryimage","url":"https:\/\/ricondizionatipro.it\/shop\/wp-content\/uploads\/2026\/03\/prenosnik-hp-elitebook-640-g11-wwan-u5-135u-32gb-ram.webp","contentUrl":"https:\/\/ricondizionatipro.it\/shop\/wp-content\/uploads\/2026\/03\/prenosnik-hp-elitebook-640-g11-wwan-u5-135u-32gb-ram.webp","width":850,"height":638},{"@type":"BreadcrumbList","@id":"https:\/\/ricondizionatipro.it\/shop\/prodotto\/laptop-hp-elitebook-640-g11-wwan-u5-135u-touch-ultra-5-ram-16-gb-ssd-disk-140%e2%80%b3-wuxga\/#breadcrumb","itemListElement":[{"@type":"ListItem","position":1,"name":"Home","item":"https:\/\/ricondizionatipro.it\/shop\/"},{"@type":"ListItem","position":2,"name":"Laptop HP EliteBook 640 G11 WWAN | U5-135U | Touch \/ Ultra 5 \/ RAM 16 GB \/ SSD Disk \/ 14,0\u2033 WUXGA"}]},{"@type":"WebSite","@id":"https:\/\/ricondizionatipro.it\/shop\/#website","url":"https:\/\/ricondizionatipro.it\/shop\/","name":"ricondizionatipro.it","description":"computer professionali ricondizionati garantiti","publisher":{"@id":"https:\/\/ricondizionatipro.it\/shop\/#organization"},"potentialAction":[{"@type":"SearchAction","target":{"@type":"EntryPoint","urlTemplate":"https:\/\/ricondizionatipro.it\/shop\/?s={search_term_string}"},"query-input":{"@type":"PropertyValueSpecification","valueRequired":true,"valueName":"search_term_string"}}],"inLanguage":"it-IT"},{"@type":"Organization","@id":"https:\/\/ricondizionatipro.it\/shop\/#organization","name":"ricondizionatipro.it","url":"https:\/\/ricondizionatipro.it\/shop\/","logo":{"@type":"ImageObject","inLanguage":"it-IT","@id":"https:\/\/ricondizionatipro.it\/shop\/#\/schema\/logo\/image\/","url":"https:\/\/i0.wp.com\/ricondizionatipro.it\/shop\/wp-content\/uploads\/2022\/04\/ricondizionati-pro-logo-trasparente.png?fit=2309%2C1910&ssl=1","contentUrl":"https:\/\/i0.wp.com\/ricondizionatipro.it\/shop\/wp-content\/uploads\/2022\/04\/ricondizionati-pro-logo-trasparente.png?fit=2309%2C1910&ssl=1","width":2309,"height":1910,"caption":"ricondizionatipro.it"},"image":{"@id":"https:\/\/ricondizionatipro.it\/shop\/#\/schema\/logo\/image\/"},"sameAs":["https:\/\/www.facebook.com\/ricondizionatipro.it\/","https:\/\/www.instagram.com\/ricondizionatipro.it\/"]}]}},"acf":[],"_links":{"self":[{"href":"https:\/\/ricondizionatipro.it\/shop\/wp-json\/wp\/v2\/product\/100174","targetHints":{"allow":["GET"]}}],"collection":[{"href":"https:\/\/ricondizionatipro.it\/shop\/wp-json\/wp\/v2\/product"}],"about":[{"href":"https:\/\/ricondizionatipro.it\/shop\/wp-json\/wp\/v2\/types\/product"}],"wp:featuredmedia":[{"embeddable":true,"href":"https:\/\/ricondizionatipro.it\/shop\/wp-json\/wp\/v2\/media\/100175"}],"wp:attachment":[{"href":"https:\/\/ricondizionatipro.it\/shop\/wp-json\/wp\/v2\/media?parent=100174"}],"wp:term":[{"taxonomy":"product_brand","embeddable":true,"href":"https:\/\/ricondizionatipro.it\/shop\/wp-json\/wp\/v2\/product_brand?post=100174"},{"taxonomy":"product_cat","embeddable":true,"href":"https:\/\/ricondizionatipro.it\/shop\/wp-json\/wp\/v2\/product_cat?post=100174"},{"taxonomy":"product_tag","embeddable":true,"href":"https:\/\/ricondizionatipro.it\/shop\/wp-json\/wp\/v2\/product_tag?post=100174"}],"curies":[{"name":"wp","href":"https:\/\/api.w.org\/{rel}","templated":true}]}}