{"id":100139,"date":"2026-04-28T00:05:39","date_gmt":"2026-04-27T22:05:39","guid":{"rendered":"https:\/\/ricondizionatipro.it\/shop\/prodotto\/laptop-hp-pavilion-plus-14-ew1006na-ultra-5-125h-i5-ram-16-gb-ssd-disk-140%e2%80%b3-wqhd\/"},"modified":"2026-04-28T00:05:39","modified_gmt":"2026-04-27T22:05:39","slug":"laptop-hp-pavilion-plus-14-ew1006na-ultra-5-125h-i5-ram-16-gb-ssd-disk-140%e2%80%b3-wqhd","status":"publish","type":"product","link":"https:\/\/ricondizionatipro.it\/shop\/prodotto\/laptop-hp-pavilion-plus-14-ew1006na-ultra-5-125h-i5-ram-16-gb-ssd-disk-140%e2%80%b3-wqhd\/","title":{"rendered":"Laptop HP Pavilion Plus 14-ew1006na | Ultra 5 125H \/ i5 \/ RAM 16 GB \/ SSD Disk \/ 14,0\u2033 WQHD"},"content":{"rendered":"<p>Il Laptop HP Pavilion Plus 14-ew1006na \u00e8 sinonimo di eleganza e prestazioni elevate racchiusi in un design compatto. Ideale per i professionisti dinamici e gli studenti, questo laptop unisce potenza e portabilit\u00e0, rendendolo perfetto per qualsiasi esigenza quotidiana.<\/p>\n<p>&lt;H2&gt;Principali vantaggi&lt;\/H2&gt;<br \/>\n&lt;b&gt;Prestazioni potenti&lt;\/b&gt;: Dotato di un processore I5 e una RAM capace, questo laptop offre fluidit\u00e0 e velocit\u00e0 in tutte le attivit\u00e0 quotidiane<br \/>\n&lt;b&gt;Display eccezionale&lt;\/b&gt;: Lo schermo da 14 pollici WQHD assicura una qualit\u00e0 visiva straordinaria, perfetta per chi lavora con grafica o ama i contenuti multimediali<br \/>\n&lt;b&gt;Connettivit\u00e0 avanzata&lt;\/b&gt;: Grazie alle varie porte come HDMI 2.1 e Thunderbolt 4, la connettivit\u00e0 non \u00e8 mai stata cos\u00ec semplice<br \/>\n&lt;b&gt;Memoria ultraveloce&lt;\/b&gt;: L\u2019SSD con tecnologia NVMe garantisce velocit\u00e0 di lettura e scrittura superiori, accelerando l&#039;avvio dei programmi e il trasferimento dei dati<\/p>\n<p>&lt;H2&gt;Chi acquista questo prodotto&lt;\/H2&gt;<br \/>\nQuesto laptop \u00e8 ideale per chi cerca un dispositivo di alta qualit\u00e0 su cui poter contare sia per il lavoro che per l&#039;intrattenimento. Adatto a professionisti, studenti o creativi, che necessitano di prestazioni elevate e un design portatile.<\/p>\n<p>&lt;H2&gt;Possibilit\u00e0 di aggiornamento&lt;\/H2&gt;<br \/>\nL&#039;espandibilit\u00e0 del disco e della memoria \u00e8 un ulteriore punto di forza per questo dispositivo. Consultate sempre un esperto prima di eseguire l&#039;aggiornamento.<\/p>\n<p>&lt;H2&gt;Perch\u00e9 scegliere un dispositivo ricondizionato&lt;\/H2&gt;<br \/>\nOptare per un laptop ricondizionato significa scegliere un dispositivo che ha superato rigorosi controlli di qualit\u00e0 attraverso un servizio professionale di ricondizionamento. Grazie a un sistema standardizzato di valutazione, ogni unit\u00e0 offre affidabilit\u00e0 e prestazioni come nuove. Scegliendo un prodotto ricondizionato, si contribuisce a un&#039;economia pi\u00f9 sostenibile, riducendo l&#039;impatto ambientale con una decisione responsabile. <\/p>\n<p>Questo laptop rappresenta un equilibrio perfetto tra prezzo e prestazioni, ideale per chi cerca il connubio tra eleganza e tecnologia avanzata.&lt;h2&gt;Scatola aperta&lt;\/h2&gt;&#13;<br \/>\n&lt;p&gt;Quasi nessun segno di usura. Qualit\u00e0 uguale ai nuovi. Nella maggior parte dei casi si tratta di eccedenze di produzione e scorte invendute, in cui le differenze rispetto ai dispositivi nuovi non sono percepibili.&lt;\/p&gt;&#13;<\/p>\n","protected":false},"excerpt":{"rendered":"<p>Intel Core Ultra5 125H (1,2 GHz), 16 GB LPDDR5x-6400 (integrated\/non upgradable), SSD 512 GB M.2 PCIe NVMe, 35,6 cm (14,0\u2033) WUXGA (2560 x 1600) AG LED IPS 120 Hz, Intel Iris Xe Graphics (IGP), HDMI 2.1, 1x Thunderbolt 4 (40Gbps &#8211; USB-C\/DisplayPort) 2x USB-C 3.2 10Gbps (DisplayPort) 1x USB-A 3.2 Gen1 (5Gbps), Wi-Fi 6E (2&#215;2), Bluetooth 5.3, Webcam, Backlit Kbd., Microsoft Windows 11 Home (64-bit)<\/p>\n","protected":false},"featured_media":100140,"template":"","meta":{"inline_featured_image":false},"product_brand":[],"product_cat":[940,831,5882,5876,835,833],"product_tag":[],"class_list":{"0":"post-100139","1":"product","2":"type-product","3":"status-publish","4":"has-post-thumbnail","6":"product_cat-hp-portatili","7":"product_cat-laptop","8":"product_cat-laptop-ultrabook","9":"product_cat-notebook-per-uso-domestico","10":"product_cat-portatili-i5","11":"product_cat-ricerca-preferita","12":"pa_fingerprint-no","14":"first","15":"instock","16":"purchasable","17":"product-type-simple"},"yoast_head":"<!-- This site is optimized with the Yoast SEO plugin v27.2 - https:\/\/yoast.com\/product\/yoast-seo-wordpress\/ -->\n<title>Laptop HP Pavilion Plus 14-ew1006na | Ultra 5 125H \/ i5 \/ RAM 16 GB \/ SSD Disk \/ 14,0\u2033 WQHD - ricondizionatipro.it<\/title>\n<meta name=\"robots\" content=\"index, follow, max-snippet:-1, max-image-preview:large, max-video-preview:-1\" \/>\n<link rel=\"canonical\" href=\"https:\/\/ricondizionatipro.it\/shop\/prodotto\/laptop-hp-pavilion-plus-14-ew1006na-ultra-5-125h-i5-ram-16-gb-ssd-disk-140\u2033-wqhd\/\" \/>\n<meta property=\"og:locale\" content=\"it_IT\" \/>\n<meta property=\"og:type\" content=\"article\" \/>\n<meta property=\"og:title\" content=\"Laptop HP Pavilion Plus 14-ew1006na | Ultra 5 125H \/ i5 \/ RAM 16 GB \/ SSD Disk \/ 14,0\u2033 WQHD - ricondizionatipro.it\" \/>\n<meta property=\"og:description\" content=\"Intel Core Ultra5 125H (1,2 GHz), 16 GB LPDDR5x-6400 (integrated\/non upgradable), SSD 512 GB M.2 PCIe NVMe, 35,6 cm (14,0\u2033) WUXGA (2560 x 1600) AG LED IPS 120 Hz, Intel Iris Xe Graphics (IGP), HDMI 2.1, 1x Thunderbolt 4 (40Gbps - USB-C\/DisplayPort) 2x USB-C 3.2 10Gbps (DisplayPort) 1x USB-A 3.2 Gen1 (5Gbps), Wi-Fi 6E (2x2), Bluetooth 5.3, Webcam, Backlit Kbd., Microsoft Windows 11 Home (64-bit)\" \/>\n<meta property=\"og:url\" content=\"https:\/\/ricondizionatipro.it\/shop\/prodotto\/laptop-hp-pavilion-plus-14-ew1006na-ultra-5-125h-i5-ram-16-gb-ssd-disk-140\u2033-wqhd\/\" \/>\n<meta property=\"og:site_name\" content=\"ricondizionatipro.it\" \/>\n<meta property=\"article:publisher\" content=\"https:\/\/www.facebook.com\/ricondizionatipro.it\/\" \/>\n<meta property=\"og:image\" content=\"https:\/\/ricondizionatipro.it\/shop\/wp-content\/uploads\/2026\/03\/prenosnik-hp-pavilion-plus-14-ew1006na-ultra-5-125h-4030-1.png\" \/>\n\t<meta property=\"og:image:width\" content=\"850\" \/>\n\t<meta property=\"og:image:height\" content=\"638\" \/>\n\t<meta property=\"og:image:type\" content=\"image\/png\" \/>\n<meta name=\"twitter:card\" content=\"summary_large_image\" \/>\n<meta name=\"twitter:label1\" content=\"Tempo di lettura stimato\" \/>\n\t<meta name=\"twitter:data1\" content=\"2 minuti\" \/>\n<script type=\"application\/ld+json\" class=\"yoast-schema-graph\">{\"@context\":\"https:\/\/schema.org\",\"@graph\":[{\"@type\":\"WebPage\",\"@id\":\"https:\/\/ricondizionatipro.it\/shop\/prodotto\/laptop-hp-pavilion-plus-14-ew1006na-ultra-5-125h-i5-ram-16-gb-ssd-disk-140%e2%80%b3-wqhd\/\",\"url\":\"https:\/\/ricondizionatipro.it\/shop\/prodotto\/laptop-hp-pavilion-plus-14-ew1006na-ultra-5-125h-i5-ram-16-gb-ssd-disk-140%e2%80%b3-wqhd\/\",\"name\":\"Laptop HP Pavilion Plus 14-ew1006na | Ultra 5 125H \/ i5 \/ RAM 16 GB \/ SSD Disk \/ 14,0\u2033 WQHD - ricondizionatipro.it\",\"isPartOf\":{\"@id\":\"https:\/\/ricondizionatipro.it\/shop\/#website\"},\"primaryImageOfPage\":{\"@id\":\"https:\/\/ricondizionatipro.it\/shop\/prodotto\/laptop-hp-pavilion-plus-14-ew1006na-ultra-5-125h-i5-ram-16-gb-ssd-disk-140%e2%80%b3-wqhd\/#primaryimage\"},\"image\":{\"@id\":\"https:\/\/ricondizionatipro.it\/shop\/prodotto\/laptop-hp-pavilion-plus-14-ew1006na-ultra-5-125h-i5-ram-16-gb-ssd-disk-140%e2%80%b3-wqhd\/#primaryimage\"},\"thumbnailUrl\":\"https:\/\/ricondizionatipro.it\/shop\/wp-content\/uploads\/2026\/03\/prenosnik-hp-pavilion-plus-14-ew1006na-ultra-5-125h-4030-1.png\",\"datePublished\":\"2026-04-27T22:05:39+00:00\",\"breadcrumb\":{\"@id\":\"https:\/\/ricondizionatipro.it\/shop\/prodotto\/laptop-hp-pavilion-plus-14-ew1006na-ultra-5-125h-i5-ram-16-gb-ssd-disk-140%e2%80%b3-wqhd\/#breadcrumb\"},\"inLanguage\":\"it-IT\",\"potentialAction\":[{\"@type\":\"ReadAction\",\"target\":[\"https:\/\/ricondizionatipro.it\/shop\/prodotto\/laptop-hp-pavilion-plus-14-ew1006na-ultra-5-125h-i5-ram-16-gb-ssd-disk-140%e2%80%b3-wqhd\/\"]}]},{\"@type\":\"ImageObject\",\"inLanguage\":\"it-IT\",\"@id\":\"https:\/\/ricondizionatipro.it\/shop\/prodotto\/laptop-hp-pavilion-plus-14-ew1006na-ultra-5-125h-i5-ram-16-gb-ssd-disk-140%e2%80%b3-wqhd\/#primaryimage\",\"url\":\"https:\/\/ricondizionatipro.it\/shop\/wp-content\/uploads\/2026\/03\/prenosnik-hp-pavilion-plus-14-ew1006na-ultra-5-125h-4030-1.png\",\"contentUrl\":\"https:\/\/ricondizionatipro.it\/shop\/wp-content\/uploads\/2026\/03\/prenosnik-hp-pavilion-plus-14-ew1006na-ultra-5-125h-4030-1.png\",\"width\":850,\"height\":638},{\"@type\":\"BreadcrumbList\",\"@id\":\"https:\/\/ricondizionatipro.it\/shop\/prodotto\/laptop-hp-pavilion-plus-14-ew1006na-ultra-5-125h-i5-ram-16-gb-ssd-disk-140%e2%80%b3-wqhd\/#breadcrumb\",\"itemListElement\":[{\"@type\":\"ListItem\",\"position\":1,\"name\":\"Home\",\"item\":\"https:\/\/ricondizionatipro.it\/shop\/\"},{\"@type\":\"ListItem\",\"position\":2,\"name\":\"Laptop HP Pavilion Plus 14-ew1006na | Ultra 5 125H \/ i5 \/ RAM 16 GB \/ SSD Disk \/ 14,0\u2033 WQHD\"}]},{\"@type\":\"WebSite\",\"@id\":\"https:\/\/ricondizionatipro.it\/shop\/#website\",\"url\":\"https:\/\/ricondizionatipro.it\/shop\/\",\"name\":\"ricondizionatipro.it\",\"description\":\"computer professionali ricondizionati garantiti\",\"publisher\":{\"@id\":\"https:\/\/ricondizionatipro.it\/shop\/#organization\"},\"potentialAction\":[{\"@type\":\"SearchAction\",\"target\":{\"@type\":\"EntryPoint\",\"urlTemplate\":\"https:\/\/ricondizionatipro.it\/shop\/?s={search_term_string}\"},\"query-input\":{\"@type\":\"PropertyValueSpecification\",\"valueRequired\":true,\"valueName\":\"search_term_string\"}}],\"inLanguage\":\"it-IT\"},{\"@type\":\"Organization\",\"@id\":\"https:\/\/ricondizionatipro.it\/shop\/#organization\",\"name\":\"ricondizionatipro.it\",\"url\":\"https:\/\/ricondizionatipro.it\/shop\/\",\"logo\":{\"@type\":\"ImageObject\",\"inLanguage\":\"it-IT\",\"@id\":\"https:\/\/ricondizionatipro.it\/shop\/#\/schema\/logo\/image\/\",\"url\":\"https:\/\/i0.wp.com\/ricondizionatipro.it\/shop\/wp-content\/uploads\/2022\/04\/ricondizionati-pro-logo-trasparente.png?fit=2309%2C1910&ssl=1\",\"contentUrl\":\"https:\/\/i0.wp.com\/ricondizionatipro.it\/shop\/wp-content\/uploads\/2022\/04\/ricondizionati-pro-logo-trasparente.png?fit=2309%2C1910&ssl=1\",\"width\":2309,\"height\":1910,\"caption\":\"ricondizionatipro.it\"},\"image\":{\"@id\":\"https:\/\/ricondizionatipro.it\/shop\/#\/schema\/logo\/image\/\"},\"sameAs\":[\"https:\/\/www.facebook.com\/ricondizionatipro.it\/\",\"https:\/\/www.instagram.com\/ricondizionatipro.it\/\"]}]}<\/script>\n<!-- \/ Yoast SEO plugin. -->","yoast_head_json":{"title":"Laptop HP Pavilion Plus 14-ew1006na | Ultra 5 125H \/ i5 \/ RAM 16 GB \/ SSD Disk \/ 14,0\u2033 WQHD - ricondizionatipro.it","robots":{"index":"index","follow":"follow","max-snippet":"max-snippet:-1","max-image-preview":"max-image-preview:large","max-video-preview":"max-video-preview:-1"},"canonical":"https:\/\/ricondizionatipro.it\/shop\/prodotto\/laptop-hp-pavilion-plus-14-ew1006na-ultra-5-125h-i5-ram-16-gb-ssd-disk-140\u2033-wqhd\/","og_locale":"it_IT","og_type":"article","og_title":"Laptop HP Pavilion Plus 14-ew1006na | Ultra 5 125H \/ i5 \/ RAM 16 GB \/ SSD Disk \/ 14,0\u2033 WQHD - ricondizionatipro.it","og_description":"Intel Core Ultra5 125H (1,2 GHz), 16 GB LPDDR5x-6400 (integrated\/non upgradable), SSD 512 GB M.2 PCIe NVMe, 35,6 cm (14,0\u2033) WUXGA (2560 x 1600) AG LED IPS 120 Hz, Intel Iris Xe Graphics (IGP), HDMI 2.1, 1x Thunderbolt 4 (40Gbps - USB-C\/DisplayPort) 2x USB-C 3.2 10Gbps (DisplayPort) 1x USB-A 3.2 Gen1 (5Gbps), Wi-Fi 6E (2x2), Bluetooth 5.3, Webcam, Backlit Kbd., Microsoft Windows 11 Home (64-bit)","og_url":"https:\/\/ricondizionatipro.it\/shop\/prodotto\/laptop-hp-pavilion-plus-14-ew1006na-ultra-5-125h-i5-ram-16-gb-ssd-disk-140\u2033-wqhd\/","og_site_name":"ricondizionatipro.it","article_publisher":"https:\/\/www.facebook.com\/ricondizionatipro.it\/","og_image":[{"width":850,"height":638,"url":"https:\/\/ricondizionatipro.it\/shop\/wp-content\/uploads\/2026\/03\/prenosnik-hp-pavilion-plus-14-ew1006na-ultra-5-125h-4030-1.png","type":"image\/png"}],"twitter_card":"summary_large_image","twitter_misc":{"Tempo di lettura stimato":"2 minuti"},"schema":{"@context":"https:\/\/schema.org","@graph":[{"@type":"WebPage","@id":"https:\/\/ricondizionatipro.it\/shop\/prodotto\/laptop-hp-pavilion-plus-14-ew1006na-ultra-5-125h-i5-ram-16-gb-ssd-disk-140%e2%80%b3-wqhd\/","url":"https:\/\/ricondizionatipro.it\/shop\/prodotto\/laptop-hp-pavilion-plus-14-ew1006na-ultra-5-125h-i5-ram-16-gb-ssd-disk-140%e2%80%b3-wqhd\/","name":"Laptop HP Pavilion Plus 14-ew1006na | Ultra 5 125H \/ i5 \/ RAM 16 GB \/ SSD Disk \/ 14,0\u2033 WQHD - ricondizionatipro.it","isPartOf":{"@id":"https:\/\/ricondizionatipro.it\/shop\/#website"},"primaryImageOfPage":{"@id":"https:\/\/ricondizionatipro.it\/shop\/prodotto\/laptop-hp-pavilion-plus-14-ew1006na-ultra-5-125h-i5-ram-16-gb-ssd-disk-140%e2%80%b3-wqhd\/#primaryimage"},"image":{"@id":"https:\/\/ricondizionatipro.it\/shop\/prodotto\/laptop-hp-pavilion-plus-14-ew1006na-ultra-5-125h-i5-ram-16-gb-ssd-disk-140%e2%80%b3-wqhd\/#primaryimage"},"thumbnailUrl":"https:\/\/ricondizionatipro.it\/shop\/wp-content\/uploads\/2026\/03\/prenosnik-hp-pavilion-plus-14-ew1006na-ultra-5-125h-4030-1.png","datePublished":"2026-04-27T22:05:39+00:00","breadcrumb":{"@id":"https:\/\/ricondizionatipro.it\/shop\/prodotto\/laptop-hp-pavilion-plus-14-ew1006na-ultra-5-125h-i5-ram-16-gb-ssd-disk-140%e2%80%b3-wqhd\/#breadcrumb"},"inLanguage":"it-IT","potentialAction":[{"@type":"ReadAction","target":["https:\/\/ricondizionatipro.it\/shop\/prodotto\/laptop-hp-pavilion-plus-14-ew1006na-ultra-5-125h-i5-ram-16-gb-ssd-disk-140%e2%80%b3-wqhd\/"]}]},{"@type":"ImageObject","inLanguage":"it-IT","@id":"https:\/\/ricondizionatipro.it\/shop\/prodotto\/laptop-hp-pavilion-plus-14-ew1006na-ultra-5-125h-i5-ram-16-gb-ssd-disk-140%e2%80%b3-wqhd\/#primaryimage","url":"https:\/\/ricondizionatipro.it\/shop\/wp-content\/uploads\/2026\/03\/prenosnik-hp-pavilion-plus-14-ew1006na-ultra-5-125h-4030-1.png","contentUrl":"https:\/\/ricondizionatipro.it\/shop\/wp-content\/uploads\/2026\/03\/prenosnik-hp-pavilion-plus-14-ew1006na-ultra-5-125h-4030-1.png","width":850,"height":638},{"@type":"BreadcrumbList","@id":"https:\/\/ricondizionatipro.it\/shop\/prodotto\/laptop-hp-pavilion-plus-14-ew1006na-ultra-5-125h-i5-ram-16-gb-ssd-disk-140%e2%80%b3-wqhd\/#breadcrumb","itemListElement":[{"@type":"ListItem","position":1,"name":"Home","item":"https:\/\/ricondizionatipro.it\/shop\/"},{"@type":"ListItem","position":2,"name":"Laptop HP Pavilion Plus 14-ew1006na | Ultra 5 125H \/ i5 \/ RAM 16 GB \/ SSD Disk \/ 14,0\u2033 WQHD"}]},{"@type":"WebSite","@id":"https:\/\/ricondizionatipro.it\/shop\/#website","url":"https:\/\/ricondizionatipro.it\/shop\/","name":"ricondizionatipro.it","description":"computer professionali ricondizionati garantiti","publisher":{"@id":"https:\/\/ricondizionatipro.it\/shop\/#organization"},"potentialAction":[{"@type":"SearchAction","target":{"@type":"EntryPoint","urlTemplate":"https:\/\/ricondizionatipro.it\/shop\/?s={search_term_string}"},"query-input":{"@type":"PropertyValueSpecification","valueRequired":true,"valueName":"search_term_string"}}],"inLanguage":"it-IT"},{"@type":"Organization","@id":"https:\/\/ricondizionatipro.it\/shop\/#organization","name":"ricondizionatipro.it","url":"https:\/\/ricondizionatipro.it\/shop\/","logo":{"@type":"ImageObject","inLanguage":"it-IT","@id":"https:\/\/ricondizionatipro.it\/shop\/#\/schema\/logo\/image\/","url":"https:\/\/i0.wp.com\/ricondizionatipro.it\/shop\/wp-content\/uploads\/2022\/04\/ricondizionati-pro-logo-trasparente.png?fit=2309%2C1910&ssl=1","contentUrl":"https:\/\/i0.wp.com\/ricondizionatipro.it\/shop\/wp-content\/uploads\/2022\/04\/ricondizionati-pro-logo-trasparente.png?fit=2309%2C1910&ssl=1","width":2309,"height":1910,"caption":"ricondizionatipro.it"},"image":{"@id":"https:\/\/ricondizionatipro.it\/shop\/#\/schema\/logo\/image\/"},"sameAs":["https:\/\/www.facebook.com\/ricondizionatipro.it\/","https:\/\/www.instagram.com\/ricondizionatipro.it\/"]}]}},"acf":[],"_links":{"self":[{"href":"https:\/\/ricondizionatipro.it\/shop\/wp-json\/wp\/v2\/product\/100139","targetHints":{"allow":["GET"]}}],"collection":[{"href":"https:\/\/ricondizionatipro.it\/shop\/wp-json\/wp\/v2\/product"}],"about":[{"href":"https:\/\/ricondizionatipro.it\/shop\/wp-json\/wp\/v2\/types\/product"}],"wp:featuredmedia":[{"embeddable":true,"href":"https:\/\/ricondizionatipro.it\/shop\/wp-json\/wp\/v2\/media\/100140"}],"wp:attachment":[{"href":"https:\/\/ricondizionatipro.it\/shop\/wp-json\/wp\/v2\/media?parent=100139"}],"wp:term":[{"taxonomy":"product_brand","embeddable":true,"href":"https:\/\/ricondizionatipro.it\/shop\/wp-json\/wp\/v2\/product_brand?post=100139"},{"taxonomy":"product_cat","embeddable":true,"href":"https:\/\/ricondizionatipro.it\/shop\/wp-json\/wp\/v2\/product_cat?post=100139"},{"taxonomy":"product_tag","embeddable":true,"href":"https:\/\/ricondizionatipro.it\/shop\/wp-json\/wp\/v2\/product_tag?post=100139"}],"curies":[{"name":"wp","href":"https:\/\/api.w.org\/{rel}","templated":true}]}}